{"id":9093,"date":"2026-03-09T19:56:14","date_gmt":"2026-03-09T18:56:14","guid":{"rendered":"https:\/\/www.weingut-hirtl.at\/?post_type=product&#038;p=9093"},"modified":"2026-03-09T20:17:34","modified_gmt":"2026-03-09T19:17:34","slug":"a-la-carte-package-12-bottles-kopie-2","status":"publish","type":"product","link":"https:\/\/www.weingut-hirtl.at\/en\/product\/a-la-carte-package-12-bottles-kopie-2\/","title":{"rendered":"Spring-Package \u2013 12 bottles"},"content":{"rendered":"","protected":false},"excerpt":{"rendered":"<p data-start=\"0\" data-end=\"369\">Our <strong data-start=\"4\" data-end=\"22\">Spring Package<\/strong> brings fresh lightness to your glass: crisp, fruity, and particularly light wines that are perfect for the first warm days of the year. The package includes <strong data-start=\"180\" data-end=\"230\">6 carefully selected wines \u2013 2 bottles of each<\/strong>, for a total of <strong data-start=\"247\" data-end=\"288\">12 bottles full of springtime feeling<\/strong>. Bring spring into your home and enjoy carefree moments with friends and family.<\/p>\n<p data-start=\"371\" data-end=\"424\"><strong data-start=\"371\" data-end=\"424\">2 bottles of 750 ml each included in the package:<\/strong><\/p>\n<ul>\n<li><a href=\"https:\/\/www.weingut-hirtl.at\/en\/produkt\/frizzante-rose-2023\/\">Frizzante Ros\u00e9<\/a><\/li>\n<li><a href=\"https:\/\/www.weingut-hirtl.at\/en\/product\/rose-2023\/\">Ros\u00e9 2025<\/a><\/li>\n<li><a href=\"https:\/\/www.weingut-hirtl.at\/en\/product\/welschriesling-classic-2023\/\">Welschriesling Classic 2025<\/a><\/li>\n<li><a href=\"https:\/\/www.weingut-hirtl.at\/en\/product\/gruener-veltliner-classic-2024\/\">Gr\u00fcner Veltliner Classic 2025<\/a><\/li>\n<li><a href=\"https:\/\/www.weingut-hirtl.at\/en\/product\/riesling-exklusiv-2023\/\">Riesling Exklusiv 2025<\/a><\/li>\n<li><a href=\"https:\/\/www.weingut-hirtl.at\/en\/product\/gelber-muskateller-2023\/\">Gelber Muskateller 2025<\/a><\/li>\n<\/ul>\n","protected":false},"featured_media":9100,"comment_status":"open","ping_status":"closed","template":"","meta":{"_acf_changed":false},"product_brand":[],"product_cat":[228,230],"product_tag":[263,260,267,270,247,264,272,273,252,268],"class_list":{"0":"post-9093","1":"product","2":"type-product","3":"status-publish","4":"has-post-thumbnail","6":"product_cat-action","7":"product_cat-packages","8":"product_tag-apfel-en","9":"product_tag-gelbfruchtig-en","10":"product_tag-gruener-veltliner-en","11":"product_tag-kernobst-en","12":"product_tag-komplex-en","13":"product_tag-pfeffer-en","14":"product_tag-reif-en","15":"product_tag-reife-weine-en","16":"product_tag-reserve-en","17":"product_tag-wuerze-en","19":"first","20":"instock","21":"sale","22":"taxable","23":"shipping-taxable","24":"purchasable","25":"product-type-simple"},"acf":[],"yoast_head":"<!-- This site is optimized with the Yoast SEO plugin v27.3 - https:\/\/yoast.com\/product\/yoast-seo-wordpress\/ -->\n<title>Spring-Package \u2013 12 bottles | Weingut Hirtl<\/title>\n<meta name=\"robots\" content=\"index, follow, max-snippet:-1, max-image-preview:large, max-video-preview:-1\" \/>\n<link rel=\"canonical\" href=\"https:\/\/www.weingut-hirtl.at\/en\/product\/a-la-carte-package-12-bottles-kopie-2\/\" \/>\n<meta property=\"og:locale\" content=\"en_US\" \/>\n<meta property=\"og:type\" content=\"article\" \/>\n<meta property=\"og:title\" content=\"Spring-Package \u2013 12 bottles | Weingut Hirtl\" \/>\n<meta property=\"og:description\" content=\"Our Spring Package brings fresh lightness to your glass: crisp, fruity, and particularly light wines that are perfect for the first warm days of the year. The package includes 6 carefully selected wines \u2013 2 bottles of each, for a total of 12 bottles full of springtime feeling. Bring spring into your home and enjoy carefree moments with friends and family. 2 bottles of 750 ml each included in the package:    Frizzante Ros\u00e9  Ros\u00e9 2025  Welschriesling Classic 2025  Gr\u00fcner Veltliner Classic 2025  Riesling Exklusiv 2025  Gelber Muskateller 2025\" \/>\n<meta property=\"og:url\" content=\"https:\/\/www.weingut-hirtl.at\/en\/product\/a-la-carte-package-12-bottles-kopie-2\/\" \/>\n<meta property=\"og:site_name\" content=\"Weingut Hirtl\" \/>\n<meta property=\"article:publisher\" content=\"https:\/\/www.facebook.com\/Wein.Hirtl\" \/>\n<meta property=\"article:modified_time\" content=\"2026-03-09T19:17:34+00:00\" \/>\n<meta property=\"og:image\" content=\"https:\/\/www.weingut-hirtl.at\/www\/wp-content\/uploads\/2026\/03\/Fruehlingspaket-scaled.jpeg\" \/>\n\t<meta property=\"og:image:width\" content=\"1920\" \/>\n\t<meta property=\"og:image:height\" content=\"2560\" \/>\n\t<meta property=\"og:image:type\" content=\"image\/jpeg\" \/>\n<meta name=\"twitter:card\" content=\"summary_large_image\" \/>\n<meta name=\"twitter:label1\" content=\"Est. reading time\" \/>\n\t<meta name=\"twitter:data1\" content=\"1 minute\" \/>\n<script type=\"application\/ld+json\" class=\"yoast-schema-graph\">{\"@context\":\"https:\\\/\\\/schema.org\",\"@graph\":[{\"@type\":\"WebPage\",\"@id\":\"https:\\\/\\\/www.weingut-hirtl.at\\\/en\\\/product\\\/a-la-carte-package-12-bottles-kopie-2\\\/\",\"url\":\"https:\\\/\\\/www.weingut-hirtl.at\\\/en\\\/product\\\/a-la-carte-package-12-bottles-kopie-2\\\/\",\"name\":\"Spring-Package \u2013 12 bottles | Weingut Hirtl\",\"isPartOf\":{\"@id\":\"https:\\\/\\\/www.weingut-hirtl.at\\\/en\\\/#website\"},\"primaryImageOfPage\":{\"@id\":\"https:\\\/\\\/www.weingut-hirtl.at\\\/en\\\/product\\\/a-la-carte-package-12-bottles-kopie-2\\\/#primaryimage\"},\"image\":{\"@id\":\"https:\\\/\\\/www.weingut-hirtl.at\\\/en\\\/product\\\/a-la-carte-package-12-bottles-kopie-2\\\/#primaryimage\"},\"thumbnailUrl\":\"https:\\\/\\\/www.weingut-hirtl.at\\\/www\\\/wp-content\\\/uploads\\\/2026\\\/03\\\/Fruehlingspaket-scaled.jpeg\",\"datePublished\":\"2026-03-09T18:56:14+00:00\",\"dateModified\":\"2026-03-09T19:17:34+00:00\",\"breadcrumb\":{\"@id\":\"https:\\\/\\\/www.weingut-hirtl.at\\\/en\\\/product\\\/a-la-carte-package-12-bottles-kopie-2\\\/#breadcrumb\"},\"inLanguage\":\"en-US\",\"potentialAction\":[{\"@type\":\"ReadAction\",\"target\":[\"https:\\\/\\\/www.weingut-hirtl.at\\\/en\\\/product\\\/a-la-carte-package-12-bottles-kopie-2\\\/\"]}]},{\"@type\":\"ImageObject\",\"inLanguage\":\"en-US\",\"@id\":\"https:\\\/\\\/www.weingut-hirtl.at\\\/en\\\/product\\\/a-la-carte-package-12-bottles-kopie-2\\\/#primaryimage\",\"url\":\"https:\\\/\\\/www.weingut-hirtl.at\\\/www\\\/wp-content\\\/uploads\\\/2026\\\/03\\\/Fruehlingspaket-scaled.jpeg\",\"contentUrl\":\"https:\\\/\\\/www.weingut-hirtl.at\\\/www\\\/wp-content\\\/uploads\\\/2026\\\/03\\\/Fruehlingspaket-scaled.jpeg\",\"width\":1920,\"height\":2560},{\"@type\":\"BreadcrumbList\",\"@id\":\"https:\\\/\\\/www.weingut-hirtl.at\\\/en\\\/product\\\/a-la-carte-package-12-bottles-kopie-2\\\/#breadcrumb\",\"itemListElement\":[{\"@type\":\"ListItem\",\"position\":1,\"name\":\"Startseite\",\"item\":\"https:\\\/\\\/www.weingut-hirtl.at\\\/en\\\/\"},{\"@type\":\"ListItem\",\"position\":2,\"name\":\"Shop\",\"item\":\"https:\\\/\\\/www.weingut-hirtl.at\\\/shop\\\/\"},{\"@type\":\"ListItem\",\"position\":3,\"name\":\"Spring-Package \u2013 12 bottles\"}]},{\"@type\":\"WebSite\",\"@id\":\"https:\\\/\\\/www.weingut-hirtl.at\\\/en\\\/#website\",\"url\":\"https:\\\/\\\/www.weingut-hirtl.at\\\/en\\\/\",\"name\":\"Weingut Hirtl\",\"description\":\"\",\"publisher\":{\"@id\":\"https:\\\/\\\/www.weingut-hirtl.at\\\/en\\\/#organization\"},\"potentialAction\":[{\"@type\":\"SearchAction\",\"target\":{\"@type\":\"EntryPoint\",\"urlTemplate\":\"https:\\\/\\\/www.weingut-hirtl.at\\\/en\\\/?s={search_term_string}\"},\"query-input\":{\"@type\":\"PropertyValueSpecification\",\"valueRequired\":true,\"valueName\":\"search_term_string\"}}],\"inLanguage\":\"en-US\"},{\"@type\":\"Organization\",\"@id\":\"https:\\\/\\\/www.weingut-hirtl.at\\\/en\\\/#organization\",\"name\":\"Weingut Hirtl\",\"url\":\"https:\\\/\\\/www.weingut-hirtl.at\\\/en\\\/\",\"logo\":{\"@type\":\"ImageObject\",\"inLanguage\":\"en-US\",\"@id\":\"https:\\\/\\\/www.weingut-hirtl.at\\\/en\\\/#\\\/schema\\\/logo\\\/image\\\/\",\"url\":\"https:\\\/\\\/www.weingut-hirtl.at\\\/www\\\/wp-content\\\/uploads\\\/2024\\\/04\\\/Hirtl_Logo-1024x819-1.jpg\",\"contentUrl\":\"https:\\\/\\\/www.weingut-hirtl.at\\\/www\\\/wp-content\\\/uploads\\\/2024\\\/04\\\/Hirtl_Logo-1024x819-1.jpg\",\"width\":1024,\"height\":819,\"caption\":\"Weingut Hirtl\"},\"image\":{\"@id\":\"https:\\\/\\\/www.weingut-hirtl.at\\\/en\\\/#\\\/schema\\\/logo\\\/image\\\/\"},\"sameAs\":[\"https:\\\/\\\/www.facebook.com\\\/Wein.Hirtl\",\"https:\\\/\\\/www.instagram.com\\\/weingut_hirtl\\\/\"]}]}<\/script>\n<!-- \/ Yoast SEO plugin. -->","yoast_head_json":{"title":"Spring-Package \u2013 12 bottles | Weingut Hirtl","robots":{"index":"index","follow":"follow","max-snippet":"max-snippet:-1","max-image-preview":"max-image-preview:large","max-video-preview":"max-video-preview:-1"},"canonical":"https:\/\/www.weingut-hirtl.at\/en\/product\/a-la-carte-package-12-bottles-kopie-2\/","og_locale":"en_US","og_type":"article","og_title":"Spring-Package \u2013 12 bottles | Weingut Hirtl","og_description":"Our Spring Package brings fresh lightness to your glass: crisp, fruity, and particularly light wines that are perfect for the first warm days of the year. The package includes 6 carefully selected wines \u2013 2 bottles of each, for a total of 12 bottles full of springtime feeling. Bring spring into your home and enjoy carefree moments with friends and family. 2 bottles of 750 ml each included in the package:    Frizzante Ros\u00e9  Ros\u00e9 2025  Welschriesling Classic 2025  Gr\u00fcner Veltliner Classic 2025  Riesling Exklusiv 2025  Gelber Muskateller 2025","og_url":"https:\/\/www.weingut-hirtl.at\/en\/product\/a-la-carte-package-12-bottles-kopie-2\/","og_site_name":"Weingut Hirtl","article_publisher":"https:\/\/www.facebook.com\/Wein.Hirtl","article_modified_time":"2026-03-09T19:17:34+00:00","og_image":[{"width":1920,"height":2560,"url":"https:\/\/www.weingut-hirtl.at\/www\/wp-content\/uploads\/2026\/03\/Fruehlingspaket-scaled.jpeg","type":"image\/jpeg"}],"twitter_card":"summary_large_image","twitter_misc":{"Est. reading time":"1 minute"},"schema":{"@context":"https:\/\/schema.org","@graph":[{"@type":"WebPage","@id":"https:\/\/www.weingut-hirtl.at\/en\/product\/a-la-carte-package-12-bottles-kopie-2\/","url":"https:\/\/www.weingut-hirtl.at\/en\/product\/a-la-carte-package-12-bottles-kopie-2\/","name":"Spring-Package \u2013 12 bottles | Weingut Hirtl","isPartOf":{"@id":"https:\/\/www.weingut-hirtl.at\/en\/#website"},"primaryImageOfPage":{"@id":"https:\/\/www.weingut-hirtl.at\/en\/product\/a-la-carte-package-12-bottles-kopie-2\/#primaryimage"},"image":{"@id":"https:\/\/www.weingut-hirtl.at\/en\/product\/a-la-carte-package-12-bottles-kopie-2\/#primaryimage"},"thumbnailUrl":"https:\/\/www.weingut-hirtl.at\/www\/wp-content\/uploads\/2026\/03\/Fruehlingspaket-scaled.jpeg","datePublished":"2026-03-09T18:56:14+00:00","dateModified":"2026-03-09T19:17:34+00:00","breadcrumb":{"@id":"https:\/\/www.weingut-hirtl.at\/en\/product\/a-la-carte-package-12-bottles-kopie-2\/#breadcrumb"},"inLanguage":"en-US","potentialAction":[{"@type":"ReadAction","target":["https:\/\/www.weingut-hirtl.at\/en\/product\/a-la-carte-package-12-bottles-kopie-2\/"]}]},{"@type":"ImageObject","inLanguage":"en-US","@id":"https:\/\/www.weingut-hirtl.at\/en\/product\/a-la-carte-package-12-bottles-kopie-2\/#primaryimage","url":"https:\/\/www.weingut-hirtl.at\/www\/wp-content\/uploads\/2026\/03\/Fruehlingspaket-scaled.jpeg","contentUrl":"https:\/\/www.weingut-hirtl.at\/www\/wp-content\/uploads\/2026\/03\/Fruehlingspaket-scaled.jpeg","width":1920,"height":2560},{"@type":"BreadcrumbList","@id":"https:\/\/www.weingut-hirtl.at\/en\/product\/a-la-carte-package-12-bottles-kopie-2\/#breadcrumb","itemListElement":[{"@type":"ListItem","position":1,"name":"Startseite","item":"https:\/\/www.weingut-hirtl.at\/en\/"},{"@type":"ListItem","position":2,"name":"Shop","item":"https:\/\/www.weingut-hirtl.at\/shop\/"},{"@type":"ListItem","position":3,"name":"Spring-Package \u2013 12 bottles"}]},{"@type":"WebSite","@id":"https:\/\/www.weingut-hirtl.at\/en\/#website","url":"https:\/\/www.weingut-hirtl.at\/en\/","name":"Weingut Hirtl","description":"","publisher":{"@id":"https:\/\/www.weingut-hirtl.at\/en\/#organization"},"potentialAction":[{"@type":"SearchAction","target":{"@type":"EntryPoint","urlTemplate":"https:\/\/www.weingut-hirtl.at\/en\/?s={search_term_string}"},"query-input":{"@type":"PropertyValueSpecification","valueRequired":true,"valueName":"search_term_string"}}],"inLanguage":"en-US"},{"@type":"Organization","@id":"https:\/\/www.weingut-hirtl.at\/en\/#organization","name":"Weingut Hirtl","url":"https:\/\/www.weingut-hirtl.at\/en\/","logo":{"@type":"ImageObject","inLanguage":"en-US","@id":"https:\/\/www.weingut-hirtl.at\/en\/#\/schema\/logo\/image\/","url":"https:\/\/www.weingut-hirtl.at\/www\/wp-content\/uploads\/2024\/04\/Hirtl_Logo-1024x819-1.jpg","contentUrl":"https:\/\/www.weingut-hirtl.at\/www\/wp-content\/uploads\/2024\/04\/Hirtl_Logo-1024x819-1.jpg","width":1024,"height":819,"caption":"Weingut Hirtl"},"image":{"@id":"https:\/\/www.weingut-hirtl.at\/en\/#\/schema\/logo\/image\/"},"sameAs":["https:\/\/www.facebook.com\/Wein.Hirtl","https:\/\/www.instagram.com\/weingut_hirtl\/"]}]}},"_links":{"self":[{"href":"https:\/\/www.weingut-hirtl.at\/en\/wp-json\/wp\/v2\/product\/9093","targetHints":{"allow":["GET"]}}],"collection":[{"href":"https:\/\/www.weingut-hirtl.at\/en\/wp-json\/wp\/v2\/product"}],"about":[{"href":"https:\/\/www.weingut-hirtl.at\/en\/wp-json\/wp\/v2\/types\/product"}],"replies":[{"embeddable":true,"href":"https:\/\/www.weingut-hirtl.at\/en\/wp-json\/wp\/v2\/comments?post=9093"}],"wp:featuredmedia":[{"embeddable":true,"href":"https:\/\/www.weingut-hirtl.at\/en\/wp-json\/wp\/v2\/media\/9100"}],"wp:attachment":[{"href":"https:\/\/www.weingut-hirtl.at\/en\/wp-json\/wp\/v2\/media?parent=9093"}],"wp:term":[{"taxonomy":"product_brand","embeddable":true,"href":"https:\/\/www.weingut-hirtl.at\/en\/wp-json\/wp\/v2\/product_brand?post=9093"},{"taxonomy":"product_cat","embeddable":true,"href":"https:\/\/www.weingut-hirtl.at\/en\/wp-json\/wp\/v2\/product_cat?post=9093"},{"taxonomy":"product_tag","embeddable":true,"href":"https:\/\/www.weingut-hirtl.at\/en\/wp-json\/wp\/v2\/product_tag?post=9093"}],"curies":[{"name":"wp","href":"https:\/\/api.w.org\/{rel}","templated":true}]}}