{"id":8583,"date":"2025-08-05T10:34:34","date_gmt":"2025-08-05T08:34:34","guid":{"rendered":"https:\/\/www.weingut-hirtl.at\/?post_type=product&#038;p=8583"},"modified":"2025-10-01T00:18:47","modified_gmt":"2025-09-30T22:18:47","slug":"gold-to-taste-12-award-winning-wines-kopie-2","status":"publish","type":"product","link":"https:\/\/www.weingut-hirtl.at\/en\/product\/gold-to-taste-12-award-winning-wines-kopie-2\/","title":{"rendered":"\u201eA la Carte\u201c-Package \u2013 12 bottles"},"content":{"rendered":"<h3>Gr\u00fcner Veltliner Ried B\u00fcrsting 2024 &#8211; 91+ Punkte<\/h3>\n<h3>Weinviertel DAC Ried Kirchberg 2024 &#8211; 92 Punkte<\/h3>\n<h3>Weinviertel DAC Ried Waldberg 2024 &#8211; 92+ Punkte<\/h3>\n<h3>Gr\u00fcner Veltliner Granit &amp; Berry Edition Markus 2022 &#8211; 94 Punkte<\/h3>\n<p>&nbsp;<\/p>\n","protected":false},"excerpt":{"rendered":"<p data-start=\"0\" data-end=\"243\">Four of our Gr\u00fcner Veltliners received excellent ratings from A la Carte \u2013 up to 94 points! These ratings confirm our commitment to capturing the typical character of the Weinviertel region with personality, finesse, and depth in every bottle.<\/p>\n<p data-start=\"245\" data-end=\"282\" data-is-last-node=\"\" data-is-only-node=\"\">3 bottles of 750 ml each per package:<\/p>\n<ul>\n<li><a href=\"https:\/\/www.weingut-hirtl.at\/en\/product\/gruener-veltliner-weinviertel-dac-ried-kirchberg\/\">Weinviertel DAC Ried Kirchberg<\/a><\/li>\n<li><a href=\"https:\/\/www.weingut-hirtl.at\/en\/product\/gruener-veltliner-weinviertel-dac-ried-waldberg-2023\/\">Weinviertel DAC Ried Waldberg<\/a><\/li>\n<li><a href=\"https:\/\/www.weinguthirtlshop.at\/product\/chardonnay-selection-2016\/\">Gr\u00fcner Veltliner Ried B\u00fcrsting<\/a><\/li>\n<li><a href=\"https:\/\/www.weingut-hirtl.at\/en\/product\/granit-berry-2022\/\">Gr\u00fcner Veltliner Granit &amp; Berry<\/a><\/li>\n<\/ul>\n","protected":false},"featured_media":8587,"comment_status":"open","ping_status":"closed","template":"","meta":{"_acf_changed":false},"product_brand":[],"product_cat":[228,230],"product_tag":[263,260,267,270,247,264,272,273,252,268],"class_list":{"0":"post-8583","1":"product","2":"type-product","3":"status-publish","4":"has-post-thumbnail","6":"product_cat-action","7":"product_cat-packages","8":"product_tag-apfel-en","9":"product_tag-gelbfruchtig-en","10":"product_tag-gruener-veltliner-en","11":"product_tag-kernobst-en","12":"product_tag-komplex-en","13":"product_tag-pfeffer-en","14":"product_tag-reif-en","15":"product_tag-reife-weine-en","16":"product_tag-reserve-en","17":"product_tag-wuerze-en","19":"first","20":"instock","21":"taxable","22":"shipping-taxable","23":"purchasable","24":"product-type-simple"},"acf":[],"yoast_head":"<!-- This site is optimized with the Yoast SEO plugin v27.3 - https:\/\/yoast.com\/product\/yoast-seo-wordpress\/ -->\n<title>\u201eA la Carte\u201c-Package \u2013 12 bottles | Weingut Hirtl<\/title>\n<meta name=\"robots\" content=\"index, follow, max-snippet:-1, max-image-preview:large, max-video-preview:-1\" \/>\n<link rel=\"canonical\" href=\"https:\/\/www.weingut-hirtl.at\/en\/product\/gold-to-taste-12-award-winning-wines-kopie-2\/\" \/>\n<meta property=\"og:locale\" content=\"en_US\" \/>\n<meta property=\"og:type\" content=\"article\" \/>\n<meta property=\"og:title\" content=\"\u201eA la Carte\u201c-Package \u2013 12 bottles | Weingut Hirtl\" \/>\n<meta property=\"og:description\" content=\"Four of our Gr\u00fcner Veltliners received excellent ratings from A la Carte \u2013 up to 94 points! These ratings confirm our commitment to capturing the typical character of the Weinviertel region with personality, finesse, and depth in every bottle. 3 bottles of 750 ml each per package:    Weinviertel DAC Ried Kirchberg  Weinviertel DAC Ried Waldberg  Gr\u00fcner Veltliner Ried B\u00fcrsting  Gr\u00fcner Veltliner Granit &amp; Berry\" \/>\n<meta property=\"og:url\" content=\"https:\/\/www.weingut-hirtl.at\/en\/product\/gold-to-taste-12-award-winning-wines-kopie-2\/\" \/>\n<meta property=\"og:site_name\" content=\"Weingut Hirtl\" \/>\n<meta property=\"article:publisher\" content=\"https:\/\/www.facebook.com\/Wein.Hirtl\" \/>\n<meta property=\"article:modified_time\" content=\"2025-09-30T22:18:47+00:00\" \/>\n<meta property=\"og:image\" content=\"https:\/\/www.weingut-hirtl.at\/www\/wp-content\/uploads\/2025\/08\/AlaCarte_Shop.jpg\" \/>\n\t<meta property=\"og:image:width\" content=\"600\" \/>\n\t<meta property=\"og:image:height\" content=\"600\" \/>\n\t<meta property=\"og:image:type\" content=\"image\/jpeg\" \/>\n<meta name=\"twitter:card\" content=\"summary_large_image\" \/>\n<meta name=\"twitter:label1\" content=\"Est. reading time\" \/>\n\t<meta name=\"twitter:data1\" content=\"1 minute\" \/>\n<script type=\"application\/ld+json\" class=\"yoast-schema-graph\">{\"@context\":\"https:\\\/\\\/schema.org\",\"@graph\":[{\"@type\":\"WebPage\",\"@id\":\"https:\\\/\\\/www.weingut-hirtl.at\\\/en\\\/product\\\/gold-to-taste-12-award-winning-wines-kopie-2\\\/\",\"url\":\"https:\\\/\\\/www.weingut-hirtl.at\\\/en\\\/product\\\/gold-to-taste-12-award-winning-wines-kopie-2\\\/\",\"name\":\"\u201eA la Carte\u201c-Package \u2013 12 bottles | Weingut Hirtl\",\"isPartOf\":{\"@id\":\"https:\\\/\\\/www.weingut-hirtl.at\\\/en\\\/#website\"},\"primaryImageOfPage\":{\"@id\":\"https:\\\/\\\/www.weingut-hirtl.at\\\/en\\\/product\\\/gold-to-taste-12-award-winning-wines-kopie-2\\\/#primaryimage\"},\"image\":{\"@id\":\"https:\\\/\\\/www.weingut-hirtl.at\\\/en\\\/product\\\/gold-to-taste-12-award-winning-wines-kopie-2\\\/#primaryimage\"},\"thumbnailUrl\":\"https:\\\/\\\/www.weingut-hirtl.at\\\/www\\\/wp-content\\\/uploads\\\/2025\\\/08\\\/AlaCarte_Shop.jpg\",\"datePublished\":\"2025-08-05T08:34:34+00:00\",\"dateModified\":\"2025-09-30T22:18:47+00:00\",\"breadcrumb\":{\"@id\":\"https:\\\/\\\/www.weingut-hirtl.at\\\/en\\\/product\\\/gold-to-taste-12-award-winning-wines-kopie-2\\\/#breadcrumb\"},\"inLanguage\":\"en-US\",\"potentialAction\":[{\"@type\":\"ReadAction\",\"target\":[\"https:\\\/\\\/www.weingut-hirtl.at\\\/en\\\/product\\\/gold-to-taste-12-award-winning-wines-kopie-2\\\/\"]}]},{\"@type\":\"ImageObject\",\"inLanguage\":\"en-US\",\"@id\":\"https:\\\/\\\/www.weingut-hirtl.at\\\/en\\\/product\\\/gold-to-taste-12-award-winning-wines-kopie-2\\\/#primaryimage\",\"url\":\"https:\\\/\\\/www.weingut-hirtl.at\\\/www\\\/wp-content\\\/uploads\\\/2025\\\/08\\\/AlaCarte_Shop.jpg\",\"contentUrl\":\"https:\\\/\\\/www.weingut-hirtl.at\\\/www\\\/wp-content\\\/uploads\\\/2025\\\/08\\\/AlaCarte_Shop.jpg\",\"width\":600,\"height\":600},{\"@type\":\"BreadcrumbList\",\"@id\":\"https:\\\/\\\/www.weingut-hirtl.at\\\/en\\\/product\\\/gold-to-taste-12-award-winning-wines-kopie-2\\\/#breadcrumb\",\"itemListElement\":[{\"@type\":\"ListItem\",\"position\":1,\"name\":\"Startseite\",\"item\":\"https:\\\/\\\/www.weingut-hirtl.at\\\/en\\\/\"},{\"@type\":\"ListItem\",\"position\":2,\"name\":\"Shop\",\"item\":\"https:\\\/\\\/www.weingut-hirtl.at\\\/shop\\\/\"},{\"@type\":\"ListItem\",\"position\":3,\"name\":\"\u201eA la Carte\u201c-Package \u2013 12 bottles\"}]},{\"@type\":\"WebSite\",\"@id\":\"https:\\\/\\\/www.weingut-hirtl.at\\\/en\\\/#website\",\"url\":\"https:\\\/\\\/www.weingut-hirtl.at\\\/en\\\/\",\"name\":\"Weingut Hirtl\",\"description\":\"\",\"publisher\":{\"@id\":\"https:\\\/\\\/www.weingut-hirtl.at\\\/en\\\/#organization\"},\"potentialAction\":[{\"@type\":\"SearchAction\",\"target\":{\"@type\":\"EntryPoint\",\"urlTemplate\":\"https:\\\/\\\/www.weingut-hirtl.at\\\/en\\\/?s={search_term_string}\"},\"query-input\":{\"@type\":\"PropertyValueSpecification\",\"valueRequired\":true,\"valueName\":\"search_term_string\"}}],\"inLanguage\":\"en-US\"},{\"@type\":\"Organization\",\"@id\":\"https:\\\/\\\/www.weingut-hirtl.at\\\/en\\\/#organization\",\"name\":\"Weingut Hirtl\",\"url\":\"https:\\\/\\\/www.weingut-hirtl.at\\\/en\\\/\",\"logo\":{\"@type\":\"ImageObject\",\"inLanguage\":\"en-US\",\"@id\":\"https:\\\/\\\/www.weingut-hirtl.at\\\/en\\\/#\\\/schema\\\/logo\\\/image\\\/\",\"url\":\"https:\\\/\\\/www.weingut-hirtl.at\\\/www\\\/wp-content\\\/uploads\\\/2024\\\/04\\\/Hirtl_Logo-1024x819-1.jpg\",\"contentUrl\":\"https:\\\/\\\/www.weingut-hirtl.at\\\/www\\\/wp-content\\\/uploads\\\/2024\\\/04\\\/Hirtl_Logo-1024x819-1.jpg\",\"width\":1024,\"height\":819,\"caption\":\"Weingut Hirtl\"},\"image\":{\"@id\":\"https:\\\/\\\/www.weingut-hirtl.at\\\/en\\\/#\\\/schema\\\/logo\\\/image\\\/\"},\"sameAs\":[\"https:\\\/\\\/www.facebook.com\\\/Wein.Hirtl\",\"https:\\\/\\\/www.instagram.com\\\/weingut_hirtl\\\/\"]}]}<\/script>\n<!-- \/ Yoast SEO plugin. -->","yoast_head_json":{"title":"\u201eA la Carte\u201c-Package \u2013 12 bottles | Weingut Hirtl","robots":{"index":"index","follow":"follow","max-snippet":"max-snippet:-1","max-image-preview":"max-image-preview:large","max-video-preview":"max-video-preview:-1"},"canonical":"https:\/\/www.weingut-hirtl.at\/en\/product\/gold-to-taste-12-award-winning-wines-kopie-2\/","og_locale":"en_US","og_type":"article","og_title":"\u201eA la Carte\u201c-Package \u2013 12 bottles | Weingut Hirtl","og_description":"Four of our Gr\u00fcner Veltliners received excellent ratings from A la Carte \u2013 up to 94 points! These ratings confirm our commitment to capturing the typical character of the Weinviertel region with personality, finesse, and depth in every bottle. 3 bottles of 750 ml each per package:    Weinviertel DAC Ried Kirchberg  Weinviertel DAC Ried Waldberg  Gr\u00fcner Veltliner Ried B\u00fcrsting  Gr\u00fcner Veltliner Granit &amp; Berry","og_url":"https:\/\/www.weingut-hirtl.at\/en\/product\/gold-to-taste-12-award-winning-wines-kopie-2\/","og_site_name":"Weingut Hirtl","article_publisher":"https:\/\/www.facebook.com\/Wein.Hirtl","article_modified_time":"2025-09-30T22:18:47+00:00","og_image":[{"width":600,"height":600,"url":"https:\/\/www.weingut-hirtl.at\/www\/wp-content\/uploads\/2025\/08\/AlaCarte_Shop.jpg","type":"image\/jpeg"}],"twitter_card":"summary_large_image","twitter_misc":{"Est. reading time":"1 minute"},"schema":{"@context":"https:\/\/schema.org","@graph":[{"@type":"WebPage","@id":"https:\/\/www.weingut-hirtl.at\/en\/product\/gold-to-taste-12-award-winning-wines-kopie-2\/","url":"https:\/\/www.weingut-hirtl.at\/en\/product\/gold-to-taste-12-award-winning-wines-kopie-2\/","name":"\u201eA la Carte\u201c-Package \u2013 12 bottles | Weingut Hirtl","isPartOf":{"@id":"https:\/\/www.weingut-hirtl.at\/en\/#website"},"primaryImageOfPage":{"@id":"https:\/\/www.weingut-hirtl.at\/en\/product\/gold-to-taste-12-award-winning-wines-kopie-2\/#primaryimage"},"image":{"@id":"https:\/\/www.weingut-hirtl.at\/en\/product\/gold-to-taste-12-award-winning-wines-kopie-2\/#primaryimage"},"thumbnailUrl":"https:\/\/www.weingut-hirtl.at\/www\/wp-content\/uploads\/2025\/08\/AlaCarte_Shop.jpg","datePublished":"2025-08-05T08:34:34+00:00","dateModified":"2025-09-30T22:18:47+00:00","breadcrumb":{"@id":"https:\/\/www.weingut-hirtl.at\/en\/product\/gold-to-taste-12-award-winning-wines-kopie-2\/#breadcrumb"},"inLanguage":"en-US","potentialAction":[{"@type":"ReadAction","target":["https:\/\/www.weingut-hirtl.at\/en\/product\/gold-to-taste-12-award-winning-wines-kopie-2\/"]}]},{"@type":"ImageObject","inLanguage":"en-US","@id":"https:\/\/www.weingut-hirtl.at\/en\/product\/gold-to-taste-12-award-winning-wines-kopie-2\/#primaryimage","url":"https:\/\/www.weingut-hirtl.at\/www\/wp-content\/uploads\/2025\/08\/AlaCarte_Shop.jpg","contentUrl":"https:\/\/www.weingut-hirtl.at\/www\/wp-content\/uploads\/2025\/08\/AlaCarte_Shop.jpg","width":600,"height":600},{"@type":"BreadcrumbList","@id":"https:\/\/www.weingut-hirtl.at\/en\/product\/gold-to-taste-12-award-winning-wines-kopie-2\/#breadcrumb","itemListElement":[{"@type":"ListItem","position":1,"name":"Startseite","item":"https:\/\/www.weingut-hirtl.at\/en\/"},{"@type":"ListItem","position":2,"name":"Shop","item":"https:\/\/www.weingut-hirtl.at\/shop\/"},{"@type":"ListItem","position":3,"name":"\u201eA la Carte\u201c-Package \u2013 12 bottles"}]},{"@type":"WebSite","@id":"https:\/\/www.weingut-hirtl.at\/en\/#website","url":"https:\/\/www.weingut-hirtl.at\/en\/","name":"Weingut Hirtl","description":"","publisher":{"@id":"https:\/\/www.weingut-hirtl.at\/en\/#organization"},"potentialAction":[{"@type":"SearchAction","target":{"@type":"EntryPoint","urlTemplate":"https:\/\/www.weingut-hirtl.at\/en\/?s={search_term_string}"},"query-input":{"@type":"PropertyValueSpecification","valueRequired":true,"valueName":"search_term_string"}}],"inLanguage":"en-US"},{"@type":"Organization","@id":"https:\/\/www.weingut-hirtl.at\/en\/#organization","name":"Weingut Hirtl","url":"https:\/\/www.weingut-hirtl.at\/en\/","logo":{"@type":"ImageObject","inLanguage":"en-US","@id":"https:\/\/www.weingut-hirtl.at\/en\/#\/schema\/logo\/image\/","url":"https:\/\/www.weingut-hirtl.at\/www\/wp-content\/uploads\/2024\/04\/Hirtl_Logo-1024x819-1.jpg","contentUrl":"https:\/\/www.weingut-hirtl.at\/www\/wp-content\/uploads\/2024\/04\/Hirtl_Logo-1024x819-1.jpg","width":1024,"height":819,"caption":"Weingut Hirtl"},"image":{"@id":"https:\/\/www.weingut-hirtl.at\/en\/#\/schema\/logo\/image\/"},"sameAs":["https:\/\/www.facebook.com\/Wein.Hirtl","https:\/\/www.instagram.com\/weingut_hirtl\/"]}]}},"_links":{"self":[{"href":"https:\/\/www.weingut-hirtl.at\/en\/wp-json\/wp\/v2\/product\/8583","targetHints":{"allow":["GET"]}}],"collection":[{"href":"https:\/\/www.weingut-hirtl.at\/en\/wp-json\/wp\/v2\/product"}],"about":[{"href":"https:\/\/www.weingut-hirtl.at\/en\/wp-json\/wp\/v2\/types\/product"}],"replies":[{"embeddable":true,"href":"https:\/\/www.weingut-hirtl.at\/en\/wp-json\/wp\/v2\/comments?post=8583"}],"wp:featuredmedia":[{"embeddable":true,"href":"https:\/\/www.weingut-hirtl.at\/en\/wp-json\/wp\/v2\/media\/8587"}],"wp:attachment":[{"href":"https:\/\/www.weingut-hirtl.at\/en\/wp-json\/wp\/v2\/media?parent=8583"}],"wp:term":[{"taxonomy":"product_brand","embeddable":true,"href":"https:\/\/www.weingut-hirtl.at\/en\/wp-json\/wp\/v2\/product_brand?post=8583"},{"taxonomy":"product_cat","embeddable":true,"href":"https:\/\/www.weingut-hirtl.at\/en\/wp-json\/wp\/v2\/product_cat?post=8583"},{"taxonomy":"product_tag","embeddable":true,"href":"https:\/\/www.weingut-hirtl.at\/en\/wp-json\/wp\/v2\/product_tag?post=8583"}],"curies":[{"name":"wp","href":"https:\/\/api.w.org\/{rel}","templated":true}]}}