{"id":8525,"date":"2025-07-11T12:57:16","date_gmt":"2025-07-11T10:57:16","guid":{"rendered":"https:\/\/www.weingut-hirtl.at\/?post_type=product&#038;p=8525"},"modified":"2025-07-11T13:12:54","modified_gmt":"2025-07-11T11:12:54","slug":"12er-grill-paket-stilvolle-selection-kopie-2","status":"publish","type":"product","link":"https:\/\/www.weingut-hirtl.at\/en\/product\/12er-grill-paket-stilvolle-selection-kopie-2\/","title":{"rendered":"Gold to Taste \u2013 12 Award-Winning Wines"},"content":{"rendered":"<h3>Gelber Muskateller<br \/>\nGelber Muskateller Frizzante<br \/>\nWelschriesling Classic<br \/>\nGr\u00fcner Veltliner Classic<br \/>\nWeinviertel DAC Franz<br \/>\nWeinviertel DAC Ried Kirchberg<br \/>\nGr\u00fcner Veltliner Ried B\u00fcrsting<br \/>\nWeinviertel DAC Ried Waldberg<br \/>\nWei\u00dfburgunder Exklusiv<br \/>\nRos\u00e9<br \/>\nZweigelt Exklusiv<br \/>\nMerlot Exklusiv<\/h3>\n<p>&nbsp;<\/p>\n","protected":false},"excerpt":{"rendered":"<p>Discover the diversity of our award-winning wines, each honored with N\u00d6 Gold \u2013 twelve times gold, twelve times pure enjoyment.<\/p>\n<p>One 750 ml bottle of each wine included in the package:<\/p>\n<ul>\n<li><a href=\"https:\/\/www.weingut-hirtl.at\/en\/produkt\/gelber-muskateller-2023\/\">Gelber Muskateller<\/a><\/li>\n<li><a href=\"https:\/\/www.weingut-hirtl.at\/en\/produkt\/frizzante-gelber-muskateller-2023\/\">Gelber Muskateller Frizzante<\/a><\/li>\n<li><a href=\"https:\/\/www.weingut-hirtl.at\/en\/produkt\/welschriesling-classic-2023\/\">Welschriesling Classic<\/a><\/li>\n<li><a href=\"https:\/\/www.weingut-hirtl.at\/en\/produkt\/gruener-veltliner-classic-2024\/\">Gr\u00fcner Veltliner Classic<\/a><\/li>\n<li><a href=\"https:\/\/www.weingut-hirtl.at\/en\/produkt\/gruener-veltliner-weinviertel-dac-franz-2023\/\">Weinviertel DAC Franz<\/a><\/li>\n<li><a href=\"https:\/\/www.weingut-hirtl.at\/en\/produkt\/gruener-veltliner-weinviertel-dac-ried-kirchberg-2023\/\">Weinviertel DAC Ried Kirchberg<\/a><\/li>\n<li><a href=\"https:\/\/www.weingut-hirtl.at\/en\/produkt\/gruener-veltliner-weinviertel-dac-ried-waldberg-2023\/\">Weinviertel DAC Ried Waldberg<\/a><\/li>\n<li><a href=\"https:\/\/www.weinguthirtlshop.at\/product\/chardonnay-selection-2016\/\">Gr\u00fcner Veltliner Ried B\u00fcrsting<\/a><\/li>\n<li><a href=\"https:\/\/www.weinguthirtlshop.at\/product\/chardonnay-selection-2016\/\">Wei\u00dfburgunder Exklusiv<\/a><\/li>\n<li><a href=\"https:\/\/www.weinguthirtlshop.at\/product\/chardonnay-selection-2016\/\">Rose<\/a><\/li>\n<li><a href=\"https:\/\/www.weinguthirtlshop.at\/product\/chardonnay-selection-2016\/\">Zweigelt Exklusiv<\/a><\/li>\n<li><a href=\"https:\/\/www.weingut-hirtl.at\/en\/produkt\/merlot-exklusiv-2022-kopie\/\">Merlot Exklusiv<\/a><\/li>\n<\/ul>\n","protected":false},"featured_media":8529,"comment_status":"open","ping_status":"closed","template":"","meta":{"_acf_changed":false},"product_brand":[],"product_cat":[228,230],"product_tag":[263,260,267,270,247,264,272,273,252,268],"class_list":{"0":"post-8525","1":"product","2":"type-product","3":"status-publish","4":"has-post-thumbnail","6":"product_cat-action","7":"product_cat-packages","8":"product_tag-apfel-en","9":"product_tag-gelbfruchtig-en","10":"product_tag-gruener-veltliner-en","11":"product_tag-kernobst-en","12":"product_tag-komplex-en","13":"product_tag-pfeffer-en","14":"product_tag-reif-en","15":"product_tag-reife-weine-en","16":"product_tag-reserve-en","17":"product_tag-wuerze-en","19":"first","20":"instock","21":"sale","22":"taxable","23":"shipping-taxable","24":"purchasable","25":"product-type-simple"},"acf":[],"yoast_head":"<!-- This site is optimized with the Yoast SEO plugin v27.3 - https:\/\/yoast.com\/product\/yoast-seo-wordpress\/ -->\n<title>Gold to Taste \u2013 12 Award-Winning Wines | Weingut Hirtl<\/title>\n<meta name=\"robots\" content=\"index, follow, max-snippet:-1, max-image-preview:large, max-video-preview:-1\" \/>\n<link rel=\"canonical\" href=\"https:\/\/www.weingut-hirtl.at\/en\/product\/12er-grill-paket-stilvolle-selection-kopie-2\/\" \/>\n<meta property=\"og:locale\" content=\"en_US\" \/>\n<meta property=\"og:type\" content=\"article\" \/>\n<meta property=\"og:title\" content=\"Gold to Taste \u2013 12 Award-Winning Wines | Weingut Hirtl\" \/>\n<meta property=\"og:description\" content=\"Discover the diversity of our award-winning wines, each honored with N\u00d6 Gold \u2013 twelve times gold, twelve times pure enjoyment.  One 750 ml bottle of each wine included in the package:   Gelber Muskateller  Gelber Muskateller Frizzante  Welschriesling Classic  Gr\u00fcner Veltliner Classic  Weinviertel DAC Franz  Weinviertel DAC Ried Kirchberg  Weinviertel DAC Ried Waldberg  Gr\u00fcner Veltliner Ried B\u00fcrsting  Wei\u00dfburgunder Exklusiv  Rose  Zweigelt Exklusiv  Merlot Exklusiv\" \/>\n<meta property=\"og:url\" content=\"https:\/\/www.weingut-hirtl.at\/en\/product\/12er-grill-paket-stilvolle-selection-kopie-2\/\" \/>\n<meta property=\"og:site_name\" content=\"Weingut Hirtl\" \/>\n<meta property=\"article:publisher\" content=\"https:\/\/www.facebook.com\/Wein.Hirtl\" \/>\n<meta property=\"article:modified_time\" content=\"2025-07-11T11:12:54+00:00\" \/>\n<meta property=\"og:image\" content=\"https:\/\/www.weingut-hirtl.at\/www\/wp-content\/uploads\/2025\/07\/IMG_1802.jpg\" \/>\n\t<meta property=\"og:image:width\" content=\"2016\" \/>\n\t<meta property=\"og:image:height\" content=\"1512\" \/>\n\t<meta property=\"og:image:type\" content=\"image\/jpeg\" \/>\n<meta name=\"twitter:card\" content=\"summary_large_image\" \/>\n<meta name=\"twitter:label1\" content=\"Est. reading time\" \/>\n\t<meta name=\"twitter:data1\" content=\"1 minute\" \/>\n<script type=\"application\/ld+json\" class=\"yoast-schema-graph\">{\"@context\":\"https:\\\/\\\/schema.org\",\"@graph\":[{\"@type\":\"WebPage\",\"@id\":\"https:\\\/\\\/www.weingut-hirtl.at\\\/en\\\/product\\\/12er-grill-paket-stilvolle-selection-kopie-2\\\/\",\"url\":\"https:\\\/\\\/www.weingut-hirtl.at\\\/en\\\/product\\\/12er-grill-paket-stilvolle-selection-kopie-2\\\/\",\"name\":\"Gold to Taste \u2013 12 Award-Winning Wines | Weingut Hirtl\",\"isPartOf\":{\"@id\":\"https:\\\/\\\/www.weingut-hirtl.at\\\/en\\\/#website\"},\"primaryImageOfPage\":{\"@id\":\"https:\\\/\\\/www.weingut-hirtl.at\\\/en\\\/product\\\/12er-grill-paket-stilvolle-selection-kopie-2\\\/#primaryimage\"},\"image\":{\"@id\":\"https:\\\/\\\/www.weingut-hirtl.at\\\/en\\\/product\\\/12er-grill-paket-stilvolle-selection-kopie-2\\\/#primaryimage\"},\"thumbnailUrl\":\"https:\\\/\\\/www.weingut-hirtl.at\\\/www\\\/wp-content\\\/uploads\\\/2025\\\/07\\\/IMG_1802.jpg\",\"datePublished\":\"2025-07-11T10:57:16+00:00\",\"dateModified\":\"2025-07-11T11:12:54+00:00\",\"breadcrumb\":{\"@id\":\"https:\\\/\\\/www.weingut-hirtl.at\\\/en\\\/product\\\/12er-grill-paket-stilvolle-selection-kopie-2\\\/#breadcrumb\"},\"inLanguage\":\"en-US\",\"potentialAction\":[{\"@type\":\"ReadAction\",\"target\":[\"https:\\\/\\\/www.weingut-hirtl.at\\\/en\\\/product\\\/12er-grill-paket-stilvolle-selection-kopie-2\\\/\"]}]},{\"@type\":\"ImageObject\",\"inLanguage\":\"en-US\",\"@id\":\"https:\\\/\\\/www.weingut-hirtl.at\\\/en\\\/product\\\/12er-grill-paket-stilvolle-selection-kopie-2\\\/#primaryimage\",\"url\":\"https:\\\/\\\/www.weingut-hirtl.at\\\/www\\\/wp-content\\\/uploads\\\/2025\\\/07\\\/IMG_1802.jpg\",\"contentUrl\":\"https:\\\/\\\/www.weingut-hirtl.at\\\/www\\\/wp-content\\\/uploads\\\/2025\\\/07\\\/IMG_1802.jpg\",\"width\":2016,\"height\":1512},{\"@type\":\"BreadcrumbList\",\"@id\":\"https:\\\/\\\/www.weingut-hirtl.at\\\/en\\\/product\\\/12er-grill-paket-stilvolle-selection-kopie-2\\\/#breadcrumb\",\"itemListElement\":[{\"@type\":\"ListItem\",\"position\":1,\"name\":\"Startseite\",\"item\":\"https:\\\/\\\/www.weingut-hirtl.at\\\/en\\\/\"},{\"@type\":\"ListItem\",\"position\":2,\"name\":\"Shop\",\"item\":\"https:\\\/\\\/www.weingut-hirtl.at\\\/shop\\\/\"},{\"@type\":\"ListItem\",\"position\":3,\"name\":\"Gold to Taste \u2013 12 Award-Winning Wines\"}]},{\"@type\":\"WebSite\",\"@id\":\"https:\\\/\\\/www.weingut-hirtl.at\\\/en\\\/#website\",\"url\":\"https:\\\/\\\/www.weingut-hirtl.at\\\/en\\\/\",\"name\":\"Weingut Hirtl\",\"description\":\"\",\"publisher\":{\"@id\":\"https:\\\/\\\/www.weingut-hirtl.at\\\/en\\\/#organization\"},\"potentialAction\":[{\"@type\":\"SearchAction\",\"target\":{\"@type\":\"EntryPoint\",\"urlTemplate\":\"https:\\\/\\\/www.weingut-hirtl.at\\\/en\\\/?s={search_term_string}\"},\"query-input\":{\"@type\":\"PropertyValueSpecification\",\"valueRequired\":true,\"valueName\":\"search_term_string\"}}],\"inLanguage\":\"en-US\"},{\"@type\":\"Organization\",\"@id\":\"https:\\\/\\\/www.weingut-hirtl.at\\\/en\\\/#organization\",\"name\":\"Weingut Hirtl\",\"url\":\"https:\\\/\\\/www.weingut-hirtl.at\\\/en\\\/\",\"logo\":{\"@type\":\"ImageObject\",\"inLanguage\":\"en-US\",\"@id\":\"https:\\\/\\\/www.weingut-hirtl.at\\\/en\\\/#\\\/schema\\\/logo\\\/image\\\/\",\"url\":\"https:\\\/\\\/www.weingut-hirtl.at\\\/www\\\/wp-content\\\/uploads\\\/2024\\\/04\\\/Hirtl_Logo-1024x819-1.jpg\",\"contentUrl\":\"https:\\\/\\\/www.weingut-hirtl.at\\\/www\\\/wp-content\\\/uploads\\\/2024\\\/04\\\/Hirtl_Logo-1024x819-1.jpg\",\"width\":1024,\"height\":819,\"caption\":\"Weingut Hirtl\"},\"image\":{\"@id\":\"https:\\\/\\\/www.weingut-hirtl.at\\\/en\\\/#\\\/schema\\\/logo\\\/image\\\/\"},\"sameAs\":[\"https:\\\/\\\/www.facebook.com\\\/Wein.Hirtl\",\"https:\\\/\\\/www.instagram.com\\\/weingut_hirtl\\\/\"]}]}<\/script>\n<!-- \/ Yoast SEO plugin. -->","yoast_head_json":{"title":"Gold to Taste \u2013 12 Award-Winning Wines | Weingut Hirtl","robots":{"index":"index","follow":"follow","max-snippet":"max-snippet:-1","max-image-preview":"max-image-preview:large","max-video-preview":"max-video-preview:-1"},"canonical":"https:\/\/www.weingut-hirtl.at\/en\/product\/12er-grill-paket-stilvolle-selection-kopie-2\/","og_locale":"en_US","og_type":"article","og_title":"Gold to Taste \u2013 12 Award-Winning Wines | Weingut Hirtl","og_description":"Discover the diversity of our award-winning wines, each honored with N\u00d6 Gold \u2013 twelve times gold, twelve times pure enjoyment.  One 750 ml bottle of each wine included in the package:   Gelber Muskateller  Gelber Muskateller Frizzante  Welschriesling Classic  Gr\u00fcner Veltliner Classic  Weinviertel DAC Franz  Weinviertel DAC Ried Kirchberg  Weinviertel DAC Ried Waldberg  Gr\u00fcner Veltliner Ried B\u00fcrsting  Wei\u00dfburgunder Exklusiv  Rose  Zweigelt Exklusiv  Merlot Exklusiv","og_url":"https:\/\/www.weingut-hirtl.at\/en\/product\/12er-grill-paket-stilvolle-selection-kopie-2\/","og_site_name":"Weingut Hirtl","article_publisher":"https:\/\/www.facebook.com\/Wein.Hirtl","article_modified_time":"2025-07-11T11:12:54+00:00","og_image":[{"width":2016,"height":1512,"url":"https:\/\/www.weingut-hirtl.at\/www\/wp-content\/uploads\/2025\/07\/IMG_1802.jpg","type":"image\/jpeg"}],"twitter_card":"summary_large_image","twitter_misc":{"Est. reading time":"1 minute"},"schema":{"@context":"https:\/\/schema.org","@graph":[{"@type":"WebPage","@id":"https:\/\/www.weingut-hirtl.at\/en\/product\/12er-grill-paket-stilvolle-selection-kopie-2\/","url":"https:\/\/www.weingut-hirtl.at\/en\/product\/12er-grill-paket-stilvolle-selection-kopie-2\/","name":"Gold to Taste \u2013 12 Award-Winning Wines | Weingut Hirtl","isPartOf":{"@id":"https:\/\/www.weingut-hirtl.at\/en\/#website"},"primaryImageOfPage":{"@id":"https:\/\/www.weingut-hirtl.at\/en\/product\/12er-grill-paket-stilvolle-selection-kopie-2\/#primaryimage"},"image":{"@id":"https:\/\/www.weingut-hirtl.at\/en\/product\/12er-grill-paket-stilvolle-selection-kopie-2\/#primaryimage"},"thumbnailUrl":"https:\/\/www.weingut-hirtl.at\/www\/wp-content\/uploads\/2025\/07\/IMG_1802.jpg","datePublished":"2025-07-11T10:57:16+00:00","dateModified":"2025-07-11T11:12:54+00:00","breadcrumb":{"@id":"https:\/\/www.weingut-hirtl.at\/en\/product\/12er-grill-paket-stilvolle-selection-kopie-2\/#breadcrumb"},"inLanguage":"en-US","potentialAction":[{"@type":"ReadAction","target":["https:\/\/www.weingut-hirtl.at\/en\/product\/12er-grill-paket-stilvolle-selection-kopie-2\/"]}]},{"@type":"ImageObject","inLanguage":"en-US","@id":"https:\/\/www.weingut-hirtl.at\/en\/product\/12er-grill-paket-stilvolle-selection-kopie-2\/#primaryimage","url":"https:\/\/www.weingut-hirtl.at\/www\/wp-content\/uploads\/2025\/07\/IMG_1802.jpg","contentUrl":"https:\/\/www.weingut-hirtl.at\/www\/wp-content\/uploads\/2025\/07\/IMG_1802.jpg","width":2016,"height":1512},{"@type":"BreadcrumbList","@id":"https:\/\/www.weingut-hirtl.at\/en\/product\/12er-grill-paket-stilvolle-selection-kopie-2\/#breadcrumb","itemListElement":[{"@type":"ListItem","position":1,"name":"Startseite","item":"https:\/\/www.weingut-hirtl.at\/en\/"},{"@type":"ListItem","position":2,"name":"Shop","item":"https:\/\/www.weingut-hirtl.at\/shop\/"},{"@type":"ListItem","position":3,"name":"Gold to Taste \u2013 12 Award-Winning Wines"}]},{"@type":"WebSite","@id":"https:\/\/www.weingut-hirtl.at\/en\/#website","url":"https:\/\/www.weingut-hirtl.at\/en\/","name":"Weingut Hirtl","description":"","publisher":{"@id":"https:\/\/www.weingut-hirtl.at\/en\/#organization"},"potentialAction":[{"@type":"SearchAction","target":{"@type":"EntryPoint","urlTemplate":"https:\/\/www.weingut-hirtl.at\/en\/?s={search_term_string}"},"query-input":{"@type":"PropertyValueSpecification","valueRequired":true,"valueName":"search_term_string"}}],"inLanguage":"en-US"},{"@type":"Organization","@id":"https:\/\/www.weingut-hirtl.at\/en\/#organization","name":"Weingut Hirtl","url":"https:\/\/www.weingut-hirtl.at\/en\/","logo":{"@type":"ImageObject","inLanguage":"en-US","@id":"https:\/\/www.weingut-hirtl.at\/en\/#\/schema\/logo\/image\/","url":"https:\/\/www.weingut-hirtl.at\/www\/wp-content\/uploads\/2024\/04\/Hirtl_Logo-1024x819-1.jpg","contentUrl":"https:\/\/www.weingut-hirtl.at\/www\/wp-content\/uploads\/2024\/04\/Hirtl_Logo-1024x819-1.jpg","width":1024,"height":819,"caption":"Weingut Hirtl"},"image":{"@id":"https:\/\/www.weingut-hirtl.at\/en\/#\/schema\/logo\/image\/"},"sameAs":["https:\/\/www.facebook.com\/Wein.Hirtl","https:\/\/www.instagram.com\/weingut_hirtl\/"]}]}},"_links":{"self":[{"href":"https:\/\/www.weingut-hirtl.at\/en\/wp-json\/wp\/v2\/product\/8525","targetHints":{"allow":["GET"]}}],"collection":[{"href":"https:\/\/www.weingut-hirtl.at\/en\/wp-json\/wp\/v2\/product"}],"about":[{"href":"https:\/\/www.weingut-hirtl.at\/en\/wp-json\/wp\/v2\/types\/product"}],"replies":[{"embeddable":true,"href":"https:\/\/www.weingut-hirtl.at\/en\/wp-json\/wp\/v2\/comments?post=8525"}],"wp:featuredmedia":[{"embeddable":true,"href":"https:\/\/www.weingut-hirtl.at\/en\/wp-json\/wp\/v2\/media\/8529"}],"wp:attachment":[{"href":"https:\/\/www.weingut-hirtl.at\/en\/wp-json\/wp\/v2\/media?parent=8525"}],"wp:term":[{"taxonomy":"product_brand","embeddable":true,"href":"https:\/\/www.weingut-hirtl.at\/en\/wp-json\/wp\/v2\/product_brand?post=8525"},{"taxonomy":"product_cat","embeddable":true,"href":"https:\/\/www.weingut-hirtl.at\/en\/wp-json\/wp\/v2\/product_cat?post=8525"},{"taxonomy":"product_tag","embeddable":true,"href":"https:\/\/www.weingut-hirtl.at\/en\/wp-json\/wp\/v2\/product_tag?post=8525"}],"curies":[{"name":"wp","href":"https:\/\/api.w.org\/{rel}","templated":true}]}}