{"id":7306,"date":"2024-11-25T12:09:08","date_gmt":"2024-11-25T11:09:08","guid":{"rendered":"https:\/\/www.weingut-hirtl.at\/?post_type=product&#038;p=7306"},"modified":"2025-08-19T09:59:31","modified_gmt":"2025-08-19T07:59:31","slug":"6er-reserve","status":"publish","type":"product","link":"https:\/\/www.weingut-hirtl.at\/en\/product\/6er-reserve\/","title":{"rendered":"6er Reserve Paket"},"content":{"rendered":"<h3>Gr\u00fcner Veltliner Weinviertel DAC Reserve 2021<\/h3>\n<p>\u2018Clear, early straw yellow, high viscosity. Scent of ripe pome fruit reminiscent of pickled spiced apples. A tender pain on the palate due to the mouth-filling extract sweetness, accompanied by typical Gr\u00fcner Veltliner spiciness and lively acidity. A wonderful, powerful Veltliner that will still give a lot of pleasure in a few years\u2018, sommelier Harry Wurm.<\/p>\n<p><strong>most drinking pleasure:<\/strong> 2-8 years<br \/>\n<strong>size:<\/strong>\u00a00,75 l<br \/>\n<strong>13,5 vol. % | dry<\/strong><\/p>\n<p>&nbsp;<\/p>\n<h3>Gr\u00fcner Veltliner Reserve 2018<\/h3>\n<p>\u2018Shiny, strong straw yellow with delicate green reflections, high viscosity. Slightly ripened, strong after ripe pomaceous fruit and elegant spice. Dry with noticeable, harmonious residual sugar, noticeable piquant acidity, lots of ripe pears on the palate with sweetish-spicy hints, some allspice and black pepper, strong, well-integrated alcohol, creamy and harmonious on the palate, with a long finish\u2018, Somm. Martin Widemann<\/p>\n<p><strong>most drinking pleasure:<\/strong> 2-8 years<br \/>\n<strong>size:<\/strong>\u00a00,75 l<br \/>\n<strong>13,0 vol. % | semi dry<\/strong><\/p>\n<p>&nbsp;<\/p>\n<h3>Wei\u00dfburgunder Selection 2016<\/h3>\n<p>\u201aClear with a pale straw yellow color, very high viscosity. Notes of almond and dried fruit on the nose. Dry with mild acidity, creamy and smooth, fine Burgundy aromas, powerful on the palate with warming alcohol, refined with a long finish.\u2018, Sommelier Marin Widemann.<\/p>\n<p><strong>most drinking pleasure:<\/strong> 2-8 years<br \/>\n<strong>size:<\/strong>\u00a00,75 l<br \/>\n<strong>13,0 vol. % | dry<\/strong><\/p>\n<p>&nbsp;<\/p>\n<h3>Wei\u00dfburgunder Reserve 2021<\/h3>\n<p>\u201eClear, slightly radiant yellow. In the nose hints of walnuts, marzipan and wunice brioche. The harmonious first impression continues on the palate. Despite the powerful pressure on the palate, youthful freshness is supported by a perfectly integrated tainnin\u201c, Dipl. Sommelier Harry Wurm.<\/p>\n<p><strong>most drinking pleasure:<\/strong> 2-8 years<br \/>\n<strong>size:<\/strong>\u00a00,75 l<br \/>\n<strong>13,0 vol. % | dry<\/strong><\/p>\n<p>&nbsp;<\/p>\n<h3>Chardonnay Reserve 2019<\/h3>\n<p>Bright straw yellow with light golden reflections. Intensely fruity after ripe Manogs and tropical notes. Dry on the palate with elegant sugar tart, fruity acidity, very creamy, many ripe tropical notes, very elegant with strong, wellintegrated alcohol, balanced with a long finish. Use a large glass \u2018, Sommelier Marin Widemann.<\/p>\n<p><strong>most drinking pleasure:<\/strong> 2-8 years<br \/>\n<strong>size:<\/strong>\u00a00,75 l<br \/>\n<strong>13,5 vol. % | semi dry<\/strong><\/p>\n<p>&nbsp;<\/p>\n<h3>One in Red 2017\/2019<\/h3>\n<p>\u201cClear, dark core with garnet reflections. Scent of preserved dark fruits. Hints of cinnamon, clove and orange zest. The well-structured tannins and the subtle smoky aroma give the wine a dense and powerful body and form a harmonious overall picture with a long finish\u201d, sommelier Harald Wurm.<\/p>\n<p><strong>most drinking pleasure:<\/strong> 2-11 years<br \/>\n<strong>size:<\/strong>\u00a00,75 l<br \/>\n<strong>13,5 vol. % | dry<\/strong><\/p>\n","protected":false},"excerpt":{"rendered":"<p id=\"tw-target-text\" class=\"tw-data-text tw-text-large tw-ta\" dir=\"ltr\" data-placeholder=\"\u00dcbersetzung\" data-ved=\"2ahUKEwiyp96Kt_eJAxUy_rsIHf_JNfwQ3ewLegQICxAU\" aria-label=\"\u00dcbersetzter Text: Promotional price only valid in Austria!\"><span class=\"Y2IQFc\" lang=\"en\">Promotional price only valid in Austria!<\/span><\/p>\n<p id=\"tw-target-text\" class=\"tw-data-text tw-text-large tw-ta\" dir=\"ltr\" data-placeholder=\"\u00dcbersetzung\" data-ved=\"2ahUKEwiyp96Kt_eJAxUy_rsIHf_JNfwQ3ewLegQICxAU\" aria-label=\"\u00dcbersetzter Text: With the reserve package you are perfectly equipped for the cool days. Whether red or white, both are included in the package.\"><span class=\"Y2IQFc\" lang=\"en\">With the reserve package you are perfectly equipped for the cozy seasonn of the year. Whether red or white, both are included in the package.<\/span><\/p>\n<p>One bottle of each wine\u00a0 \u00e1 750 ml:<\/p>\n<p><a href=\"https:\/\/www.weingut-hirtl.at\/en\/product\/gruener-veltliner-weinviertel-dac-reserve-2021\/\">Gr\u00fcner Veltliner Weinviertel DAC Reserve 2021<\/a><br \/>\n<a href=\"https:\/\/www.weingut-hirtl.at\/en\/product\/gruener-veltliner-reserve-2018\/\">Gr\u00fcner Veltliner Reserve 2018<\/a><br \/>\n<a href=\"https:\/\/www.weingut-hirtl.at\/en\/product\/weissburgunder-selection\/\">Wei\u00dfburgunder Selection 2016<\/a><br \/>\n<a href=\"https:\/\/www.weingut-hirtl.at\/en\/product\/weissburgunder-reserve-2021\/\">Wei\u00dfburgunder Reserve 2021<\/a><br \/>\n<a href=\"https:\/\/www.weingut-hirtl.at\/en\/product\/chardonnay-reserve-2019\/\">Chardonnay Reserve 2019<\/a><br \/>\n<a href=\"https:\/\/www.weingut-hirtl.at\/en\/product\/one-in-red-2017-2019\/\">One in Red 2017\/2019<\/a><\/p>\n","protected":false},"featured_media":7308,"comment_status":"open","ping_status":"closed","template":"","meta":{"_acf_changed":false},"product_brand":[],"product_cat":[228,230],"product_tag":[263,260,267,270,247,264,272,273,252,268],"class_list":{"0":"post-7306","1":"product","2":"type-product","3":"status-publish","4":"has-post-thumbnail","6":"product_cat-action","7":"product_cat-packages","8":"product_tag-apfel-en","9":"product_tag-gelbfruchtig-en","10":"product_tag-gruener-veltliner-en","11":"product_tag-kernobst-en","12":"product_tag-komplex-en","13":"product_tag-pfeffer-en","14":"product_tag-reif-en","15":"product_tag-reife-weine-en","16":"product_tag-reserve-en","17":"product_tag-wuerze-en","19":"first","20":"instock","21":"sale","22":"taxable","23":"shipping-taxable","24":"purchasable","25":"product-type-simple"},"acf":[],"yoast_head":"<!-- This site is optimized with the Yoast SEO plugin v27.5 - https:\/\/yoast.com\/product\/yoast-seo-wordpress\/ -->\n<title>6er Reserve Paket | Weingut Hirtl<\/title>\n<meta name=\"robots\" content=\"index, follow, max-snippet:-1, max-image-preview:large, max-video-preview:-1\" \/>\n<link rel=\"canonical\" href=\"https:\/\/www.weingut-hirtl.at\/en\/product\/6er-reserve\/\" \/>\n<meta property=\"og:locale\" content=\"en_US\" \/>\n<meta property=\"og:type\" content=\"article\" \/>\n<meta property=\"og:title\" content=\"6er Reserve Paket | Weingut Hirtl\" \/>\n<meta property=\"og:description\" content=\"Promotional price only valid in Austria! With the reserve package you are perfectly equipped for the cozy seasonn of the year. Whether red or white, both are included in the package. One bottle of each wine\u00a0 \u00e1 750 ml:  Gr\u00fcner Veltliner Weinviertel DAC Reserve 2021 Gr\u00fcner Veltliner Reserve 2018 Wei\u00dfburgunder Selection 2016 Wei\u00dfburgunder Reserve 2021 Chardonnay Reserve 2019 One in Red 2017\/2019\" \/>\n<meta property=\"og:url\" content=\"https:\/\/www.weingut-hirtl.at\/en\/product\/6er-reserve\/\" \/>\n<meta property=\"og:site_name\" content=\"Weingut Hirtl\" \/>\n<meta property=\"article:publisher\" content=\"https:\/\/www.facebook.com\/Wein.Hirtl\" \/>\n<meta property=\"article:modified_time\" content=\"2025-08-19T07:59:31+00:00\" \/>\n<meta property=\"og:image\" content=\"https:\/\/www.weingut-hirtl.at\/www\/wp-content\/uploads\/2024\/11\/Reserve.jpg\" \/>\n\t<meta property=\"og:image:width\" content=\"640\" \/>\n\t<meta property=\"og:image:height\" content=\"640\" \/>\n\t<meta property=\"og:image:type\" content=\"image\/jpeg\" \/>\n<meta name=\"twitter:card\" content=\"summary_large_image\" \/>\n<meta name=\"twitter:label1\" content=\"Est. reading time\" \/>\n\t<meta name=\"twitter:data1\" content=\"3 minutes\" \/>\n<script type=\"application\/ld+json\" class=\"yoast-schema-graph\">{\"@context\":\"https:\\\/\\\/schema.org\",\"@graph\":[{\"@type\":\"WebPage\",\"@id\":\"https:\\\/\\\/www.weingut-hirtl.at\\\/en\\\/product\\\/6er-reserve\\\/\",\"url\":\"https:\\\/\\\/www.weingut-hirtl.at\\\/en\\\/product\\\/6er-reserve\\\/\",\"name\":\"6er Reserve Paket | Weingut Hirtl\",\"isPartOf\":{\"@id\":\"https:\\\/\\\/www.weingut-hirtl.at\\\/en\\\/#website\"},\"primaryImageOfPage\":{\"@id\":\"https:\\\/\\\/www.weingut-hirtl.at\\\/en\\\/product\\\/6er-reserve\\\/#primaryimage\"},\"image\":{\"@id\":\"https:\\\/\\\/www.weingut-hirtl.at\\\/en\\\/product\\\/6er-reserve\\\/#primaryimage\"},\"thumbnailUrl\":\"https:\\\/\\\/www.weingut-hirtl.at\\\/www\\\/wp-content\\\/uploads\\\/2024\\\/11\\\/Reserve.jpg\",\"datePublished\":\"2024-11-25T11:09:08+00:00\",\"dateModified\":\"2025-08-19T07:59:31+00:00\",\"breadcrumb\":{\"@id\":\"https:\\\/\\\/www.weingut-hirtl.at\\\/en\\\/product\\\/6er-reserve\\\/#breadcrumb\"},\"inLanguage\":\"en-US\",\"potentialAction\":[{\"@type\":\"ReadAction\",\"target\":[\"https:\\\/\\\/www.weingut-hirtl.at\\\/en\\\/product\\\/6er-reserve\\\/\"]}]},{\"@type\":\"ImageObject\",\"inLanguage\":\"en-US\",\"@id\":\"https:\\\/\\\/www.weingut-hirtl.at\\\/en\\\/product\\\/6er-reserve\\\/#primaryimage\",\"url\":\"https:\\\/\\\/www.weingut-hirtl.at\\\/www\\\/wp-content\\\/uploads\\\/2024\\\/11\\\/Reserve.jpg\",\"contentUrl\":\"https:\\\/\\\/www.weingut-hirtl.at\\\/www\\\/wp-content\\\/uploads\\\/2024\\\/11\\\/Reserve.jpg\",\"width\":640,\"height\":640},{\"@type\":\"BreadcrumbList\",\"@id\":\"https:\\\/\\\/www.weingut-hirtl.at\\\/en\\\/product\\\/6er-reserve\\\/#breadcrumb\",\"itemListElement\":[{\"@type\":\"ListItem\",\"position\":1,\"name\":\"Startseite\",\"item\":\"https:\\\/\\\/www.weingut-hirtl.at\\\/en\\\/\"},{\"@type\":\"ListItem\",\"position\":2,\"name\":\"Shop\",\"item\":\"https:\\\/\\\/www.weingut-hirtl.at\\\/shop\\\/\"},{\"@type\":\"ListItem\",\"position\":3,\"name\":\"6er Reserve Paket\"}]},{\"@type\":\"WebSite\",\"@id\":\"https:\\\/\\\/www.weingut-hirtl.at\\\/en\\\/#website\",\"url\":\"https:\\\/\\\/www.weingut-hirtl.at\\\/en\\\/\",\"name\":\"Weingut Hirtl\",\"description\":\"\",\"publisher\":{\"@id\":\"https:\\\/\\\/www.weingut-hirtl.at\\\/en\\\/#organization\"},\"potentialAction\":[{\"@type\":\"SearchAction\",\"target\":{\"@type\":\"EntryPoint\",\"urlTemplate\":\"https:\\\/\\\/www.weingut-hirtl.at\\\/en\\\/?s={search_term_string}\"},\"query-input\":{\"@type\":\"PropertyValueSpecification\",\"valueRequired\":true,\"valueName\":\"search_term_string\"}}],\"inLanguage\":\"en-US\"},{\"@type\":\"Organization\",\"@id\":\"https:\\\/\\\/www.weingut-hirtl.at\\\/en\\\/#organization\",\"name\":\"Weingut Hirtl\",\"url\":\"https:\\\/\\\/www.weingut-hirtl.at\\\/en\\\/\",\"logo\":{\"@type\":\"ImageObject\",\"inLanguage\":\"en-US\",\"@id\":\"https:\\\/\\\/www.weingut-hirtl.at\\\/en\\\/#\\\/schema\\\/logo\\\/image\\\/\",\"url\":\"https:\\\/\\\/www.weingut-hirtl.at\\\/www\\\/wp-content\\\/uploads\\\/2024\\\/04\\\/Hirtl_Logo-1024x819-1.jpg\",\"contentUrl\":\"https:\\\/\\\/www.weingut-hirtl.at\\\/www\\\/wp-content\\\/uploads\\\/2024\\\/04\\\/Hirtl_Logo-1024x819-1.jpg\",\"width\":1024,\"height\":819,\"caption\":\"Weingut Hirtl\"},\"image\":{\"@id\":\"https:\\\/\\\/www.weingut-hirtl.at\\\/en\\\/#\\\/schema\\\/logo\\\/image\\\/\"},\"sameAs\":[\"https:\\\/\\\/www.facebook.com\\\/Wein.Hirtl\",\"https:\\\/\\\/www.instagram.com\\\/weingut_hirtl\\\/\"]}]}<\/script>\n<!-- \/ Yoast SEO plugin. -->","yoast_head_json":{"title":"6er Reserve Paket | Weingut Hirtl","robots":{"index":"index","follow":"follow","max-snippet":"max-snippet:-1","max-image-preview":"max-image-preview:large","max-video-preview":"max-video-preview:-1"},"canonical":"https:\/\/www.weingut-hirtl.at\/en\/product\/6er-reserve\/","og_locale":"en_US","og_type":"article","og_title":"6er Reserve Paket | Weingut Hirtl","og_description":"Promotional price only valid in Austria! With the reserve package you are perfectly equipped for the cozy seasonn of the year. Whether red or white, both are included in the package. One bottle of each wine\u00a0 \u00e1 750 ml:  Gr\u00fcner Veltliner Weinviertel DAC Reserve 2021 Gr\u00fcner Veltliner Reserve 2018 Wei\u00dfburgunder Selection 2016 Wei\u00dfburgunder Reserve 2021 Chardonnay Reserve 2019 One in Red 2017\/2019","og_url":"https:\/\/www.weingut-hirtl.at\/en\/product\/6er-reserve\/","og_site_name":"Weingut Hirtl","article_publisher":"https:\/\/www.facebook.com\/Wein.Hirtl","article_modified_time":"2025-08-19T07:59:31+00:00","og_image":[{"width":640,"height":640,"url":"https:\/\/www.weingut-hirtl.at\/www\/wp-content\/uploads\/2024\/11\/Reserve.jpg","type":"image\/jpeg"}],"twitter_card":"summary_large_image","twitter_misc":{"Est. reading time":"3 minutes"},"schema":{"@context":"https:\/\/schema.org","@graph":[{"@type":"WebPage","@id":"https:\/\/www.weingut-hirtl.at\/en\/product\/6er-reserve\/","url":"https:\/\/www.weingut-hirtl.at\/en\/product\/6er-reserve\/","name":"6er Reserve Paket | Weingut Hirtl","isPartOf":{"@id":"https:\/\/www.weingut-hirtl.at\/en\/#website"},"primaryImageOfPage":{"@id":"https:\/\/www.weingut-hirtl.at\/en\/product\/6er-reserve\/#primaryimage"},"image":{"@id":"https:\/\/www.weingut-hirtl.at\/en\/product\/6er-reserve\/#primaryimage"},"thumbnailUrl":"https:\/\/www.weingut-hirtl.at\/www\/wp-content\/uploads\/2024\/11\/Reserve.jpg","datePublished":"2024-11-25T11:09:08+00:00","dateModified":"2025-08-19T07:59:31+00:00","breadcrumb":{"@id":"https:\/\/www.weingut-hirtl.at\/en\/product\/6er-reserve\/#breadcrumb"},"inLanguage":"en-US","potentialAction":[{"@type":"ReadAction","target":["https:\/\/www.weingut-hirtl.at\/en\/product\/6er-reserve\/"]}]},{"@type":"ImageObject","inLanguage":"en-US","@id":"https:\/\/www.weingut-hirtl.at\/en\/product\/6er-reserve\/#primaryimage","url":"https:\/\/www.weingut-hirtl.at\/www\/wp-content\/uploads\/2024\/11\/Reserve.jpg","contentUrl":"https:\/\/www.weingut-hirtl.at\/www\/wp-content\/uploads\/2024\/11\/Reserve.jpg","width":640,"height":640},{"@type":"BreadcrumbList","@id":"https:\/\/www.weingut-hirtl.at\/en\/product\/6er-reserve\/#breadcrumb","itemListElement":[{"@type":"ListItem","position":1,"name":"Startseite","item":"https:\/\/www.weingut-hirtl.at\/en\/"},{"@type":"ListItem","position":2,"name":"Shop","item":"https:\/\/www.weingut-hirtl.at\/shop\/"},{"@type":"ListItem","position":3,"name":"6er Reserve Paket"}]},{"@type":"WebSite","@id":"https:\/\/www.weingut-hirtl.at\/en\/#website","url":"https:\/\/www.weingut-hirtl.at\/en\/","name":"Weingut Hirtl","description":"","publisher":{"@id":"https:\/\/www.weingut-hirtl.at\/en\/#organization"},"potentialAction":[{"@type":"SearchAction","target":{"@type":"EntryPoint","urlTemplate":"https:\/\/www.weingut-hirtl.at\/en\/?s={search_term_string}"},"query-input":{"@type":"PropertyValueSpecification","valueRequired":true,"valueName":"search_term_string"}}],"inLanguage":"en-US"},{"@type":"Organization","@id":"https:\/\/www.weingut-hirtl.at\/en\/#organization","name":"Weingut Hirtl","url":"https:\/\/www.weingut-hirtl.at\/en\/","logo":{"@type":"ImageObject","inLanguage":"en-US","@id":"https:\/\/www.weingut-hirtl.at\/en\/#\/schema\/logo\/image\/","url":"https:\/\/www.weingut-hirtl.at\/www\/wp-content\/uploads\/2024\/04\/Hirtl_Logo-1024x819-1.jpg","contentUrl":"https:\/\/www.weingut-hirtl.at\/www\/wp-content\/uploads\/2024\/04\/Hirtl_Logo-1024x819-1.jpg","width":1024,"height":819,"caption":"Weingut Hirtl"},"image":{"@id":"https:\/\/www.weingut-hirtl.at\/en\/#\/schema\/logo\/image\/"},"sameAs":["https:\/\/www.facebook.com\/Wein.Hirtl","https:\/\/www.instagram.com\/weingut_hirtl\/"]}]}},"_links":{"self":[{"href":"https:\/\/www.weingut-hirtl.at\/en\/wp-json\/wp\/v2\/product\/7306","targetHints":{"allow":["GET"]}}],"collection":[{"href":"https:\/\/www.weingut-hirtl.at\/en\/wp-json\/wp\/v2\/product"}],"about":[{"href":"https:\/\/www.weingut-hirtl.at\/en\/wp-json\/wp\/v2\/types\/product"}],"replies":[{"embeddable":true,"href":"https:\/\/www.weingut-hirtl.at\/en\/wp-json\/wp\/v2\/comments?post=7306"}],"wp:featuredmedia":[{"embeddable":true,"href":"https:\/\/www.weingut-hirtl.at\/en\/wp-json\/wp\/v2\/media\/7308"}],"wp:attachment":[{"href":"https:\/\/www.weingut-hirtl.at\/en\/wp-json\/wp\/v2\/media?parent=7306"}],"wp:term":[{"taxonomy":"product_brand","embeddable":true,"href":"https:\/\/www.weingut-hirtl.at\/en\/wp-json\/wp\/v2\/product_brand?post=7306"},{"taxonomy":"product_cat","embeddable":true,"href":"https:\/\/www.weingut-hirtl.at\/en\/wp-json\/wp\/v2\/product_cat?post=7306"},{"taxonomy":"product_tag","embeddable":true,"href":"https:\/\/www.weingut-hirtl.at\/en\/wp-json\/wp\/v2\/product_tag?post=7306"}],"curies":[{"name":"wp","href":"https:\/\/api.w.org\/{rel}","templated":true}]}}