{"id":6499,"date":"2023-09-20T17:47:40","date_gmt":"2023-09-20T15:47:40","guid":{"rendered":"https:\/\/www.weingut-hirtl.at\/product\/gruener-veltliner-weinviertel-dac-grosse-reserve-2021\/"},"modified":"2026-04-07T17:45:39","modified_gmt":"2026-04-07T15:45:39","slug":"gruener-veltliner-weinviertel-dac-grosse-reserve","status":"publish","type":"product","link":"https:\/\/www.weingut-hirtl.at\/en\/product\/gruener-veltliner-weinviertel-dac-grosse-reserve\/","title":{"rendered":"Gr\u00fcner Veltliner Weinviertel DAC Gro\u00dfe Reserve 2021"},"content":{"rendered":"","protected":false},"excerpt":{"rendered":"<p>A powerful Gr\u00fcner Veltliner Grande Reserve with impressive depth. The nose reveals white pepper, honeydew melon, and delicate notes of honeycomb, accompanied by subtle hints of vanilla and tobacco. Creamy, dense, and full-bodied on the palate, with perfectly integrated, fine acidity. An elegant, multi-layered wine with great aging potential and a long, persistent finish.<\/p>\n<p><strong>most drinking pleasure: <\/strong>2-8 years<strong><br \/>\nsize:<\/strong>\u00a00,75 l<\/p>\n<p><strong>13,5 vol. % | dry<\/strong><\/p>\n","protected":false},"featured_media":9310,"comment_status":"open","ping_status":"closed","template":"","meta":{"_acf_changed":false},"product_brand":[],"product_cat":[243,238],"product_tag":[263,269,244,270,248,264,271,268],"class_list":{"0":"post-6499","1":"product","2":"type-product","3":"status-publish","4":"has-post-thumbnail","6":"product_cat-single-bottle","7":"product_cat-white-wine-reserve","8":"product_tag-apfel-en","9":"product_tag-birne-en","10":"product_tag-dry","11":"product_tag-kernobst-en","12":"product_tag-kraeftig-en","13":"product_tag-pfeffer-en","14":"product_tag-piment-en","15":"product_tag-wuerze-en","17":"first","18":"instock","19":"taxable","20":"shipping-taxable","21":"purchasable","22":"product-type-simple"},"acf":[],"yoast_head":"<!-- This site is optimized with the Yoast SEO plugin v27.3 - https:\/\/yoast.com\/product\/yoast-seo-wordpress\/ -->\n<title>Gr\u00fcner Veltliner Weinviertel DAC Gro\u00dfe Reserve 2021 | Weingut Hirtl<\/title>\n<meta name=\"robots\" content=\"index, follow, max-snippet:-1, max-image-preview:large, max-video-preview:-1\" \/>\n<link rel=\"canonical\" href=\"https:\/\/www.weingut-hirtl.at\/en\/product\/gruener-veltliner-weinviertel-dac-grosse-reserve\/\" \/>\n<meta property=\"og:locale\" content=\"en_US\" \/>\n<meta property=\"og:type\" content=\"article\" \/>\n<meta property=\"og:title\" content=\"Gr\u00fcner Veltliner Weinviertel DAC Gro\u00dfe Reserve 2021 | Weingut Hirtl\" \/>\n<meta property=\"og:description\" content=\"A powerful Gr\u00fcner Veltliner Grande Reserve with impressive depth. The nose reveals white pepper, honeydew melon, and delicate notes of honeycomb, accompanied by subtle hints of vanilla and tobacco. Creamy, dense, and full-bodied on the palate, with perfectly integrated, fine acidity. An elegant, multi-layered wine with great aging potential and a long, persistent finish.  most drinking pleasure: 2-8 years size:\u00a00,75 l  13,5 vol. % | dry\" \/>\n<meta property=\"og:url\" content=\"https:\/\/www.weingut-hirtl.at\/en\/product\/gruener-veltliner-weinviertel-dac-grosse-reserve\/\" \/>\n<meta property=\"og:site_name\" content=\"Weingut Hirtl\" \/>\n<meta property=\"article:publisher\" content=\"https:\/\/www.facebook.com\/Wein.Hirtl\" \/>\n<meta property=\"article:modified_time\" content=\"2026-04-07T15:45:39+00:00\" \/>\n<meta property=\"og:image\" content=\"https:\/\/www.weingut-hirtl.at\/www\/wp-content\/uploads\/2023\/09\/Weinviertel-DAC-Grosse-Reserve-Auszeichnung-Weingut-Hirtl.png\" \/>\n\t<meta property=\"og:image:width\" content=\"600\" \/>\n\t<meta property=\"og:image:height\" content=\"600\" \/>\n\t<meta property=\"og:image:type\" content=\"image\/png\" \/>\n<meta name=\"twitter:card\" content=\"summary_large_image\" \/>\n<meta name=\"twitter:label1\" content=\"Est. reading time\" \/>\n\t<meta name=\"twitter:data1\" content=\"1 minute\" \/>\n<script type=\"application\/ld+json\" class=\"yoast-schema-graph\">{\"@context\":\"https:\\\/\\\/schema.org\",\"@graph\":[{\"@type\":\"WebPage\",\"@id\":\"https:\\\/\\\/www.weingut-hirtl.at\\\/en\\\/product\\\/gruener-veltliner-weinviertel-dac-grosse-reserve\\\/\",\"url\":\"https:\\\/\\\/www.weingut-hirtl.at\\\/en\\\/product\\\/gruener-veltliner-weinviertel-dac-grosse-reserve\\\/\",\"name\":\"Gr\u00fcner Veltliner Weinviertel DAC Gro\u00dfe Reserve 2021 | Weingut Hirtl\",\"isPartOf\":{\"@id\":\"https:\\\/\\\/www.weingut-hirtl.at\\\/en\\\/#website\"},\"primaryImageOfPage\":{\"@id\":\"https:\\\/\\\/www.weingut-hirtl.at\\\/en\\\/product\\\/gruener-veltliner-weinviertel-dac-grosse-reserve\\\/#primaryimage\"},\"image\":{\"@id\":\"https:\\\/\\\/www.weingut-hirtl.at\\\/en\\\/product\\\/gruener-veltliner-weinviertel-dac-grosse-reserve\\\/#primaryimage\"},\"thumbnailUrl\":\"https:\\\/\\\/www.weingut-hirtl.at\\\/www\\\/wp-content\\\/uploads\\\/2023\\\/09\\\/Weinviertel-DAC-Grosse-Reserve-Auszeichnung-Weingut-Hirtl.png\",\"datePublished\":\"2023-09-20T15:47:40+00:00\",\"dateModified\":\"2026-04-07T15:45:39+00:00\",\"breadcrumb\":{\"@id\":\"https:\\\/\\\/www.weingut-hirtl.at\\\/en\\\/product\\\/gruener-veltliner-weinviertel-dac-grosse-reserve\\\/#breadcrumb\"},\"inLanguage\":\"en-US\",\"potentialAction\":[{\"@type\":\"ReadAction\",\"target\":[\"https:\\\/\\\/www.weingut-hirtl.at\\\/en\\\/product\\\/gruener-veltliner-weinviertel-dac-grosse-reserve\\\/\"]}]},{\"@type\":\"ImageObject\",\"inLanguage\":\"en-US\",\"@id\":\"https:\\\/\\\/www.weingut-hirtl.at\\\/en\\\/product\\\/gruener-veltliner-weinviertel-dac-grosse-reserve\\\/#primaryimage\",\"url\":\"https:\\\/\\\/www.weingut-hirtl.at\\\/www\\\/wp-content\\\/uploads\\\/2023\\\/09\\\/Weinviertel-DAC-Grosse-Reserve-Auszeichnung-Weingut-Hirtl.png\",\"contentUrl\":\"https:\\\/\\\/www.weingut-hirtl.at\\\/www\\\/wp-content\\\/uploads\\\/2023\\\/09\\\/Weinviertel-DAC-Grosse-Reserve-Auszeichnung-Weingut-Hirtl.png\",\"width\":600,\"height\":600,\"caption\":\"Gro\u00dfe Reserve mit Tiefe, W\u00fcrze und cremiger Eleganz\"},{\"@type\":\"BreadcrumbList\",\"@id\":\"https:\\\/\\\/www.weingut-hirtl.at\\\/en\\\/product\\\/gruener-veltliner-weinviertel-dac-grosse-reserve\\\/#breadcrumb\",\"itemListElement\":[{\"@type\":\"ListItem\",\"position\":1,\"name\":\"Startseite\",\"item\":\"https:\\\/\\\/www.weingut-hirtl.at\\\/en\\\/\"},{\"@type\":\"ListItem\",\"position\":2,\"name\":\"Shop\",\"item\":\"https:\\\/\\\/www.weingut-hirtl.at\\\/shop\\\/\"},{\"@type\":\"ListItem\",\"position\":3,\"name\":\"Gr\u00fcner Veltliner Weinviertel DAC Gro\u00dfe Reserve 2021\"}]},{\"@type\":\"WebSite\",\"@id\":\"https:\\\/\\\/www.weingut-hirtl.at\\\/en\\\/#website\",\"url\":\"https:\\\/\\\/www.weingut-hirtl.at\\\/en\\\/\",\"name\":\"Weingut Hirtl\",\"description\":\"\",\"publisher\":{\"@id\":\"https:\\\/\\\/www.weingut-hirtl.at\\\/en\\\/#organization\"},\"potentialAction\":[{\"@type\":\"SearchAction\",\"target\":{\"@type\":\"EntryPoint\",\"urlTemplate\":\"https:\\\/\\\/www.weingut-hirtl.at\\\/en\\\/?s={search_term_string}\"},\"query-input\":{\"@type\":\"PropertyValueSpecification\",\"valueRequired\":true,\"valueName\":\"search_term_string\"}}],\"inLanguage\":\"en-US\"},{\"@type\":\"Organization\",\"@id\":\"https:\\\/\\\/www.weingut-hirtl.at\\\/en\\\/#organization\",\"name\":\"Weingut Hirtl\",\"url\":\"https:\\\/\\\/www.weingut-hirtl.at\\\/en\\\/\",\"logo\":{\"@type\":\"ImageObject\",\"inLanguage\":\"en-US\",\"@id\":\"https:\\\/\\\/www.weingut-hirtl.at\\\/en\\\/#\\\/schema\\\/logo\\\/image\\\/\",\"url\":\"https:\\\/\\\/www.weingut-hirtl.at\\\/www\\\/wp-content\\\/uploads\\\/2024\\\/04\\\/Hirtl_Logo-1024x819-1.jpg\",\"contentUrl\":\"https:\\\/\\\/www.weingut-hirtl.at\\\/www\\\/wp-content\\\/uploads\\\/2024\\\/04\\\/Hirtl_Logo-1024x819-1.jpg\",\"width\":1024,\"height\":819,\"caption\":\"Weingut Hirtl\"},\"image\":{\"@id\":\"https:\\\/\\\/www.weingut-hirtl.at\\\/en\\\/#\\\/schema\\\/logo\\\/image\\\/\"},\"sameAs\":[\"https:\\\/\\\/www.facebook.com\\\/Wein.Hirtl\",\"https:\\\/\\\/www.instagram.com\\\/weingut_hirtl\\\/\"]}]}<\/script>\n<!-- \/ Yoast SEO plugin. -->","yoast_head_json":{"title":"Gr\u00fcner Veltliner Weinviertel DAC Gro\u00dfe Reserve 2021 | Weingut Hirtl","robots":{"index":"index","follow":"follow","max-snippet":"max-snippet:-1","max-image-preview":"max-image-preview:large","max-video-preview":"max-video-preview:-1"},"canonical":"https:\/\/www.weingut-hirtl.at\/en\/product\/gruener-veltliner-weinviertel-dac-grosse-reserve\/","og_locale":"en_US","og_type":"article","og_title":"Gr\u00fcner Veltliner Weinviertel DAC Gro\u00dfe Reserve 2021 | Weingut Hirtl","og_description":"A powerful Gr\u00fcner Veltliner Grande Reserve with impressive depth. The nose reveals white pepper, honeydew melon, and delicate notes of honeycomb, accompanied by subtle hints of vanilla and tobacco. Creamy, dense, and full-bodied on the palate, with perfectly integrated, fine acidity. An elegant, multi-layered wine with great aging potential and a long, persistent finish.  most drinking pleasure: 2-8 years size:\u00a00,75 l  13,5 vol. % | dry","og_url":"https:\/\/www.weingut-hirtl.at\/en\/product\/gruener-veltliner-weinviertel-dac-grosse-reserve\/","og_site_name":"Weingut Hirtl","article_publisher":"https:\/\/www.facebook.com\/Wein.Hirtl","article_modified_time":"2026-04-07T15:45:39+00:00","og_image":[{"width":600,"height":600,"url":"https:\/\/www.weingut-hirtl.at\/www\/wp-content\/uploads\/2023\/09\/Weinviertel-DAC-Grosse-Reserve-Auszeichnung-Weingut-Hirtl.png","type":"image\/png"}],"twitter_card":"summary_large_image","twitter_misc":{"Est. reading time":"1 minute"},"schema":{"@context":"https:\/\/schema.org","@graph":[{"@type":"WebPage","@id":"https:\/\/www.weingut-hirtl.at\/en\/product\/gruener-veltliner-weinviertel-dac-grosse-reserve\/","url":"https:\/\/www.weingut-hirtl.at\/en\/product\/gruener-veltliner-weinviertel-dac-grosse-reserve\/","name":"Gr\u00fcner Veltliner Weinviertel DAC Gro\u00dfe Reserve 2021 | Weingut Hirtl","isPartOf":{"@id":"https:\/\/www.weingut-hirtl.at\/en\/#website"},"primaryImageOfPage":{"@id":"https:\/\/www.weingut-hirtl.at\/en\/product\/gruener-veltliner-weinviertel-dac-grosse-reserve\/#primaryimage"},"image":{"@id":"https:\/\/www.weingut-hirtl.at\/en\/product\/gruener-veltliner-weinviertel-dac-grosse-reserve\/#primaryimage"},"thumbnailUrl":"https:\/\/www.weingut-hirtl.at\/www\/wp-content\/uploads\/2023\/09\/Weinviertel-DAC-Grosse-Reserve-Auszeichnung-Weingut-Hirtl.png","datePublished":"2023-09-20T15:47:40+00:00","dateModified":"2026-04-07T15:45:39+00:00","breadcrumb":{"@id":"https:\/\/www.weingut-hirtl.at\/en\/product\/gruener-veltliner-weinviertel-dac-grosse-reserve\/#breadcrumb"},"inLanguage":"en-US","potentialAction":[{"@type":"ReadAction","target":["https:\/\/www.weingut-hirtl.at\/en\/product\/gruener-veltliner-weinviertel-dac-grosse-reserve\/"]}]},{"@type":"ImageObject","inLanguage":"en-US","@id":"https:\/\/www.weingut-hirtl.at\/en\/product\/gruener-veltliner-weinviertel-dac-grosse-reserve\/#primaryimage","url":"https:\/\/www.weingut-hirtl.at\/www\/wp-content\/uploads\/2023\/09\/Weinviertel-DAC-Grosse-Reserve-Auszeichnung-Weingut-Hirtl.png","contentUrl":"https:\/\/www.weingut-hirtl.at\/www\/wp-content\/uploads\/2023\/09\/Weinviertel-DAC-Grosse-Reserve-Auszeichnung-Weingut-Hirtl.png","width":600,"height":600,"caption":"Gro\u00dfe Reserve mit Tiefe, W\u00fcrze und cremiger Eleganz"},{"@type":"BreadcrumbList","@id":"https:\/\/www.weingut-hirtl.at\/en\/product\/gruener-veltliner-weinviertel-dac-grosse-reserve\/#breadcrumb","itemListElement":[{"@type":"ListItem","position":1,"name":"Startseite","item":"https:\/\/www.weingut-hirtl.at\/en\/"},{"@type":"ListItem","position":2,"name":"Shop","item":"https:\/\/www.weingut-hirtl.at\/shop\/"},{"@type":"ListItem","position":3,"name":"Gr\u00fcner Veltliner Weinviertel DAC Gro\u00dfe Reserve 2021"}]},{"@type":"WebSite","@id":"https:\/\/www.weingut-hirtl.at\/en\/#website","url":"https:\/\/www.weingut-hirtl.at\/en\/","name":"Weingut Hirtl","description":"","publisher":{"@id":"https:\/\/www.weingut-hirtl.at\/en\/#organization"},"potentialAction":[{"@type":"SearchAction","target":{"@type":"EntryPoint","urlTemplate":"https:\/\/www.weingut-hirtl.at\/en\/?s={search_term_string}"},"query-input":{"@type":"PropertyValueSpecification","valueRequired":true,"valueName":"search_term_string"}}],"inLanguage":"en-US"},{"@type":"Organization","@id":"https:\/\/www.weingut-hirtl.at\/en\/#organization","name":"Weingut Hirtl","url":"https:\/\/www.weingut-hirtl.at\/en\/","logo":{"@type":"ImageObject","inLanguage":"en-US","@id":"https:\/\/www.weingut-hirtl.at\/en\/#\/schema\/logo\/image\/","url":"https:\/\/www.weingut-hirtl.at\/www\/wp-content\/uploads\/2024\/04\/Hirtl_Logo-1024x819-1.jpg","contentUrl":"https:\/\/www.weingut-hirtl.at\/www\/wp-content\/uploads\/2024\/04\/Hirtl_Logo-1024x819-1.jpg","width":1024,"height":819,"caption":"Weingut Hirtl"},"image":{"@id":"https:\/\/www.weingut-hirtl.at\/en\/#\/schema\/logo\/image\/"},"sameAs":["https:\/\/www.facebook.com\/Wein.Hirtl","https:\/\/www.instagram.com\/weingut_hirtl\/"]}]}},"_links":{"self":[{"href":"https:\/\/www.weingut-hirtl.at\/en\/wp-json\/wp\/v2\/product\/6499","targetHints":{"allow":["GET"]}}],"collection":[{"href":"https:\/\/www.weingut-hirtl.at\/en\/wp-json\/wp\/v2\/product"}],"about":[{"href":"https:\/\/www.weingut-hirtl.at\/en\/wp-json\/wp\/v2\/types\/product"}],"replies":[{"embeddable":true,"href":"https:\/\/www.weingut-hirtl.at\/en\/wp-json\/wp\/v2\/comments?post=6499"}],"wp:featuredmedia":[{"embeddable":true,"href":"https:\/\/www.weingut-hirtl.at\/en\/wp-json\/wp\/v2\/media\/9310"}],"wp:attachment":[{"href":"https:\/\/www.weingut-hirtl.at\/en\/wp-json\/wp\/v2\/media?parent=6499"}],"wp:term":[{"taxonomy":"product_brand","embeddable":true,"href":"https:\/\/www.weingut-hirtl.at\/en\/wp-json\/wp\/v2\/product_brand?post=6499"},{"taxonomy":"product_cat","embeddable":true,"href":"https:\/\/www.weingut-hirtl.at\/en\/wp-json\/wp\/v2\/product_cat?post=6499"},{"taxonomy":"product_tag","embeddable":true,"href":"https:\/\/www.weingut-hirtl.at\/en\/wp-json\/wp\/v2\/product_tag?post=6499"}],"curies":[{"name":"wp","href":"https:\/\/api.w.org\/{rel}","templated":true}]}}