{"id":9740,"date":"2026-05-13T18:42:24","date_gmt":"2026-05-13T16:42:24","guid":{"rendered":"https:\/\/www.weingut-hirtl.at\/?post_type=product&#038;p=9740"},"modified":"2026-05-13T19:44:00","modified_gmt":"2026-05-13T17:44:00","slug":"jarni-balicek-12-lahvi-kopie-2","status":"publish","type":"product","link":"https:\/\/www.weingut-hirtl.at\/cs\/produkt\/jarni-balicek-12-lahvi-kopie-2\/","title":{"rendered":"Tekut\u00e9 zlato \u2013 12 lahv\u00ed"},"content":{"rendered":"","protected":false},"excerpt":{"rendered":"<p data-start=\"868\" data-end=\"1170\">N\u00e1\u0161 bal\u00ed\u010dek \u201eTekut\u00e9 zlato\u201c spojuje 12 ocen\u011bn\u00fdch v\u00edn pln\u00fdch charakteru, elegance a v\u00fdjime\u010dn\u00fdch chu\u0165ov\u00fdch z\u00e1\u017eitk\u016f. Od jemn\u011b perliv\u00fdch specialit Frizzante p\u0159es sv\u011b\u017e\u00ed ovocn\u00e1 b\u00edl\u00e1 v\u00edna a\u017e po v\u00fdrazn\u00e1 \u010derven\u00e1 v\u00edna a exkluzivn\u00ed rezervy \u2013 tento bal\u00ed\u010dek nab\u00edz\u00ed rozmanitost na\u0161eho sortimentu ve speci\u00e1ln\u00edm v\u00fdb\u011bru.<\/p>\n<p data-start=\"1172\" data-end=\"1302\">12 ocen\u011bn\u00fdch v\u00edn \u2013 12\u00d7 \u010dist\u00fd po\u017eitek. Objednejte si bal\u00ed\u010dek \u201eTekut\u00e9 zlato\u201c je\u0161t\u011b dnes a objevte ocen\u011bnou kvalitu v ka\u017ed\u00e9 sklenici.<\/p>\n<p data-start=\"1304\" data-end=\"1346\">V bal\u00ed\u010dku je v\u017edy 1 l\u00e1hev o objemu 750 ml:<\/p>\n<ul>\n<li><a href=\"https:\/\/www.weingut-hirtl.at\/produkt\/frizzante-rose-2020\/\">Frizzante Ros\u00e9<\/a><\/li>\n<li><a href=\"https:\/\/www.weingut-hirtl.at\/cs\/produkt\/frizzante-gelber-muskateller\/\">Gelber Muskateller Frizzante<\/a><\/li>\n<li><a href=\"https:\/\/www.weingut-hirtl.at\/cs\/produkt\/gruener-veltliner-classic-2025\/\">Gr\u00fcner Veltliner Classic\u00a0<\/a><\/li>\n<li><a href=\"https:\/\/www.weingut-hirtl.at\/cs\/produkt\/gruener-veltliner-weinviertel-dac-franz\/\">Weinviertel DAC Franz<\/a><\/li>\n<li><a href=\"https:\/\/www.weingut-hirtl.at\/cs\/produkt\/gruener-veltliner-weinviertel-dac-ried-kirchberg\/\">Weinviertel DAC Kirchberg<\/a><\/li>\n<li><a href=\"https:\/\/www.weingut-hirtl.at\/cs\/produkt\/gruener-veltliner-weinviertel-dac-ried-waldberg\/\">Weinviertel DAC Waldberg\u00a0<\/a><\/li>\n<li><a href=\"https:\/\/www.weingut-hirtl.at\/cs\/produkt\/riesling-exklusiv\/\">Riesling Exklusiv\u00a0<\/a><\/li>\n<li><a href=\"https:\/\/www.weingut-hirtl.at\/cs\/produkt\/gelber-muskateller\/\">Gelber Muskateller\u00a0<\/a><\/li>\n<li><a href=\"https:\/\/www.weingut-hirtl.at\/cs\/produkt\/rose\/\">Ros\u00e9<\/a><\/li>\n<li><a href=\"https:\/\/www.weingut-hirtl.at\/cs\/produkt\/weissburgunder-exklusiv\/\">Wei\u00dfburgunder Exklusiv<\/a><\/li>\n<li><a href=\"https:\/\/www.weingut-hirtl.at\/cs\/produkt\/chardonnay-reserve-2022-kopie-2\/\">Chardonnay Reserve\u00a0<\/a><\/li>\n<li><a href=\"https:\/\/www.weingut-hirtl.at\/cs\/produkt\/zweigelt-exklusiv\/\">Zweigelt Exklusiv<\/a><\/li>\n<\/ul>\n<p>Doprava po Rakousku zdarma!<\/p>\n","protected":false},"featured_media":9742,"comment_status":"open","ping_status":"closed","template":"","meta":{"_acf_changed":false},"product_brand":[],"product_cat":[344,347],"product_tag":[371,374,363,372,375,373,376,377,378,379],"class_list":{"0":"post-9740","1":"product","2":"type-product","3":"status-publish","4":"has-post-thumbnail","6":"product_cat-akce","7":"product_cat-balicky","8":"product_tag-apfel-cs","9":"product_tag-gelbfruchtig-cs","10":"product_tag-gruener-veltliner-cs","11":"product_tag-kernobst-cs","12":"product_tag-komplex-cs","13":"product_tag-pfeffer-cs","14":"product_tag-reif-cs","15":"product_tag-reife-weine-cs","16":"product_tag-reserve-cs","17":"product_tag-wuerze-cs","19":"first","20":"instock","21":"sale","22":"taxable","23":"shipping-taxable","24":"purchasable","25":"product-type-simple"},"acf":[],"yoast_head":"<!-- This site is optimized with the Yoast SEO plugin v27.5 - https:\/\/yoast.com\/product\/yoast-seo-wordpress\/ -->\n<title>Tekut\u00e9 zlato \u2013 12 lahv\u00ed | Weingut Hirtl<\/title>\n<meta name=\"robots\" content=\"index, follow, max-snippet:-1, max-image-preview:large, max-video-preview:-1\" \/>\n<link rel=\"canonical\" href=\"https:\/\/www.weingut-hirtl.at\/cs\/produkt\/jarni-balicek-12-lahvi-kopie-2\/\" \/>\n<meta property=\"og:locale\" content=\"cs_CZ\" \/>\n<meta property=\"og:type\" content=\"article\" \/>\n<meta property=\"og:title\" content=\"Tekut\u00e9 zlato \u2013 12 lahv\u00ed | Weingut Hirtl\" \/>\n<meta property=\"og:description\" content=\"N\u00e1\u0161 bal\u00ed\u010dek \u201eTekut\u00e9 zlato\u201c spojuje 12 ocen\u011bn\u00fdch v\u00edn pln\u00fdch charakteru, elegance a v\u00fdjime\u010dn\u00fdch chu\u0165ov\u00fdch z\u00e1\u017eitk\u016f. Od jemn\u011b perliv\u00fdch specialit Frizzante p\u0159es sv\u011b\u017e\u00ed ovocn\u00e1 b\u00edl\u00e1 v\u00edna a\u017e po v\u00fdrazn\u00e1 \u010derven\u00e1 v\u00edna a exkluzivn\u00ed rezervy \u2013 tento bal\u00ed\u010dek nab\u00edz\u00ed rozmanitost na\u0161eho sortimentu ve speci\u00e1ln\u00edm v\u00fdb\u011bru. 12 ocen\u011bn\u00fdch v\u00edn \u2013 12\u00d7 \u010dist\u00fd po\u017eitek. Objednejte si bal\u00ed\u010dek \u201eTekut\u00e9 zlato\u201c je\u0161t\u011b dnes a objevte ocen\u011bnou kvalitu v ka\u017ed\u00e9 sklenici. V bal\u00ed\u010dku je v\u017edy 1 l\u00e1hev o objemu 750 ml:    Frizzante Ros\u00e9  Gelber Muskateller Frizzante  Gr\u00fcner Veltliner Classic\u00a0  Weinviertel DAC Franz  Weinviertel DAC Kirchberg  Weinviertel DAC Waldberg\u00a0  Riesling Exklusiv\u00a0  Gelber Muskateller\u00a0  Ros\u00e9  Wei\u00dfburgunder Exklusiv  Chardonnay Reserve\u00a0  Zweigelt Exklusiv  Doprava po Rakousku zdarma!\" \/>\n<meta property=\"og:url\" content=\"https:\/\/www.weingut-hirtl.at\/cs\/produkt\/jarni-balicek-12-lahvi-kopie-2\/\" \/>\n<meta property=\"og:site_name\" content=\"Weingut Hirtl\" \/>\n<meta property=\"article:publisher\" content=\"https:\/\/www.facebook.com\/Wein.Hirtl\" \/>\n<meta property=\"article:modified_time\" content=\"2026-05-13T17:44:00+00:00\" \/>\n<meta property=\"og:image\" content=\"https:\/\/www.weingut-hirtl.at\/www\/wp-content\/uploads\/2026\/05\/Gold_Paket-scaled.jpeg\" \/>\n\t<meta property=\"og:image:width\" content=\"1920\" \/>\n\t<meta property=\"og:image:height\" content=\"2560\" \/>\n\t<meta property=\"og:image:type\" content=\"image\/jpeg\" \/>\n<meta name=\"twitter:card\" content=\"summary_large_image\" \/>\n<script type=\"application\/ld+json\" class=\"yoast-schema-graph\">{\"@context\":\"https:\\\/\\\/schema.org\",\"@graph\":[{\"@type\":\"WebPage\",\"@id\":\"https:\\\/\\\/www.weingut-hirtl.at\\\/cs\\\/produkt\\\/jarni-balicek-12-lahvi-kopie-2\\\/\",\"url\":\"https:\\\/\\\/www.weingut-hirtl.at\\\/cs\\\/produkt\\\/jarni-balicek-12-lahvi-kopie-2\\\/\",\"name\":\"Tekut\u00e9 zlato \u2013 12 lahv\u00ed | Weingut Hirtl\",\"isPartOf\":{\"@id\":\"https:\\\/\\\/www.weingut-hirtl.at\\\/cs\\\/#website\"},\"primaryImageOfPage\":{\"@id\":\"https:\\\/\\\/www.weingut-hirtl.at\\\/cs\\\/produkt\\\/jarni-balicek-12-lahvi-kopie-2\\\/#primaryimage\"},\"image\":{\"@id\":\"https:\\\/\\\/www.weingut-hirtl.at\\\/cs\\\/produkt\\\/jarni-balicek-12-lahvi-kopie-2\\\/#primaryimage\"},\"thumbnailUrl\":\"https:\\\/\\\/www.weingut-hirtl.at\\\/www\\\/wp-content\\\/uploads\\\/2026\\\/05\\\/Gold_Paket-scaled.jpeg\",\"datePublished\":\"2026-05-13T16:42:24+00:00\",\"dateModified\":\"2026-05-13T17:44:00+00:00\",\"breadcrumb\":{\"@id\":\"https:\\\/\\\/www.weingut-hirtl.at\\\/cs\\\/produkt\\\/jarni-balicek-12-lahvi-kopie-2\\\/#breadcrumb\"},\"inLanguage\":\"cs\",\"potentialAction\":[{\"@type\":\"ReadAction\",\"target\":[\"https:\\\/\\\/www.weingut-hirtl.at\\\/cs\\\/produkt\\\/jarni-balicek-12-lahvi-kopie-2\\\/\"]}]},{\"@type\":\"ImageObject\",\"inLanguage\":\"cs\",\"@id\":\"https:\\\/\\\/www.weingut-hirtl.at\\\/cs\\\/produkt\\\/jarni-balicek-12-lahvi-kopie-2\\\/#primaryimage\",\"url\":\"https:\\\/\\\/www.weingut-hirtl.at\\\/www\\\/wp-content\\\/uploads\\\/2026\\\/05\\\/Gold_Paket-scaled.jpeg\",\"contentUrl\":\"https:\\\/\\\/www.weingut-hirtl.at\\\/www\\\/wp-content\\\/uploads\\\/2026\\\/05\\\/Gold_Paket-scaled.jpeg\",\"width\":1920,\"height\":2560},{\"@type\":\"BreadcrumbList\",\"@id\":\"https:\\\/\\\/www.weingut-hirtl.at\\\/cs\\\/produkt\\\/jarni-balicek-12-lahvi-kopie-2\\\/#breadcrumb\",\"itemListElement\":[{\"@type\":\"ListItem\",\"position\":1,\"name\":\"Startseite\",\"item\":\"https:\\\/\\\/www.weingut-hirtl.at\\\/cs\\\/\"},{\"@type\":\"ListItem\",\"position\":2,\"name\":\"Shop\",\"item\":\"https:\\\/\\\/www.weingut-hirtl.at\\\/shop\\\/\"},{\"@type\":\"ListItem\",\"position\":3,\"name\":\"Tekut\u00e9 zlato \u2013 12 lahv\u00ed\"}]},{\"@type\":\"WebSite\",\"@id\":\"https:\\\/\\\/www.weingut-hirtl.at\\\/cs\\\/#website\",\"url\":\"https:\\\/\\\/www.weingut-hirtl.at\\\/cs\\\/\",\"name\":\"Weingut Hirtl\",\"description\":\"\",\"publisher\":{\"@id\":\"https:\\\/\\\/www.weingut-hirtl.at\\\/cs\\\/#organization\"},\"potentialAction\":[{\"@type\":\"SearchAction\",\"target\":{\"@type\":\"EntryPoint\",\"urlTemplate\":\"https:\\\/\\\/www.weingut-hirtl.at\\\/cs\\\/?s={search_term_string}\"},\"query-input\":{\"@type\":\"PropertyValueSpecification\",\"valueRequired\":true,\"valueName\":\"search_term_string\"}}],\"inLanguage\":\"cs\"},{\"@type\":\"Organization\",\"@id\":\"https:\\\/\\\/www.weingut-hirtl.at\\\/cs\\\/#organization\",\"name\":\"Weingut Hirtl\",\"url\":\"https:\\\/\\\/www.weingut-hirtl.at\\\/cs\\\/\",\"logo\":{\"@type\":\"ImageObject\",\"inLanguage\":\"cs\",\"@id\":\"https:\\\/\\\/www.weingut-hirtl.at\\\/cs\\\/#\\\/schema\\\/logo\\\/image\\\/\",\"url\":\"https:\\\/\\\/www.weingut-hirtl.at\\\/www\\\/wp-content\\\/uploads\\\/2024\\\/04\\\/Hirtl_Logo-1024x819-1.jpg\",\"contentUrl\":\"https:\\\/\\\/www.weingut-hirtl.at\\\/www\\\/wp-content\\\/uploads\\\/2024\\\/04\\\/Hirtl_Logo-1024x819-1.jpg\",\"width\":1024,\"height\":819,\"caption\":\"Weingut Hirtl\"},\"image\":{\"@id\":\"https:\\\/\\\/www.weingut-hirtl.at\\\/cs\\\/#\\\/schema\\\/logo\\\/image\\\/\"},\"sameAs\":[\"https:\\\/\\\/www.facebook.com\\\/Wein.Hirtl\",\"https:\\\/\\\/www.instagram.com\\\/weingut_hirtl\\\/\"]}]}<\/script>\n<!-- \/ Yoast SEO plugin. -->","yoast_head_json":{"title":"Tekut\u00e9 zlato \u2013 12 lahv\u00ed | Weingut Hirtl","robots":{"index":"index","follow":"follow","max-snippet":"max-snippet:-1","max-image-preview":"max-image-preview:large","max-video-preview":"max-video-preview:-1"},"canonical":"https:\/\/www.weingut-hirtl.at\/cs\/produkt\/jarni-balicek-12-lahvi-kopie-2\/","og_locale":"cs_CZ","og_type":"article","og_title":"Tekut\u00e9 zlato \u2013 12 lahv\u00ed | Weingut Hirtl","og_description":"N\u00e1\u0161 bal\u00ed\u010dek \u201eTekut\u00e9 zlato\u201c spojuje 12 ocen\u011bn\u00fdch v\u00edn pln\u00fdch charakteru, elegance a v\u00fdjime\u010dn\u00fdch chu\u0165ov\u00fdch z\u00e1\u017eitk\u016f. Od jemn\u011b perliv\u00fdch specialit Frizzante p\u0159es sv\u011b\u017e\u00ed ovocn\u00e1 b\u00edl\u00e1 v\u00edna a\u017e po v\u00fdrazn\u00e1 \u010derven\u00e1 v\u00edna a exkluzivn\u00ed rezervy \u2013 tento bal\u00ed\u010dek nab\u00edz\u00ed rozmanitost na\u0161eho sortimentu ve speci\u00e1ln\u00edm v\u00fdb\u011bru. 12 ocen\u011bn\u00fdch v\u00edn \u2013 12\u00d7 \u010dist\u00fd po\u017eitek. Objednejte si bal\u00ed\u010dek \u201eTekut\u00e9 zlato\u201c je\u0161t\u011b dnes a objevte ocen\u011bnou kvalitu v ka\u017ed\u00e9 sklenici. V bal\u00ed\u010dku je v\u017edy 1 l\u00e1hev o objemu 750 ml:    Frizzante Ros\u00e9  Gelber Muskateller Frizzante  Gr\u00fcner Veltliner Classic\u00a0  Weinviertel DAC Franz  Weinviertel DAC Kirchberg  Weinviertel DAC Waldberg\u00a0  Riesling Exklusiv\u00a0  Gelber Muskateller\u00a0  Ros\u00e9  Wei\u00dfburgunder Exklusiv  Chardonnay Reserve\u00a0  Zweigelt Exklusiv  Doprava po Rakousku zdarma!","og_url":"https:\/\/www.weingut-hirtl.at\/cs\/produkt\/jarni-balicek-12-lahvi-kopie-2\/","og_site_name":"Weingut Hirtl","article_publisher":"https:\/\/www.facebook.com\/Wein.Hirtl","article_modified_time":"2026-05-13T17:44:00+00:00","og_image":[{"width":1920,"height":2560,"url":"https:\/\/www.weingut-hirtl.at\/www\/wp-content\/uploads\/2026\/05\/Gold_Paket-scaled.jpeg","type":"image\/jpeg"}],"twitter_card":"summary_large_image","schema":{"@context":"https:\/\/schema.org","@graph":[{"@type":"WebPage","@id":"https:\/\/www.weingut-hirtl.at\/cs\/produkt\/jarni-balicek-12-lahvi-kopie-2\/","url":"https:\/\/www.weingut-hirtl.at\/cs\/produkt\/jarni-balicek-12-lahvi-kopie-2\/","name":"Tekut\u00e9 zlato \u2013 12 lahv\u00ed | Weingut Hirtl","isPartOf":{"@id":"https:\/\/www.weingut-hirtl.at\/cs\/#website"},"primaryImageOfPage":{"@id":"https:\/\/www.weingut-hirtl.at\/cs\/produkt\/jarni-balicek-12-lahvi-kopie-2\/#primaryimage"},"image":{"@id":"https:\/\/www.weingut-hirtl.at\/cs\/produkt\/jarni-balicek-12-lahvi-kopie-2\/#primaryimage"},"thumbnailUrl":"https:\/\/www.weingut-hirtl.at\/www\/wp-content\/uploads\/2026\/05\/Gold_Paket-scaled.jpeg","datePublished":"2026-05-13T16:42:24+00:00","dateModified":"2026-05-13T17:44:00+00:00","breadcrumb":{"@id":"https:\/\/www.weingut-hirtl.at\/cs\/produkt\/jarni-balicek-12-lahvi-kopie-2\/#breadcrumb"},"inLanguage":"cs","potentialAction":[{"@type":"ReadAction","target":["https:\/\/www.weingut-hirtl.at\/cs\/produkt\/jarni-balicek-12-lahvi-kopie-2\/"]}]},{"@type":"ImageObject","inLanguage":"cs","@id":"https:\/\/www.weingut-hirtl.at\/cs\/produkt\/jarni-balicek-12-lahvi-kopie-2\/#primaryimage","url":"https:\/\/www.weingut-hirtl.at\/www\/wp-content\/uploads\/2026\/05\/Gold_Paket-scaled.jpeg","contentUrl":"https:\/\/www.weingut-hirtl.at\/www\/wp-content\/uploads\/2026\/05\/Gold_Paket-scaled.jpeg","width":1920,"height":2560},{"@type":"BreadcrumbList","@id":"https:\/\/www.weingut-hirtl.at\/cs\/produkt\/jarni-balicek-12-lahvi-kopie-2\/#breadcrumb","itemListElement":[{"@type":"ListItem","position":1,"name":"Startseite","item":"https:\/\/www.weingut-hirtl.at\/cs\/"},{"@type":"ListItem","position":2,"name":"Shop","item":"https:\/\/www.weingut-hirtl.at\/shop\/"},{"@type":"ListItem","position":3,"name":"Tekut\u00e9 zlato \u2013 12 lahv\u00ed"}]},{"@type":"WebSite","@id":"https:\/\/www.weingut-hirtl.at\/cs\/#website","url":"https:\/\/www.weingut-hirtl.at\/cs\/","name":"Weingut Hirtl","description":"","publisher":{"@id":"https:\/\/www.weingut-hirtl.at\/cs\/#organization"},"potentialAction":[{"@type":"SearchAction","target":{"@type":"EntryPoint","urlTemplate":"https:\/\/www.weingut-hirtl.at\/cs\/?s={search_term_string}"},"query-input":{"@type":"PropertyValueSpecification","valueRequired":true,"valueName":"search_term_string"}}],"inLanguage":"cs"},{"@type":"Organization","@id":"https:\/\/www.weingut-hirtl.at\/cs\/#organization","name":"Weingut Hirtl","url":"https:\/\/www.weingut-hirtl.at\/cs\/","logo":{"@type":"ImageObject","inLanguage":"cs","@id":"https:\/\/www.weingut-hirtl.at\/cs\/#\/schema\/logo\/image\/","url":"https:\/\/www.weingut-hirtl.at\/www\/wp-content\/uploads\/2024\/04\/Hirtl_Logo-1024x819-1.jpg","contentUrl":"https:\/\/www.weingut-hirtl.at\/www\/wp-content\/uploads\/2024\/04\/Hirtl_Logo-1024x819-1.jpg","width":1024,"height":819,"caption":"Weingut Hirtl"},"image":{"@id":"https:\/\/www.weingut-hirtl.at\/cs\/#\/schema\/logo\/image\/"},"sameAs":["https:\/\/www.facebook.com\/Wein.Hirtl","https:\/\/www.instagram.com\/weingut_hirtl\/"]}]}},"_links":{"self":[{"href":"https:\/\/www.weingut-hirtl.at\/cs\/wp-json\/wp\/v2\/product\/9740","targetHints":{"allow":["GET"]}}],"collection":[{"href":"https:\/\/www.weingut-hirtl.at\/cs\/wp-json\/wp\/v2\/product"}],"about":[{"href":"https:\/\/www.weingut-hirtl.at\/cs\/wp-json\/wp\/v2\/types\/product"}],"replies":[{"embeddable":true,"href":"https:\/\/www.weingut-hirtl.at\/cs\/wp-json\/wp\/v2\/comments?post=9740"}],"wp:featuredmedia":[{"embeddable":true,"href":"https:\/\/www.weingut-hirtl.at\/cs\/wp-json\/wp\/v2\/media\/9742"}],"wp:attachment":[{"href":"https:\/\/www.weingut-hirtl.at\/cs\/wp-json\/wp\/v2\/media?parent=9740"}],"wp:term":[{"taxonomy":"product_brand","embeddable":true,"href":"https:\/\/www.weingut-hirtl.at\/cs\/wp-json\/wp\/v2\/product_brand?post=9740"},{"taxonomy":"product_cat","embeddable":true,"href":"https:\/\/www.weingut-hirtl.at\/cs\/wp-json\/wp\/v2\/product_cat?post=9740"},{"taxonomy":"product_tag","embeddable":true,"href":"https:\/\/www.weingut-hirtl.at\/cs\/wp-json\/wp\/v2\/product_tag?post=9740"}],"curies":[{"name":"wp","href":"https:\/\/api.w.org\/{rel}","templated":true}]}}