{"id":9094,"date":"2026-03-09T19:56:14","date_gmt":"2026-03-09T18:56:14","guid":{"rendered":"https:\/\/www.weingut-hirtl.at\/?post_type=product&#038;p=9094"},"modified":"2026-03-09T20:19:25","modified_gmt":"2026-03-09T19:19:25","slug":"a-la-carte-balicek-12-lahvi-kopie-2","status":"publish","type":"product","link":"https:\/\/www.weingut-hirtl.at\/cs\/produkt\/a-la-carte-balicek-12-lahvi-kopie-2\/","title":{"rendered":"Jarn\u00ed bal\u00ed\u010dek \u2013 12 lahv\u00ed"},"content":{"rendered":"","protected":false},"excerpt":{"rendered":"<p data-start=\"27\" data-end=\"354\">N\u00e1\u0161 jarn\u00ed bal\u00ed\u010dek p\u0159in\u00e1\u0161\u00ed do sklenky sv\u011b\u017e\u00ed lehkost: sv\u011b\u017e\u00ed, ovocn\u00e1 a obzvl\u00e1\u0161\u0165 lehk\u00e1 v\u00edna, kter\u00e1 se perfektn\u011b hod\u00ed k prvn\u00edmu tepl\u00e9mu obdob\u00ed roku. Bal\u00ed\u010dek obsahuje 6 vybran\u00fdch v\u00edn \u2013 od ka\u017ed\u00e9ho v\u00edna 2 lahve, celkem tedy 12 lahv\u00ed pln\u00fdch jarn\u00ed atmosf\u00e9ry. P\u0159ineste si jaro dom\u016f a u\u017eijte si bezstarostn\u00e9 chv\u00edle s p\u0159\u00e1teli a rodinou.<\/p>\n<p data-start=\"356\" data-end=\"404\" data-is-last-node=\"\" data-is-only-node=\"\">V bal\u00ed\u010dku jsou v\u017edy 2 lahve o objemu 750 ml:<\/p>\n<ul>\n<li><a href=\"https:\/\/www.weingut-hirtl.at\/cs\/produkt\/frizzante-rose-2024\/\">Frizzante Ros\u00e9<\/a><\/li>\n<li><a href=\"https:\/\/www.weingut-hirtl.at\/cs\/produkt\/rose-2024\/\">Ros\u00e9 2025<\/a><\/li>\n<li><a href=\"https:\/\/www.weingut-hirtl.at\/produkt\/welschriesling-classic-2024\/\">Welschriesling Classic 2025<\/a><\/li>\n<li><a href=\"https:\/\/www.weingut-hirtl.at\/produkt\/gruener-veltliner-classic-2025\/\">Gr\u00fcner Veltliner Classic 2025<\/a><\/li>\n<li><a href=\"https:\/\/www.weingut-hirtl.at\/cs\/produkt\/riesling-exklusiv-2024\/\">Riesling Exklusiv 2025<\/a><\/li>\n<li><a href=\"https:\/\/www.weingut-hirtl.at\/cs\/produkt\/gelber-muskateller-2024\/\">Gelber Muskateller 2025<\/a><\/li>\n<\/ul>\n","protected":false},"featured_media":9099,"comment_status":"open","ping_status":"closed","template":"","meta":{"_acf_changed":false},"product_brand":[],"product_cat":[344,347],"product_tag":[371,374,363,372,375,373,376,377,378,379],"class_list":{"0":"post-9094","1":"product","2":"type-product","3":"status-publish","4":"has-post-thumbnail","6":"product_cat-akce","7":"product_cat-balicky","8":"product_tag-apfel-cs","9":"product_tag-gelbfruchtig-cs","10":"product_tag-gruener-veltliner-cs","11":"product_tag-kernobst-cs","12":"product_tag-komplex-cs","13":"product_tag-pfeffer-cs","14":"product_tag-reif-cs","15":"product_tag-reife-weine-cs","16":"product_tag-reserve-cs","17":"product_tag-wuerze-cs","19":"first","20":"instock","21":"sale","22":"taxable","23":"shipping-taxable","24":"purchasable","25":"product-type-simple"},"acf":[],"yoast_head":"<!-- This site is optimized with the Yoast SEO plugin v27.3 - https:\/\/yoast.com\/product\/yoast-seo-wordpress\/ -->\n<title>Jarn\u00ed bal\u00ed\u010dek \u2013 12 lahv\u00ed | Weingut Hirtl<\/title>\n<meta name=\"robots\" content=\"index, follow, max-snippet:-1, max-image-preview:large, max-video-preview:-1\" \/>\n<link rel=\"canonical\" href=\"https:\/\/www.weingut-hirtl.at\/cs\/produkt\/a-la-carte-balicek-12-lahvi-kopie-2\/\" \/>\n<meta property=\"og:locale\" content=\"cs_CZ\" \/>\n<meta property=\"og:type\" content=\"article\" \/>\n<meta property=\"og:title\" content=\"Jarn\u00ed bal\u00ed\u010dek \u2013 12 lahv\u00ed | Weingut Hirtl\" \/>\n<meta property=\"og:description\" content=\"N\u00e1\u0161 jarn\u00ed bal\u00ed\u010dek p\u0159in\u00e1\u0161\u00ed do sklenky sv\u011b\u017e\u00ed lehkost: sv\u011b\u017e\u00ed, ovocn\u00e1 a obzvl\u00e1\u0161\u0165 lehk\u00e1 v\u00edna, kter\u00e1 se perfektn\u011b hod\u00ed k prvn\u00edmu tepl\u00e9mu obdob\u00ed roku. Bal\u00ed\u010dek obsahuje 6 vybran\u00fdch v\u00edn \u2013 od ka\u017ed\u00e9ho v\u00edna 2 lahve, celkem tedy 12 lahv\u00ed pln\u00fdch jarn\u00ed atmosf\u00e9ry. P\u0159ineste si jaro dom\u016f a u\u017eijte si bezstarostn\u00e9 chv\u00edle s p\u0159\u00e1teli a rodinou. V bal\u00ed\u010dku jsou v\u017edy 2 lahve o objemu 750 ml:    Frizzante Ros\u00e9  Ros\u00e9 2025  Welschriesling Classic 2025  Gr\u00fcner Veltliner Classic 2025  Riesling Exklusiv 2025  Gelber Muskateller 2025\" \/>\n<meta property=\"og:url\" content=\"https:\/\/www.weingut-hirtl.at\/cs\/produkt\/a-la-carte-balicek-12-lahvi-kopie-2\/\" \/>\n<meta property=\"og:site_name\" content=\"Weingut Hirtl\" \/>\n<meta property=\"article:publisher\" content=\"https:\/\/www.facebook.com\/Wein.Hirtl\" \/>\n<meta property=\"article:modified_time\" content=\"2026-03-09T19:19:25+00:00\" \/>\n<meta property=\"og:image\" content=\"https:\/\/www.weingut-hirtl.at\/www\/wp-content\/uploads\/2026\/03\/Fruehlingspaket-scaled.jpeg\" \/>\n\t<meta property=\"og:image:width\" content=\"1920\" \/>\n\t<meta property=\"og:image:height\" content=\"2560\" \/>\n\t<meta property=\"og:image:type\" content=\"image\/jpeg\" \/>\n<meta name=\"twitter:card\" content=\"summary_large_image\" \/>\n<script type=\"application\/ld+json\" class=\"yoast-schema-graph\">{\"@context\":\"https:\\\/\\\/schema.org\",\"@graph\":[{\"@type\":\"WebPage\",\"@id\":\"https:\\\/\\\/www.weingut-hirtl.at\\\/cs\\\/produkt\\\/a-la-carte-balicek-12-lahvi-kopie-2\\\/\",\"url\":\"https:\\\/\\\/www.weingut-hirtl.at\\\/cs\\\/produkt\\\/a-la-carte-balicek-12-lahvi-kopie-2\\\/\",\"name\":\"Jarn\u00ed bal\u00ed\u010dek \u2013 12 lahv\u00ed | Weingut Hirtl\",\"isPartOf\":{\"@id\":\"https:\\\/\\\/www.weingut-hirtl.at\\\/cs\\\/#website\"},\"primaryImageOfPage\":{\"@id\":\"https:\\\/\\\/www.weingut-hirtl.at\\\/cs\\\/produkt\\\/a-la-carte-balicek-12-lahvi-kopie-2\\\/#primaryimage\"},\"image\":{\"@id\":\"https:\\\/\\\/www.weingut-hirtl.at\\\/cs\\\/produkt\\\/a-la-carte-balicek-12-lahvi-kopie-2\\\/#primaryimage\"},\"thumbnailUrl\":\"https:\\\/\\\/www.weingut-hirtl.at\\\/www\\\/wp-content\\\/uploads\\\/2026\\\/03\\\/Fruehlingspaket-scaled.jpeg\",\"datePublished\":\"2026-03-09T18:56:14+00:00\",\"dateModified\":\"2026-03-09T19:19:25+00:00\",\"breadcrumb\":{\"@id\":\"https:\\\/\\\/www.weingut-hirtl.at\\\/cs\\\/produkt\\\/a-la-carte-balicek-12-lahvi-kopie-2\\\/#breadcrumb\"},\"inLanguage\":\"cs\",\"potentialAction\":[{\"@type\":\"ReadAction\",\"target\":[\"https:\\\/\\\/www.weingut-hirtl.at\\\/cs\\\/produkt\\\/a-la-carte-balicek-12-lahvi-kopie-2\\\/\"]}]},{\"@type\":\"ImageObject\",\"inLanguage\":\"cs\",\"@id\":\"https:\\\/\\\/www.weingut-hirtl.at\\\/cs\\\/produkt\\\/a-la-carte-balicek-12-lahvi-kopie-2\\\/#primaryimage\",\"url\":\"https:\\\/\\\/www.weingut-hirtl.at\\\/www\\\/wp-content\\\/uploads\\\/2026\\\/03\\\/Fruehlingspaket-scaled.jpeg\",\"contentUrl\":\"https:\\\/\\\/www.weingut-hirtl.at\\\/www\\\/wp-content\\\/uploads\\\/2026\\\/03\\\/Fruehlingspaket-scaled.jpeg\",\"width\":1920,\"height\":2560},{\"@type\":\"BreadcrumbList\",\"@id\":\"https:\\\/\\\/www.weingut-hirtl.at\\\/cs\\\/produkt\\\/a-la-carte-balicek-12-lahvi-kopie-2\\\/#breadcrumb\",\"itemListElement\":[{\"@type\":\"ListItem\",\"position\":1,\"name\":\"Startseite\",\"item\":\"https:\\\/\\\/www.weingut-hirtl.at\\\/cs\\\/\"},{\"@type\":\"ListItem\",\"position\":2,\"name\":\"Shop\",\"item\":\"https:\\\/\\\/www.weingut-hirtl.at\\\/shop\\\/\"},{\"@type\":\"ListItem\",\"position\":3,\"name\":\"Jarn\u00ed bal\u00ed\u010dek \u2013 12 lahv\u00ed\"}]},{\"@type\":\"WebSite\",\"@id\":\"https:\\\/\\\/www.weingut-hirtl.at\\\/cs\\\/#website\",\"url\":\"https:\\\/\\\/www.weingut-hirtl.at\\\/cs\\\/\",\"name\":\"Weingut Hirtl\",\"description\":\"\",\"publisher\":{\"@id\":\"https:\\\/\\\/www.weingut-hirtl.at\\\/cs\\\/#organization\"},\"potentialAction\":[{\"@type\":\"SearchAction\",\"target\":{\"@type\":\"EntryPoint\",\"urlTemplate\":\"https:\\\/\\\/www.weingut-hirtl.at\\\/cs\\\/?s={search_term_string}\"},\"query-input\":{\"@type\":\"PropertyValueSpecification\",\"valueRequired\":true,\"valueName\":\"search_term_string\"}}],\"inLanguage\":\"cs\"},{\"@type\":\"Organization\",\"@id\":\"https:\\\/\\\/www.weingut-hirtl.at\\\/cs\\\/#organization\",\"name\":\"Weingut Hirtl\",\"url\":\"https:\\\/\\\/www.weingut-hirtl.at\\\/cs\\\/\",\"logo\":{\"@type\":\"ImageObject\",\"inLanguage\":\"cs\",\"@id\":\"https:\\\/\\\/www.weingut-hirtl.at\\\/cs\\\/#\\\/schema\\\/logo\\\/image\\\/\",\"url\":\"https:\\\/\\\/www.weingut-hirtl.at\\\/www\\\/wp-content\\\/uploads\\\/2024\\\/04\\\/Hirtl_Logo-1024x819-1.jpg\",\"contentUrl\":\"https:\\\/\\\/www.weingut-hirtl.at\\\/www\\\/wp-content\\\/uploads\\\/2024\\\/04\\\/Hirtl_Logo-1024x819-1.jpg\",\"width\":1024,\"height\":819,\"caption\":\"Weingut Hirtl\"},\"image\":{\"@id\":\"https:\\\/\\\/www.weingut-hirtl.at\\\/cs\\\/#\\\/schema\\\/logo\\\/image\\\/\"},\"sameAs\":[\"https:\\\/\\\/www.facebook.com\\\/Wein.Hirtl\",\"https:\\\/\\\/www.instagram.com\\\/weingut_hirtl\\\/\"]}]}<\/script>\n<!-- \/ Yoast SEO plugin. -->","yoast_head_json":{"title":"Jarn\u00ed bal\u00ed\u010dek \u2013 12 lahv\u00ed | Weingut Hirtl","robots":{"index":"index","follow":"follow","max-snippet":"max-snippet:-1","max-image-preview":"max-image-preview:large","max-video-preview":"max-video-preview:-1"},"canonical":"https:\/\/www.weingut-hirtl.at\/cs\/produkt\/a-la-carte-balicek-12-lahvi-kopie-2\/","og_locale":"cs_CZ","og_type":"article","og_title":"Jarn\u00ed bal\u00ed\u010dek \u2013 12 lahv\u00ed | Weingut Hirtl","og_description":"N\u00e1\u0161 jarn\u00ed bal\u00ed\u010dek p\u0159in\u00e1\u0161\u00ed do sklenky sv\u011b\u017e\u00ed lehkost: sv\u011b\u017e\u00ed, ovocn\u00e1 a obzvl\u00e1\u0161\u0165 lehk\u00e1 v\u00edna, kter\u00e1 se perfektn\u011b hod\u00ed k prvn\u00edmu tepl\u00e9mu obdob\u00ed roku. Bal\u00ed\u010dek obsahuje 6 vybran\u00fdch v\u00edn \u2013 od ka\u017ed\u00e9ho v\u00edna 2 lahve, celkem tedy 12 lahv\u00ed pln\u00fdch jarn\u00ed atmosf\u00e9ry. P\u0159ineste si jaro dom\u016f a u\u017eijte si bezstarostn\u00e9 chv\u00edle s p\u0159\u00e1teli a rodinou. V bal\u00ed\u010dku jsou v\u017edy 2 lahve o objemu 750 ml:    Frizzante Ros\u00e9  Ros\u00e9 2025  Welschriesling Classic 2025  Gr\u00fcner Veltliner Classic 2025  Riesling Exklusiv 2025  Gelber Muskateller 2025","og_url":"https:\/\/www.weingut-hirtl.at\/cs\/produkt\/a-la-carte-balicek-12-lahvi-kopie-2\/","og_site_name":"Weingut Hirtl","article_publisher":"https:\/\/www.facebook.com\/Wein.Hirtl","article_modified_time":"2026-03-09T19:19:25+00:00","og_image":[{"width":1920,"height":2560,"url":"https:\/\/www.weingut-hirtl.at\/www\/wp-content\/uploads\/2026\/03\/Fruehlingspaket-scaled.jpeg","type":"image\/jpeg"}],"twitter_card":"summary_large_image","schema":{"@context":"https:\/\/schema.org","@graph":[{"@type":"WebPage","@id":"https:\/\/www.weingut-hirtl.at\/cs\/produkt\/a-la-carte-balicek-12-lahvi-kopie-2\/","url":"https:\/\/www.weingut-hirtl.at\/cs\/produkt\/a-la-carte-balicek-12-lahvi-kopie-2\/","name":"Jarn\u00ed bal\u00ed\u010dek \u2013 12 lahv\u00ed | Weingut Hirtl","isPartOf":{"@id":"https:\/\/www.weingut-hirtl.at\/cs\/#website"},"primaryImageOfPage":{"@id":"https:\/\/www.weingut-hirtl.at\/cs\/produkt\/a-la-carte-balicek-12-lahvi-kopie-2\/#primaryimage"},"image":{"@id":"https:\/\/www.weingut-hirtl.at\/cs\/produkt\/a-la-carte-balicek-12-lahvi-kopie-2\/#primaryimage"},"thumbnailUrl":"https:\/\/www.weingut-hirtl.at\/www\/wp-content\/uploads\/2026\/03\/Fruehlingspaket-scaled.jpeg","datePublished":"2026-03-09T18:56:14+00:00","dateModified":"2026-03-09T19:19:25+00:00","breadcrumb":{"@id":"https:\/\/www.weingut-hirtl.at\/cs\/produkt\/a-la-carte-balicek-12-lahvi-kopie-2\/#breadcrumb"},"inLanguage":"cs","potentialAction":[{"@type":"ReadAction","target":["https:\/\/www.weingut-hirtl.at\/cs\/produkt\/a-la-carte-balicek-12-lahvi-kopie-2\/"]}]},{"@type":"ImageObject","inLanguage":"cs","@id":"https:\/\/www.weingut-hirtl.at\/cs\/produkt\/a-la-carte-balicek-12-lahvi-kopie-2\/#primaryimage","url":"https:\/\/www.weingut-hirtl.at\/www\/wp-content\/uploads\/2026\/03\/Fruehlingspaket-scaled.jpeg","contentUrl":"https:\/\/www.weingut-hirtl.at\/www\/wp-content\/uploads\/2026\/03\/Fruehlingspaket-scaled.jpeg","width":1920,"height":2560},{"@type":"BreadcrumbList","@id":"https:\/\/www.weingut-hirtl.at\/cs\/produkt\/a-la-carte-balicek-12-lahvi-kopie-2\/#breadcrumb","itemListElement":[{"@type":"ListItem","position":1,"name":"Startseite","item":"https:\/\/www.weingut-hirtl.at\/cs\/"},{"@type":"ListItem","position":2,"name":"Shop","item":"https:\/\/www.weingut-hirtl.at\/shop\/"},{"@type":"ListItem","position":3,"name":"Jarn\u00ed bal\u00ed\u010dek \u2013 12 lahv\u00ed"}]},{"@type":"WebSite","@id":"https:\/\/www.weingut-hirtl.at\/cs\/#website","url":"https:\/\/www.weingut-hirtl.at\/cs\/","name":"Weingut Hirtl","description":"","publisher":{"@id":"https:\/\/www.weingut-hirtl.at\/cs\/#organization"},"potentialAction":[{"@type":"SearchAction","target":{"@type":"EntryPoint","urlTemplate":"https:\/\/www.weingut-hirtl.at\/cs\/?s={search_term_string}"},"query-input":{"@type":"PropertyValueSpecification","valueRequired":true,"valueName":"search_term_string"}}],"inLanguage":"cs"},{"@type":"Organization","@id":"https:\/\/www.weingut-hirtl.at\/cs\/#organization","name":"Weingut Hirtl","url":"https:\/\/www.weingut-hirtl.at\/cs\/","logo":{"@type":"ImageObject","inLanguage":"cs","@id":"https:\/\/www.weingut-hirtl.at\/cs\/#\/schema\/logo\/image\/","url":"https:\/\/www.weingut-hirtl.at\/www\/wp-content\/uploads\/2024\/04\/Hirtl_Logo-1024x819-1.jpg","contentUrl":"https:\/\/www.weingut-hirtl.at\/www\/wp-content\/uploads\/2024\/04\/Hirtl_Logo-1024x819-1.jpg","width":1024,"height":819,"caption":"Weingut Hirtl"},"image":{"@id":"https:\/\/www.weingut-hirtl.at\/cs\/#\/schema\/logo\/image\/"},"sameAs":["https:\/\/www.facebook.com\/Wein.Hirtl","https:\/\/www.instagram.com\/weingut_hirtl\/"]}]}},"_links":{"self":[{"href":"https:\/\/www.weingut-hirtl.at\/cs\/wp-json\/wp\/v2\/product\/9094","targetHints":{"allow":["GET"]}}],"collection":[{"href":"https:\/\/www.weingut-hirtl.at\/cs\/wp-json\/wp\/v2\/product"}],"about":[{"href":"https:\/\/www.weingut-hirtl.at\/cs\/wp-json\/wp\/v2\/types\/product"}],"replies":[{"embeddable":true,"href":"https:\/\/www.weingut-hirtl.at\/cs\/wp-json\/wp\/v2\/comments?post=9094"}],"wp:featuredmedia":[{"embeddable":true,"href":"https:\/\/www.weingut-hirtl.at\/cs\/wp-json\/wp\/v2\/media\/9099"}],"wp:attachment":[{"href":"https:\/\/www.weingut-hirtl.at\/cs\/wp-json\/wp\/v2\/media?parent=9094"}],"wp:term":[{"taxonomy":"product_brand","embeddable":true,"href":"https:\/\/www.weingut-hirtl.at\/cs\/wp-json\/wp\/v2\/product_brand?post=9094"},{"taxonomy":"product_cat","embeddable":true,"href":"https:\/\/www.weingut-hirtl.at\/cs\/wp-json\/wp\/v2\/product_cat?post=9094"},{"taxonomy":"product_tag","embeddable":true,"href":"https:\/\/www.weingut-hirtl.at\/cs\/wp-json\/wp\/v2\/product_tag?post=9094"}],"curies":[{"name":"wp","href":"https:\/\/api.w.org\/{rel}","templated":true}]}}