{"id":8584,"date":"2025-08-05T10:34:34","date_gmt":"2025-08-05T08:34:34","guid":{"rendered":"https:\/\/www.weingut-hirtl.at\/?post_type=product&#038;p=8584"},"modified":"2025-10-01T00:18:47","modified_gmt":"2025-09-30T22:18:47","slug":"zlato-k-ochutnani-12-viteznych-vin-kopie-2","status":"publish","type":"product","link":"https:\/\/www.weingut-hirtl.at\/cs\/produkt\/zlato-k-ochutnani-12-viteznych-vin-kopie-2\/","title":{"rendered":"\u201eA la Carte\u201c bal\u00ed\u010dek \u2013 12 lahv\u00ed"},"content":{"rendered":"<h3>Gr\u00fcner Veltliner Ried B\u00fcrsting 2024 &#8211; 91+ Punkte<\/h3>\n<h3>Weinviertel DAC Ried Kirchberg 2024 &#8211; 92 Punkte<\/h3>\n<h3>Weinviertel DAC Ried Waldberg 2024 &#8211; 92+ Punkte<\/h3>\n<h3>Gr\u00fcner Veltliner Granit &amp; Berry Edition Markus 2022 &#8211; 94 Punkte<\/h3>\n<p>&nbsp;<\/p>\n","protected":false},"excerpt":{"rendered":"<p data-start=\"130\" data-end=\"369\">\u010cty\u0159i z na\u0161ich Veltl\u00ednsk\u00fdch zelen\u00fdch z\u00edskaly vynikaj\u00edc\u00ed hodnocen\u00ed od magaz\u00ednu A la Carte \u2013 a\u017e 94 bod\u016f! Tato ocen\u011bn\u00ed potvrzuj\u00ed na\u0161i snahu p\u0159en\u00e9st typi\u010dnost vina\u0159sk\u00e9 oblasti Weinviertel s charakterem, finesou a hloubkou do ka\u017ed\u00e9 lahve.<\/p>\n<p data-start=\"371\" data-end=\"422\">V balen\u00ed po 3 lahv\u00edch (750 ml) od ka\u017ed\u00e9ho v\u00edna:<\/p>\n<ul>\n<li><a href=\"https:\/\/www.weingut-hirtl.at\/cs\/produkt\/gruener-veltliner-weinviertel-dac-ried-kirchberg-2024\/\">Weinviertel DAC Ried Kirchberg<\/a><\/li>\n<li><a href=\"https:\/\/www.weingut-hirtl.at\/cs\/produkt\/gruener-veltliner-weinviertel-dac-ried-waldberg-2024\/\">Weinviertel DAC Ried Waldberg<\/a><\/li>\n<li><a href=\"https:\/\/www.weinguthirtlshop.at\/product\/chardonnay-selection-2016\/\">Gr\u00fcner Veltliner Ried B\u00fcrsting<\/a><\/li>\n<li><a href=\"https:\/\/www.weingut-hirtl.at\/cs\/produkt\/granit-berry-gruener-veltliner-reserve\/\">Gr\u00fcner Veltliner Granit &amp; Berry<\/a><\/li>\n<\/ul>\n","protected":false},"featured_media":8586,"comment_status":"open","ping_status":"closed","template":"","meta":{"_acf_changed":false},"product_brand":[],"product_cat":[344,347],"product_tag":[371,374,363,372,375,373,376,377,378,379],"class_list":{"0":"post-8584","1":"product","2":"type-product","3":"status-publish","4":"has-post-thumbnail","6":"product_cat-akce","7":"product_cat-balicky","8":"product_tag-apfel-cs","9":"product_tag-gelbfruchtig-cs","10":"product_tag-gruener-veltliner-cs","11":"product_tag-kernobst-cs","12":"product_tag-komplex-cs","13":"product_tag-pfeffer-cs","14":"product_tag-reif-cs","15":"product_tag-reife-weine-cs","16":"product_tag-reserve-cs","17":"product_tag-wuerze-cs","19":"first","20":"instock","21":"taxable","22":"shipping-taxable","23":"purchasable","24":"product-type-simple"},"acf":[],"yoast_head":"<!-- This site is optimized with the Yoast SEO plugin v27.3 - https:\/\/yoast.com\/product\/yoast-seo-wordpress\/ -->\n<title>\u201eA la Carte\u201c bal\u00ed\u010dek \u2013 12 lahv\u00ed | Weingut Hirtl<\/title>\n<meta name=\"robots\" content=\"index, follow, max-snippet:-1, max-image-preview:large, max-video-preview:-1\" \/>\n<link rel=\"canonical\" href=\"https:\/\/www.weingut-hirtl.at\/cs\/produkt\/zlato-k-ochutnani-12-viteznych-vin-kopie-2\/\" \/>\n<meta property=\"og:locale\" content=\"cs_CZ\" \/>\n<meta property=\"og:type\" content=\"article\" \/>\n<meta property=\"og:title\" content=\"\u201eA la Carte\u201c bal\u00ed\u010dek \u2013 12 lahv\u00ed | Weingut Hirtl\" \/>\n<meta property=\"og:description\" content=\"\u010cty\u0159i z na\u0161ich Veltl\u00ednsk\u00fdch zelen\u00fdch z\u00edskaly vynikaj\u00edc\u00ed hodnocen\u00ed od magaz\u00ednu A la Carte \u2013 a\u017e 94 bod\u016f! Tato ocen\u011bn\u00ed potvrzuj\u00ed na\u0161i snahu p\u0159en\u00e9st typi\u010dnost vina\u0159sk\u00e9 oblasti Weinviertel s charakterem, finesou a hloubkou do ka\u017ed\u00e9 lahve. V balen\u00ed po 3 lahv\u00edch (750 ml) od ka\u017ed\u00e9ho v\u00edna:    Weinviertel DAC Ried Kirchberg  Weinviertel DAC Ried Waldberg  Gr\u00fcner Veltliner Ried B\u00fcrsting  Gr\u00fcner Veltliner Granit &amp; Berry\" \/>\n<meta property=\"og:url\" content=\"https:\/\/www.weingut-hirtl.at\/cs\/produkt\/zlato-k-ochutnani-12-viteznych-vin-kopie-2\/\" \/>\n<meta property=\"og:site_name\" content=\"Weingut Hirtl\" \/>\n<meta property=\"article:publisher\" content=\"https:\/\/www.facebook.com\/Wein.Hirtl\" \/>\n<meta property=\"article:modified_time\" content=\"2025-09-30T22:18:47+00:00\" \/>\n<meta property=\"og:image\" content=\"https:\/\/www.weingut-hirtl.at\/www\/wp-content\/uploads\/2025\/08\/AlaCarte_Shop.jpg\" \/>\n\t<meta property=\"og:image:width\" content=\"600\" \/>\n\t<meta property=\"og:image:height\" content=\"600\" \/>\n\t<meta property=\"og:image:type\" content=\"image\/jpeg\" \/>\n<meta name=\"twitter:card\" content=\"summary_large_image\" \/>\n<script type=\"application\/ld+json\" class=\"yoast-schema-graph\">{\"@context\":\"https:\\\/\\\/schema.org\",\"@graph\":[{\"@type\":\"WebPage\",\"@id\":\"https:\\\/\\\/www.weingut-hirtl.at\\\/cs\\\/produkt\\\/zlato-k-ochutnani-12-viteznych-vin-kopie-2\\\/\",\"url\":\"https:\\\/\\\/www.weingut-hirtl.at\\\/cs\\\/produkt\\\/zlato-k-ochutnani-12-viteznych-vin-kopie-2\\\/\",\"name\":\"\u201eA la Carte\u201c bal\u00ed\u010dek \u2013 12 lahv\u00ed | Weingut Hirtl\",\"isPartOf\":{\"@id\":\"https:\\\/\\\/www.weingut-hirtl.at\\\/cs\\\/#website\"},\"primaryImageOfPage\":{\"@id\":\"https:\\\/\\\/www.weingut-hirtl.at\\\/cs\\\/produkt\\\/zlato-k-ochutnani-12-viteznych-vin-kopie-2\\\/#primaryimage\"},\"image\":{\"@id\":\"https:\\\/\\\/www.weingut-hirtl.at\\\/cs\\\/produkt\\\/zlato-k-ochutnani-12-viteznych-vin-kopie-2\\\/#primaryimage\"},\"thumbnailUrl\":\"https:\\\/\\\/www.weingut-hirtl.at\\\/www\\\/wp-content\\\/uploads\\\/2025\\\/08\\\/AlaCarte_Shop.jpg\",\"datePublished\":\"2025-08-05T08:34:34+00:00\",\"dateModified\":\"2025-09-30T22:18:47+00:00\",\"breadcrumb\":{\"@id\":\"https:\\\/\\\/www.weingut-hirtl.at\\\/cs\\\/produkt\\\/zlato-k-ochutnani-12-viteznych-vin-kopie-2\\\/#breadcrumb\"},\"inLanguage\":\"cs\",\"potentialAction\":[{\"@type\":\"ReadAction\",\"target\":[\"https:\\\/\\\/www.weingut-hirtl.at\\\/cs\\\/produkt\\\/zlato-k-ochutnani-12-viteznych-vin-kopie-2\\\/\"]}]},{\"@type\":\"ImageObject\",\"inLanguage\":\"cs\",\"@id\":\"https:\\\/\\\/www.weingut-hirtl.at\\\/cs\\\/produkt\\\/zlato-k-ochutnani-12-viteznych-vin-kopie-2\\\/#primaryimage\",\"url\":\"https:\\\/\\\/www.weingut-hirtl.at\\\/www\\\/wp-content\\\/uploads\\\/2025\\\/08\\\/AlaCarte_Shop.jpg\",\"contentUrl\":\"https:\\\/\\\/www.weingut-hirtl.at\\\/www\\\/wp-content\\\/uploads\\\/2025\\\/08\\\/AlaCarte_Shop.jpg\",\"width\":600,\"height\":600},{\"@type\":\"BreadcrumbList\",\"@id\":\"https:\\\/\\\/www.weingut-hirtl.at\\\/cs\\\/produkt\\\/zlato-k-ochutnani-12-viteznych-vin-kopie-2\\\/#breadcrumb\",\"itemListElement\":[{\"@type\":\"ListItem\",\"position\":1,\"name\":\"Startseite\",\"item\":\"https:\\\/\\\/www.weingut-hirtl.at\\\/cs\\\/\"},{\"@type\":\"ListItem\",\"position\":2,\"name\":\"Shop\",\"item\":\"https:\\\/\\\/www.weingut-hirtl.at\\\/shop\\\/\"},{\"@type\":\"ListItem\",\"position\":3,\"name\":\"\u201eA la Carte\u201c bal\u00ed\u010dek \u2013 12 lahv\u00ed\"}]},{\"@type\":\"WebSite\",\"@id\":\"https:\\\/\\\/www.weingut-hirtl.at\\\/cs\\\/#website\",\"url\":\"https:\\\/\\\/www.weingut-hirtl.at\\\/cs\\\/\",\"name\":\"Weingut Hirtl\",\"description\":\"\",\"publisher\":{\"@id\":\"https:\\\/\\\/www.weingut-hirtl.at\\\/cs\\\/#organization\"},\"potentialAction\":[{\"@type\":\"SearchAction\",\"target\":{\"@type\":\"EntryPoint\",\"urlTemplate\":\"https:\\\/\\\/www.weingut-hirtl.at\\\/cs\\\/?s={search_term_string}\"},\"query-input\":{\"@type\":\"PropertyValueSpecification\",\"valueRequired\":true,\"valueName\":\"search_term_string\"}}],\"inLanguage\":\"cs\"},{\"@type\":\"Organization\",\"@id\":\"https:\\\/\\\/www.weingut-hirtl.at\\\/cs\\\/#organization\",\"name\":\"Weingut Hirtl\",\"url\":\"https:\\\/\\\/www.weingut-hirtl.at\\\/cs\\\/\",\"logo\":{\"@type\":\"ImageObject\",\"inLanguage\":\"cs\",\"@id\":\"https:\\\/\\\/www.weingut-hirtl.at\\\/cs\\\/#\\\/schema\\\/logo\\\/image\\\/\",\"url\":\"https:\\\/\\\/www.weingut-hirtl.at\\\/www\\\/wp-content\\\/uploads\\\/2024\\\/04\\\/Hirtl_Logo-1024x819-1.jpg\",\"contentUrl\":\"https:\\\/\\\/www.weingut-hirtl.at\\\/www\\\/wp-content\\\/uploads\\\/2024\\\/04\\\/Hirtl_Logo-1024x819-1.jpg\",\"width\":1024,\"height\":819,\"caption\":\"Weingut Hirtl\"},\"image\":{\"@id\":\"https:\\\/\\\/www.weingut-hirtl.at\\\/cs\\\/#\\\/schema\\\/logo\\\/image\\\/\"},\"sameAs\":[\"https:\\\/\\\/www.facebook.com\\\/Wein.Hirtl\",\"https:\\\/\\\/www.instagram.com\\\/weingut_hirtl\\\/\"]}]}<\/script>\n<!-- \/ Yoast SEO plugin. -->","yoast_head_json":{"title":"\u201eA la Carte\u201c bal\u00ed\u010dek \u2013 12 lahv\u00ed | Weingut Hirtl","robots":{"index":"index","follow":"follow","max-snippet":"max-snippet:-1","max-image-preview":"max-image-preview:large","max-video-preview":"max-video-preview:-1"},"canonical":"https:\/\/www.weingut-hirtl.at\/cs\/produkt\/zlato-k-ochutnani-12-viteznych-vin-kopie-2\/","og_locale":"cs_CZ","og_type":"article","og_title":"\u201eA la Carte\u201c bal\u00ed\u010dek \u2013 12 lahv\u00ed | Weingut Hirtl","og_description":"\u010cty\u0159i z na\u0161ich Veltl\u00ednsk\u00fdch zelen\u00fdch z\u00edskaly vynikaj\u00edc\u00ed hodnocen\u00ed od magaz\u00ednu A la Carte \u2013 a\u017e 94 bod\u016f! Tato ocen\u011bn\u00ed potvrzuj\u00ed na\u0161i snahu p\u0159en\u00e9st typi\u010dnost vina\u0159sk\u00e9 oblasti Weinviertel s charakterem, finesou a hloubkou do ka\u017ed\u00e9 lahve. V balen\u00ed po 3 lahv\u00edch (750 ml) od ka\u017ed\u00e9ho v\u00edna:    Weinviertel DAC Ried Kirchberg  Weinviertel DAC Ried Waldberg  Gr\u00fcner Veltliner Ried B\u00fcrsting  Gr\u00fcner Veltliner Granit &amp; Berry","og_url":"https:\/\/www.weingut-hirtl.at\/cs\/produkt\/zlato-k-ochutnani-12-viteznych-vin-kopie-2\/","og_site_name":"Weingut Hirtl","article_publisher":"https:\/\/www.facebook.com\/Wein.Hirtl","article_modified_time":"2025-09-30T22:18:47+00:00","og_image":[{"width":600,"height":600,"url":"https:\/\/www.weingut-hirtl.at\/www\/wp-content\/uploads\/2025\/08\/AlaCarte_Shop.jpg","type":"image\/jpeg"}],"twitter_card":"summary_large_image","schema":{"@context":"https:\/\/schema.org","@graph":[{"@type":"WebPage","@id":"https:\/\/www.weingut-hirtl.at\/cs\/produkt\/zlato-k-ochutnani-12-viteznych-vin-kopie-2\/","url":"https:\/\/www.weingut-hirtl.at\/cs\/produkt\/zlato-k-ochutnani-12-viteznych-vin-kopie-2\/","name":"\u201eA la Carte\u201c bal\u00ed\u010dek \u2013 12 lahv\u00ed | Weingut Hirtl","isPartOf":{"@id":"https:\/\/www.weingut-hirtl.at\/cs\/#website"},"primaryImageOfPage":{"@id":"https:\/\/www.weingut-hirtl.at\/cs\/produkt\/zlato-k-ochutnani-12-viteznych-vin-kopie-2\/#primaryimage"},"image":{"@id":"https:\/\/www.weingut-hirtl.at\/cs\/produkt\/zlato-k-ochutnani-12-viteznych-vin-kopie-2\/#primaryimage"},"thumbnailUrl":"https:\/\/www.weingut-hirtl.at\/www\/wp-content\/uploads\/2025\/08\/AlaCarte_Shop.jpg","datePublished":"2025-08-05T08:34:34+00:00","dateModified":"2025-09-30T22:18:47+00:00","breadcrumb":{"@id":"https:\/\/www.weingut-hirtl.at\/cs\/produkt\/zlato-k-ochutnani-12-viteznych-vin-kopie-2\/#breadcrumb"},"inLanguage":"cs","potentialAction":[{"@type":"ReadAction","target":["https:\/\/www.weingut-hirtl.at\/cs\/produkt\/zlato-k-ochutnani-12-viteznych-vin-kopie-2\/"]}]},{"@type":"ImageObject","inLanguage":"cs","@id":"https:\/\/www.weingut-hirtl.at\/cs\/produkt\/zlato-k-ochutnani-12-viteznych-vin-kopie-2\/#primaryimage","url":"https:\/\/www.weingut-hirtl.at\/www\/wp-content\/uploads\/2025\/08\/AlaCarte_Shop.jpg","contentUrl":"https:\/\/www.weingut-hirtl.at\/www\/wp-content\/uploads\/2025\/08\/AlaCarte_Shop.jpg","width":600,"height":600},{"@type":"BreadcrumbList","@id":"https:\/\/www.weingut-hirtl.at\/cs\/produkt\/zlato-k-ochutnani-12-viteznych-vin-kopie-2\/#breadcrumb","itemListElement":[{"@type":"ListItem","position":1,"name":"Startseite","item":"https:\/\/www.weingut-hirtl.at\/cs\/"},{"@type":"ListItem","position":2,"name":"Shop","item":"https:\/\/www.weingut-hirtl.at\/shop\/"},{"@type":"ListItem","position":3,"name":"\u201eA la Carte\u201c bal\u00ed\u010dek \u2013 12 lahv\u00ed"}]},{"@type":"WebSite","@id":"https:\/\/www.weingut-hirtl.at\/cs\/#website","url":"https:\/\/www.weingut-hirtl.at\/cs\/","name":"Weingut Hirtl","description":"","publisher":{"@id":"https:\/\/www.weingut-hirtl.at\/cs\/#organization"},"potentialAction":[{"@type":"SearchAction","target":{"@type":"EntryPoint","urlTemplate":"https:\/\/www.weingut-hirtl.at\/cs\/?s={search_term_string}"},"query-input":{"@type":"PropertyValueSpecification","valueRequired":true,"valueName":"search_term_string"}}],"inLanguage":"cs"},{"@type":"Organization","@id":"https:\/\/www.weingut-hirtl.at\/cs\/#organization","name":"Weingut Hirtl","url":"https:\/\/www.weingut-hirtl.at\/cs\/","logo":{"@type":"ImageObject","inLanguage":"cs","@id":"https:\/\/www.weingut-hirtl.at\/cs\/#\/schema\/logo\/image\/","url":"https:\/\/www.weingut-hirtl.at\/www\/wp-content\/uploads\/2024\/04\/Hirtl_Logo-1024x819-1.jpg","contentUrl":"https:\/\/www.weingut-hirtl.at\/www\/wp-content\/uploads\/2024\/04\/Hirtl_Logo-1024x819-1.jpg","width":1024,"height":819,"caption":"Weingut Hirtl"},"image":{"@id":"https:\/\/www.weingut-hirtl.at\/cs\/#\/schema\/logo\/image\/"},"sameAs":["https:\/\/www.facebook.com\/Wein.Hirtl","https:\/\/www.instagram.com\/weingut_hirtl\/"]}]}},"_links":{"self":[{"href":"https:\/\/www.weingut-hirtl.at\/cs\/wp-json\/wp\/v2\/product\/8584","targetHints":{"allow":["GET"]}}],"collection":[{"href":"https:\/\/www.weingut-hirtl.at\/cs\/wp-json\/wp\/v2\/product"}],"about":[{"href":"https:\/\/www.weingut-hirtl.at\/cs\/wp-json\/wp\/v2\/types\/product"}],"replies":[{"embeddable":true,"href":"https:\/\/www.weingut-hirtl.at\/cs\/wp-json\/wp\/v2\/comments?post=8584"}],"wp:featuredmedia":[{"embeddable":true,"href":"https:\/\/www.weingut-hirtl.at\/cs\/wp-json\/wp\/v2\/media\/8586"}],"wp:attachment":[{"href":"https:\/\/www.weingut-hirtl.at\/cs\/wp-json\/wp\/v2\/media?parent=8584"}],"wp:term":[{"taxonomy":"product_brand","embeddable":true,"href":"https:\/\/www.weingut-hirtl.at\/cs\/wp-json\/wp\/v2\/product_brand?post=8584"},{"taxonomy":"product_cat","embeddable":true,"href":"https:\/\/www.weingut-hirtl.at\/cs\/wp-json\/wp\/v2\/product_cat?post=8584"},{"taxonomy":"product_tag","embeddable":true,"href":"https:\/\/www.weingut-hirtl.at\/cs\/wp-json\/wp\/v2\/product_tag?post=8584"}],"curies":[{"name":"wp","href":"https:\/\/api.w.org\/{rel}","templated":true}]}}