{"id":8320,"date":"2020-11-25T18:05:27","date_gmt":"2020-11-25T17:05:27","guid":{"rendered":"https:\/\/www.weingut-hirtl.at\/product\/riesling-exklusiv-2024\/"},"modified":"2026-04-07T15:30:46","modified_gmt":"2026-04-07T13:30:46","slug":"riesling-exklusiv","status":"publish","type":"product","link":"https:\/\/www.weingut-hirtl.at\/cs\/produkt\/riesling-exklusiv\/","title":{"rendered":"Riesling Exklusiv 2025"},"content":{"rendered":"","protected":false},"excerpt":{"rendered":"<p>\u010cist\u00e1 elegance: \u0160\u0165avnat\u00e9 meru\u0148kov\u00e9 ovoce a jemn\u00e1 struktura \u010din\u00ed tento Riesling obzvl\u00e1\u0161\u0165 p\u016fvabn\u00fdm. Klima Poysdorfu dod\u00e1v\u00e1 kr\u00e1snou sv\u011b\u017eest. Skv\u011bl\u00fd spole\u010dn\u00edk k ryb\u00e1m nebo b\u00edl\u00e9mu masu.<\/p>\n<p><strong>Zralost k pit\u00ed: <\/strong>1-7 roky<strong><br \/>\nObsah: <\/strong>0,75l<\/p>\n<p><strong>12,5 sv. % | such\u00e9<\/strong><\/p>\n","protected":false},"featured_media":9229,"comment_status":"open","ping_status":"closed","template":"","meta":{"_acf_changed":false},"product_brand":[],"product_cat":[353,355,345],"product_tag":[440,442,441,413,380],"class_list":{"0":"post-8320","1":"product","2":"type-product","3":"status-publish","4":"has-post-thumbnail","6":"product_cat-bile-vino","7":"product_cat-bile-vino-lagen","8":"product_cat-jedina-lahev","9":"product_tag-klassisch-cs","10":"product_tag-lagenwein-cs","11":"product_tag-pfirsich-cs","12":"product_tag-steinfrucht-cs","13":"product_tag-trocken-cs","15":"first","16":"instock","17":"taxable","18":"shipping-taxable","19":"purchasable","20":"product-type-simple"},"acf":[],"yoast_head":"<!-- This site is optimized with the Yoast SEO plugin v27.3 - https:\/\/yoast.com\/product\/yoast-seo-wordpress\/ -->\n<title>Riesling Exklusiv 2025 | Weingut Hirtl<\/title>\n<meta name=\"robots\" content=\"index, follow, max-snippet:-1, max-image-preview:large, max-video-preview:-1\" \/>\n<link rel=\"canonical\" href=\"https:\/\/www.weingut-hirtl.at\/cs\/produkt\/riesling-exklusiv\/\" \/>\n<meta property=\"og:locale\" content=\"cs_CZ\" \/>\n<meta property=\"og:type\" content=\"article\" \/>\n<meta property=\"og:title\" content=\"Riesling Exklusiv 2025 | Weingut Hirtl\" \/>\n<meta property=\"og:description\" content=\"\u010cist\u00e1 elegance: \u0160\u0165avnat\u00e9 meru\u0148kov\u00e9 ovoce a jemn\u00e1 struktura \u010din\u00ed tento Riesling obzvl\u00e1\u0161\u0165 p\u016fvabn\u00fdm. Klima Poysdorfu dod\u00e1v\u00e1 kr\u00e1snou sv\u011b\u017eest. Skv\u011bl\u00fd spole\u010dn\u00edk k ryb\u00e1m nebo b\u00edl\u00e9mu masu.  Zralost k pit\u00ed: 1-7 roky Obsah: 0,75l  12,5 sv. % | such\u00e9\" \/>\n<meta property=\"og:url\" content=\"https:\/\/www.weingut-hirtl.at\/cs\/produkt\/riesling-exklusiv\/\" \/>\n<meta property=\"og:site_name\" content=\"Weingut Hirtl\" \/>\n<meta property=\"article:publisher\" content=\"https:\/\/www.facebook.com\/Wein.Hirtl\" \/>\n<meta property=\"article:modified_time\" content=\"2026-04-07T13:30:46+00:00\" \/>\n<meta property=\"og:image\" content=\"https:\/\/www.weingut-hirtl.at\/www\/wp-content\/uploads\/2020\/11\/Riesling-Exklusiv-Weingut-Hirtl.png\" \/>\n\t<meta property=\"og:image:width\" content=\"600\" \/>\n\t<meta property=\"og:image:height\" content=\"600\" \/>\n\t<meta property=\"og:image:type\" content=\"image\/png\" \/>\n<meta name=\"twitter:card\" content=\"summary_large_image\" \/>\n<meta name=\"twitter:label1\" content=\"Odhadovan\u00e1 doba \u010dten\u00ed\" \/>\n\t<meta name=\"twitter:data1\" content=\"1 minuta\" \/>\n<script type=\"application\/ld+json\" class=\"yoast-schema-graph\">{\"@context\":\"https:\\\/\\\/schema.org\",\"@graph\":[{\"@type\":\"WebPage\",\"@id\":\"https:\\\/\\\/www.weingut-hirtl.at\\\/cs\\\/produkt\\\/riesling-exklusiv\\\/\",\"url\":\"https:\\\/\\\/www.weingut-hirtl.at\\\/cs\\\/produkt\\\/riesling-exklusiv\\\/\",\"name\":\"Riesling Exklusiv 2025 | Weingut Hirtl\",\"isPartOf\":{\"@id\":\"https:\\\/\\\/www.weingut-hirtl.at\\\/cs\\\/#website\"},\"primaryImageOfPage\":{\"@id\":\"https:\\\/\\\/www.weingut-hirtl.at\\\/cs\\\/produkt\\\/riesling-exklusiv\\\/#primaryimage\"},\"image\":{\"@id\":\"https:\\\/\\\/www.weingut-hirtl.at\\\/cs\\\/produkt\\\/riesling-exklusiv\\\/#primaryimage\"},\"thumbnailUrl\":\"https:\\\/\\\/www.weingut-hirtl.at\\\/www\\\/wp-content\\\/uploads\\\/2020\\\/11\\\/Riesling-Exklusiv-Weingut-Hirtl.png\",\"datePublished\":\"2020-11-25T17:05:27+00:00\",\"dateModified\":\"2026-04-07T13:30:46+00:00\",\"breadcrumb\":{\"@id\":\"https:\\\/\\\/www.weingut-hirtl.at\\\/cs\\\/produkt\\\/riesling-exklusiv\\\/#breadcrumb\"},\"inLanguage\":\"cs\",\"potentialAction\":[{\"@type\":\"ReadAction\",\"target\":[\"https:\\\/\\\/www.weingut-hirtl.at\\\/cs\\\/produkt\\\/riesling-exklusiv\\\/\"]}]},{\"@type\":\"ImageObject\",\"inLanguage\":\"cs\",\"@id\":\"https:\\\/\\\/www.weingut-hirtl.at\\\/cs\\\/produkt\\\/riesling-exklusiv\\\/#primaryimage\",\"url\":\"https:\\\/\\\/www.weingut-hirtl.at\\\/www\\\/wp-content\\\/uploads\\\/2020\\\/11\\\/Riesling-Exklusiv-Weingut-Hirtl.png\",\"contentUrl\":\"https:\\\/\\\/www.weingut-hirtl.at\\\/www\\\/wp-content\\\/uploads\\\/2020\\\/11\\\/Riesling-Exklusiv-Weingut-Hirtl.png\",\"width\":600,\"height\":600,\"caption\":\"Eleganter Riesling vom Weingut Hirtl \u2013 fruchtbetont, fein s\u00e4urebetont & vom Poysdorfer Klima gepr\u00e4gt. Jetzt online bestellen! \ud83c\udf77\"},{\"@type\":\"BreadcrumbList\",\"@id\":\"https:\\\/\\\/www.weingut-hirtl.at\\\/cs\\\/produkt\\\/riesling-exklusiv\\\/#breadcrumb\",\"itemListElement\":[{\"@type\":\"ListItem\",\"position\":1,\"name\":\"Startseite\",\"item\":\"https:\\\/\\\/www.weingut-hirtl.at\\\/cs\\\/\"},{\"@type\":\"ListItem\",\"position\":2,\"name\":\"Shop\",\"item\":\"https:\\\/\\\/www.weingut-hirtl.at\\\/shop\\\/\"},{\"@type\":\"ListItem\",\"position\":3,\"name\":\"Riesling Exklusiv 2025\"}]},{\"@type\":\"WebSite\",\"@id\":\"https:\\\/\\\/www.weingut-hirtl.at\\\/cs\\\/#website\",\"url\":\"https:\\\/\\\/www.weingut-hirtl.at\\\/cs\\\/\",\"name\":\"Weingut Hirtl\",\"description\":\"\",\"publisher\":{\"@id\":\"https:\\\/\\\/www.weingut-hirtl.at\\\/cs\\\/#organization\"},\"potentialAction\":[{\"@type\":\"SearchAction\",\"target\":{\"@type\":\"EntryPoint\",\"urlTemplate\":\"https:\\\/\\\/www.weingut-hirtl.at\\\/cs\\\/?s={search_term_string}\"},\"query-input\":{\"@type\":\"PropertyValueSpecification\",\"valueRequired\":true,\"valueName\":\"search_term_string\"}}],\"inLanguage\":\"cs\"},{\"@type\":\"Organization\",\"@id\":\"https:\\\/\\\/www.weingut-hirtl.at\\\/cs\\\/#organization\",\"name\":\"Weingut Hirtl\",\"url\":\"https:\\\/\\\/www.weingut-hirtl.at\\\/cs\\\/\",\"logo\":{\"@type\":\"ImageObject\",\"inLanguage\":\"cs\",\"@id\":\"https:\\\/\\\/www.weingut-hirtl.at\\\/cs\\\/#\\\/schema\\\/logo\\\/image\\\/\",\"url\":\"https:\\\/\\\/www.weingut-hirtl.at\\\/www\\\/wp-content\\\/uploads\\\/2024\\\/04\\\/Hirtl_Logo-1024x819-1.jpg\",\"contentUrl\":\"https:\\\/\\\/www.weingut-hirtl.at\\\/www\\\/wp-content\\\/uploads\\\/2024\\\/04\\\/Hirtl_Logo-1024x819-1.jpg\",\"width\":1024,\"height\":819,\"caption\":\"Weingut Hirtl\"},\"image\":{\"@id\":\"https:\\\/\\\/www.weingut-hirtl.at\\\/cs\\\/#\\\/schema\\\/logo\\\/image\\\/\"},\"sameAs\":[\"https:\\\/\\\/www.facebook.com\\\/Wein.Hirtl\",\"https:\\\/\\\/www.instagram.com\\\/weingut_hirtl\\\/\"]}]}<\/script>\n<!-- \/ Yoast SEO plugin. -->","yoast_head_json":{"title":"Riesling Exklusiv 2025 | Weingut Hirtl","robots":{"index":"index","follow":"follow","max-snippet":"max-snippet:-1","max-image-preview":"max-image-preview:large","max-video-preview":"max-video-preview:-1"},"canonical":"https:\/\/www.weingut-hirtl.at\/cs\/produkt\/riesling-exklusiv\/","og_locale":"cs_CZ","og_type":"article","og_title":"Riesling Exklusiv 2025 | Weingut Hirtl","og_description":"\u010cist\u00e1 elegance: \u0160\u0165avnat\u00e9 meru\u0148kov\u00e9 ovoce a jemn\u00e1 struktura \u010din\u00ed tento Riesling obzvl\u00e1\u0161\u0165 p\u016fvabn\u00fdm. Klima Poysdorfu dod\u00e1v\u00e1 kr\u00e1snou sv\u011b\u017eest. Skv\u011bl\u00fd spole\u010dn\u00edk k ryb\u00e1m nebo b\u00edl\u00e9mu masu.  Zralost k pit\u00ed: 1-7 roky Obsah: 0,75l  12,5 sv. % | such\u00e9","og_url":"https:\/\/www.weingut-hirtl.at\/cs\/produkt\/riesling-exklusiv\/","og_site_name":"Weingut Hirtl","article_publisher":"https:\/\/www.facebook.com\/Wein.Hirtl","article_modified_time":"2026-04-07T13:30:46+00:00","og_image":[{"width":600,"height":600,"url":"https:\/\/www.weingut-hirtl.at\/www\/wp-content\/uploads\/2020\/11\/Riesling-Exklusiv-Weingut-Hirtl.png","type":"image\/png"}],"twitter_card":"summary_large_image","twitter_misc":{"Odhadovan\u00e1 doba \u010dten\u00ed":"1 minuta"},"schema":{"@context":"https:\/\/schema.org","@graph":[{"@type":"WebPage","@id":"https:\/\/www.weingut-hirtl.at\/cs\/produkt\/riesling-exklusiv\/","url":"https:\/\/www.weingut-hirtl.at\/cs\/produkt\/riesling-exklusiv\/","name":"Riesling Exklusiv 2025 | Weingut Hirtl","isPartOf":{"@id":"https:\/\/www.weingut-hirtl.at\/cs\/#website"},"primaryImageOfPage":{"@id":"https:\/\/www.weingut-hirtl.at\/cs\/produkt\/riesling-exklusiv\/#primaryimage"},"image":{"@id":"https:\/\/www.weingut-hirtl.at\/cs\/produkt\/riesling-exklusiv\/#primaryimage"},"thumbnailUrl":"https:\/\/www.weingut-hirtl.at\/www\/wp-content\/uploads\/2020\/11\/Riesling-Exklusiv-Weingut-Hirtl.png","datePublished":"2020-11-25T17:05:27+00:00","dateModified":"2026-04-07T13:30:46+00:00","breadcrumb":{"@id":"https:\/\/www.weingut-hirtl.at\/cs\/produkt\/riesling-exklusiv\/#breadcrumb"},"inLanguage":"cs","potentialAction":[{"@type":"ReadAction","target":["https:\/\/www.weingut-hirtl.at\/cs\/produkt\/riesling-exklusiv\/"]}]},{"@type":"ImageObject","inLanguage":"cs","@id":"https:\/\/www.weingut-hirtl.at\/cs\/produkt\/riesling-exklusiv\/#primaryimage","url":"https:\/\/www.weingut-hirtl.at\/www\/wp-content\/uploads\/2020\/11\/Riesling-Exklusiv-Weingut-Hirtl.png","contentUrl":"https:\/\/www.weingut-hirtl.at\/www\/wp-content\/uploads\/2020\/11\/Riesling-Exklusiv-Weingut-Hirtl.png","width":600,"height":600,"caption":"Eleganter Riesling vom Weingut Hirtl \u2013 fruchtbetont, fein s\u00e4urebetont & vom Poysdorfer Klima gepr\u00e4gt. Jetzt online bestellen! \ud83c\udf77"},{"@type":"BreadcrumbList","@id":"https:\/\/www.weingut-hirtl.at\/cs\/produkt\/riesling-exklusiv\/#breadcrumb","itemListElement":[{"@type":"ListItem","position":1,"name":"Startseite","item":"https:\/\/www.weingut-hirtl.at\/cs\/"},{"@type":"ListItem","position":2,"name":"Shop","item":"https:\/\/www.weingut-hirtl.at\/shop\/"},{"@type":"ListItem","position":3,"name":"Riesling Exklusiv 2025"}]},{"@type":"WebSite","@id":"https:\/\/www.weingut-hirtl.at\/cs\/#website","url":"https:\/\/www.weingut-hirtl.at\/cs\/","name":"Weingut Hirtl","description":"","publisher":{"@id":"https:\/\/www.weingut-hirtl.at\/cs\/#organization"},"potentialAction":[{"@type":"SearchAction","target":{"@type":"EntryPoint","urlTemplate":"https:\/\/www.weingut-hirtl.at\/cs\/?s={search_term_string}"},"query-input":{"@type":"PropertyValueSpecification","valueRequired":true,"valueName":"search_term_string"}}],"inLanguage":"cs"},{"@type":"Organization","@id":"https:\/\/www.weingut-hirtl.at\/cs\/#organization","name":"Weingut Hirtl","url":"https:\/\/www.weingut-hirtl.at\/cs\/","logo":{"@type":"ImageObject","inLanguage":"cs","@id":"https:\/\/www.weingut-hirtl.at\/cs\/#\/schema\/logo\/image\/","url":"https:\/\/www.weingut-hirtl.at\/www\/wp-content\/uploads\/2024\/04\/Hirtl_Logo-1024x819-1.jpg","contentUrl":"https:\/\/www.weingut-hirtl.at\/www\/wp-content\/uploads\/2024\/04\/Hirtl_Logo-1024x819-1.jpg","width":1024,"height":819,"caption":"Weingut Hirtl"},"image":{"@id":"https:\/\/www.weingut-hirtl.at\/cs\/#\/schema\/logo\/image\/"},"sameAs":["https:\/\/www.facebook.com\/Wein.Hirtl","https:\/\/www.instagram.com\/weingut_hirtl\/"]}]}},"_links":{"self":[{"href":"https:\/\/www.weingut-hirtl.at\/cs\/wp-json\/wp\/v2\/product\/8320","targetHints":{"allow":["GET"]}}],"collection":[{"href":"https:\/\/www.weingut-hirtl.at\/cs\/wp-json\/wp\/v2\/product"}],"about":[{"href":"https:\/\/www.weingut-hirtl.at\/cs\/wp-json\/wp\/v2\/types\/product"}],"replies":[{"embeddable":true,"href":"https:\/\/www.weingut-hirtl.at\/cs\/wp-json\/wp\/v2\/comments?post=8320"}],"wp:featuredmedia":[{"embeddable":true,"href":"https:\/\/www.weingut-hirtl.at\/cs\/wp-json\/wp\/v2\/media\/9229"}],"wp:attachment":[{"href":"https:\/\/www.weingut-hirtl.at\/cs\/wp-json\/wp\/v2\/media?parent=8320"}],"wp:term":[{"taxonomy":"product_brand","embeddable":true,"href":"https:\/\/www.weingut-hirtl.at\/cs\/wp-json\/wp\/v2\/product_brand?post=8320"},{"taxonomy":"product_cat","embeddable":true,"href":"https:\/\/www.weingut-hirtl.at\/cs\/wp-json\/wp\/v2\/product_cat?post=8320"},{"taxonomy":"product_tag","embeddable":true,"href":"https:\/\/www.weingut-hirtl.at\/cs\/wp-json\/wp\/v2\/product_tag?post=8320"}],"curies":[{"name":"wp","href":"https:\/\/api.w.org\/{rel}","templated":true}]}}