{"id":8307,"date":"2020-11-25T18:05:27","date_gmt":"2020-11-25T17:05:27","guid":{"rendered":"https:\/\/www.weingut-hirtl.at\/product\/gruener-veltliner-weinviertel-dac-ried-waldberg-2024\/"},"modified":"2026-04-07T17:11:10","modified_gmt":"2026-04-07T15:11:10","slug":"gruener-veltliner-weinviertel-dac-ried-waldberg","status":"publish","type":"product","link":"https:\/\/www.weingut-hirtl.at\/cs\/produkt\/gruener-veltliner-weinviertel-dac-ried-waldberg\/","title":{"rendered":"Gr\u00fcner Veltliner Weinviertel DAC Ried Waldberg 2025"},"content":{"rendered":"","protected":false},"excerpt":{"rendered":"<p>Sv\u011b\u017e\u00ed, such\u00e9 a s jemnou ko\u0159enitost\u00ed se toto v\u00edno prezentuje \u017eivou kyselinou a osv\u011b\u017euj\u00edc\u00edm charakterem. Ve v\u016fni se objevuj\u00ed \u0161\u0165avnat\u00e9 t\u00f3ny hru\u0161ek a n\u00e1znak jable\u010dn\u00e9ho kv\u011btu. Nekomplikovan\u00e9, ale v\u00fdrazn\u00e9 v\u00edno s kr\u00e1snou sv\u011b\u017eest\u00ed \u2013 ide\u00e1ln\u00ed jako v\u0161estrann\u00fd doprovod k lehk\u00fdm pokrm\u016fm nebo jen pro \u010dist\u00fd po\u017eitek z pit\u00ed.<\/p>\n<p><strong>Zralost k pit\u00ed: <\/strong>1-4 roky<strong><br \/>\nObsah: <\/strong>0,75l<\/p>\n<p><strong>12,5 sv. % | such\u00e9<\/strong><\/p>\n[maxbutton id=\"8\" ]\n","protected":false},"featured_media":9274,"comment_status":"open","ping_status":"closed","template":"","meta":{"_acf_changed":false},"product_brand":[],"product_cat":[353,355,345],"product_tag":[371,437,373,380,436],"class_list":{"0":"post-8307","1":"product","2":"type-product","3":"status-publish","4":"has-post-thumbnail","6":"product_cat-bile-vino","7":"product_cat-bile-vino-lagen","8":"product_cat-jedina-lahev","9":"product_tag-apfel-cs","10":"product_tag-birnen-cs","11":"product_tag-pfeffer-cs","12":"product_tag-trocken-cs","13":"product_tag-wuerzig-cs","15":"first","16":"instock","17":"taxable","18":"shipping-taxable","19":"purchasable","20":"product-type-simple"},"acf":[],"yoast_head":"<!-- This site is optimized with the Yoast SEO plugin v27.3 - https:\/\/yoast.com\/product\/yoast-seo-wordpress\/ -->\n<title>Gr\u00fcner Veltliner Weinviertel DAC Ried Waldberg 2025 | Weingut Hirtl<\/title>\n<meta name=\"robots\" content=\"index, follow, max-snippet:-1, max-image-preview:large, max-video-preview:-1\" \/>\n<link rel=\"canonical\" href=\"https:\/\/www.weingut-hirtl.at\/cs\/produkt\/gruener-veltliner-weinviertel-dac-ried-waldberg\/\" \/>\n<meta property=\"og:locale\" content=\"cs_CZ\" \/>\n<meta property=\"og:type\" content=\"article\" \/>\n<meta property=\"og:title\" content=\"Gr\u00fcner Veltliner Weinviertel DAC Ried Waldberg 2025 | Weingut Hirtl\" \/>\n<meta property=\"og:description\" content=\"Sv\u011b\u017e\u00ed, such\u00e9 a s jemnou ko\u0159enitost\u00ed se toto v\u00edno prezentuje \u017eivou kyselinou a osv\u011b\u017euj\u00edc\u00edm charakterem. Ve v\u016fni se objevuj\u00ed \u0161\u0165avnat\u00e9 t\u00f3ny hru\u0161ek a n\u00e1znak jable\u010dn\u00e9ho kv\u011btu. Nekomplikovan\u00e9, ale v\u00fdrazn\u00e9 v\u00edno s kr\u00e1snou sv\u011b\u017eest\u00ed \u2013 ide\u00e1ln\u00ed jako v\u0161estrann\u00fd doprovod k lehk\u00fdm pokrm\u016fm nebo jen pro \u010dist\u00fd po\u017eitek z pit\u00ed.  Zralost k pit\u00ed: 1-4 roky Obsah: 0,75l  12,5 sv. % | such\u00e9\" \/>\n<meta property=\"og:url\" content=\"https:\/\/www.weingut-hirtl.at\/cs\/produkt\/gruener-veltliner-weinviertel-dac-ried-waldberg\/\" \/>\n<meta property=\"og:site_name\" content=\"Weingut Hirtl\" \/>\n<meta property=\"article:publisher\" content=\"https:\/\/www.facebook.com\/Wein.Hirtl\" \/>\n<meta property=\"article:modified_time\" content=\"2026-04-07T15:11:10+00:00\" \/>\n<meta property=\"og:image\" content=\"https:\/\/www.weingut-hirtl.at\/www\/wp-content\/uploads\/2020\/11\/Weinviertel-DAC-Waldberg-Gold-Weingut-Hirtl.png\" \/>\n\t<meta property=\"og:image:width\" content=\"600\" \/>\n\t<meta property=\"og:image:height\" content=\"600\" \/>\n\t<meta property=\"og:image:type\" content=\"image\/png\" \/>\n<meta name=\"twitter:card\" content=\"summary_large_image\" \/>\n<meta name=\"twitter:label1\" content=\"Odhadovan\u00e1 doba \u010dten\u00ed\" \/>\n\t<meta name=\"twitter:data1\" content=\"1 minuta\" \/>\n<script type=\"application\/ld+json\" class=\"yoast-schema-graph\">{\"@context\":\"https:\\\/\\\/schema.org\",\"@graph\":[{\"@type\":\"WebPage\",\"@id\":\"https:\\\/\\\/www.weingut-hirtl.at\\\/cs\\\/produkt\\\/gruener-veltliner-weinviertel-dac-ried-waldberg\\\/\",\"url\":\"https:\\\/\\\/www.weingut-hirtl.at\\\/cs\\\/produkt\\\/gruener-veltliner-weinviertel-dac-ried-waldberg\\\/\",\"name\":\"Gr\u00fcner Veltliner Weinviertel DAC Ried Waldberg 2025 | Weingut Hirtl\",\"isPartOf\":{\"@id\":\"https:\\\/\\\/www.weingut-hirtl.at\\\/cs\\\/#website\"},\"primaryImageOfPage\":{\"@id\":\"https:\\\/\\\/www.weingut-hirtl.at\\\/cs\\\/produkt\\\/gruener-veltliner-weinviertel-dac-ried-waldberg\\\/#primaryimage\"},\"image\":{\"@id\":\"https:\\\/\\\/www.weingut-hirtl.at\\\/cs\\\/produkt\\\/gruener-veltliner-weinviertel-dac-ried-waldberg\\\/#primaryimage\"},\"thumbnailUrl\":\"https:\\\/\\\/www.weingut-hirtl.at\\\/www\\\/wp-content\\\/uploads\\\/2020\\\/11\\\/Weinviertel-DAC-Waldberg-Gold-Weingut-Hirtl.png\",\"datePublished\":\"2020-11-25T17:05:27+00:00\",\"dateModified\":\"2026-04-07T15:11:10+00:00\",\"breadcrumb\":{\"@id\":\"https:\\\/\\\/www.weingut-hirtl.at\\\/cs\\\/produkt\\\/gruener-veltliner-weinviertel-dac-ried-waldberg\\\/#breadcrumb\"},\"inLanguage\":\"cs\",\"potentialAction\":[{\"@type\":\"ReadAction\",\"target\":[\"https:\\\/\\\/www.weingut-hirtl.at\\\/cs\\\/produkt\\\/gruener-veltliner-weinviertel-dac-ried-waldberg\\\/\"]}]},{\"@type\":\"ImageObject\",\"inLanguage\":\"cs\",\"@id\":\"https:\\\/\\\/www.weingut-hirtl.at\\\/cs\\\/produkt\\\/gruener-veltliner-weinviertel-dac-ried-waldberg\\\/#primaryimage\",\"url\":\"https:\\\/\\\/www.weingut-hirtl.at\\\/www\\\/wp-content\\\/uploads\\\/2020\\\/11\\\/Weinviertel-DAC-Waldberg-Gold-Weingut-Hirtl.png\",\"contentUrl\":\"https:\\\/\\\/www.weingut-hirtl.at\\\/www\\\/wp-content\\\/uploads\\\/2020\\\/11\\\/Weinviertel-DAC-Waldberg-Gold-Weingut-Hirtl.png\",\"width\":600,\"height\":600,\"caption\":\"Typischer Weinviertel DAC aus Poysdorf \u2013 aromatische Speckbirne, feine Pfefferw\u00fcrze und ausgepr\u00e4gter regionaler Charakter\"},{\"@type\":\"BreadcrumbList\",\"@id\":\"https:\\\/\\\/www.weingut-hirtl.at\\\/cs\\\/produkt\\\/gruener-veltliner-weinviertel-dac-ried-waldberg\\\/#breadcrumb\",\"itemListElement\":[{\"@type\":\"ListItem\",\"position\":1,\"name\":\"Startseite\",\"item\":\"https:\\\/\\\/www.weingut-hirtl.at\\\/cs\\\/\"},{\"@type\":\"ListItem\",\"position\":2,\"name\":\"Shop\",\"item\":\"https:\\\/\\\/www.weingut-hirtl.at\\\/shop\\\/\"},{\"@type\":\"ListItem\",\"position\":3,\"name\":\"Gr\u00fcner Veltliner Weinviertel DAC Ried Waldberg 2025\"}]},{\"@type\":\"WebSite\",\"@id\":\"https:\\\/\\\/www.weingut-hirtl.at\\\/cs\\\/#website\",\"url\":\"https:\\\/\\\/www.weingut-hirtl.at\\\/cs\\\/\",\"name\":\"Weingut Hirtl\",\"description\":\"\",\"publisher\":{\"@id\":\"https:\\\/\\\/www.weingut-hirtl.at\\\/cs\\\/#organization\"},\"potentialAction\":[{\"@type\":\"SearchAction\",\"target\":{\"@type\":\"EntryPoint\",\"urlTemplate\":\"https:\\\/\\\/www.weingut-hirtl.at\\\/cs\\\/?s={search_term_string}\"},\"query-input\":{\"@type\":\"PropertyValueSpecification\",\"valueRequired\":true,\"valueName\":\"search_term_string\"}}],\"inLanguage\":\"cs\"},{\"@type\":\"Organization\",\"@id\":\"https:\\\/\\\/www.weingut-hirtl.at\\\/cs\\\/#organization\",\"name\":\"Weingut Hirtl\",\"url\":\"https:\\\/\\\/www.weingut-hirtl.at\\\/cs\\\/\",\"logo\":{\"@type\":\"ImageObject\",\"inLanguage\":\"cs\",\"@id\":\"https:\\\/\\\/www.weingut-hirtl.at\\\/cs\\\/#\\\/schema\\\/logo\\\/image\\\/\",\"url\":\"https:\\\/\\\/www.weingut-hirtl.at\\\/www\\\/wp-content\\\/uploads\\\/2024\\\/04\\\/Hirtl_Logo-1024x819-1.jpg\",\"contentUrl\":\"https:\\\/\\\/www.weingut-hirtl.at\\\/www\\\/wp-content\\\/uploads\\\/2024\\\/04\\\/Hirtl_Logo-1024x819-1.jpg\",\"width\":1024,\"height\":819,\"caption\":\"Weingut Hirtl\"},\"image\":{\"@id\":\"https:\\\/\\\/www.weingut-hirtl.at\\\/cs\\\/#\\\/schema\\\/logo\\\/image\\\/\"},\"sameAs\":[\"https:\\\/\\\/www.facebook.com\\\/Wein.Hirtl\",\"https:\\\/\\\/www.instagram.com\\\/weingut_hirtl\\\/\"]}]}<\/script>\n<!-- \/ Yoast SEO plugin. -->","yoast_head_json":{"title":"Gr\u00fcner Veltliner Weinviertel DAC Ried Waldberg 2025 | Weingut Hirtl","robots":{"index":"index","follow":"follow","max-snippet":"max-snippet:-1","max-image-preview":"max-image-preview:large","max-video-preview":"max-video-preview:-1"},"canonical":"https:\/\/www.weingut-hirtl.at\/cs\/produkt\/gruener-veltliner-weinviertel-dac-ried-waldberg\/","og_locale":"cs_CZ","og_type":"article","og_title":"Gr\u00fcner Veltliner Weinviertel DAC Ried Waldberg 2025 | Weingut Hirtl","og_description":"Sv\u011b\u017e\u00ed, such\u00e9 a s jemnou ko\u0159enitost\u00ed se toto v\u00edno prezentuje \u017eivou kyselinou a osv\u011b\u017euj\u00edc\u00edm charakterem. Ve v\u016fni se objevuj\u00ed \u0161\u0165avnat\u00e9 t\u00f3ny hru\u0161ek a n\u00e1znak jable\u010dn\u00e9ho kv\u011btu. Nekomplikovan\u00e9, ale v\u00fdrazn\u00e9 v\u00edno s kr\u00e1snou sv\u011b\u017eest\u00ed \u2013 ide\u00e1ln\u00ed jako v\u0161estrann\u00fd doprovod k lehk\u00fdm pokrm\u016fm nebo jen pro \u010dist\u00fd po\u017eitek z pit\u00ed.  Zralost k pit\u00ed: 1-4 roky Obsah: 0,75l  12,5 sv. % | such\u00e9","og_url":"https:\/\/www.weingut-hirtl.at\/cs\/produkt\/gruener-veltliner-weinviertel-dac-ried-waldberg\/","og_site_name":"Weingut Hirtl","article_publisher":"https:\/\/www.facebook.com\/Wein.Hirtl","article_modified_time":"2026-04-07T15:11:10+00:00","og_image":[{"width":600,"height":600,"url":"https:\/\/www.weingut-hirtl.at\/www\/wp-content\/uploads\/2020\/11\/Weinviertel-DAC-Waldberg-Gold-Weingut-Hirtl.png","type":"image\/png"}],"twitter_card":"summary_large_image","twitter_misc":{"Odhadovan\u00e1 doba \u010dten\u00ed":"1 minuta"},"schema":{"@context":"https:\/\/schema.org","@graph":[{"@type":"WebPage","@id":"https:\/\/www.weingut-hirtl.at\/cs\/produkt\/gruener-veltliner-weinviertel-dac-ried-waldberg\/","url":"https:\/\/www.weingut-hirtl.at\/cs\/produkt\/gruener-veltliner-weinviertel-dac-ried-waldberg\/","name":"Gr\u00fcner Veltliner Weinviertel DAC Ried Waldberg 2025 | Weingut Hirtl","isPartOf":{"@id":"https:\/\/www.weingut-hirtl.at\/cs\/#website"},"primaryImageOfPage":{"@id":"https:\/\/www.weingut-hirtl.at\/cs\/produkt\/gruener-veltliner-weinviertel-dac-ried-waldberg\/#primaryimage"},"image":{"@id":"https:\/\/www.weingut-hirtl.at\/cs\/produkt\/gruener-veltliner-weinviertel-dac-ried-waldberg\/#primaryimage"},"thumbnailUrl":"https:\/\/www.weingut-hirtl.at\/www\/wp-content\/uploads\/2020\/11\/Weinviertel-DAC-Waldberg-Gold-Weingut-Hirtl.png","datePublished":"2020-11-25T17:05:27+00:00","dateModified":"2026-04-07T15:11:10+00:00","breadcrumb":{"@id":"https:\/\/www.weingut-hirtl.at\/cs\/produkt\/gruener-veltliner-weinviertel-dac-ried-waldberg\/#breadcrumb"},"inLanguage":"cs","potentialAction":[{"@type":"ReadAction","target":["https:\/\/www.weingut-hirtl.at\/cs\/produkt\/gruener-veltliner-weinviertel-dac-ried-waldberg\/"]}]},{"@type":"ImageObject","inLanguage":"cs","@id":"https:\/\/www.weingut-hirtl.at\/cs\/produkt\/gruener-veltliner-weinviertel-dac-ried-waldberg\/#primaryimage","url":"https:\/\/www.weingut-hirtl.at\/www\/wp-content\/uploads\/2020\/11\/Weinviertel-DAC-Waldberg-Gold-Weingut-Hirtl.png","contentUrl":"https:\/\/www.weingut-hirtl.at\/www\/wp-content\/uploads\/2020\/11\/Weinviertel-DAC-Waldberg-Gold-Weingut-Hirtl.png","width":600,"height":600,"caption":"Typischer Weinviertel DAC aus Poysdorf \u2013 aromatische Speckbirne, feine Pfefferw\u00fcrze und ausgepr\u00e4gter regionaler Charakter"},{"@type":"BreadcrumbList","@id":"https:\/\/www.weingut-hirtl.at\/cs\/produkt\/gruener-veltliner-weinviertel-dac-ried-waldberg\/#breadcrumb","itemListElement":[{"@type":"ListItem","position":1,"name":"Startseite","item":"https:\/\/www.weingut-hirtl.at\/cs\/"},{"@type":"ListItem","position":2,"name":"Shop","item":"https:\/\/www.weingut-hirtl.at\/shop\/"},{"@type":"ListItem","position":3,"name":"Gr\u00fcner Veltliner Weinviertel DAC Ried Waldberg 2025"}]},{"@type":"WebSite","@id":"https:\/\/www.weingut-hirtl.at\/cs\/#website","url":"https:\/\/www.weingut-hirtl.at\/cs\/","name":"Weingut Hirtl","description":"","publisher":{"@id":"https:\/\/www.weingut-hirtl.at\/cs\/#organization"},"potentialAction":[{"@type":"SearchAction","target":{"@type":"EntryPoint","urlTemplate":"https:\/\/www.weingut-hirtl.at\/cs\/?s={search_term_string}"},"query-input":{"@type":"PropertyValueSpecification","valueRequired":true,"valueName":"search_term_string"}}],"inLanguage":"cs"},{"@type":"Organization","@id":"https:\/\/www.weingut-hirtl.at\/cs\/#organization","name":"Weingut Hirtl","url":"https:\/\/www.weingut-hirtl.at\/cs\/","logo":{"@type":"ImageObject","inLanguage":"cs","@id":"https:\/\/www.weingut-hirtl.at\/cs\/#\/schema\/logo\/image\/","url":"https:\/\/www.weingut-hirtl.at\/www\/wp-content\/uploads\/2024\/04\/Hirtl_Logo-1024x819-1.jpg","contentUrl":"https:\/\/www.weingut-hirtl.at\/www\/wp-content\/uploads\/2024\/04\/Hirtl_Logo-1024x819-1.jpg","width":1024,"height":819,"caption":"Weingut Hirtl"},"image":{"@id":"https:\/\/www.weingut-hirtl.at\/cs\/#\/schema\/logo\/image\/"},"sameAs":["https:\/\/www.facebook.com\/Wein.Hirtl","https:\/\/www.instagram.com\/weingut_hirtl\/"]}]}},"_links":{"self":[{"href":"https:\/\/www.weingut-hirtl.at\/cs\/wp-json\/wp\/v2\/product\/8307","targetHints":{"allow":["GET"]}}],"collection":[{"href":"https:\/\/www.weingut-hirtl.at\/cs\/wp-json\/wp\/v2\/product"}],"about":[{"href":"https:\/\/www.weingut-hirtl.at\/cs\/wp-json\/wp\/v2\/types\/product"}],"replies":[{"embeddable":true,"href":"https:\/\/www.weingut-hirtl.at\/cs\/wp-json\/wp\/v2\/comments?post=8307"}],"wp:featuredmedia":[{"embeddable":true,"href":"https:\/\/www.weingut-hirtl.at\/cs\/wp-json\/wp\/v2\/media\/9274"}],"wp:attachment":[{"href":"https:\/\/www.weingut-hirtl.at\/cs\/wp-json\/wp\/v2\/media?parent=8307"}],"wp:term":[{"taxonomy":"product_brand","embeddable":true,"href":"https:\/\/www.weingut-hirtl.at\/cs\/wp-json\/wp\/v2\/product_brand?post=8307"},{"taxonomy":"product_cat","embeddable":true,"href":"https:\/\/www.weingut-hirtl.at\/cs\/wp-json\/wp\/v2\/product_cat?post=8307"},{"taxonomy":"product_tag","embeddable":true,"href":"https:\/\/www.weingut-hirtl.at\/cs\/wp-json\/wp\/v2\/product_tag?post=8307"}],"curies":[{"name":"wp","href":"https:\/\/api.w.org\/{rel}","templated":true}]}}