{"id":8289,"date":"2020-11-25T18:05:27","date_gmt":"2020-11-25T17:05:27","guid":{"rendered":"https:\/\/www.weingut-hirtl.at\/product\/frizzante-gelber-muskateller-2023\/"},"modified":"2026-04-07T14:38:16","modified_gmt":"2026-04-07T12:38:16","slug":"frizzante-gelber-muskateller","status":"publish","type":"product","link":"https:\/\/www.weingut-hirtl.at\/cs\/produkt\/frizzante-gelber-muskateller\/","title":{"rendered":"Frizzante Gelber Muskateller 2025"},"content":{"rendered":"","protected":false},"excerpt":{"rendered":"<p data-start=\"423\" data-end=\"636\">Sv\u016fdn\u00e1 v\u016fn\u011b bezov\u00e9ho kv\u011btu a r\u016f\u017eov\u00e9 zahrady. Such\u00e9 v\u00edno s dob\u0159e integrovanou kyselinou a \u017eiv\u00fdm perlen\u00edm zd\u016fraz\u0148uje t\u00f3ny \u010derstv\u00fdch hrozn\u016f a mu\u0161k\u00e1tov\u00e9ho kv\u011btu. Jemn\u00fd n\u00e1dech sladkosti, broskev dopl\u0148uje ovocn\u00fd profil.<\/p>\n<p data-start=\"638\" data-end=\"700\">Ide\u00e1ln\u00ed \u0161umiv\u00e9 v\u00edno na za\u010d\u00e1tek menu nebo jen tak pro pot\u011b\u0161en\u00ed.<\/p>\n<p><strong>Zralost k pit\u00ed: <\/strong>1-3 roky<strong><br \/>\nObsah:<\/strong> 0,75l<\/p>\n<p><strong>11,5 sv. % | such\u00e9<\/strong><\/p>\n","protected":false},"featured_media":9394,"comment_status":"open","ping_status":"closed","template":"","meta":{"_acf_changed":false},"product_brand":[],"product_cat":[345,346],"product_tag":[367,368,364,369,370,365,431,366,432,433],"class_list":{"0":"post-8289","1":"product","2":"type-product","3":"status-publish","4":"has-post-thumbnail","6":"product_cat-jedina-lahev","7":"product_cat-sumive","8":"product_tag-aromasorten-cs","9":"product_tag-aromatisch-cs","10":"product_tag-duftig-cs","11":"product_tag-floral-cs","12":"product_tag-frizzante-cs","13":"product_tag-fruchtig-cs","14":"product_tag-perlwein-cs","15":"product_tag-prickelnd-cs","16":"product_tag-restsuess-cs","17":"product_tag-zuckerspitzerl-cs","19":"first","20":"instock","21":"taxable","22":"shipping-taxable","23":"purchasable","24":"product-type-simple"},"acf":[],"yoast_head":"<!-- This site is optimized with the Yoast SEO plugin v27.3 - https:\/\/yoast.com\/product\/yoast-seo-wordpress\/ -->\n<title>Frizzante Gelber Muskateller 2025 | Weingut Hirtl<\/title>\n<meta name=\"robots\" content=\"index, follow, max-snippet:-1, max-image-preview:large, max-video-preview:-1\" \/>\n<link rel=\"canonical\" href=\"https:\/\/www.weingut-hirtl.at\/cs\/produkt\/frizzante-gelber-muskateller\/\" \/>\n<meta property=\"og:locale\" content=\"cs_CZ\" \/>\n<meta property=\"og:type\" content=\"article\" \/>\n<meta property=\"og:title\" content=\"Frizzante Gelber Muskateller 2025 | Weingut Hirtl\" \/>\n<meta property=\"og:description\" content=\"Sv\u016fdn\u00e1 v\u016fn\u011b bezov\u00e9ho kv\u011btu a r\u016f\u017eov\u00e9 zahrady. Such\u00e9 v\u00edno s dob\u0159e integrovanou kyselinou a \u017eiv\u00fdm perlen\u00edm zd\u016fraz\u0148uje t\u00f3ny \u010derstv\u00fdch hrozn\u016f a mu\u0161k\u00e1tov\u00e9ho kv\u011btu. Jemn\u00fd n\u00e1dech sladkosti, broskev dopl\u0148uje ovocn\u00fd profil. Ide\u00e1ln\u00ed \u0161umiv\u00e9 v\u00edno na za\u010d\u00e1tek menu nebo jen tak pro pot\u011b\u0161en\u00ed. Zralost k pit\u00ed: 1-3 roky Obsah: 0,75l  11,5 sv. % | such\u00e9\" \/>\n<meta property=\"og:url\" content=\"https:\/\/www.weingut-hirtl.at\/cs\/produkt\/frizzante-gelber-muskateller\/\" \/>\n<meta property=\"og:site_name\" content=\"Weingut Hirtl\" \/>\n<meta property=\"article:publisher\" content=\"https:\/\/www.facebook.com\/Wein.Hirtl\" \/>\n<meta property=\"article:modified_time\" content=\"2026-04-07T12:38:16+00:00\" \/>\n<meta property=\"og:image\" content=\"https:\/\/www.weingut-hirtl.at\/www\/wp-content\/uploads\/2020\/11\/Frizzante-Gelber-Muskateller-Weingut-Hirtl-1.png\" \/>\n\t<meta property=\"og:image:width\" content=\"600\" \/>\n\t<meta property=\"og:image:height\" content=\"600\" \/>\n\t<meta property=\"og:image:type\" content=\"image\/png\" \/>\n<meta name=\"twitter:card\" content=\"summary_large_image\" \/>\n<meta name=\"twitter:label1\" content=\"Odhadovan\u00e1 doba \u010dten\u00ed\" \/>\n\t<meta name=\"twitter:data1\" content=\"1 minuta\" \/>\n<script type=\"application\/ld+json\" class=\"yoast-schema-graph\">{\"@context\":\"https:\\\/\\\/schema.org\",\"@graph\":[{\"@type\":\"WebPage\",\"@id\":\"https:\\\/\\\/www.weingut-hirtl.at\\\/cs\\\/produkt\\\/frizzante-gelber-muskateller\\\/\",\"url\":\"https:\\\/\\\/www.weingut-hirtl.at\\\/cs\\\/produkt\\\/frizzante-gelber-muskateller\\\/\",\"name\":\"Frizzante Gelber Muskateller 2025 | Weingut Hirtl\",\"isPartOf\":{\"@id\":\"https:\\\/\\\/www.weingut-hirtl.at\\\/cs\\\/#website\"},\"primaryImageOfPage\":{\"@id\":\"https:\\\/\\\/www.weingut-hirtl.at\\\/cs\\\/produkt\\\/frizzante-gelber-muskateller\\\/#primaryimage\"},\"image\":{\"@id\":\"https:\\\/\\\/www.weingut-hirtl.at\\\/cs\\\/produkt\\\/frizzante-gelber-muskateller\\\/#primaryimage\"},\"thumbnailUrl\":\"https:\\\/\\\/www.weingut-hirtl.at\\\/www\\\/wp-content\\\/uploads\\\/2020\\\/11\\\/Frizzante-Gelber-Muskateller-Weingut-Hirtl-1.png\",\"datePublished\":\"2020-11-25T17:05:27+00:00\",\"dateModified\":\"2026-04-07T12:38:16+00:00\",\"breadcrumb\":{\"@id\":\"https:\\\/\\\/www.weingut-hirtl.at\\\/cs\\\/produkt\\\/frizzante-gelber-muskateller\\\/#breadcrumb\"},\"inLanguage\":\"cs\",\"potentialAction\":[{\"@type\":\"ReadAction\",\"target\":[\"https:\\\/\\\/www.weingut-hirtl.at\\\/cs\\\/produkt\\\/frizzante-gelber-muskateller\\\/\"]}]},{\"@type\":\"ImageObject\",\"inLanguage\":\"cs\",\"@id\":\"https:\\\/\\\/www.weingut-hirtl.at\\\/cs\\\/produkt\\\/frizzante-gelber-muskateller\\\/#primaryimage\",\"url\":\"https:\\\/\\\/www.weingut-hirtl.at\\\/www\\\/wp-content\\\/uploads\\\/2020\\\/11\\\/Frizzante-Gelber-Muskateller-Weingut-Hirtl-1.png\",\"contentUrl\":\"https:\\\/\\\/www.weingut-hirtl.at\\\/www\\\/wp-content\\\/uploads\\\/2020\\\/11\\\/Frizzante-Gelber-Muskateller-Weingut-Hirtl-1.png\",\"width\":600,\"height\":600},{\"@type\":\"BreadcrumbList\",\"@id\":\"https:\\\/\\\/www.weingut-hirtl.at\\\/cs\\\/produkt\\\/frizzante-gelber-muskateller\\\/#breadcrumb\",\"itemListElement\":[{\"@type\":\"ListItem\",\"position\":1,\"name\":\"Startseite\",\"item\":\"https:\\\/\\\/www.weingut-hirtl.at\\\/cs\\\/\"},{\"@type\":\"ListItem\",\"position\":2,\"name\":\"Shop\",\"item\":\"https:\\\/\\\/www.weingut-hirtl.at\\\/shop\\\/\"},{\"@type\":\"ListItem\",\"position\":3,\"name\":\"Frizzante Gelber Muskateller 2025\"}]},{\"@type\":\"WebSite\",\"@id\":\"https:\\\/\\\/www.weingut-hirtl.at\\\/cs\\\/#website\",\"url\":\"https:\\\/\\\/www.weingut-hirtl.at\\\/cs\\\/\",\"name\":\"Weingut Hirtl\",\"description\":\"\",\"publisher\":{\"@id\":\"https:\\\/\\\/www.weingut-hirtl.at\\\/cs\\\/#organization\"},\"potentialAction\":[{\"@type\":\"SearchAction\",\"target\":{\"@type\":\"EntryPoint\",\"urlTemplate\":\"https:\\\/\\\/www.weingut-hirtl.at\\\/cs\\\/?s={search_term_string}\"},\"query-input\":{\"@type\":\"PropertyValueSpecification\",\"valueRequired\":true,\"valueName\":\"search_term_string\"}}],\"inLanguage\":\"cs\"},{\"@type\":\"Organization\",\"@id\":\"https:\\\/\\\/www.weingut-hirtl.at\\\/cs\\\/#organization\",\"name\":\"Weingut Hirtl\",\"url\":\"https:\\\/\\\/www.weingut-hirtl.at\\\/cs\\\/\",\"logo\":{\"@type\":\"ImageObject\",\"inLanguage\":\"cs\",\"@id\":\"https:\\\/\\\/www.weingut-hirtl.at\\\/cs\\\/#\\\/schema\\\/logo\\\/image\\\/\",\"url\":\"https:\\\/\\\/www.weingut-hirtl.at\\\/www\\\/wp-content\\\/uploads\\\/2024\\\/04\\\/Hirtl_Logo-1024x819-1.jpg\",\"contentUrl\":\"https:\\\/\\\/www.weingut-hirtl.at\\\/www\\\/wp-content\\\/uploads\\\/2024\\\/04\\\/Hirtl_Logo-1024x819-1.jpg\",\"width\":1024,\"height\":819,\"caption\":\"Weingut Hirtl\"},\"image\":{\"@id\":\"https:\\\/\\\/www.weingut-hirtl.at\\\/cs\\\/#\\\/schema\\\/logo\\\/image\\\/\"},\"sameAs\":[\"https:\\\/\\\/www.facebook.com\\\/Wein.Hirtl\",\"https:\\\/\\\/www.instagram.com\\\/weingut_hirtl\\\/\"]}]}<\/script>\n<!-- \/ Yoast SEO plugin. -->","yoast_head_json":{"title":"Frizzante Gelber Muskateller 2025 | Weingut Hirtl","robots":{"index":"index","follow":"follow","max-snippet":"max-snippet:-1","max-image-preview":"max-image-preview:large","max-video-preview":"max-video-preview:-1"},"canonical":"https:\/\/www.weingut-hirtl.at\/cs\/produkt\/frizzante-gelber-muskateller\/","og_locale":"cs_CZ","og_type":"article","og_title":"Frizzante Gelber Muskateller 2025 | Weingut Hirtl","og_description":"Sv\u016fdn\u00e1 v\u016fn\u011b bezov\u00e9ho kv\u011btu a r\u016f\u017eov\u00e9 zahrady. Such\u00e9 v\u00edno s dob\u0159e integrovanou kyselinou a \u017eiv\u00fdm perlen\u00edm zd\u016fraz\u0148uje t\u00f3ny \u010derstv\u00fdch hrozn\u016f a mu\u0161k\u00e1tov\u00e9ho kv\u011btu. Jemn\u00fd n\u00e1dech sladkosti, broskev dopl\u0148uje ovocn\u00fd profil. Ide\u00e1ln\u00ed \u0161umiv\u00e9 v\u00edno na za\u010d\u00e1tek menu nebo jen tak pro pot\u011b\u0161en\u00ed. Zralost k pit\u00ed: 1-3 roky Obsah: 0,75l  11,5 sv. % | such\u00e9","og_url":"https:\/\/www.weingut-hirtl.at\/cs\/produkt\/frizzante-gelber-muskateller\/","og_site_name":"Weingut Hirtl","article_publisher":"https:\/\/www.facebook.com\/Wein.Hirtl","article_modified_time":"2026-04-07T12:38:16+00:00","og_image":[{"width":600,"height":600,"url":"https:\/\/www.weingut-hirtl.at\/www\/wp-content\/uploads\/2020\/11\/Frizzante-Gelber-Muskateller-Weingut-Hirtl-1.png","type":"image\/png"}],"twitter_card":"summary_large_image","twitter_misc":{"Odhadovan\u00e1 doba \u010dten\u00ed":"1 minuta"},"schema":{"@context":"https:\/\/schema.org","@graph":[{"@type":"WebPage","@id":"https:\/\/www.weingut-hirtl.at\/cs\/produkt\/frizzante-gelber-muskateller\/","url":"https:\/\/www.weingut-hirtl.at\/cs\/produkt\/frizzante-gelber-muskateller\/","name":"Frizzante Gelber Muskateller 2025 | Weingut Hirtl","isPartOf":{"@id":"https:\/\/www.weingut-hirtl.at\/cs\/#website"},"primaryImageOfPage":{"@id":"https:\/\/www.weingut-hirtl.at\/cs\/produkt\/frizzante-gelber-muskateller\/#primaryimage"},"image":{"@id":"https:\/\/www.weingut-hirtl.at\/cs\/produkt\/frizzante-gelber-muskateller\/#primaryimage"},"thumbnailUrl":"https:\/\/www.weingut-hirtl.at\/www\/wp-content\/uploads\/2020\/11\/Frizzante-Gelber-Muskateller-Weingut-Hirtl-1.png","datePublished":"2020-11-25T17:05:27+00:00","dateModified":"2026-04-07T12:38:16+00:00","breadcrumb":{"@id":"https:\/\/www.weingut-hirtl.at\/cs\/produkt\/frizzante-gelber-muskateller\/#breadcrumb"},"inLanguage":"cs","potentialAction":[{"@type":"ReadAction","target":["https:\/\/www.weingut-hirtl.at\/cs\/produkt\/frizzante-gelber-muskateller\/"]}]},{"@type":"ImageObject","inLanguage":"cs","@id":"https:\/\/www.weingut-hirtl.at\/cs\/produkt\/frizzante-gelber-muskateller\/#primaryimage","url":"https:\/\/www.weingut-hirtl.at\/www\/wp-content\/uploads\/2020\/11\/Frizzante-Gelber-Muskateller-Weingut-Hirtl-1.png","contentUrl":"https:\/\/www.weingut-hirtl.at\/www\/wp-content\/uploads\/2020\/11\/Frizzante-Gelber-Muskateller-Weingut-Hirtl-1.png","width":600,"height":600},{"@type":"BreadcrumbList","@id":"https:\/\/www.weingut-hirtl.at\/cs\/produkt\/frizzante-gelber-muskateller\/#breadcrumb","itemListElement":[{"@type":"ListItem","position":1,"name":"Startseite","item":"https:\/\/www.weingut-hirtl.at\/cs\/"},{"@type":"ListItem","position":2,"name":"Shop","item":"https:\/\/www.weingut-hirtl.at\/shop\/"},{"@type":"ListItem","position":3,"name":"Frizzante Gelber Muskateller 2025"}]},{"@type":"WebSite","@id":"https:\/\/www.weingut-hirtl.at\/cs\/#website","url":"https:\/\/www.weingut-hirtl.at\/cs\/","name":"Weingut Hirtl","description":"","publisher":{"@id":"https:\/\/www.weingut-hirtl.at\/cs\/#organization"},"potentialAction":[{"@type":"SearchAction","target":{"@type":"EntryPoint","urlTemplate":"https:\/\/www.weingut-hirtl.at\/cs\/?s={search_term_string}"},"query-input":{"@type":"PropertyValueSpecification","valueRequired":true,"valueName":"search_term_string"}}],"inLanguage":"cs"},{"@type":"Organization","@id":"https:\/\/www.weingut-hirtl.at\/cs\/#organization","name":"Weingut Hirtl","url":"https:\/\/www.weingut-hirtl.at\/cs\/","logo":{"@type":"ImageObject","inLanguage":"cs","@id":"https:\/\/www.weingut-hirtl.at\/cs\/#\/schema\/logo\/image\/","url":"https:\/\/www.weingut-hirtl.at\/www\/wp-content\/uploads\/2024\/04\/Hirtl_Logo-1024x819-1.jpg","contentUrl":"https:\/\/www.weingut-hirtl.at\/www\/wp-content\/uploads\/2024\/04\/Hirtl_Logo-1024x819-1.jpg","width":1024,"height":819,"caption":"Weingut Hirtl"},"image":{"@id":"https:\/\/www.weingut-hirtl.at\/cs\/#\/schema\/logo\/image\/"},"sameAs":["https:\/\/www.facebook.com\/Wein.Hirtl","https:\/\/www.instagram.com\/weingut_hirtl\/"]}]}},"_links":{"self":[{"href":"https:\/\/www.weingut-hirtl.at\/cs\/wp-json\/wp\/v2\/product\/8289","targetHints":{"allow":["GET"]}}],"collection":[{"href":"https:\/\/www.weingut-hirtl.at\/cs\/wp-json\/wp\/v2\/product"}],"about":[{"href":"https:\/\/www.weingut-hirtl.at\/cs\/wp-json\/wp\/v2\/types\/product"}],"replies":[{"embeddable":true,"href":"https:\/\/www.weingut-hirtl.at\/cs\/wp-json\/wp\/v2\/comments?post=8289"}],"wp:featuredmedia":[{"embeddable":true,"href":"https:\/\/www.weingut-hirtl.at\/cs\/wp-json\/wp\/v2\/media\/9394"}],"wp:attachment":[{"href":"https:\/\/www.weingut-hirtl.at\/cs\/wp-json\/wp\/v2\/media?parent=8289"}],"wp:term":[{"taxonomy":"product_brand","embeddable":true,"href":"https:\/\/www.weingut-hirtl.at\/cs\/wp-json\/wp\/v2\/product_brand?post=8289"},{"taxonomy":"product_cat","embeddable":true,"href":"https:\/\/www.weingut-hirtl.at\/cs\/wp-json\/wp\/v2\/product_cat?post=8289"},{"taxonomy":"product_tag","embeddable":true,"href":"https:\/\/www.weingut-hirtl.at\/cs\/wp-json\/wp\/v2\/product_tag?post=8289"}],"curies":[{"name":"wp","href":"https:\/\/api.w.org\/{rel}","templated":true}]}}