{"id":8244,"date":"2020-11-25T18:05:29","date_gmt":"2020-11-25T17:05:29","guid":{"rendered":"https:\/\/www.weingut-hirtl.at\/product\/bio-kuerbiskernoel-025-l\/"},"modified":"2026-04-01T14:50:48","modified_gmt":"2026-04-01T12:50:48","slug":"bio-kuerbiskernoel-025-l","status":"publish","type":"product","link":"https:\/\/www.weingut-hirtl.at\/cs\/produkt\/bio-kuerbiskernoel-025-l\/","title":{"rendered":"Bio-K\u00fcrbiskern\u00f6l 0,25 l"},"content":{"rendered":"","protected":false},"excerpt":{"rendered":"<p>Vysoce kvalitn\u00ed bio d\u00fd\u0148ov\u00fd olej z regionu Weinviertel \u2013 lisovan\u00fd za studena z pe\u010dliv\u011b vybran\u00fdch d\u00fd\u0148ov\u00fdch sem\u00ednek. Bohat\u00fd na nenasycen\u00e9 mastn\u00e9 kyseliny, antioxidanty a cenn\u00e9 vitam\u00edny. D\u00edky sv\u00e9 intenzivn\u00ed o\u0159\u00ed\u0161kov\u00e9 chuti skv\u011ble dochut\u00ed sal\u00e1ty, pol\u00e9vky i \u0161t\u00fdrsk\u00e9 speciality. Vyroben\u00fd v tradi\u010dn\u00ed lisovn\u011b Schalk M\u00fchle \u2013 pro skute\u010dn\u00fd po\u017eitek s region\u00e1ln\u00edm charakterem.<\/p>\n","protected":false},"featured_media":9286,"comment_status":"open","ping_status":"closed","template":"","meta":{"_acf_changed":false},"product_brand":[],"product_cat":[345,357],"product_tag":[403,405,406,404],"class_list":{"0":"post-8244","1":"product","2":"type-product","3":"status-publish","4":"has-post-thumbnail","6":"product_cat-jedina-lahev","7":"product_cat-oleje","8":"product_tag-bio-cs","9":"product_tag-kaltgepresst-cs","10":"product_tag-kuerbis-cs","11":"product_tag-oel-cs","13":"first","14":"instock","15":"taxable","16":"shipping-taxable","17":"purchasable","18":"product-type-simple"},"acf":[],"yoast_head":"<!-- This site is optimized with the Yoast SEO plugin v27.3 - https:\/\/yoast.com\/product\/yoast-seo-wordpress\/ -->\n<title>Bio-K\u00fcrbiskern\u00f6l 0,25 l | Weingut Hirtl<\/title>\n<meta name=\"robots\" content=\"index, follow, max-snippet:-1, max-image-preview:large, max-video-preview:-1\" \/>\n<link rel=\"canonical\" href=\"https:\/\/www.weingut-hirtl.at\/cs\/produkt\/bio-kuerbiskernoel-025-l\/\" \/>\n<meta property=\"og:locale\" content=\"cs_CZ\" \/>\n<meta property=\"og:type\" content=\"article\" \/>\n<meta property=\"og:title\" content=\"Bio-K\u00fcrbiskern\u00f6l 0,25 l | Weingut Hirtl\" \/>\n<meta property=\"og:description\" content=\"Vysoce kvalitn\u00ed bio d\u00fd\u0148ov\u00fd olej z regionu Weinviertel \u2013 lisovan\u00fd za studena z pe\u010dliv\u011b vybran\u00fdch d\u00fd\u0148ov\u00fdch sem\u00ednek. Bohat\u00fd na nenasycen\u00e9 mastn\u00e9 kyseliny, antioxidanty a cenn\u00e9 vitam\u00edny. D\u00edky sv\u00e9 intenzivn\u00ed o\u0159\u00ed\u0161kov\u00e9 chuti skv\u011ble dochut\u00ed sal\u00e1ty, pol\u00e9vky i \u0161t\u00fdrsk\u00e9 speciality. Vyroben\u00fd v tradi\u010dn\u00ed lisovn\u011b Schalk M\u00fchle \u2013 pro skute\u010dn\u00fd po\u017eitek s region\u00e1ln\u00edm charakterem.\" \/>\n<meta property=\"og:url\" content=\"https:\/\/www.weingut-hirtl.at\/cs\/produkt\/bio-kuerbiskernoel-025-l\/\" \/>\n<meta property=\"og:site_name\" content=\"Weingut Hirtl\" \/>\n<meta property=\"article:publisher\" content=\"https:\/\/www.facebook.com\/Wein.Hirtl\" \/>\n<meta property=\"article:modified_time\" content=\"2026-04-01T12:50:48+00:00\" \/>\n<meta property=\"og:image\" content=\"https:\/\/www.weingut-hirtl.at\/www\/wp-content\/uploads\/2024\/04\/Kuerbiskernoel-250-ml-Weingut-Hirtl.png\" \/>\n\t<meta property=\"og:image:width\" content=\"600\" \/>\n\t<meta property=\"og:image:height\" content=\"600\" \/>\n\t<meta property=\"og:image:type\" content=\"image\/png\" \/>\n<meta name=\"twitter:card\" content=\"summary_large_image\" \/>\n<script type=\"application\/ld+json\" class=\"yoast-schema-graph\">{\"@context\":\"https:\\\/\\\/schema.org\",\"@graph\":[{\"@type\":\"WebPage\",\"@id\":\"https:\\\/\\\/www.weingut-hirtl.at\\\/cs\\\/produkt\\\/bio-kuerbiskernoel-025-l\\\/\",\"url\":\"https:\\\/\\\/www.weingut-hirtl.at\\\/cs\\\/produkt\\\/bio-kuerbiskernoel-025-l\\\/\",\"name\":\"Bio-K\u00fcrbiskern\u00f6l 0,25 l | Weingut Hirtl\",\"isPartOf\":{\"@id\":\"https:\\\/\\\/www.weingut-hirtl.at\\\/cs\\\/#website\"},\"primaryImageOfPage\":{\"@id\":\"https:\\\/\\\/www.weingut-hirtl.at\\\/cs\\\/produkt\\\/bio-kuerbiskernoel-025-l\\\/#primaryimage\"},\"image\":{\"@id\":\"https:\\\/\\\/www.weingut-hirtl.at\\\/cs\\\/produkt\\\/bio-kuerbiskernoel-025-l\\\/#primaryimage\"},\"thumbnailUrl\":\"https:\\\/\\\/www.weingut-hirtl.at\\\/www\\\/wp-content\\\/uploads\\\/2024\\\/04\\\/Kuerbiskernoel-250-ml-Weingut-Hirtl.png\",\"datePublished\":\"2020-11-25T17:05:29+00:00\",\"dateModified\":\"2026-04-01T12:50:48+00:00\",\"breadcrumb\":{\"@id\":\"https:\\\/\\\/www.weingut-hirtl.at\\\/cs\\\/produkt\\\/bio-kuerbiskernoel-025-l\\\/#breadcrumb\"},\"inLanguage\":\"cs\",\"potentialAction\":[{\"@type\":\"ReadAction\",\"target\":[\"https:\\\/\\\/www.weingut-hirtl.at\\\/cs\\\/produkt\\\/bio-kuerbiskernoel-025-l\\\/\"]}]},{\"@type\":\"ImageObject\",\"inLanguage\":\"cs\",\"@id\":\"https:\\\/\\\/www.weingut-hirtl.at\\\/cs\\\/produkt\\\/bio-kuerbiskernoel-025-l\\\/#primaryimage\",\"url\":\"https:\\\/\\\/www.weingut-hirtl.at\\\/www\\\/wp-content\\\/uploads\\\/2024\\\/04\\\/Kuerbiskernoel-250-ml-Weingut-Hirtl.png\",\"contentUrl\":\"https:\\\/\\\/www.weingut-hirtl.at\\\/www\\\/wp-content\\\/uploads\\\/2024\\\/04\\\/Kuerbiskernoel-250-ml-Weingut-Hirtl.png\",\"width\":600,\"height\":600,\"caption\":\"Weinviertler Qualit\u00e4t aus biologischem Anbau\"},{\"@type\":\"BreadcrumbList\",\"@id\":\"https:\\\/\\\/www.weingut-hirtl.at\\\/cs\\\/produkt\\\/bio-kuerbiskernoel-025-l\\\/#breadcrumb\",\"itemListElement\":[{\"@type\":\"ListItem\",\"position\":1,\"name\":\"Startseite\",\"item\":\"https:\\\/\\\/www.weingut-hirtl.at\\\/cs\\\/\"},{\"@type\":\"ListItem\",\"position\":2,\"name\":\"Shop\",\"item\":\"https:\\\/\\\/www.weingut-hirtl.at\\\/shop\\\/\"},{\"@type\":\"ListItem\",\"position\":3,\"name\":\"Bio-K\u00fcrbiskern\u00f6l 0,25 l\"}]},{\"@type\":\"WebSite\",\"@id\":\"https:\\\/\\\/www.weingut-hirtl.at\\\/cs\\\/#website\",\"url\":\"https:\\\/\\\/www.weingut-hirtl.at\\\/cs\\\/\",\"name\":\"Weingut Hirtl\",\"description\":\"\",\"publisher\":{\"@id\":\"https:\\\/\\\/www.weingut-hirtl.at\\\/cs\\\/#organization\"},\"potentialAction\":[{\"@type\":\"SearchAction\",\"target\":{\"@type\":\"EntryPoint\",\"urlTemplate\":\"https:\\\/\\\/www.weingut-hirtl.at\\\/cs\\\/?s={search_term_string}\"},\"query-input\":{\"@type\":\"PropertyValueSpecification\",\"valueRequired\":true,\"valueName\":\"search_term_string\"}}],\"inLanguage\":\"cs\"},{\"@type\":\"Organization\",\"@id\":\"https:\\\/\\\/www.weingut-hirtl.at\\\/cs\\\/#organization\",\"name\":\"Weingut Hirtl\",\"url\":\"https:\\\/\\\/www.weingut-hirtl.at\\\/cs\\\/\",\"logo\":{\"@type\":\"ImageObject\",\"inLanguage\":\"cs\",\"@id\":\"https:\\\/\\\/www.weingut-hirtl.at\\\/cs\\\/#\\\/schema\\\/logo\\\/image\\\/\",\"url\":\"https:\\\/\\\/www.weingut-hirtl.at\\\/www\\\/wp-content\\\/uploads\\\/2024\\\/04\\\/Hirtl_Logo-1024x819-1.jpg\",\"contentUrl\":\"https:\\\/\\\/www.weingut-hirtl.at\\\/www\\\/wp-content\\\/uploads\\\/2024\\\/04\\\/Hirtl_Logo-1024x819-1.jpg\",\"width\":1024,\"height\":819,\"caption\":\"Weingut Hirtl\"},\"image\":{\"@id\":\"https:\\\/\\\/www.weingut-hirtl.at\\\/cs\\\/#\\\/schema\\\/logo\\\/image\\\/\"},\"sameAs\":[\"https:\\\/\\\/www.facebook.com\\\/Wein.Hirtl\",\"https:\\\/\\\/www.instagram.com\\\/weingut_hirtl\\\/\"]}]}<\/script>\n<!-- \/ Yoast SEO plugin. -->","yoast_head_json":{"title":"Bio-K\u00fcrbiskern\u00f6l 0,25 l | Weingut Hirtl","robots":{"index":"index","follow":"follow","max-snippet":"max-snippet:-1","max-image-preview":"max-image-preview:large","max-video-preview":"max-video-preview:-1"},"canonical":"https:\/\/www.weingut-hirtl.at\/cs\/produkt\/bio-kuerbiskernoel-025-l\/","og_locale":"cs_CZ","og_type":"article","og_title":"Bio-K\u00fcrbiskern\u00f6l 0,25 l | Weingut Hirtl","og_description":"Vysoce kvalitn\u00ed bio d\u00fd\u0148ov\u00fd olej z regionu Weinviertel \u2013 lisovan\u00fd za studena z pe\u010dliv\u011b vybran\u00fdch d\u00fd\u0148ov\u00fdch sem\u00ednek. Bohat\u00fd na nenasycen\u00e9 mastn\u00e9 kyseliny, antioxidanty a cenn\u00e9 vitam\u00edny. D\u00edky sv\u00e9 intenzivn\u00ed o\u0159\u00ed\u0161kov\u00e9 chuti skv\u011ble dochut\u00ed sal\u00e1ty, pol\u00e9vky i \u0161t\u00fdrsk\u00e9 speciality. Vyroben\u00fd v tradi\u010dn\u00ed lisovn\u011b Schalk M\u00fchle \u2013 pro skute\u010dn\u00fd po\u017eitek s region\u00e1ln\u00edm charakterem.","og_url":"https:\/\/www.weingut-hirtl.at\/cs\/produkt\/bio-kuerbiskernoel-025-l\/","og_site_name":"Weingut Hirtl","article_publisher":"https:\/\/www.facebook.com\/Wein.Hirtl","article_modified_time":"2026-04-01T12:50:48+00:00","og_image":[{"width":600,"height":600,"url":"https:\/\/www.weingut-hirtl.at\/www\/wp-content\/uploads\/2024\/04\/Kuerbiskernoel-250-ml-Weingut-Hirtl.png","type":"image\/png"}],"twitter_card":"summary_large_image","schema":{"@context":"https:\/\/schema.org","@graph":[{"@type":"WebPage","@id":"https:\/\/www.weingut-hirtl.at\/cs\/produkt\/bio-kuerbiskernoel-025-l\/","url":"https:\/\/www.weingut-hirtl.at\/cs\/produkt\/bio-kuerbiskernoel-025-l\/","name":"Bio-K\u00fcrbiskern\u00f6l 0,25 l | Weingut Hirtl","isPartOf":{"@id":"https:\/\/www.weingut-hirtl.at\/cs\/#website"},"primaryImageOfPage":{"@id":"https:\/\/www.weingut-hirtl.at\/cs\/produkt\/bio-kuerbiskernoel-025-l\/#primaryimage"},"image":{"@id":"https:\/\/www.weingut-hirtl.at\/cs\/produkt\/bio-kuerbiskernoel-025-l\/#primaryimage"},"thumbnailUrl":"https:\/\/www.weingut-hirtl.at\/www\/wp-content\/uploads\/2024\/04\/Kuerbiskernoel-250-ml-Weingut-Hirtl.png","datePublished":"2020-11-25T17:05:29+00:00","dateModified":"2026-04-01T12:50:48+00:00","breadcrumb":{"@id":"https:\/\/www.weingut-hirtl.at\/cs\/produkt\/bio-kuerbiskernoel-025-l\/#breadcrumb"},"inLanguage":"cs","potentialAction":[{"@type":"ReadAction","target":["https:\/\/www.weingut-hirtl.at\/cs\/produkt\/bio-kuerbiskernoel-025-l\/"]}]},{"@type":"ImageObject","inLanguage":"cs","@id":"https:\/\/www.weingut-hirtl.at\/cs\/produkt\/bio-kuerbiskernoel-025-l\/#primaryimage","url":"https:\/\/www.weingut-hirtl.at\/www\/wp-content\/uploads\/2024\/04\/Kuerbiskernoel-250-ml-Weingut-Hirtl.png","contentUrl":"https:\/\/www.weingut-hirtl.at\/www\/wp-content\/uploads\/2024\/04\/Kuerbiskernoel-250-ml-Weingut-Hirtl.png","width":600,"height":600,"caption":"Weinviertler Qualit\u00e4t aus biologischem Anbau"},{"@type":"BreadcrumbList","@id":"https:\/\/www.weingut-hirtl.at\/cs\/produkt\/bio-kuerbiskernoel-025-l\/#breadcrumb","itemListElement":[{"@type":"ListItem","position":1,"name":"Startseite","item":"https:\/\/www.weingut-hirtl.at\/cs\/"},{"@type":"ListItem","position":2,"name":"Shop","item":"https:\/\/www.weingut-hirtl.at\/shop\/"},{"@type":"ListItem","position":3,"name":"Bio-K\u00fcrbiskern\u00f6l 0,25 l"}]},{"@type":"WebSite","@id":"https:\/\/www.weingut-hirtl.at\/cs\/#website","url":"https:\/\/www.weingut-hirtl.at\/cs\/","name":"Weingut Hirtl","description":"","publisher":{"@id":"https:\/\/www.weingut-hirtl.at\/cs\/#organization"},"potentialAction":[{"@type":"SearchAction","target":{"@type":"EntryPoint","urlTemplate":"https:\/\/www.weingut-hirtl.at\/cs\/?s={search_term_string}"},"query-input":{"@type":"PropertyValueSpecification","valueRequired":true,"valueName":"search_term_string"}}],"inLanguage":"cs"},{"@type":"Organization","@id":"https:\/\/www.weingut-hirtl.at\/cs\/#organization","name":"Weingut Hirtl","url":"https:\/\/www.weingut-hirtl.at\/cs\/","logo":{"@type":"ImageObject","inLanguage":"cs","@id":"https:\/\/www.weingut-hirtl.at\/cs\/#\/schema\/logo\/image\/","url":"https:\/\/www.weingut-hirtl.at\/www\/wp-content\/uploads\/2024\/04\/Hirtl_Logo-1024x819-1.jpg","contentUrl":"https:\/\/www.weingut-hirtl.at\/www\/wp-content\/uploads\/2024\/04\/Hirtl_Logo-1024x819-1.jpg","width":1024,"height":819,"caption":"Weingut Hirtl"},"image":{"@id":"https:\/\/www.weingut-hirtl.at\/cs\/#\/schema\/logo\/image\/"},"sameAs":["https:\/\/www.facebook.com\/Wein.Hirtl","https:\/\/www.instagram.com\/weingut_hirtl\/"]}]}},"_links":{"self":[{"href":"https:\/\/www.weingut-hirtl.at\/cs\/wp-json\/wp\/v2\/product\/8244","targetHints":{"allow":["GET"]}}],"collection":[{"href":"https:\/\/www.weingut-hirtl.at\/cs\/wp-json\/wp\/v2\/product"}],"about":[{"href":"https:\/\/www.weingut-hirtl.at\/cs\/wp-json\/wp\/v2\/types\/product"}],"replies":[{"embeddable":true,"href":"https:\/\/www.weingut-hirtl.at\/cs\/wp-json\/wp\/v2\/comments?post=8244"}],"wp:featuredmedia":[{"embeddable":true,"href":"https:\/\/www.weingut-hirtl.at\/cs\/wp-json\/wp\/v2\/media\/9286"}],"wp:attachment":[{"href":"https:\/\/www.weingut-hirtl.at\/cs\/wp-json\/wp\/v2\/media?parent=8244"}],"wp:term":[{"taxonomy":"product_brand","embeddable":true,"href":"https:\/\/www.weingut-hirtl.at\/cs\/wp-json\/wp\/v2\/product_brand?post=8244"},{"taxonomy":"product_cat","embeddable":true,"href":"https:\/\/www.weingut-hirtl.at\/cs\/wp-json\/wp\/v2\/product_cat?post=8244"},{"taxonomy":"product_tag","embeddable":true,"href":"https:\/\/www.weingut-hirtl.at\/cs\/wp-json\/wp\/v2\/product_tag?post=8244"}],"curies":[{"name":"wp","href":"https:\/\/api.w.org\/{rel}","templated":true}]}}