{"id":8219,"date":"2021-03-31T12:05:03","date_gmt":"2021-03-31T10:05:03","guid":{"rendered":"https:\/\/www.weingut-hirtl.at\/product\/51-aktion-gruener-veltliner-reserve-2016\/"},"modified":"2021-03-31T12:05:03","modified_gmt":"2021-03-31T10:05:03","slug":"51-aktion-gruener-veltliner-reserve-2016","status":"publish","type":"product","link":"https:\/\/www.weingut-hirtl.at\/cs\/produkt\/51-aktion-gruener-veltliner-reserve-2016\/","title":{"rendered":"5+1 Aktion: Gr\u00fcner Veltliner Reserve 2016"},"content":{"rendered":"<p><strong>Ocen\u011bn\u00ed:<\/strong><br \/>\nA la Carte Gr\u00fcner Veltliner Tasting 2020 92+<br \/>\nFalstaff 2019 93 P.<br \/>\nIWSC 2019 Bronze<br \/>\nGenuss.Trinken 2018 88 P.<\/p>\n","protected":false},"excerpt":{"rendered":"<p>\u201eSiln\u011b zeleno\u017elut\u00e1 barva, jemn\u00fd CO2, z\u00e1\u0159\u00edc\u00ed pomalu tekouc\u00edmi slzami. Intenzivn\u00ed chu\u0165 zral\u00e9ho peckovit\u00e9ho ovoce, \u017elut\u00fdch hru\u0161ek s elegantn\u00edm ko\u0159en\u00edm. Such\u00e9 s jemnou cukernatost\u00ed, \u0161\u0165avnat\u00e9 hru\u0161ky a \u017elut\u00e1 jablka na pat\u0159e, dokonal\u00e1 ko\u0159enitost v pozad\u00ed, pln\u00e9 a dlouh\u00e9 v chuti, mohutn\u00e9 s h\u0159ejiv\u00fdm alkoholem, mnohovrstevnat\u00e9 a rafinovan\u00e9 s dlouh\u00fdm z\u00e1v\u011brem.&#8220; Dipl. somm. Martin Widemann.<\/p>\n<p><strong>Zralost k pit\u00ed: <\/strong>2-8 roky<strong><br \/>\nObsah: <\/strong>0,75l<\/p>\n<p><strong>13 sv. % | polosuch\u00e9<\/strong><\/p>\n","protected":false},"featured_media":8208,"comment_status":"open","ping_status":"closed","template":"","meta":{"_acf_changed":false},"product_brand":[],"product_cat":[344,347],"product_tag":[371,374,363,372,375,373,376,377,378,379],"class_list":{"0":"post-8219","1":"product","2":"type-product","3":"status-publish","4":"has-post-thumbnail","6":"product_cat-akce","7":"product_cat-balicky","8":"product_tag-apfel-cs","9":"product_tag-gelbfruchtig-cs","10":"product_tag-gruener-veltliner-cs","11":"product_tag-kernobst-cs","12":"product_tag-komplex-cs","13":"product_tag-pfeffer-cs","14":"product_tag-reif-cs","15":"product_tag-reife-weine-cs","16":"product_tag-reserve-cs","17":"product_tag-wuerze-cs","19":"first","20":"instock","21":"sale","22":"taxable","23":"shipping-taxable","24":"purchasable","25":"product-type-simple"},"acf":[],"yoast_head":"<!-- This site is optimized with the Yoast SEO plugin v27.3 - https:\/\/yoast.com\/product\/yoast-seo-wordpress\/ -->\n<title>5+1 Aktion: Gr\u00fcner Veltliner Reserve 2016 | Weingut Hirtl<\/title>\n<meta name=\"robots\" content=\"index, follow, max-snippet:-1, max-image-preview:large, max-video-preview:-1\" \/>\n<link rel=\"canonical\" href=\"https:\/\/www.weingut-hirtl.at\/cs\/produkt\/51-aktion-gruener-veltliner-reserve-2016\/\" \/>\n<meta property=\"og:locale\" content=\"cs_CZ\" \/>\n<meta property=\"og:type\" content=\"article\" \/>\n<meta property=\"og:title\" content=\"5+1 Aktion: Gr\u00fcner Veltliner Reserve 2016 | Weingut Hirtl\" \/>\n<meta property=\"og:description\" content=\"\u201eSiln\u011b zeleno\u017elut\u00e1 barva, jemn\u00fd CO2, z\u00e1\u0159\u00edc\u00ed pomalu tekouc\u00edmi slzami. Intenzivn\u00ed chu\u0165 zral\u00e9ho peckovit\u00e9ho ovoce, \u017elut\u00fdch hru\u0161ek s elegantn\u00edm ko\u0159en\u00edm. Such\u00e9 s jemnou cukernatost\u00ed, \u0161\u0165avnat\u00e9 hru\u0161ky a \u017elut\u00e1 jablka na pat\u0159e, dokonal\u00e1 ko\u0159enitost v pozad\u00ed, pln\u00e9 a dlouh\u00e9 v chuti, mohutn\u00e9 s h\u0159ejiv\u00fdm alkoholem, mnohovrstevnat\u00e9 a rafinovan\u00e9 s dlouh\u00fdm z\u00e1v\u011brem.&quot; Dipl. somm. Martin Widemann.  Zralost k pit\u00ed: 2-8 roky Obsah: 0,75l  13 sv. % | polosuch\u00e9\" \/>\n<meta property=\"og:url\" content=\"https:\/\/www.weingut-hirtl.at\/cs\/produkt\/51-aktion-gruener-veltliner-reserve-2016\/\" \/>\n<meta property=\"og:site_name\" content=\"Weingut Hirtl\" \/>\n<meta property=\"article:publisher\" content=\"https:\/\/www.facebook.com\/Wein.Hirtl\" \/>\n<meta property=\"og:image\" content=\"https:\/\/www.weingut-hirtl.at\/www\/wp-content\/uploads\/2020\/11\/DAC_Reserve.jpg\" \/>\n\t<meta property=\"og:image:width\" content=\"600\" \/>\n\t<meta property=\"og:image:height\" content=\"600\" \/>\n\t<meta property=\"og:image:type\" content=\"image\/jpeg\" \/>\n<meta name=\"twitter:card\" content=\"summary_large_image\" \/>\n<script type=\"application\/ld+json\" class=\"yoast-schema-graph\">{\"@context\":\"https:\\\/\\\/schema.org\",\"@graph\":[{\"@type\":\"WebPage\",\"@id\":\"https:\\\/\\\/www.weingut-hirtl.at\\\/cs\\\/produkt\\\/51-aktion-gruener-veltliner-reserve-2016\\\/\",\"url\":\"https:\\\/\\\/www.weingut-hirtl.at\\\/cs\\\/produkt\\\/51-aktion-gruener-veltliner-reserve-2016\\\/\",\"name\":\"5+1 Aktion: Gr\u00fcner Veltliner Reserve 2016 | Weingut Hirtl\",\"isPartOf\":{\"@id\":\"https:\\\/\\\/www.weingut-hirtl.at\\\/cs\\\/#website\"},\"primaryImageOfPage\":{\"@id\":\"https:\\\/\\\/www.weingut-hirtl.at\\\/cs\\\/produkt\\\/51-aktion-gruener-veltliner-reserve-2016\\\/#primaryimage\"},\"image\":{\"@id\":\"https:\\\/\\\/www.weingut-hirtl.at\\\/cs\\\/produkt\\\/51-aktion-gruener-veltliner-reserve-2016\\\/#primaryimage\"},\"thumbnailUrl\":\"https:\\\/\\\/www.weingut-hirtl.at\\\/www\\\/wp-content\\\/uploads\\\/2020\\\/11\\\/DAC_Reserve.jpg\",\"datePublished\":\"2021-03-31T10:05:03+00:00\",\"breadcrumb\":{\"@id\":\"https:\\\/\\\/www.weingut-hirtl.at\\\/cs\\\/produkt\\\/51-aktion-gruener-veltliner-reserve-2016\\\/#breadcrumb\"},\"inLanguage\":\"cs\",\"potentialAction\":[{\"@type\":\"ReadAction\",\"target\":[\"https:\\\/\\\/www.weingut-hirtl.at\\\/cs\\\/produkt\\\/51-aktion-gruener-veltliner-reserve-2016\\\/\"]}]},{\"@type\":\"ImageObject\",\"inLanguage\":\"cs\",\"@id\":\"https:\\\/\\\/www.weingut-hirtl.at\\\/cs\\\/produkt\\\/51-aktion-gruener-veltliner-reserve-2016\\\/#primaryimage\",\"url\":\"https:\\\/\\\/www.weingut-hirtl.at\\\/www\\\/wp-content\\\/uploads\\\/2020\\\/11\\\/DAC_Reserve.jpg\",\"contentUrl\":\"https:\\\/\\\/www.weingut-hirtl.at\\\/www\\\/wp-content\\\/uploads\\\/2020\\\/11\\\/DAC_Reserve.jpg\",\"width\":600,\"height\":600},{\"@type\":\"BreadcrumbList\",\"@id\":\"https:\\\/\\\/www.weingut-hirtl.at\\\/cs\\\/produkt\\\/51-aktion-gruener-veltliner-reserve-2016\\\/#breadcrumb\",\"itemListElement\":[{\"@type\":\"ListItem\",\"position\":1,\"name\":\"Startseite\",\"item\":\"https:\\\/\\\/www.weingut-hirtl.at\\\/cs\\\/\"},{\"@type\":\"ListItem\",\"position\":2,\"name\":\"Shop\",\"item\":\"https:\\\/\\\/www.weingut-hirtl.at\\\/shop\\\/\"},{\"@type\":\"ListItem\",\"position\":3,\"name\":\"5+1 Aktion: Gr\u00fcner Veltliner Reserve 2016\"}]},{\"@type\":\"WebSite\",\"@id\":\"https:\\\/\\\/www.weingut-hirtl.at\\\/cs\\\/#website\",\"url\":\"https:\\\/\\\/www.weingut-hirtl.at\\\/cs\\\/\",\"name\":\"Weingut Hirtl\",\"description\":\"\",\"publisher\":{\"@id\":\"https:\\\/\\\/www.weingut-hirtl.at\\\/cs\\\/#organization\"},\"potentialAction\":[{\"@type\":\"SearchAction\",\"target\":{\"@type\":\"EntryPoint\",\"urlTemplate\":\"https:\\\/\\\/www.weingut-hirtl.at\\\/cs\\\/?s={search_term_string}\"},\"query-input\":{\"@type\":\"PropertyValueSpecification\",\"valueRequired\":true,\"valueName\":\"search_term_string\"}}],\"inLanguage\":\"cs\"},{\"@type\":\"Organization\",\"@id\":\"https:\\\/\\\/www.weingut-hirtl.at\\\/cs\\\/#organization\",\"name\":\"Weingut Hirtl\",\"url\":\"https:\\\/\\\/www.weingut-hirtl.at\\\/cs\\\/\",\"logo\":{\"@type\":\"ImageObject\",\"inLanguage\":\"cs\",\"@id\":\"https:\\\/\\\/www.weingut-hirtl.at\\\/cs\\\/#\\\/schema\\\/logo\\\/image\\\/\",\"url\":\"https:\\\/\\\/www.weingut-hirtl.at\\\/www\\\/wp-content\\\/uploads\\\/2024\\\/04\\\/Hirtl_Logo-1024x819-1.jpg\",\"contentUrl\":\"https:\\\/\\\/www.weingut-hirtl.at\\\/www\\\/wp-content\\\/uploads\\\/2024\\\/04\\\/Hirtl_Logo-1024x819-1.jpg\",\"width\":1024,\"height\":819,\"caption\":\"Weingut Hirtl\"},\"image\":{\"@id\":\"https:\\\/\\\/www.weingut-hirtl.at\\\/cs\\\/#\\\/schema\\\/logo\\\/image\\\/\"},\"sameAs\":[\"https:\\\/\\\/www.facebook.com\\\/Wein.Hirtl\",\"https:\\\/\\\/www.instagram.com\\\/weingut_hirtl\\\/\"]}]}<\/script>\n<!-- \/ Yoast SEO plugin. -->","yoast_head_json":{"title":"5+1 Aktion: Gr\u00fcner Veltliner Reserve 2016 | Weingut Hirtl","robots":{"index":"index","follow":"follow","max-snippet":"max-snippet:-1","max-image-preview":"max-image-preview:large","max-video-preview":"max-video-preview:-1"},"canonical":"https:\/\/www.weingut-hirtl.at\/cs\/produkt\/51-aktion-gruener-veltliner-reserve-2016\/","og_locale":"cs_CZ","og_type":"article","og_title":"5+1 Aktion: Gr\u00fcner Veltliner Reserve 2016 | Weingut Hirtl","og_description":"\u201eSiln\u011b zeleno\u017elut\u00e1 barva, jemn\u00fd CO2, z\u00e1\u0159\u00edc\u00ed pomalu tekouc\u00edmi slzami. Intenzivn\u00ed chu\u0165 zral\u00e9ho peckovit\u00e9ho ovoce, \u017elut\u00fdch hru\u0161ek s elegantn\u00edm ko\u0159en\u00edm. Such\u00e9 s jemnou cukernatost\u00ed, \u0161\u0165avnat\u00e9 hru\u0161ky a \u017elut\u00e1 jablka na pat\u0159e, dokonal\u00e1 ko\u0159enitost v pozad\u00ed, pln\u00e9 a dlouh\u00e9 v chuti, mohutn\u00e9 s h\u0159ejiv\u00fdm alkoholem, mnohovrstevnat\u00e9 a rafinovan\u00e9 s dlouh\u00fdm z\u00e1v\u011brem.\" Dipl. somm. Martin Widemann.  Zralost k pit\u00ed: 2-8 roky Obsah: 0,75l  13 sv. % | polosuch\u00e9","og_url":"https:\/\/www.weingut-hirtl.at\/cs\/produkt\/51-aktion-gruener-veltliner-reserve-2016\/","og_site_name":"Weingut Hirtl","article_publisher":"https:\/\/www.facebook.com\/Wein.Hirtl","og_image":[{"width":600,"height":600,"url":"https:\/\/www.weingut-hirtl.at\/www\/wp-content\/uploads\/2020\/11\/DAC_Reserve.jpg","type":"image\/jpeg"}],"twitter_card":"summary_large_image","schema":{"@context":"https:\/\/schema.org","@graph":[{"@type":"WebPage","@id":"https:\/\/www.weingut-hirtl.at\/cs\/produkt\/51-aktion-gruener-veltliner-reserve-2016\/","url":"https:\/\/www.weingut-hirtl.at\/cs\/produkt\/51-aktion-gruener-veltliner-reserve-2016\/","name":"5+1 Aktion: Gr\u00fcner Veltliner Reserve 2016 | Weingut Hirtl","isPartOf":{"@id":"https:\/\/www.weingut-hirtl.at\/cs\/#website"},"primaryImageOfPage":{"@id":"https:\/\/www.weingut-hirtl.at\/cs\/produkt\/51-aktion-gruener-veltliner-reserve-2016\/#primaryimage"},"image":{"@id":"https:\/\/www.weingut-hirtl.at\/cs\/produkt\/51-aktion-gruener-veltliner-reserve-2016\/#primaryimage"},"thumbnailUrl":"https:\/\/www.weingut-hirtl.at\/www\/wp-content\/uploads\/2020\/11\/DAC_Reserve.jpg","datePublished":"2021-03-31T10:05:03+00:00","breadcrumb":{"@id":"https:\/\/www.weingut-hirtl.at\/cs\/produkt\/51-aktion-gruener-veltliner-reserve-2016\/#breadcrumb"},"inLanguage":"cs","potentialAction":[{"@type":"ReadAction","target":["https:\/\/www.weingut-hirtl.at\/cs\/produkt\/51-aktion-gruener-veltliner-reserve-2016\/"]}]},{"@type":"ImageObject","inLanguage":"cs","@id":"https:\/\/www.weingut-hirtl.at\/cs\/produkt\/51-aktion-gruener-veltliner-reserve-2016\/#primaryimage","url":"https:\/\/www.weingut-hirtl.at\/www\/wp-content\/uploads\/2020\/11\/DAC_Reserve.jpg","contentUrl":"https:\/\/www.weingut-hirtl.at\/www\/wp-content\/uploads\/2020\/11\/DAC_Reserve.jpg","width":600,"height":600},{"@type":"BreadcrumbList","@id":"https:\/\/www.weingut-hirtl.at\/cs\/produkt\/51-aktion-gruener-veltliner-reserve-2016\/#breadcrumb","itemListElement":[{"@type":"ListItem","position":1,"name":"Startseite","item":"https:\/\/www.weingut-hirtl.at\/cs\/"},{"@type":"ListItem","position":2,"name":"Shop","item":"https:\/\/www.weingut-hirtl.at\/shop\/"},{"@type":"ListItem","position":3,"name":"5+1 Aktion: Gr\u00fcner Veltliner Reserve 2016"}]},{"@type":"WebSite","@id":"https:\/\/www.weingut-hirtl.at\/cs\/#website","url":"https:\/\/www.weingut-hirtl.at\/cs\/","name":"Weingut Hirtl","description":"","publisher":{"@id":"https:\/\/www.weingut-hirtl.at\/cs\/#organization"},"potentialAction":[{"@type":"SearchAction","target":{"@type":"EntryPoint","urlTemplate":"https:\/\/www.weingut-hirtl.at\/cs\/?s={search_term_string}"},"query-input":{"@type":"PropertyValueSpecification","valueRequired":true,"valueName":"search_term_string"}}],"inLanguage":"cs"},{"@type":"Organization","@id":"https:\/\/www.weingut-hirtl.at\/cs\/#organization","name":"Weingut Hirtl","url":"https:\/\/www.weingut-hirtl.at\/cs\/","logo":{"@type":"ImageObject","inLanguage":"cs","@id":"https:\/\/www.weingut-hirtl.at\/cs\/#\/schema\/logo\/image\/","url":"https:\/\/www.weingut-hirtl.at\/www\/wp-content\/uploads\/2024\/04\/Hirtl_Logo-1024x819-1.jpg","contentUrl":"https:\/\/www.weingut-hirtl.at\/www\/wp-content\/uploads\/2024\/04\/Hirtl_Logo-1024x819-1.jpg","width":1024,"height":819,"caption":"Weingut Hirtl"},"image":{"@id":"https:\/\/www.weingut-hirtl.at\/cs\/#\/schema\/logo\/image\/"},"sameAs":["https:\/\/www.facebook.com\/Wein.Hirtl","https:\/\/www.instagram.com\/weingut_hirtl\/"]}]}},"_links":{"self":[{"href":"https:\/\/www.weingut-hirtl.at\/cs\/wp-json\/wp\/v2\/product\/8219","targetHints":{"allow":["GET"]}}],"collection":[{"href":"https:\/\/www.weingut-hirtl.at\/cs\/wp-json\/wp\/v2\/product"}],"about":[{"href":"https:\/\/www.weingut-hirtl.at\/cs\/wp-json\/wp\/v2\/types\/product"}],"replies":[{"embeddable":true,"href":"https:\/\/www.weingut-hirtl.at\/cs\/wp-json\/wp\/v2\/comments?post=8219"}],"wp:featuredmedia":[{"embeddable":true,"href":"https:\/\/www.weingut-hirtl.at\/cs\/wp-json\/wp\/v2\/media\/8208"}],"wp:attachment":[{"href":"https:\/\/www.weingut-hirtl.at\/cs\/wp-json\/wp\/v2\/media?parent=8219"}],"wp:term":[{"taxonomy":"product_brand","embeddable":true,"href":"https:\/\/www.weingut-hirtl.at\/cs\/wp-json\/wp\/v2\/product_brand?post=8219"},{"taxonomy":"product_cat","embeddable":true,"href":"https:\/\/www.weingut-hirtl.at\/cs\/wp-json\/wp\/v2\/product_cat?post=8219"},{"taxonomy":"product_tag","embeddable":true,"href":"https:\/\/www.weingut-hirtl.at\/cs\/wp-json\/wp\/v2\/product_tag?post=8219"}],"curies":[{"name":"wp","href":"https:\/\/api.w.org\/{rel}","templated":true}]}}