{"id":8205,"date":"2023-09-20T16:53:34","date_gmt":"2023-09-20T14:53:34","guid":{"rendered":"https:\/\/www.weingut-hirtl.at\/product\/gruener-veltliner-weinviertel-dac-reserve-2021\/"},"modified":"2026-04-07T18:25:13","modified_gmt":"2026-04-07T16:25:13","slug":"gruener-veltliner-weinviertel-dac-reserve-2021","status":"publish","type":"product","link":"https:\/\/www.weingut-hirtl.at\/cs\/produkt\/gruener-veltliner-weinviertel-dac-reserve-2021\/","title":{"rendered":"Gr\u00fcner Veltliner Weinviertel DAC Reserve 2021"},"content":{"rendered":"","protected":false},"excerpt":{"rendered":"<p>V\u00fdrazn\u00fd Gr\u00fcner Veltliner DAC Reserve s jasnou sl\u00e1mov\u011b \u017elutou barvou a vysokou viskozitou. Ve v\u016fni se objevuje zral\u00e9 j\u00e1drov\u00e9 ovoce a nakl\u00e1dan\u00e1 ko\u0159en\u011bn\u00e1 jablka. Na pat\u0159e je pln\u00fd a siln\u00fd, s jemnou ko\u0159enitost\u00ed, \u017eivou kyselinou a v\u00fdraznou extraktivn\u00ed sladkost\u00ed. Harmonick\u00e9, vrstevnat\u00e9 v\u00edno s dlouhou dochut\u00ed a velk\u00fdm potenci\u00e1lem zr\u00e1n\u00ed \u2013 ide\u00e1ln\u00ed pro milovn\u00edky kvalitn\u00edch rakousk\u00fdch b\u00edl\u00fdch v\u00edn.<\/p>\n<p><strong>Zralost k pit\u00ed: <\/strong>2-8 roky<strong><br \/>\nObsah: <\/strong>0,75l<\/p>\n<p><strong>13,5 sv. % | such\u00e9<\/strong><\/p>\n","protected":false},"featured_media":9305,"comment_status":"open","ping_status":"closed","template":"","meta":{"_acf_changed":false},"product_brand":[],"product_cat":[356,345],"product_tag":[371,390,372,383,373,395,380,379],"class_list":{"0":"post-8205","1":"product","2":"type-product","3":"status-publish","4":"has-post-thumbnail","6":"product_cat-bile-vino-rezervace","7":"product_cat-jedina-lahev","8":"product_tag-apfel-cs","9":"product_tag-birne-cs","10":"product_tag-kernobst-cs","11":"product_tag-kraeftig-cs","12":"product_tag-pfeffer-cs","13":"product_tag-piment-cs","14":"product_tag-trocken-cs","15":"product_tag-wuerze-cs","17":"first","18":"instock","19":"taxable","20":"shipping-taxable","21":"purchasable","22":"product-type-simple"},"acf":[],"yoast_head":"<!-- This site is optimized with the Yoast SEO plugin v27.3 - https:\/\/yoast.com\/product\/yoast-seo-wordpress\/ -->\n<title>Gr\u00fcner Veltliner Weinviertel DAC Reserve 2021 | Weingut Hirtl<\/title>\n<meta name=\"robots\" content=\"index, follow, max-snippet:-1, max-image-preview:large, max-video-preview:-1\" \/>\n<link rel=\"canonical\" href=\"https:\/\/www.weingut-hirtl.at\/cs\/produkt\/gruener-veltliner-weinviertel-dac-reserve-2021\/\" \/>\n<meta property=\"og:locale\" content=\"cs_CZ\" \/>\n<meta property=\"og:type\" content=\"article\" \/>\n<meta property=\"og:title\" content=\"Gr\u00fcner Veltliner Weinviertel DAC Reserve 2021 | Weingut Hirtl\" \/>\n<meta property=\"og:description\" content=\"V\u00fdrazn\u00fd Gr\u00fcner Veltliner DAC Reserve s jasnou sl\u00e1mov\u011b \u017elutou barvou a vysokou viskozitou. Ve v\u016fni se objevuje zral\u00e9 j\u00e1drov\u00e9 ovoce a nakl\u00e1dan\u00e1 ko\u0159en\u011bn\u00e1 jablka. Na pat\u0159e je pln\u00fd a siln\u00fd, s jemnou ko\u0159enitost\u00ed, \u017eivou kyselinou a v\u00fdraznou extraktivn\u00ed sladkost\u00ed. Harmonick\u00e9, vrstevnat\u00e9 v\u00edno s dlouhou dochut\u00ed a velk\u00fdm potenci\u00e1lem zr\u00e1n\u00ed \u2013 ide\u00e1ln\u00ed pro milovn\u00edky kvalitn\u00edch rakousk\u00fdch b\u00edl\u00fdch v\u00edn.  Zralost k pit\u00ed: 2-8 roky Obsah: 0,75l  13,5 sv. % | such\u00e9\" \/>\n<meta property=\"og:url\" content=\"https:\/\/www.weingut-hirtl.at\/cs\/produkt\/gruener-veltliner-weinviertel-dac-reserve-2021\/\" \/>\n<meta property=\"og:site_name\" content=\"Weingut Hirtl\" \/>\n<meta property=\"article:publisher\" content=\"https:\/\/www.facebook.com\/Wein.Hirtl\" \/>\n<meta property=\"article:modified_time\" content=\"2026-04-07T16:25:13+00:00\" \/>\n<meta property=\"og:image\" content=\"https:\/\/www.weingut-hirtl.at\/www\/wp-content\/uploads\/2021\/10\/Weinviertel-DAC-Reserve-2019-Auszeichnungen-Weingut-Hirtl.png\" \/>\n\t<meta property=\"og:image:width\" content=\"600\" \/>\n\t<meta property=\"og:image:height\" content=\"600\" \/>\n\t<meta property=\"og:image:type\" content=\"image\/png\" \/>\n<meta name=\"twitter:card\" content=\"summary_large_image\" \/>\n<script type=\"application\/ld+json\" class=\"yoast-schema-graph\">{\"@context\":\"https:\\\/\\\/schema.org\",\"@graph\":[{\"@type\":\"WebPage\",\"@id\":\"https:\\\/\\\/www.weingut-hirtl.at\\\/cs\\\/produkt\\\/gruener-veltliner-weinviertel-dac-reserve-2021\\\/\",\"url\":\"https:\\\/\\\/www.weingut-hirtl.at\\\/cs\\\/produkt\\\/gruener-veltliner-weinviertel-dac-reserve-2021\\\/\",\"name\":\"Gr\u00fcner Veltliner Weinviertel DAC Reserve 2021 | Weingut Hirtl\",\"isPartOf\":{\"@id\":\"https:\\\/\\\/www.weingut-hirtl.at\\\/cs\\\/#website\"},\"primaryImageOfPage\":{\"@id\":\"https:\\\/\\\/www.weingut-hirtl.at\\\/cs\\\/produkt\\\/gruener-veltliner-weinviertel-dac-reserve-2021\\\/#primaryimage\"},\"image\":{\"@id\":\"https:\\\/\\\/www.weingut-hirtl.at\\\/cs\\\/produkt\\\/gruener-veltliner-weinviertel-dac-reserve-2021\\\/#primaryimage\"},\"thumbnailUrl\":\"https:\\\/\\\/www.weingut-hirtl.at\\\/www\\\/wp-content\\\/uploads\\\/2021\\\/10\\\/Weinviertel-DAC-Reserve-2019-Auszeichnungen-Weingut-Hirtl.png\",\"datePublished\":\"2023-09-20T14:53:34+00:00\",\"dateModified\":\"2026-04-07T16:25:13+00:00\",\"breadcrumb\":{\"@id\":\"https:\\\/\\\/www.weingut-hirtl.at\\\/cs\\\/produkt\\\/gruener-veltliner-weinviertel-dac-reserve-2021\\\/#breadcrumb\"},\"inLanguage\":\"cs\",\"potentialAction\":[{\"@type\":\"ReadAction\",\"target\":[\"https:\\\/\\\/www.weingut-hirtl.at\\\/cs\\\/produkt\\\/gruener-veltliner-weinviertel-dac-reserve-2021\\\/\"]}]},{\"@type\":\"ImageObject\",\"inLanguage\":\"cs\",\"@id\":\"https:\\\/\\\/www.weingut-hirtl.at\\\/cs\\\/produkt\\\/gruener-veltliner-weinviertel-dac-reserve-2021\\\/#primaryimage\",\"url\":\"https:\\\/\\\/www.weingut-hirtl.at\\\/www\\\/wp-content\\\/uploads\\\/2021\\\/10\\\/Weinviertel-DAC-Reserve-2019-Auszeichnungen-Weingut-Hirtl.png\",\"contentUrl\":\"https:\\\/\\\/www.weingut-hirtl.at\\\/www\\\/wp-content\\\/uploads\\\/2021\\\/10\\\/Weinviertel-DAC-Reserve-2019-Auszeichnungen-Weingut-Hirtl.png\",\"width\":600,\"height\":600,\"caption\":\"Vollmundiger DAC Reserve mit Frische, Frucht und typischer W\u00fcrze\"},{\"@type\":\"BreadcrumbList\",\"@id\":\"https:\\\/\\\/www.weingut-hirtl.at\\\/cs\\\/produkt\\\/gruener-veltliner-weinviertel-dac-reserve-2021\\\/#breadcrumb\",\"itemListElement\":[{\"@type\":\"ListItem\",\"position\":1,\"name\":\"Startseite\",\"item\":\"https:\\\/\\\/www.weingut-hirtl.at\\\/cs\\\/\"},{\"@type\":\"ListItem\",\"position\":2,\"name\":\"Shop\",\"item\":\"https:\\\/\\\/www.weingut-hirtl.at\\\/shop\\\/\"},{\"@type\":\"ListItem\",\"position\":3,\"name\":\"Gr\u00fcner Veltliner Weinviertel DAC Reserve 2021\"}]},{\"@type\":\"WebSite\",\"@id\":\"https:\\\/\\\/www.weingut-hirtl.at\\\/cs\\\/#website\",\"url\":\"https:\\\/\\\/www.weingut-hirtl.at\\\/cs\\\/\",\"name\":\"Weingut Hirtl\",\"description\":\"\",\"publisher\":{\"@id\":\"https:\\\/\\\/www.weingut-hirtl.at\\\/cs\\\/#organization\"},\"potentialAction\":[{\"@type\":\"SearchAction\",\"target\":{\"@type\":\"EntryPoint\",\"urlTemplate\":\"https:\\\/\\\/www.weingut-hirtl.at\\\/cs\\\/?s={search_term_string}\"},\"query-input\":{\"@type\":\"PropertyValueSpecification\",\"valueRequired\":true,\"valueName\":\"search_term_string\"}}],\"inLanguage\":\"cs\"},{\"@type\":\"Organization\",\"@id\":\"https:\\\/\\\/www.weingut-hirtl.at\\\/cs\\\/#organization\",\"name\":\"Weingut Hirtl\",\"url\":\"https:\\\/\\\/www.weingut-hirtl.at\\\/cs\\\/\",\"logo\":{\"@type\":\"ImageObject\",\"inLanguage\":\"cs\",\"@id\":\"https:\\\/\\\/www.weingut-hirtl.at\\\/cs\\\/#\\\/schema\\\/logo\\\/image\\\/\",\"url\":\"https:\\\/\\\/www.weingut-hirtl.at\\\/www\\\/wp-content\\\/uploads\\\/2024\\\/04\\\/Hirtl_Logo-1024x819-1.jpg\",\"contentUrl\":\"https:\\\/\\\/www.weingut-hirtl.at\\\/www\\\/wp-content\\\/uploads\\\/2024\\\/04\\\/Hirtl_Logo-1024x819-1.jpg\",\"width\":1024,\"height\":819,\"caption\":\"Weingut Hirtl\"},\"image\":{\"@id\":\"https:\\\/\\\/www.weingut-hirtl.at\\\/cs\\\/#\\\/schema\\\/logo\\\/image\\\/\"},\"sameAs\":[\"https:\\\/\\\/www.facebook.com\\\/Wein.Hirtl\",\"https:\\\/\\\/www.instagram.com\\\/weingut_hirtl\\\/\"]}]}<\/script>\n<!-- \/ Yoast SEO plugin. -->","yoast_head_json":{"title":"Gr\u00fcner Veltliner Weinviertel DAC Reserve 2021 | Weingut Hirtl","robots":{"index":"index","follow":"follow","max-snippet":"max-snippet:-1","max-image-preview":"max-image-preview:large","max-video-preview":"max-video-preview:-1"},"canonical":"https:\/\/www.weingut-hirtl.at\/cs\/produkt\/gruener-veltliner-weinviertel-dac-reserve-2021\/","og_locale":"cs_CZ","og_type":"article","og_title":"Gr\u00fcner Veltliner Weinviertel DAC Reserve 2021 | Weingut Hirtl","og_description":"V\u00fdrazn\u00fd Gr\u00fcner Veltliner DAC Reserve s jasnou sl\u00e1mov\u011b \u017elutou barvou a vysokou viskozitou. Ve v\u016fni se objevuje zral\u00e9 j\u00e1drov\u00e9 ovoce a nakl\u00e1dan\u00e1 ko\u0159en\u011bn\u00e1 jablka. Na pat\u0159e je pln\u00fd a siln\u00fd, s jemnou ko\u0159enitost\u00ed, \u017eivou kyselinou a v\u00fdraznou extraktivn\u00ed sladkost\u00ed. Harmonick\u00e9, vrstevnat\u00e9 v\u00edno s dlouhou dochut\u00ed a velk\u00fdm potenci\u00e1lem zr\u00e1n\u00ed \u2013 ide\u00e1ln\u00ed pro milovn\u00edky kvalitn\u00edch rakousk\u00fdch b\u00edl\u00fdch v\u00edn.  Zralost k pit\u00ed: 2-8 roky Obsah: 0,75l  13,5 sv. % | such\u00e9","og_url":"https:\/\/www.weingut-hirtl.at\/cs\/produkt\/gruener-veltliner-weinviertel-dac-reserve-2021\/","og_site_name":"Weingut Hirtl","article_publisher":"https:\/\/www.facebook.com\/Wein.Hirtl","article_modified_time":"2026-04-07T16:25:13+00:00","og_image":[{"width":600,"height":600,"url":"https:\/\/www.weingut-hirtl.at\/www\/wp-content\/uploads\/2021\/10\/Weinviertel-DAC-Reserve-2019-Auszeichnungen-Weingut-Hirtl.png","type":"image\/png"}],"twitter_card":"summary_large_image","schema":{"@context":"https:\/\/schema.org","@graph":[{"@type":"WebPage","@id":"https:\/\/www.weingut-hirtl.at\/cs\/produkt\/gruener-veltliner-weinviertel-dac-reserve-2021\/","url":"https:\/\/www.weingut-hirtl.at\/cs\/produkt\/gruener-veltliner-weinviertel-dac-reserve-2021\/","name":"Gr\u00fcner Veltliner Weinviertel DAC Reserve 2021 | Weingut Hirtl","isPartOf":{"@id":"https:\/\/www.weingut-hirtl.at\/cs\/#website"},"primaryImageOfPage":{"@id":"https:\/\/www.weingut-hirtl.at\/cs\/produkt\/gruener-veltliner-weinviertel-dac-reserve-2021\/#primaryimage"},"image":{"@id":"https:\/\/www.weingut-hirtl.at\/cs\/produkt\/gruener-veltliner-weinviertel-dac-reserve-2021\/#primaryimage"},"thumbnailUrl":"https:\/\/www.weingut-hirtl.at\/www\/wp-content\/uploads\/2021\/10\/Weinviertel-DAC-Reserve-2019-Auszeichnungen-Weingut-Hirtl.png","datePublished":"2023-09-20T14:53:34+00:00","dateModified":"2026-04-07T16:25:13+00:00","breadcrumb":{"@id":"https:\/\/www.weingut-hirtl.at\/cs\/produkt\/gruener-veltliner-weinviertel-dac-reserve-2021\/#breadcrumb"},"inLanguage":"cs","potentialAction":[{"@type":"ReadAction","target":["https:\/\/www.weingut-hirtl.at\/cs\/produkt\/gruener-veltliner-weinviertel-dac-reserve-2021\/"]}]},{"@type":"ImageObject","inLanguage":"cs","@id":"https:\/\/www.weingut-hirtl.at\/cs\/produkt\/gruener-veltliner-weinviertel-dac-reserve-2021\/#primaryimage","url":"https:\/\/www.weingut-hirtl.at\/www\/wp-content\/uploads\/2021\/10\/Weinviertel-DAC-Reserve-2019-Auszeichnungen-Weingut-Hirtl.png","contentUrl":"https:\/\/www.weingut-hirtl.at\/www\/wp-content\/uploads\/2021\/10\/Weinviertel-DAC-Reserve-2019-Auszeichnungen-Weingut-Hirtl.png","width":600,"height":600,"caption":"Vollmundiger DAC Reserve mit Frische, Frucht und typischer W\u00fcrze"},{"@type":"BreadcrumbList","@id":"https:\/\/www.weingut-hirtl.at\/cs\/produkt\/gruener-veltliner-weinviertel-dac-reserve-2021\/#breadcrumb","itemListElement":[{"@type":"ListItem","position":1,"name":"Startseite","item":"https:\/\/www.weingut-hirtl.at\/cs\/"},{"@type":"ListItem","position":2,"name":"Shop","item":"https:\/\/www.weingut-hirtl.at\/shop\/"},{"@type":"ListItem","position":3,"name":"Gr\u00fcner Veltliner Weinviertel DAC Reserve 2021"}]},{"@type":"WebSite","@id":"https:\/\/www.weingut-hirtl.at\/cs\/#website","url":"https:\/\/www.weingut-hirtl.at\/cs\/","name":"Weingut Hirtl","description":"","publisher":{"@id":"https:\/\/www.weingut-hirtl.at\/cs\/#organization"},"potentialAction":[{"@type":"SearchAction","target":{"@type":"EntryPoint","urlTemplate":"https:\/\/www.weingut-hirtl.at\/cs\/?s={search_term_string}"},"query-input":{"@type":"PropertyValueSpecification","valueRequired":true,"valueName":"search_term_string"}}],"inLanguage":"cs"},{"@type":"Organization","@id":"https:\/\/www.weingut-hirtl.at\/cs\/#organization","name":"Weingut Hirtl","url":"https:\/\/www.weingut-hirtl.at\/cs\/","logo":{"@type":"ImageObject","inLanguage":"cs","@id":"https:\/\/www.weingut-hirtl.at\/cs\/#\/schema\/logo\/image\/","url":"https:\/\/www.weingut-hirtl.at\/www\/wp-content\/uploads\/2024\/04\/Hirtl_Logo-1024x819-1.jpg","contentUrl":"https:\/\/www.weingut-hirtl.at\/www\/wp-content\/uploads\/2024\/04\/Hirtl_Logo-1024x819-1.jpg","width":1024,"height":819,"caption":"Weingut Hirtl"},"image":{"@id":"https:\/\/www.weingut-hirtl.at\/cs\/#\/schema\/logo\/image\/"},"sameAs":["https:\/\/www.facebook.com\/Wein.Hirtl","https:\/\/www.instagram.com\/weingut_hirtl\/"]}]}},"_links":{"self":[{"href":"https:\/\/www.weingut-hirtl.at\/cs\/wp-json\/wp\/v2\/product\/8205","targetHints":{"allow":["GET"]}}],"collection":[{"href":"https:\/\/www.weingut-hirtl.at\/cs\/wp-json\/wp\/v2\/product"}],"about":[{"href":"https:\/\/www.weingut-hirtl.at\/cs\/wp-json\/wp\/v2\/types\/product"}],"replies":[{"embeddable":true,"href":"https:\/\/www.weingut-hirtl.at\/cs\/wp-json\/wp\/v2\/comments?post=8205"}],"wp:featuredmedia":[{"embeddable":true,"href":"https:\/\/www.weingut-hirtl.at\/cs\/wp-json\/wp\/v2\/media\/9305"}],"wp:attachment":[{"href":"https:\/\/www.weingut-hirtl.at\/cs\/wp-json\/wp\/v2\/media?parent=8205"}],"wp:term":[{"taxonomy":"product_brand","embeddable":true,"href":"https:\/\/www.weingut-hirtl.at\/cs\/wp-json\/wp\/v2\/product_brand?post=8205"},{"taxonomy":"product_cat","embeddable":true,"href":"https:\/\/www.weingut-hirtl.at\/cs\/wp-json\/wp\/v2\/product_cat?post=8205"},{"taxonomy":"product_tag","embeddable":true,"href":"https:\/\/www.weingut-hirtl.at\/cs\/wp-json\/wp\/v2\/product_tag?post=8205"}],"curies":[{"name":"wp","href":"https:\/\/api.w.org\/{rel}","templated":true}]}}