{"id":8165,"date":"2024-04-13T06:52:01","date_gmt":"2024-04-13T04:52:01","guid":{"rendered":"https:\/\/www.weingut-hirtl.at\/product\/bio-kuerbiskernoel-05l\/"},"modified":"2024-04-13T06:52:01","modified_gmt":"2024-04-13T04:52:01","slug":"bio-kuerbiskernoel-05l","status":"publish","type":"product","link":"https:\/\/www.weingut-hirtl.at\/cs\/produkt\/bio-kuerbiskernoel-05l\/","title":{"rendered":"Bio-K\u00fcrbiskern\u00f6l 0,5l"},"content":{"rendered":"<p>D\u00fd\u0148ov\u00fd olej je bohat\u00fd na antioxidanty, vitam\u00edny A, B1, B2, B6, C, D a E a tak\u00e9 stopov\u00e9 prvky. Tuk v d\u00fd\u0148ov\u00fdch sem\u00ednk\u00e1ch je nav\u00edc jedn\u00edm z nejcenn\u011bj\u0161\u00edch rostlinn\u00fdch tuk\u016f, proto\u017ee 80 % tvo\u0159\u00ed nenasycen\u00e9 a 50 % dokonce polynenasycen\u00e9 mastn\u00e9 kyseliny.<\/p>\n","protected":false},"excerpt":{"rendered":"<p>Tento d\u00fd\u0148ov\u00fd olej je vyroben z d\u00fd\u0148ov\u00fdch sem\u00ednek z na\u0161eho ekologick\u00e9ho a ekologick\u00e9ho zem\u011bd\u011blstv\u00ed. D\u00fd\u0148ov\u00e1 sem\u00ednka jsou zpracov\u00e1v\u00e1na na d\u00fd\u0148ov\u00e1 sem\u00ednka t\u00e9 nejvy\u0161\u0161\u00ed kvality v ekologicky certifikovan\u00e9m Schalk M\u00fchle z Ilzu ve \u0160t\u00fdrsku. Schalk je stejn\u011b jako my tradi\u010dn\u00ed rodinn\u00e1 firma, kter\u00e1 si cen\u00ed vysoce kvalitn\u00edch produkt\u016f s jasn\u00fdm region\u00e1ln\u00edm charakterem a zp\u016fsobem pr\u00e1ce bl\u00edzk\u00fdm p\u0159\u00edrod\u011b. Pouze s podobn\u011b sm\u00fd\u0161lej\u00edc\u00edmi partnersk\u00fdmi spole\u010dnostmi m\u016f\u017eete skl\u00edzet vysoce kvalitn\u00ed produkty pro stylov\u00fd po\u017eitek.<\/p>\n","protected":false},"featured_media":9283,"comment_status":"open","ping_status":"closed","template":"","meta":{"_acf_changed":false},"product_brand":[],"product_cat":[345,357],"product_tag":[403,405,406,404],"class_list":{"0":"post-8165","1":"product","2":"type-product","3":"status-publish","4":"has-post-thumbnail","6":"product_cat-jedina-lahev","7":"product_cat-oleje","8":"product_tag-bio-cs","9":"product_tag-kaltgepresst-cs","10":"product_tag-kuerbis-cs","11":"product_tag-oel-cs","13":"first","14":"instock","15":"taxable","16":"shipping-taxable","17":"purchasable","18":"product-type-simple"},"acf":[],"yoast_head":"<!-- This site is optimized with the Yoast SEO plugin v27.3 - https:\/\/yoast.com\/product\/yoast-seo-wordpress\/ -->\n<title>Bio-K\u00fcrbiskern\u00f6l 0,5l | Weingut Hirtl<\/title>\n<meta name=\"robots\" content=\"index, follow, max-snippet:-1, max-image-preview:large, max-video-preview:-1\" \/>\n<link rel=\"canonical\" href=\"https:\/\/www.weingut-hirtl.at\/cs\/produkt\/bio-kuerbiskernoel-05l\/\" \/>\n<meta property=\"og:locale\" content=\"cs_CZ\" \/>\n<meta property=\"og:type\" content=\"article\" \/>\n<meta property=\"og:title\" content=\"Bio-K\u00fcrbiskern\u00f6l 0,5l | Weingut Hirtl\" \/>\n<meta property=\"og:description\" content=\"Tento d\u00fd\u0148ov\u00fd olej je vyroben z d\u00fd\u0148ov\u00fdch sem\u00ednek z na\u0161eho ekologick\u00e9ho a ekologick\u00e9ho zem\u011bd\u011blstv\u00ed. D\u00fd\u0148ov\u00e1 sem\u00ednka jsou zpracov\u00e1v\u00e1na na d\u00fd\u0148ov\u00e1 sem\u00ednka t\u00e9 nejvy\u0161\u0161\u00ed kvality v ekologicky certifikovan\u00e9m Schalk M\u00fchle z Ilzu ve \u0160t\u00fdrsku. Schalk je stejn\u011b jako my tradi\u010dn\u00ed rodinn\u00e1 firma, kter\u00e1 si cen\u00ed vysoce kvalitn\u00edch produkt\u016f s jasn\u00fdm region\u00e1ln\u00edm charakterem a zp\u016fsobem pr\u00e1ce bl\u00edzk\u00fdm p\u0159\u00edrod\u011b. Pouze s podobn\u011b sm\u00fd\u0161lej\u00edc\u00edmi partnersk\u00fdmi spole\u010dnostmi m\u016f\u017eete skl\u00edzet vysoce kvalitn\u00ed produkty pro stylov\u00fd po\u017eitek.\" \/>\n<meta property=\"og:url\" content=\"https:\/\/www.weingut-hirtl.at\/cs\/produkt\/bio-kuerbiskernoel-05l\/\" \/>\n<meta property=\"og:site_name\" content=\"Weingut Hirtl\" \/>\n<meta property=\"article:publisher\" content=\"https:\/\/www.facebook.com\/Wein.Hirtl\" \/>\n<meta property=\"og:image\" content=\"https:\/\/www.weingut-hirtl.at\/www\/wp-content\/uploads\/2024\/04\/Kuerbis_05.jpg\" \/>\n\t<meta property=\"og:image:width\" content=\"600\" \/>\n\t<meta property=\"og:image:height\" content=\"600\" \/>\n\t<meta property=\"og:image:type\" content=\"image\/jpeg\" \/>\n<meta name=\"twitter:card\" content=\"summary_large_image\" \/>\n<script type=\"application\/ld+json\" class=\"yoast-schema-graph\">{\"@context\":\"https:\\\/\\\/schema.org\",\"@graph\":[{\"@type\":\"WebPage\",\"@id\":\"https:\\\/\\\/www.weingut-hirtl.at\\\/cs\\\/produkt\\\/bio-kuerbiskernoel-05l\\\/\",\"url\":\"https:\\\/\\\/www.weingut-hirtl.at\\\/cs\\\/produkt\\\/bio-kuerbiskernoel-05l\\\/\",\"name\":\"Bio-K\u00fcrbiskern\u00f6l 0,5l | Weingut Hirtl\",\"isPartOf\":{\"@id\":\"https:\\\/\\\/www.weingut-hirtl.at\\\/cs\\\/#website\"},\"primaryImageOfPage\":{\"@id\":\"https:\\\/\\\/www.weingut-hirtl.at\\\/cs\\\/produkt\\\/bio-kuerbiskernoel-05l\\\/#primaryimage\"},\"image\":{\"@id\":\"https:\\\/\\\/www.weingut-hirtl.at\\\/cs\\\/produkt\\\/bio-kuerbiskernoel-05l\\\/#primaryimage\"},\"thumbnailUrl\":\"https:\\\/\\\/www.weingut-hirtl.at\\\/www\\\/wp-content\\\/uploads\\\/2024\\\/04\\\/Kuerbiskernoel-500-ml-Weingut-Hirtl.png\",\"datePublished\":\"2024-04-13T04:52:01+00:00\",\"breadcrumb\":{\"@id\":\"https:\\\/\\\/www.weingut-hirtl.at\\\/cs\\\/produkt\\\/bio-kuerbiskernoel-05l\\\/#breadcrumb\"},\"inLanguage\":\"cs\",\"potentialAction\":[{\"@type\":\"ReadAction\",\"target\":[\"https:\\\/\\\/www.weingut-hirtl.at\\\/cs\\\/produkt\\\/bio-kuerbiskernoel-05l\\\/\"]}]},{\"@type\":\"ImageObject\",\"inLanguage\":\"cs\",\"@id\":\"https:\\\/\\\/www.weingut-hirtl.at\\\/cs\\\/produkt\\\/bio-kuerbiskernoel-05l\\\/#primaryimage\",\"url\":\"https:\\\/\\\/www.weingut-hirtl.at\\\/www\\\/wp-content\\\/uploads\\\/2024\\\/04\\\/Kuerbiskernoel-500-ml-Weingut-Hirtl.png\",\"contentUrl\":\"https:\\\/\\\/www.weingut-hirtl.at\\\/www\\\/wp-content\\\/uploads\\\/2024\\\/04\\\/Kuerbiskernoel-500-ml-Weingut-Hirtl.png\",\"width\":600,\"height\":600,\"caption\":\"Weinviertler Qualit\u00e4t aus biologischem Anbau\"},{\"@type\":\"BreadcrumbList\",\"@id\":\"https:\\\/\\\/www.weingut-hirtl.at\\\/cs\\\/produkt\\\/bio-kuerbiskernoel-05l\\\/#breadcrumb\",\"itemListElement\":[{\"@type\":\"ListItem\",\"position\":1,\"name\":\"Startseite\",\"item\":\"https:\\\/\\\/www.weingut-hirtl.at\\\/cs\\\/\"},{\"@type\":\"ListItem\",\"position\":2,\"name\":\"Shop\",\"item\":\"https:\\\/\\\/www.weingut-hirtl.at\\\/shop\\\/\"},{\"@type\":\"ListItem\",\"position\":3,\"name\":\"Bio-K\u00fcrbiskern\u00f6l 0,5l\"}]},{\"@type\":\"WebSite\",\"@id\":\"https:\\\/\\\/www.weingut-hirtl.at\\\/cs\\\/#website\",\"url\":\"https:\\\/\\\/www.weingut-hirtl.at\\\/cs\\\/\",\"name\":\"Weingut Hirtl\",\"description\":\"\",\"publisher\":{\"@id\":\"https:\\\/\\\/www.weingut-hirtl.at\\\/cs\\\/#organization\"},\"potentialAction\":[{\"@type\":\"SearchAction\",\"target\":{\"@type\":\"EntryPoint\",\"urlTemplate\":\"https:\\\/\\\/www.weingut-hirtl.at\\\/cs\\\/?s={search_term_string}\"},\"query-input\":{\"@type\":\"PropertyValueSpecification\",\"valueRequired\":true,\"valueName\":\"search_term_string\"}}],\"inLanguage\":\"cs\"},{\"@type\":\"Organization\",\"@id\":\"https:\\\/\\\/www.weingut-hirtl.at\\\/cs\\\/#organization\",\"name\":\"Weingut Hirtl\",\"url\":\"https:\\\/\\\/www.weingut-hirtl.at\\\/cs\\\/\",\"logo\":{\"@type\":\"ImageObject\",\"inLanguage\":\"cs\",\"@id\":\"https:\\\/\\\/www.weingut-hirtl.at\\\/cs\\\/#\\\/schema\\\/logo\\\/image\\\/\",\"url\":\"https:\\\/\\\/www.weingut-hirtl.at\\\/www\\\/wp-content\\\/uploads\\\/2024\\\/04\\\/Hirtl_Logo-1024x819-1.jpg\",\"contentUrl\":\"https:\\\/\\\/www.weingut-hirtl.at\\\/www\\\/wp-content\\\/uploads\\\/2024\\\/04\\\/Hirtl_Logo-1024x819-1.jpg\",\"width\":1024,\"height\":819,\"caption\":\"Weingut Hirtl\"},\"image\":{\"@id\":\"https:\\\/\\\/www.weingut-hirtl.at\\\/cs\\\/#\\\/schema\\\/logo\\\/image\\\/\"},\"sameAs\":[\"https:\\\/\\\/www.facebook.com\\\/Wein.Hirtl\",\"https:\\\/\\\/www.instagram.com\\\/weingut_hirtl\\\/\"]}]}<\/script>\n<!-- \/ Yoast SEO plugin. -->","yoast_head_json":{"title":"Bio-K\u00fcrbiskern\u00f6l 0,5l | Weingut Hirtl","robots":{"index":"index","follow":"follow","max-snippet":"max-snippet:-1","max-image-preview":"max-image-preview:large","max-video-preview":"max-video-preview:-1"},"canonical":"https:\/\/www.weingut-hirtl.at\/cs\/produkt\/bio-kuerbiskernoel-05l\/","og_locale":"cs_CZ","og_type":"article","og_title":"Bio-K\u00fcrbiskern\u00f6l 0,5l | Weingut Hirtl","og_description":"Tento d\u00fd\u0148ov\u00fd olej je vyroben z d\u00fd\u0148ov\u00fdch sem\u00ednek z na\u0161eho ekologick\u00e9ho a ekologick\u00e9ho zem\u011bd\u011blstv\u00ed. D\u00fd\u0148ov\u00e1 sem\u00ednka jsou zpracov\u00e1v\u00e1na na d\u00fd\u0148ov\u00e1 sem\u00ednka t\u00e9 nejvy\u0161\u0161\u00ed kvality v ekologicky certifikovan\u00e9m Schalk M\u00fchle z Ilzu ve \u0160t\u00fdrsku. Schalk je stejn\u011b jako my tradi\u010dn\u00ed rodinn\u00e1 firma, kter\u00e1 si cen\u00ed vysoce kvalitn\u00edch produkt\u016f s jasn\u00fdm region\u00e1ln\u00edm charakterem a zp\u016fsobem pr\u00e1ce bl\u00edzk\u00fdm p\u0159\u00edrod\u011b. Pouze s podobn\u011b sm\u00fd\u0161lej\u00edc\u00edmi partnersk\u00fdmi spole\u010dnostmi m\u016f\u017eete skl\u00edzet vysoce kvalitn\u00ed produkty pro stylov\u00fd po\u017eitek.","og_url":"https:\/\/www.weingut-hirtl.at\/cs\/produkt\/bio-kuerbiskernoel-05l\/","og_site_name":"Weingut Hirtl","article_publisher":"https:\/\/www.facebook.com\/Wein.Hirtl","og_image":[{"width":600,"height":600,"url":"https:\/\/www.weingut-hirtl.at\/www\/wp-content\/uploads\/2024\/04\/Kuerbis_05.jpg","type":"image\/jpeg"}],"twitter_card":"summary_large_image","schema":{"@context":"https:\/\/schema.org","@graph":[{"@type":"WebPage","@id":"https:\/\/www.weingut-hirtl.at\/cs\/produkt\/bio-kuerbiskernoel-05l\/","url":"https:\/\/www.weingut-hirtl.at\/cs\/produkt\/bio-kuerbiskernoel-05l\/","name":"Bio-K\u00fcrbiskern\u00f6l 0,5l | Weingut Hirtl","isPartOf":{"@id":"https:\/\/www.weingut-hirtl.at\/cs\/#website"},"primaryImageOfPage":{"@id":"https:\/\/www.weingut-hirtl.at\/cs\/produkt\/bio-kuerbiskernoel-05l\/#primaryimage"},"image":{"@id":"https:\/\/www.weingut-hirtl.at\/cs\/produkt\/bio-kuerbiskernoel-05l\/#primaryimage"},"thumbnailUrl":"https:\/\/www.weingut-hirtl.at\/www\/wp-content\/uploads\/2024\/04\/Kuerbiskernoel-500-ml-Weingut-Hirtl.png","datePublished":"2024-04-13T04:52:01+00:00","breadcrumb":{"@id":"https:\/\/www.weingut-hirtl.at\/cs\/produkt\/bio-kuerbiskernoel-05l\/#breadcrumb"},"inLanguage":"cs","potentialAction":[{"@type":"ReadAction","target":["https:\/\/www.weingut-hirtl.at\/cs\/produkt\/bio-kuerbiskernoel-05l\/"]}]},{"@type":"ImageObject","inLanguage":"cs","@id":"https:\/\/www.weingut-hirtl.at\/cs\/produkt\/bio-kuerbiskernoel-05l\/#primaryimage","url":"https:\/\/www.weingut-hirtl.at\/www\/wp-content\/uploads\/2024\/04\/Kuerbiskernoel-500-ml-Weingut-Hirtl.png","contentUrl":"https:\/\/www.weingut-hirtl.at\/www\/wp-content\/uploads\/2024\/04\/Kuerbiskernoel-500-ml-Weingut-Hirtl.png","width":600,"height":600,"caption":"Weinviertler Qualit\u00e4t aus biologischem Anbau"},{"@type":"BreadcrumbList","@id":"https:\/\/www.weingut-hirtl.at\/cs\/produkt\/bio-kuerbiskernoel-05l\/#breadcrumb","itemListElement":[{"@type":"ListItem","position":1,"name":"Startseite","item":"https:\/\/www.weingut-hirtl.at\/cs\/"},{"@type":"ListItem","position":2,"name":"Shop","item":"https:\/\/www.weingut-hirtl.at\/shop\/"},{"@type":"ListItem","position":3,"name":"Bio-K\u00fcrbiskern\u00f6l 0,5l"}]},{"@type":"WebSite","@id":"https:\/\/www.weingut-hirtl.at\/cs\/#website","url":"https:\/\/www.weingut-hirtl.at\/cs\/","name":"Weingut Hirtl","description":"","publisher":{"@id":"https:\/\/www.weingut-hirtl.at\/cs\/#organization"},"potentialAction":[{"@type":"SearchAction","target":{"@type":"EntryPoint","urlTemplate":"https:\/\/www.weingut-hirtl.at\/cs\/?s={search_term_string}"},"query-input":{"@type":"PropertyValueSpecification","valueRequired":true,"valueName":"search_term_string"}}],"inLanguage":"cs"},{"@type":"Organization","@id":"https:\/\/www.weingut-hirtl.at\/cs\/#organization","name":"Weingut Hirtl","url":"https:\/\/www.weingut-hirtl.at\/cs\/","logo":{"@type":"ImageObject","inLanguage":"cs","@id":"https:\/\/www.weingut-hirtl.at\/cs\/#\/schema\/logo\/image\/","url":"https:\/\/www.weingut-hirtl.at\/www\/wp-content\/uploads\/2024\/04\/Hirtl_Logo-1024x819-1.jpg","contentUrl":"https:\/\/www.weingut-hirtl.at\/www\/wp-content\/uploads\/2024\/04\/Hirtl_Logo-1024x819-1.jpg","width":1024,"height":819,"caption":"Weingut Hirtl"},"image":{"@id":"https:\/\/www.weingut-hirtl.at\/cs\/#\/schema\/logo\/image\/"},"sameAs":["https:\/\/www.facebook.com\/Wein.Hirtl","https:\/\/www.instagram.com\/weingut_hirtl\/"]}]}},"_links":{"self":[{"href":"https:\/\/www.weingut-hirtl.at\/cs\/wp-json\/wp\/v2\/product\/8165","targetHints":{"allow":["GET"]}}],"collection":[{"href":"https:\/\/www.weingut-hirtl.at\/cs\/wp-json\/wp\/v2\/product"}],"about":[{"href":"https:\/\/www.weingut-hirtl.at\/cs\/wp-json\/wp\/v2\/types\/product"}],"replies":[{"embeddable":true,"href":"https:\/\/www.weingut-hirtl.at\/cs\/wp-json\/wp\/v2\/comments?post=8165"}],"wp:featuredmedia":[{"embeddable":true,"href":"https:\/\/www.weingut-hirtl.at\/cs\/wp-json\/wp\/v2\/media\/9283"}],"wp:attachment":[{"href":"https:\/\/www.weingut-hirtl.at\/cs\/wp-json\/wp\/v2\/media?parent=8165"}],"wp:term":[{"taxonomy":"product_brand","embeddable":true,"href":"https:\/\/www.weingut-hirtl.at\/cs\/wp-json\/wp\/v2\/product_brand?post=8165"},{"taxonomy":"product_cat","embeddable":true,"href":"https:\/\/www.weingut-hirtl.at\/cs\/wp-json\/wp\/v2\/product_cat?post=8165"},{"taxonomy":"product_tag","embeddable":true,"href":"https:\/\/www.weingut-hirtl.at\/cs\/wp-json\/wp\/v2\/product_tag?post=8165"}],"curies":[{"name":"wp","href":"https:\/\/api.w.org\/{rel}","templated":true}]}}