{"id":8162,"date":"2024-05-28T15:03:49","date_gmt":"2024-05-28T13:03:49","guid":{"rendered":"https:\/\/www.weingut-hirtl.at\/product\/merlot-exklusiv-2023\/"},"modified":"2026-04-07T14:40:51","modified_gmt":"2026-04-07T12:40:51","slug":"merlot-exklusiv","status":"publish","type":"product","link":"https:\/\/www.weingut-hirtl.at\/cs\/produkt\/merlot-exklusiv\/","title":{"rendered":"Merlot Exklusiv 2025"},"content":{"rendered":"","protected":false},"excerpt":{"rendered":"<p>V\u00fdrazn\u00fd Merlot s tmav\u00fdm ovocem a jemn\u00fdm ko\u0159en\u00edm. Ve v\u016fni se objevuj\u00ed t\u00f3ny karamelizovan\u00fdch \u0161vestek, karamelu (toffee) a tonkov\u00e9ho bobu. Na pat\u0159e such\u00fd, extraktivn\u00ed a hladk\u00fd, s v\u00fdrazn\u00fdmi, ale dob\u0159e zakomponovan\u00fdmi t\u0159\u00edslovinami. T\u00f3ny kakaa, vanilky a nakl\u00e1dan\u00fdch malin doprov\u00e1zej\u00ed dlouh\u00fd z\u00e1v\u011br. Navzdory sv\u00e9mu ml\u00e1d\u00ed je ji\u017e harmonick\u00fd a m\u00e1 velk\u00fd potenci\u00e1l zr\u00e1n\u00ed. Vynikaj\u00edc\u00ed doprovod ke v\u0161em pokrm\u016fm ze zv\u011b\u0159iny.<\/p>\n<p><strong>Zralost k pit\u00ed:: 2-8 roky<br \/>\nObsah: 0,75l<\/strong><\/p>\n<p><strong>13,5 sv. % | such\u00e9<\/strong><\/p>\n","protected":false},"featured_media":9315,"comment_status":"open","ping_status":"closed","template":"","meta":{"_acf_changed":false},"product_brand":[],"product_cat":[349,351,345],"product_tag":[397,398,399,400,401,402,396,380],"class_list":{"0":"post-8162","1":"product","2":"type-product","3":"status-publish","4":"has-post-thumbnail","6":"product_cat-cervene-vino","7":"product_cat-cervene-vino-rezervace","8":"product_cat-jedina-lahev","9":"product_tag-beeren-cs","10":"product_tag-himbeere-cs","11":"product_tag-minze-cs","12":"product_tag-ribisel-cs","13":"product_tag-roestaromen-cs","14":"product_tag-schokolade-cs","15":"product_tag-tannin-cs","16":"product_tag-trocken-cs","18":"first","19":"instock","20":"taxable","21":"shipping-taxable","22":"purchasable","23":"product-type-simple"},"acf":[],"yoast_head":"<!-- This site is optimized with the Yoast SEO plugin v27.3 - https:\/\/yoast.com\/product\/yoast-seo-wordpress\/ -->\n<title>Merlot Exklusiv 2025 | Weingut Hirtl<\/title>\n<meta name=\"robots\" content=\"index, follow, max-snippet:-1, max-image-preview:large, max-video-preview:-1\" \/>\n<link rel=\"canonical\" href=\"https:\/\/www.weingut-hirtl.at\/cs\/produkt\/merlot-exklusiv\/\" \/>\n<meta property=\"og:locale\" content=\"cs_CZ\" \/>\n<meta property=\"og:type\" content=\"article\" \/>\n<meta property=\"og:title\" content=\"Merlot Exklusiv 2025 | Weingut Hirtl\" \/>\n<meta property=\"og:description\" content=\"V\u00fdrazn\u00fd Merlot s tmav\u00fdm ovocem a jemn\u00fdm ko\u0159en\u00edm. Ve v\u016fni se objevuj\u00ed t\u00f3ny karamelizovan\u00fdch \u0161vestek, karamelu (toffee) a tonkov\u00e9ho bobu. Na pat\u0159e such\u00fd, extraktivn\u00ed a hladk\u00fd, s v\u00fdrazn\u00fdmi, ale dob\u0159e zakomponovan\u00fdmi t\u0159\u00edslovinami. T\u00f3ny kakaa, vanilky a nakl\u00e1dan\u00fdch malin doprov\u00e1zej\u00ed dlouh\u00fd z\u00e1v\u011br. Navzdory sv\u00e9mu ml\u00e1d\u00ed je ji\u017e harmonick\u00fd a m\u00e1 velk\u00fd potenci\u00e1l zr\u00e1n\u00ed. Vynikaj\u00edc\u00ed doprovod ke v\u0161em pokrm\u016fm ze zv\u011b\u0159iny.  Zralost k pit\u00ed:: 2-8 roky Obsah: 0,75l  13,5 sv. % | such\u00e9\" \/>\n<meta property=\"og:url\" content=\"https:\/\/www.weingut-hirtl.at\/cs\/produkt\/merlot-exklusiv\/\" \/>\n<meta property=\"og:site_name\" content=\"Weingut Hirtl\" \/>\n<meta property=\"article:publisher\" content=\"https:\/\/www.facebook.com\/Wein.Hirtl\" \/>\n<meta property=\"article:modified_time\" content=\"2026-04-07T12:40:51+00:00\" \/>\n<meta property=\"og:image\" content=\"https:\/\/www.weingut-hirtl.at\/www\/wp-content\/uploads\/2024\/05\/Merlot-Eklusiv-Weingut-Hirtl.png\" \/>\n\t<meta property=\"og:image:width\" content=\"600\" \/>\n\t<meta property=\"og:image:height\" content=\"600\" \/>\n\t<meta property=\"og:image:type\" content=\"image\/png\" \/>\n<meta name=\"twitter:card\" content=\"summary_large_image\" \/>\n<meta name=\"twitter:label1\" content=\"Odhadovan\u00e1 doba \u010dten\u00ed\" \/>\n\t<meta name=\"twitter:data1\" content=\"1 minuta\" \/>\n<script type=\"application\/ld+json\" class=\"yoast-schema-graph\">{\"@context\":\"https:\\\/\\\/schema.org\",\"@graph\":[{\"@type\":\"WebPage\",\"@id\":\"https:\\\/\\\/www.weingut-hirtl.at\\\/cs\\\/produkt\\\/merlot-exklusiv\\\/\",\"url\":\"https:\\\/\\\/www.weingut-hirtl.at\\\/cs\\\/produkt\\\/merlot-exklusiv\\\/\",\"name\":\"Merlot Exklusiv 2025 | Weingut Hirtl\",\"isPartOf\":{\"@id\":\"https:\\\/\\\/www.weingut-hirtl.at\\\/cs\\\/#website\"},\"primaryImageOfPage\":{\"@id\":\"https:\\\/\\\/www.weingut-hirtl.at\\\/cs\\\/produkt\\\/merlot-exklusiv\\\/#primaryimage\"},\"image\":{\"@id\":\"https:\\\/\\\/www.weingut-hirtl.at\\\/cs\\\/produkt\\\/merlot-exklusiv\\\/#primaryimage\"},\"thumbnailUrl\":\"https:\\\/\\\/www.weingut-hirtl.at\\\/www\\\/wp-content\\\/uploads\\\/2024\\\/05\\\/Merlot-Eklusiv-Weingut-Hirtl.png\",\"datePublished\":\"2024-05-28T13:03:49+00:00\",\"dateModified\":\"2026-04-07T12:40:51+00:00\",\"breadcrumb\":{\"@id\":\"https:\\\/\\\/www.weingut-hirtl.at\\\/cs\\\/produkt\\\/merlot-exklusiv\\\/#breadcrumb\"},\"inLanguage\":\"cs\",\"potentialAction\":[{\"@type\":\"ReadAction\",\"target\":[\"https:\\\/\\\/www.weingut-hirtl.at\\\/cs\\\/produkt\\\/merlot-exklusiv\\\/\"]}]},{\"@type\":\"ImageObject\",\"inLanguage\":\"cs\",\"@id\":\"https:\\\/\\\/www.weingut-hirtl.at\\\/cs\\\/produkt\\\/merlot-exklusiv\\\/#primaryimage\",\"url\":\"https:\\\/\\\/www.weingut-hirtl.at\\\/www\\\/wp-content\\\/uploads\\\/2024\\\/05\\\/Merlot-Eklusiv-Weingut-Hirtl.png\",\"contentUrl\":\"https:\\\/\\\/www.weingut-hirtl.at\\\/www\\\/wp-content\\\/uploads\\\/2024\\\/05\\\/Merlot-Eklusiv-Weingut-Hirtl.png\",\"width\":600,\"height\":600,\"caption\":\"Samtiger Merlot mit dunkler Frucht und langem, kraftvollem Abgang\"},{\"@type\":\"BreadcrumbList\",\"@id\":\"https:\\\/\\\/www.weingut-hirtl.at\\\/cs\\\/produkt\\\/merlot-exklusiv\\\/#breadcrumb\",\"itemListElement\":[{\"@type\":\"ListItem\",\"position\":1,\"name\":\"Startseite\",\"item\":\"https:\\\/\\\/www.weingut-hirtl.at\\\/cs\\\/\"},{\"@type\":\"ListItem\",\"position\":2,\"name\":\"Shop\",\"item\":\"https:\\\/\\\/www.weingut-hirtl.at\\\/shop\\\/\"},{\"@type\":\"ListItem\",\"position\":3,\"name\":\"Merlot Exklusiv 2025\"}]},{\"@type\":\"WebSite\",\"@id\":\"https:\\\/\\\/www.weingut-hirtl.at\\\/cs\\\/#website\",\"url\":\"https:\\\/\\\/www.weingut-hirtl.at\\\/cs\\\/\",\"name\":\"Weingut Hirtl\",\"description\":\"\",\"publisher\":{\"@id\":\"https:\\\/\\\/www.weingut-hirtl.at\\\/cs\\\/#organization\"},\"potentialAction\":[{\"@type\":\"SearchAction\",\"target\":{\"@type\":\"EntryPoint\",\"urlTemplate\":\"https:\\\/\\\/www.weingut-hirtl.at\\\/cs\\\/?s={search_term_string}\"},\"query-input\":{\"@type\":\"PropertyValueSpecification\",\"valueRequired\":true,\"valueName\":\"search_term_string\"}}],\"inLanguage\":\"cs\"},{\"@type\":\"Organization\",\"@id\":\"https:\\\/\\\/www.weingut-hirtl.at\\\/cs\\\/#organization\",\"name\":\"Weingut Hirtl\",\"url\":\"https:\\\/\\\/www.weingut-hirtl.at\\\/cs\\\/\",\"logo\":{\"@type\":\"ImageObject\",\"inLanguage\":\"cs\",\"@id\":\"https:\\\/\\\/www.weingut-hirtl.at\\\/cs\\\/#\\\/schema\\\/logo\\\/image\\\/\",\"url\":\"https:\\\/\\\/www.weingut-hirtl.at\\\/www\\\/wp-content\\\/uploads\\\/2024\\\/04\\\/Hirtl_Logo-1024x819-1.jpg\",\"contentUrl\":\"https:\\\/\\\/www.weingut-hirtl.at\\\/www\\\/wp-content\\\/uploads\\\/2024\\\/04\\\/Hirtl_Logo-1024x819-1.jpg\",\"width\":1024,\"height\":819,\"caption\":\"Weingut Hirtl\"},\"image\":{\"@id\":\"https:\\\/\\\/www.weingut-hirtl.at\\\/cs\\\/#\\\/schema\\\/logo\\\/image\\\/\"},\"sameAs\":[\"https:\\\/\\\/www.facebook.com\\\/Wein.Hirtl\",\"https:\\\/\\\/www.instagram.com\\\/weingut_hirtl\\\/\"]}]}<\/script>\n<!-- \/ Yoast SEO plugin. -->","yoast_head_json":{"title":"Merlot Exklusiv 2025 | Weingut Hirtl","robots":{"index":"index","follow":"follow","max-snippet":"max-snippet:-1","max-image-preview":"max-image-preview:large","max-video-preview":"max-video-preview:-1"},"canonical":"https:\/\/www.weingut-hirtl.at\/cs\/produkt\/merlot-exklusiv\/","og_locale":"cs_CZ","og_type":"article","og_title":"Merlot Exklusiv 2025 | Weingut Hirtl","og_description":"V\u00fdrazn\u00fd Merlot s tmav\u00fdm ovocem a jemn\u00fdm ko\u0159en\u00edm. Ve v\u016fni se objevuj\u00ed t\u00f3ny karamelizovan\u00fdch \u0161vestek, karamelu (toffee) a tonkov\u00e9ho bobu. Na pat\u0159e such\u00fd, extraktivn\u00ed a hladk\u00fd, s v\u00fdrazn\u00fdmi, ale dob\u0159e zakomponovan\u00fdmi t\u0159\u00edslovinami. T\u00f3ny kakaa, vanilky a nakl\u00e1dan\u00fdch malin doprov\u00e1zej\u00ed dlouh\u00fd z\u00e1v\u011br. Navzdory sv\u00e9mu ml\u00e1d\u00ed je ji\u017e harmonick\u00fd a m\u00e1 velk\u00fd potenci\u00e1l zr\u00e1n\u00ed. Vynikaj\u00edc\u00ed doprovod ke v\u0161em pokrm\u016fm ze zv\u011b\u0159iny.  Zralost k pit\u00ed:: 2-8 roky Obsah: 0,75l  13,5 sv. % | such\u00e9","og_url":"https:\/\/www.weingut-hirtl.at\/cs\/produkt\/merlot-exklusiv\/","og_site_name":"Weingut Hirtl","article_publisher":"https:\/\/www.facebook.com\/Wein.Hirtl","article_modified_time":"2026-04-07T12:40:51+00:00","og_image":[{"width":600,"height":600,"url":"https:\/\/www.weingut-hirtl.at\/www\/wp-content\/uploads\/2024\/05\/Merlot-Eklusiv-Weingut-Hirtl.png","type":"image\/png"}],"twitter_card":"summary_large_image","twitter_misc":{"Odhadovan\u00e1 doba \u010dten\u00ed":"1 minuta"},"schema":{"@context":"https:\/\/schema.org","@graph":[{"@type":"WebPage","@id":"https:\/\/www.weingut-hirtl.at\/cs\/produkt\/merlot-exklusiv\/","url":"https:\/\/www.weingut-hirtl.at\/cs\/produkt\/merlot-exklusiv\/","name":"Merlot Exklusiv 2025 | Weingut Hirtl","isPartOf":{"@id":"https:\/\/www.weingut-hirtl.at\/cs\/#website"},"primaryImageOfPage":{"@id":"https:\/\/www.weingut-hirtl.at\/cs\/produkt\/merlot-exklusiv\/#primaryimage"},"image":{"@id":"https:\/\/www.weingut-hirtl.at\/cs\/produkt\/merlot-exklusiv\/#primaryimage"},"thumbnailUrl":"https:\/\/www.weingut-hirtl.at\/www\/wp-content\/uploads\/2024\/05\/Merlot-Eklusiv-Weingut-Hirtl.png","datePublished":"2024-05-28T13:03:49+00:00","dateModified":"2026-04-07T12:40:51+00:00","breadcrumb":{"@id":"https:\/\/www.weingut-hirtl.at\/cs\/produkt\/merlot-exklusiv\/#breadcrumb"},"inLanguage":"cs","potentialAction":[{"@type":"ReadAction","target":["https:\/\/www.weingut-hirtl.at\/cs\/produkt\/merlot-exklusiv\/"]}]},{"@type":"ImageObject","inLanguage":"cs","@id":"https:\/\/www.weingut-hirtl.at\/cs\/produkt\/merlot-exklusiv\/#primaryimage","url":"https:\/\/www.weingut-hirtl.at\/www\/wp-content\/uploads\/2024\/05\/Merlot-Eklusiv-Weingut-Hirtl.png","contentUrl":"https:\/\/www.weingut-hirtl.at\/www\/wp-content\/uploads\/2024\/05\/Merlot-Eklusiv-Weingut-Hirtl.png","width":600,"height":600,"caption":"Samtiger Merlot mit dunkler Frucht und langem, kraftvollem Abgang"},{"@type":"BreadcrumbList","@id":"https:\/\/www.weingut-hirtl.at\/cs\/produkt\/merlot-exklusiv\/#breadcrumb","itemListElement":[{"@type":"ListItem","position":1,"name":"Startseite","item":"https:\/\/www.weingut-hirtl.at\/cs\/"},{"@type":"ListItem","position":2,"name":"Shop","item":"https:\/\/www.weingut-hirtl.at\/shop\/"},{"@type":"ListItem","position":3,"name":"Merlot Exklusiv 2025"}]},{"@type":"WebSite","@id":"https:\/\/www.weingut-hirtl.at\/cs\/#website","url":"https:\/\/www.weingut-hirtl.at\/cs\/","name":"Weingut Hirtl","description":"","publisher":{"@id":"https:\/\/www.weingut-hirtl.at\/cs\/#organization"},"potentialAction":[{"@type":"SearchAction","target":{"@type":"EntryPoint","urlTemplate":"https:\/\/www.weingut-hirtl.at\/cs\/?s={search_term_string}"},"query-input":{"@type":"PropertyValueSpecification","valueRequired":true,"valueName":"search_term_string"}}],"inLanguage":"cs"},{"@type":"Organization","@id":"https:\/\/www.weingut-hirtl.at\/cs\/#organization","name":"Weingut Hirtl","url":"https:\/\/www.weingut-hirtl.at\/cs\/","logo":{"@type":"ImageObject","inLanguage":"cs","@id":"https:\/\/www.weingut-hirtl.at\/cs\/#\/schema\/logo\/image\/","url":"https:\/\/www.weingut-hirtl.at\/www\/wp-content\/uploads\/2024\/04\/Hirtl_Logo-1024x819-1.jpg","contentUrl":"https:\/\/www.weingut-hirtl.at\/www\/wp-content\/uploads\/2024\/04\/Hirtl_Logo-1024x819-1.jpg","width":1024,"height":819,"caption":"Weingut Hirtl"},"image":{"@id":"https:\/\/www.weingut-hirtl.at\/cs\/#\/schema\/logo\/image\/"},"sameAs":["https:\/\/www.facebook.com\/Wein.Hirtl","https:\/\/www.instagram.com\/weingut_hirtl\/"]}]}},"_links":{"self":[{"href":"https:\/\/www.weingut-hirtl.at\/cs\/wp-json\/wp\/v2\/product\/8162","targetHints":{"allow":["GET"]}}],"collection":[{"href":"https:\/\/www.weingut-hirtl.at\/cs\/wp-json\/wp\/v2\/product"}],"about":[{"href":"https:\/\/www.weingut-hirtl.at\/cs\/wp-json\/wp\/v2\/types\/product"}],"replies":[{"embeddable":true,"href":"https:\/\/www.weingut-hirtl.at\/cs\/wp-json\/wp\/v2\/comments?post=8162"}],"wp:featuredmedia":[{"embeddable":true,"href":"https:\/\/www.weingut-hirtl.at\/cs\/wp-json\/wp\/v2\/media\/9315"}],"wp:attachment":[{"href":"https:\/\/www.weingut-hirtl.at\/cs\/wp-json\/wp\/v2\/media?parent=8162"}],"wp:term":[{"taxonomy":"product_brand","embeddable":true,"href":"https:\/\/www.weingut-hirtl.at\/cs\/wp-json\/wp\/v2\/product_brand?post=8162"},{"taxonomy":"product_cat","embeddable":true,"href":"https:\/\/www.weingut-hirtl.at\/cs\/wp-json\/wp\/v2\/product_cat?post=8162"},{"taxonomy":"product_tag","embeddable":true,"href":"https:\/\/www.weingut-hirtl.at\/cs\/wp-json\/wp\/v2\/product_tag?post=8162"}],"curies":[{"name":"wp","href":"https:\/\/api.w.org\/{rel}","templated":true}]}}