{"id":8159,"date":"2024-08-24T15:19:42","date_gmt":"2024-08-24T13:19:42","guid":{"rendered":"https:\/\/www.weingut-hirtl.at\/product\/granit-berry-gruener-veltliner-reserve-2022\/"},"modified":"2026-04-07T17:43:33","modified_gmt":"2026-04-07T15:43:33","slug":"granit-berry-gruener-veltliner-reserve","status":"publish","type":"product","link":"https:\/\/www.weingut-hirtl.at\/cs\/produkt\/granit-berry-gruener-veltliner-reserve\/","title":{"rendered":"Granit &#038; Berry Gr\u00fcner Veltliner Reserve 2022"},"content":{"rendered":"","protected":false},"excerpt":{"rendered":"<p>V\u00fdjime\u010dn\u00e1 Grande Reserve pro objevitele. Ve v\u016fni se objevuj\u00ed burgundsk\u00e9 t\u00f3ny, b\u00edl\u00fd pep\u0159 a kandovan\u00e9 ovoce, dopln\u011bn\u00e9 jemn\u00fdmi lu\u010dn\u00edmi bylinami. Na pat\u0159e kr\u00e9mov\u00e9 a pln\u00e9, s jemnou t\u0159\u00edslovinou, miner\u00e1ln\u00ed hloubkou a p\u016fsobivou komplexitou. Zp\u016fsob v\u00fdroby \u2013 \u010d\u00e1ste\u010dn\u011b kva\u0161en\u00e9 na slupk\u00e1ch, \u010d\u00e1ste\u010dn\u011b zraj\u00edc\u00ed v \u017eule \u2013 dod\u00e1v\u00e1 v\u00ednu charakter a nap\u011bt\u00ed. V z\u00e1v\u011bru siln\u00e9, p\u0159esto harmonick\u00e9 a p\u0159\u00edstupn\u00e9.<\/p>\n<p><strong>Zralost k pit\u00ed:: 2-10 roky<br \/>\nObsah: 0,75l<\/strong><\/p>\n<p><strong>13,5 sv. % | such\u00e9<\/strong><\/p>\n","protected":false},"featured_media":9312,"comment_status":"open","ping_status":"closed","template":"","meta":{"_acf_changed":false},"product_brand":[],"product_cat":[356,345],"product_tag":[371,390,372,383,373,395,380,379],"class_list":{"0":"post-8159","1":"product","2":"type-product","3":"status-publish","4":"has-post-thumbnail","6":"product_cat-bile-vino-rezervace","7":"product_cat-jedina-lahev","8":"product_tag-apfel-cs","9":"product_tag-birne-cs","10":"product_tag-kernobst-cs","11":"product_tag-kraeftig-cs","12":"product_tag-pfeffer-cs","13":"product_tag-piment-cs","14":"product_tag-trocken-cs","15":"product_tag-wuerze-cs","17":"first","18":"instock","19":"taxable","20":"shipping-taxable","21":"purchasable","22":"product-type-simple"},"acf":[],"yoast_head":"<!-- This site is optimized with the Yoast SEO plugin v27.3 - https:\/\/yoast.com\/product\/yoast-seo-wordpress\/ -->\n<title>Granit &amp; Berry Gr\u00fcner Veltliner Reserve 2022 | Weingut Hirtl<\/title>\n<meta name=\"robots\" content=\"index, follow, max-snippet:-1, max-image-preview:large, max-video-preview:-1\" \/>\n<link rel=\"canonical\" href=\"https:\/\/www.weingut-hirtl.at\/cs\/produkt\/granit-berry-gruener-veltliner-reserve\/\" \/>\n<meta property=\"og:locale\" content=\"cs_CZ\" \/>\n<meta property=\"og:type\" content=\"article\" \/>\n<meta property=\"og:title\" content=\"Granit &amp; Berry Gr\u00fcner Veltliner Reserve 2022 | Weingut Hirtl\" \/>\n<meta property=\"og:description\" content=\"V\u00fdjime\u010dn\u00e1 Grande Reserve pro objevitele. Ve v\u016fni se objevuj\u00ed burgundsk\u00e9 t\u00f3ny, b\u00edl\u00fd pep\u0159 a kandovan\u00e9 ovoce, dopln\u011bn\u00e9 jemn\u00fdmi lu\u010dn\u00edmi bylinami. Na pat\u0159e kr\u00e9mov\u00e9 a pln\u00e9, s jemnou t\u0159\u00edslovinou, miner\u00e1ln\u00ed hloubkou a p\u016fsobivou komplexitou. Zp\u016fsob v\u00fdroby \u2013 \u010d\u00e1ste\u010dn\u011b kva\u0161en\u00e9 na slupk\u00e1ch, \u010d\u00e1ste\u010dn\u011b zraj\u00edc\u00ed v \u017eule \u2013 dod\u00e1v\u00e1 v\u00ednu charakter a nap\u011bt\u00ed. V z\u00e1v\u011bru siln\u00e9, p\u0159esto harmonick\u00e9 a p\u0159\u00edstupn\u00e9.  Zralost k pit\u00ed:: 2-10 roky Obsah: 0,75l  13,5 sv. % | such\u00e9\" \/>\n<meta property=\"og:url\" content=\"https:\/\/www.weingut-hirtl.at\/cs\/produkt\/granit-berry-gruener-veltliner-reserve\/\" \/>\n<meta property=\"og:site_name\" content=\"Weingut Hirtl\" \/>\n<meta property=\"article:publisher\" content=\"https:\/\/www.facebook.com\/Wein.Hirtl\" \/>\n<meta property=\"article:modified_time\" content=\"2026-04-07T15:43:33+00:00\" \/>\n<meta property=\"og:image\" content=\"https:\/\/www.weingut-hirtl.at\/www\/wp-content\/uploads\/2024\/08\/Granit-Berry-Auszeichnungen-Weingut-Hirtl.png\" \/>\n\t<meta property=\"og:image:width\" content=\"600\" \/>\n\t<meta property=\"og:image:height\" content=\"600\" \/>\n\t<meta property=\"og:image:type\" content=\"image\/png\" \/>\n<meta name=\"twitter:card\" content=\"summary_large_image\" \/>\n<meta name=\"twitter:label1\" content=\"Odhadovan\u00e1 doba \u010dten\u00ed\" \/>\n\t<meta name=\"twitter:data1\" content=\"1 minuta\" \/>\n<script type=\"application\/ld+json\" class=\"yoast-schema-graph\">{\"@context\":\"https:\\\/\\\/schema.org\",\"@graph\":[{\"@type\":\"WebPage\",\"@id\":\"https:\\\/\\\/www.weingut-hirtl.at\\\/cs\\\/produkt\\\/granit-berry-gruener-veltliner-reserve\\\/\",\"url\":\"https:\\\/\\\/www.weingut-hirtl.at\\\/cs\\\/produkt\\\/granit-berry-gruener-veltliner-reserve\\\/\",\"name\":\"Granit & Berry Gr\u00fcner Veltliner Reserve 2022 | Weingut Hirtl\",\"isPartOf\":{\"@id\":\"https:\\\/\\\/www.weingut-hirtl.at\\\/cs\\\/#website\"},\"primaryImageOfPage\":{\"@id\":\"https:\\\/\\\/www.weingut-hirtl.at\\\/cs\\\/produkt\\\/granit-berry-gruener-veltliner-reserve\\\/#primaryimage\"},\"image\":{\"@id\":\"https:\\\/\\\/www.weingut-hirtl.at\\\/cs\\\/produkt\\\/granit-berry-gruener-veltliner-reserve\\\/#primaryimage\"},\"thumbnailUrl\":\"https:\\\/\\\/www.weingut-hirtl.at\\\/www\\\/wp-content\\\/uploads\\\/2024\\\/08\\\/Granit-Berry-Auszeichnungen-Weingut-Hirtl.png\",\"datePublished\":\"2024-08-24T13:19:42+00:00\",\"dateModified\":\"2026-04-07T15:43:33+00:00\",\"breadcrumb\":{\"@id\":\"https:\\\/\\\/www.weingut-hirtl.at\\\/cs\\\/produkt\\\/granit-berry-gruener-veltliner-reserve\\\/#breadcrumb\"},\"inLanguage\":\"cs\",\"potentialAction\":[{\"@type\":\"ReadAction\",\"target\":[\"https:\\\/\\\/www.weingut-hirtl.at\\\/cs\\\/produkt\\\/granit-berry-gruener-veltliner-reserve\\\/\"]}]},{\"@type\":\"ImageObject\",\"inLanguage\":\"cs\",\"@id\":\"https:\\\/\\\/www.weingut-hirtl.at\\\/cs\\\/produkt\\\/granit-berry-gruener-veltliner-reserve\\\/#primaryimage\",\"url\":\"https:\\\/\\\/www.weingut-hirtl.at\\\/www\\\/wp-content\\\/uploads\\\/2024\\\/08\\\/Granit-Berry-Auszeichnungen-Weingut-Hirtl.png\",\"contentUrl\":\"https:\\\/\\\/www.weingut-hirtl.at\\\/www\\\/wp-content\\\/uploads\\\/2024\\\/08\\\/Granit-Berry-Auszeichnungen-Weingut-Hirtl.png\",\"width\":600,\"height\":600,\"caption\":\"Innovative Gro\u00dfe Reserve mit cremiger Struktur und mineralischer Tiefe\"},{\"@type\":\"BreadcrumbList\",\"@id\":\"https:\\\/\\\/www.weingut-hirtl.at\\\/cs\\\/produkt\\\/granit-berry-gruener-veltliner-reserve\\\/#breadcrumb\",\"itemListElement\":[{\"@type\":\"ListItem\",\"position\":1,\"name\":\"Startseite\",\"item\":\"https:\\\/\\\/www.weingut-hirtl.at\\\/cs\\\/\"},{\"@type\":\"ListItem\",\"position\":2,\"name\":\"Shop\",\"item\":\"https:\\\/\\\/www.weingut-hirtl.at\\\/shop\\\/\"},{\"@type\":\"ListItem\",\"position\":3,\"name\":\"Granit &#038; Berry Gr\u00fcner Veltliner Reserve 2022\"}]},{\"@type\":\"WebSite\",\"@id\":\"https:\\\/\\\/www.weingut-hirtl.at\\\/cs\\\/#website\",\"url\":\"https:\\\/\\\/www.weingut-hirtl.at\\\/cs\\\/\",\"name\":\"Weingut Hirtl\",\"description\":\"\",\"publisher\":{\"@id\":\"https:\\\/\\\/www.weingut-hirtl.at\\\/cs\\\/#organization\"},\"potentialAction\":[{\"@type\":\"SearchAction\",\"target\":{\"@type\":\"EntryPoint\",\"urlTemplate\":\"https:\\\/\\\/www.weingut-hirtl.at\\\/cs\\\/?s={search_term_string}\"},\"query-input\":{\"@type\":\"PropertyValueSpecification\",\"valueRequired\":true,\"valueName\":\"search_term_string\"}}],\"inLanguage\":\"cs\"},{\"@type\":\"Organization\",\"@id\":\"https:\\\/\\\/www.weingut-hirtl.at\\\/cs\\\/#organization\",\"name\":\"Weingut Hirtl\",\"url\":\"https:\\\/\\\/www.weingut-hirtl.at\\\/cs\\\/\",\"logo\":{\"@type\":\"ImageObject\",\"inLanguage\":\"cs\",\"@id\":\"https:\\\/\\\/www.weingut-hirtl.at\\\/cs\\\/#\\\/schema\\\/logo\\\/image\\\/\",\"url\":\"https:\\\/\\\/www.weingut-hirtl.at\\\/www\\\/wp-content\\\/uploads\\\/2024\\\/04\\\/Hirtl_Logo-1024x819-1.jpg\",\"contentUrl\":\"https:\\\/\\\/www.weingut-hirtl.at\\\/www\\\/wp-content\\\/uploads\\\/2024\\\/04\\\/Hirtl_Logo-1024x819-1.jpg\",\"width\":1024,\"height\":819,\"caption\":\"Weingut Hirtl\"},\"image\":{\"@id\":\"https:\\\/\\\/www.weingut-hirtl.at\\\/cs\\\/#\\\/schema\\\/logo\\\/image\\\/\"},\"sameAs\":[\"https:\\\/\\\/www.facebook.com\\\/Wein.Hirtl\",\"https:\\\/\\\/www.instagram.com\\\/weingut_hirtl\\\/\"]}]}<\/script>\n<!-- \/ Yoast SEO plugin. -->","yoast_head_json":{"title":"Granit & Berry Gr\u00fcner Veltliner Reserve 2022 | Weingut Hirtl","robots":{"index":"index","follow":"follow","max-snippet":"max-snippet:-1","max-image-preview":"max-image-preview:large","max-video-preview":"max-video-preview:-1"},"canonical":"https:\/\/www.weingut-hirtl.at\/cs\/produkt\/granit-berry-gruener-veltliner-reserve\/","og_locale":"cs_CZ","og_type":"article","og_title":"Granit & Berry Gr\u00fcner Veltliner Reserve 2022 | Weingut Hirtl","og_description":"V\u00fdjime\u010dn\u00e1 Grande Reserve pro objevitele. Ve v\u016fni se objevuj\u00ed burgundsk\u00e9 t\u00f3ny, b\u00edl\u00fd pep\u0159 a kandovan\u00e9 ovoce, dopln\u011bn\u00e9 jemn\u00fdmi lu\u010dn\u00edmi bylinami. Na pat\u0159e kr\u00e9mov\u00e9 a pln\u00e9, s jemnou t\u0159\u00edslovinou, miner\u00e1ln\u00ed hloubkou a p\u016fsobivou komplexitou. Zp\u016fsob v\u00fdroby \u2013 \u010d\u00e1ste\u010dn\u011b kva\u0161en\u00e9 na slupk\u00e1ch, \u010d\u00e1ste\u010dn\u011b zraj\u00edc\u00ed v \u017eule \u2013 dod\u00e1v\u00e1 v\u00ednu charakter a nap\u011bt\u00ed. V z\u00e1v\u011bru siln\u00e9, p\u0159esto harmonick\u00e9 a p\u0159\u00edstupn\u00e9.  Zralost k pit\u00ed:: 2-10 roky Obsah: 0,75l  13,5 sv. % | such\u00e9","og_url":"https:\/\/www.weingut-hirtl.at\/cs\/produkt\/granit-berry-gruener-veltliner-reserve\/","og_site_name":"Weingut Hirtl","article_publisher":"https:\/\/www.facebook.com\/Wein.Hirtl","article_modified_time":"2026-04-07T15:43:33+00:00","og_image":[{"width":600,"height":600,"url":"https:\/\/www.weingut-hirtl.at\/www\/wp-content\/uploads\/2024\/08\/Granit-Berry-Auszeichnungen-Weingut-Hirtl.png","type":"image\/png"}],"twitter_card":"summary_large_image","twitter_misc":{"Odhadovan\u00e1 doba \u010dten\u00ed":"1 minuta"},"schema":{"@context":"https:\/\/schema.org","@graph":[{"@type":"WebPage","@id":"https:\/\/www.weingut-hirtl.at\/cs\/produkt\/granit-berry-gruener-veltliner-reserve\/","url":"https:\/\/www.weingut-hirtl.at\/cs\/produkt\/granit-berry-gruener-veltliner-reserve\/","name":"Granit & Berry Gr\u00fcner Veltliner Reserve 2022 | Weingut Hirtl","isPartOf":{"@id":"https:\/\/www.weingut-hirtl.at\/cs\/#website"},"primaryImageOfPage":{"@id":"https:\/\/www.weingut-hirtl.at\/cs\/produkt\/granit-berry-gruener-veltliner-reserve\/#primaryimage"},"image":{"@id":"https:\/\/www.weingut-hirtl.at\/cs\/produkt\/granit-berry-gruener-veltliner-reserve\/#primaryimage"},"thumbnailUrl":"https:\/\/www.weingut-hirtl.at\/www\/wp-content\/uploads\/2024\/08\/Granit-Berry-Auszeichnungen-Weingut-Hirtl.png","datePublished":"2024-08-24T13:19:42+00:00","dateModified":"2026-04-07T15:43:33+00:00","breadcrumb":{"@id":"https:\/\/www.weingut-hirtl.at\/cs\/produkt\/granit-berry-gruener-veltliner-reserve\/#breadcrumb"},"inLanguage":"cs","potentialAction":[{"@type":"ReadAction","target":["https:\/\/www.weingut-hirtl.at\/cs\/produkt\/granit-berry-gruener-veltliner-reserve\/"]}]},{"@type":"ImageObject","inLanguage":"cs","@id":"https:\/\/www.weingut-hirtl.at\/cs\/produkt\/granit-berry-gruener-veltliner-reserve\/#primaryimage","url":"https:\/\/www.weingut-hirtl.at\/www\/wp-content\/uploads\/2024\/08\/Granit-Berry-Auszeichnungen-Weingut-Hirtl.png","contentUrl":"https:\/\/www.weingut-hirtl.at\/www\/wp-content\/uploads\/2024\/08\/Granit-Berry-Auszeichnungen-Weingut-Hirtl.png","width":600,"height":600,"caption":"Innovative Gro\u00dfe Reserve mit cremiger Struktur und mineralischer Tiefe"},{"@type":"BreadcrumbList","@id":"https:\/\/www.weingut-hirtl.at\/cs\/produkt\/granit-berry-gruener-veltliner-reserve\/#breadcrumb","itemListElement":[{"@type":"ListItem","position":1,"name":"Startseite","item":"https:\/\/www.weingut-hirtl.at\/cs\/"},{"@type":"ListItem","position":2,"name":"Shop","item":"https:\/\/www.weingut-hirtl.at\/shop\/"},{"@type":"ListItem","position":3,"name":"Granit &#038; Berry Gr\u00fcner Veltliner Reserve 2022"}]},{"@type":"WebSite","@id":"https:\/\/www.weingut-hirtl.at\/cs\/#website","url":"https:\/\/www.weingut-hirtl.at\/cs\/","name":"Weingut Hirtl","description":"","publisher":{"@id":"https:\/\/www.weingut-hirtl.at\/cs\/#organization"},"potentialAction":[{"@type":"SearchAction","target":{"@type":"EntryPoint","urlTemplate":"https:\/\/www.weingut-hirtl.at\/cs\/?s={search_term_string}"},"query-input":{"@type":"PropertyValueSpecification","valueRequired":true,"valueName":"search_term_string"}}],"inLanguage":"cs"},{"@type":"Organization","@id":"https:\/\/www.weingut-hirtl.at\/cs\/#organization","name":"Weingut Hirtl","url":"https:\/\/www.weingut-hirtl.at\/cs\/","logo":{"@type":"ImageObject","inLanguage":"cs","@id":"https:\/\/www.weingut-hirtl.at\/cs\/#\/schema\/logo\/image\/","url":"https:\/\/www.weingut-hirtl.at\/www\/wp-content\/uploads\/2024\/04\/Hirtl_Logo-1024x819-1.jpg","contentUrl":"https:\/\/www.weingut-hirtl.at\/www\/wp-content\/uploads\/2024\/04\/Hirtl_Logo-1024x819-1.jpg","width":1024,"height":819,"caption":"Weingut Hirtl"},"image":{"@id":"https:\/\/www.weingut-hirtl.at\/cs\/#\/schema\/logo\/image\/"},"sameAs":["https:\/\/www.facebook.com\/Wein.Hirtl","https:\/\/www.instagram.com\/weingut_hirtl\/"]}]}},"_links":{"self":[{"href":"https:\/\/www.weingut-hirtl.at\/cs\/wp-json\/wp\/v2\/product\/8159","targetHints":{"allow":["GET"]}}],"collection":[{"href":"https:\/\/www.weingut-hirtl.at\/cs\/wp-json\/wp\/v2\/product"}],"about":[{"href":"https:\/\/www.weingut-hirtl.at\/cs\/wp-json\/wp\/v2\/types\/product"}],"replies":[{"embeddable":true,"href":"https:\/\/www.weingut-hirtl.at\/cs\/wp-json\/wp\/v2\/comments?post=8159"}],"wp:featuredmedia":[{"embeddable":true,"href":"https:\/\/www.weingut-hirtl.at\/cs\/wp-json\/wp\/v2\/media\/9312"}],"wp:attachment":[{"href":"https:\/\/www.weingut-hirtl.at\/cs\/wp-json\/wp\/v2\/media?parent=8159"}],"wp:term":[{"taxonomy":"product_brand","embeddable":true,"href":"https:\/\/www.weingut-hirtl.at\/cs\/wp-json\/wp\/v2\/product_brand?post=8159"},{"taxonomy":"product_cat","embeddable":true,"href":"https:\/\/www.weingut-hirtl.at\/cs\/wp-json\/wp\/v2\/product_cat?post=8159"},{"taxonomy":"product_tag","embeddable":true,"href":"https:\/\/www.weingut-hirtl.at\/cs\/wp-json\/wp\/v2\/product_tag?post=8159"}],"curies":[{"name":"wp","href":"https:\/\/api.w.org\/{rel}","templated":true}]}}