{"id":8158,"date":"2024-11-25T12:07:59","date_gmt":"2024-11-25T11:07:59","guid":{"rendered":"https:\/\/www.weingut-hirtl.at\/?post_type=product&#038;p=8158"},"modified":"2025-08-19T11:34:20","modified_gmt":"2025-08-19T09:34:20","slug":"12er-grill-paket-stilvolle-selection-2","status":"publish","type":"product","link":"https:\/\/www.weingut-hirtl.at\/cs\/produkt\/12er-grill-paket-stilvolle-selection-2\/","title":{"rendered":"12er Grill-Paket: Stilvolle Selection"},"content":{"rendered":"<p><strong>Gr\u00fcner Veltliner Reserve 2016<\/strong><br \/>\n\u201eSiln\u011b zeleno\u017elut\u00e1 barva, jemn\u00fd CO2, z\u00e1\u0159\u00edc\u00ed pomalu tekouc\u00edmi slzami. Intenzivn\u00ed chu\u0165 zral\u00e9ho peckovit\u00e9ho ovoce, \u017elut\u00fdch hru\u0161ek s elegantn\u00edm ko\u0159en\u00edm. Such\u00e9 s jemnou cukernatost\u00ed, \u0161\u0165avnat\u00e9 hru\u0161ky a \u017elut\u00e1 jablka na pat\u0159e, dokonal\u00e1 ko\u0159enitost v pozad\u00ed, pln\u00e9 a dlouh\u00e9 v chuti, mohutn\u00e9 s h\u0159ejiv\u00fdm alkoholem, mnohovrstevnat\u00e9 a rafinovan\u00e9 s dlouh\u00fdm z\u00e1v\u011brem.\u201c Dipl. somm. Martin Widemann.<\/p>\n<p><strong>Doporu\u010den\u00e1 doba pit\u00ed:<\/strong> 2-8 let<br \/>\n<strong>Obal:<\/strong> 0,75 l<br \/>\n<strong>Alkohol:<\/strong> 13 % vol. | polosuch\u00e9<\/p>\n<p>&nbsp;<\/p>\n<p><strong>Chardonnay Selection 2016<\/strong><br \/>\n\u201eZ\u00e1\u0159iv\u00e1, siln\u00e1 zeleno\u017elut\u00e1 barva, vysok\u00e1 viskozita. V\u016fn\u011b po tropick\u00e9m zral\u00e9m ovoci. Elegantn\u00ed zbytkov\u00fd cukr v pop\u0159ed\u00ed, pikantn\u00ed ovocn\u00e1 kyselina, zral\u00e9 mango a melouny na pat\u0159e, pln\u00e9 a siln\u00e9, perfektn\u011b zapracovan\u00fd alkohol, dlouho p\u0159etrv\u00e1vaj\u00edc\u00ed v z\u00e1v\u011bru,\u201c Dipl. Somm. Martin Widemann.<\/p>\n<p><strong>Doporu\u010den\u00e1 doba pit\u00ed:<\/strong> 2-8 let<br \/>\n<strong>Obal:<\/strong> 0,75 l<br \/>\n<strong>Alkohol:<\/strong> 13 % vol. | polosuch\u00fd<\/p>\n<p>&nbsp;<\/p>\n<p><strong>Wei\u00dfburgunder Selection 2016<\/strong><br \/>\n\u201eJasn\u00e1, jemn\u011b sl\u00e1mov\u011b \u017elut\u00e1 barva, velmi vysok\u00e1 viskozita. V\u016fn\u011b po mandl\u00edch a su\u0161en\u00e9m ovoci. Such\u00e9 s m\u00edrnou kyselinkou, kr\u00e9mov\u00e9 a jemn\u00e9, jemn\u00e9 burgundsk\u00e9 t\u00f3ny, siln\u00e9 na pat\u0159e s h\u0159ejiv\u00fdm alkoholem, rafinovan\u00e9 s dlouh\u00fdm z\u00e1v\u011brem,\u201c Dipl. Somm. Martin Widemann.<\/p>\n<p><strong>Doporu\u010den\u00e1 doba pit\u00ed:<\/strong> 2-8 let<br \/>\n<strong>Obal:<\/strong> 0,75 l<br \/>\n<strong>Alkohol:<\/strong> 13 % vol. | such\u00fd<\/p>\n","protected":false},"excerpt":{"rendered":"<p>Grilov\u00e1n\u00ed za tepl\u00fdch letn\u00edch ve\u010der\u016f, ve\u010de\u0159e s rodinou a p\u0159\u00e1teli, d\u00e1rek pro n\u011bkoho velmi v\u00fdjime\u010dn\u00e9ho. To v\u0161e pot\u0159ebuje styl. Ru\u010dn\u011b vyb\u00edr\u00e1no v balen\u00ed po 12 ks:<\/p>\n<p>4 lahvi\u010dky po 750 ml v balen\u00ed:<\/p>\n<ul>\n<li><a href=\"https:\/\/www.weingut-hirtl.at\/cs\/produkt\/gruener-veltliner-reserve-2016\/\">Gr\u00fcner Veltliner Reserve 2016<\/a><\/li>\n<li><a href=\"https:\/\/www.weinguthirtlshop.at\/product\/weissburgunder-selection-2016\/\">Wei\u00dfburgunder Selection 2016<\/a><\/li>\n<li><a href=\"https:\/\/www.weinguthirtlshop.at\/product\/chardonnay-selection-2016\/\">Chardonnay Selection 2016<\/a><\/li>\n<\/ul>\n","protected":false},"featured_media":8152,"comment_status":"open","ping_status":"closed","template":"","meta":{"_acf_changed":false},"product_brand":[],"product_cat":[344,347],"product_tag":[371,374,363,372,375,373,376,377,378,379],"class_list":{"0":"post-8158","1":"product","2":"type-product","3":"status-publish","4":"has-post-thumbnail","6":"product_cat-akce","7":"product_cat-balicky","8":"product_tag-apfel-cs","9":"product_tag-gelbfruchtig-cs","10":"product_tag-gruener-veltliner-cs","11":"product_tag-kernobst-cs","12":"product_tag-komplex-cs","13":"product_tag-pfeffer-cs","14":"product_tag-reif-cs","15":"product_tag-reife-weine-cs","16":"product_tag-reserve-cs","17":"product_tag-wuerze-cs","19":"first","20":"instock","21":"sale","22":"taxable","23":"shipping-taxable","24":"purchasable","25":"product-type-simple"},"acf":[],"yoast_head":"<!-- This site is optimized with the Yoast SEO plugin v27.3 - https:\/\/yoast.com\/product\/yoast-seo-wordpress\/ -->\n<title>12er Grill-Paket: Stilvolle Selection | Weingut Hirtl<\/title>\n<meta name=\"robots\" content=\"index, follow, max-snippet:-1, max-image-preview:large, max-video-preview:-1\" \/>\n<link rel=\"canonical\" href=\"https:\/\/www.weingut-hirtl.at\/cs\/produkt\/12er-grill-paket-stilvolle-selection-2\/\" \/>\n<meta property=\"og:locale\" content=\"cs_CZ\" \/>\n<meta property=\"og:type\" content=\"article\" \/>\n<meta property=\"og:title\" content=\"12er Grill-Paket: Stilvolle Selection | Weingut Hirtl\" \/>\n<meta property=\"og:description\" content=\"Grilov\u00e1n\u00ed za tepl\u00fdch letn\u00edch ve\u010der\u016f, ve\u010de\u0159e s rodinou a p\u0159\u00e1teli, d\u00e1rek pro n\u011bkoho velmi v\u00fdjime\u010dn\u00e9ho. To v\u0161e pot\u0159ebuje styl. Ru\u010dn\u011b vyb\u00edr\u00e1no v balen\u00ed po 12 ks:  4 lahvi\u010dky po 750 ml v balen\u00ed:   Gr\u00fcner Veltliner Reserve 2016  Wei\u00dfburgunder Selection 2016  Chardonnay Selection 2016\" \/>\n<meta property=\"og:url\" content=\"https:\/\/www.weingut-hirtl.at\/cs\/produkt\/12er-grill-paket-stilvolle-selection-2\/\" \/>\n<meta property=\"og:site_name\" content=\"Weingut Hirtl\" \/>\n<meta property=\"article:publisher\" content=\"https:\/\/www.facebook.com\/Wein.Hirtl\" \/>\n<meta property=\"article:modified_time\" content=\"2025-08-19T09:34:20+00:00\" \/>\n<meta property=\"og:image\" content=\"https:\/\/www.weingut-hirtl.at\/www\/wp-content\/uploads\/2023\/12\/2023reservenpaket_1x1_wh.jpg\" \/>\n\t<meta property=\"og:image:width\" content=\"1500\" \/>\n\t<meta property=\"og:image:height\" content=\"1500\" \/>\n\t<meta property=\"og:image:type\" content=\"image\/jpeg\" \/>\n<meta name=\"twitter:card\" content=\"summary_large_image\" \/>\n<meta name=\"twitter:label1\" content=\"Odhadovan\u00e1 doba \u010dten\u00ed\" \/>\n\t<meta name=\"twitter:data1\" content=\"1 minuta\" \/>\n<script type=\"application\/ld+json\" class=\"yoast-schema-graph\">{\"@context\":\"https:\\\/\\\/schema.org\",\"@graph\":[{\"@type\":\"WebPage\",\"@id\":\"https:\\\/\\\/www.weingut-hirtl.at\\\/cs\\\/produkt\\\/12er-grill-paket-stilvolle-selection-2\\\/\",\"url\":\"https:\\\/\\\/www.weingut-hirtl.at\\\/cs\\\/produkt\\\/12er-grill-paket-stilvolle-selection-2\\\/\",\"name\":\"12er Grill-Paket: Stilvolle Selection | Weingut Hirtl\",\"isPartOf\":{\"@id\":\"https:\\\/\\\/www.weingut-hirtl.at\\\/cs\\\/#website\"},\"primaryImageOfPage\":{\"@id\":\"https:\\\/\\\/www.weingut-hirtl.at\\\/cs\\\/produkt\\\/12er-grill-paket-stilvolle-selection-2\\\/#primaryimage\"},\"image\":{\"@id\":\"https:\\\/\\\/www.weingut-hirtl.at\\\/cs\\\/produkt\\\/12er-grill-paket-stilvolle-selection-2\\\/#primaryimage\"},\"thumbnailUrl\":\"https:\\\/\\\/www.weingut-hirtl.at\\\/www\\\/wp-content\\\/uploads\\\/2023\\\/12\\\/2023reservenpaket_1x1_wh.jpg\",\"datePublished\":\"2024-11-25T11:07:59+00:00\",\"dateModified\":\"2025-08-19T09:34:20+00:00\",\"breadcrumb\":{\"@id\":\"https:\\\/\\\/www.weingut-hirtl.at\\\/cs\\\/produkt\\\/12er-grill-paket-stilvolle-selection-2\\\/#breadcrumb\"},\"inLanguage\":\"cs\",\"potentialAction\":[{\"@type\":\"ReadAction\",\"target\":[\"https:\\\/\\\/www.weingut-hirtl.at\\\/cs\\\/produkt\\\/12er-grill-paket-stilvolle-selection-2\\\/\"]}]},{\"@type\":\"ImageObject\",\"inLanguage\":\"cs\",\"@id\":\"https:\\\/\\\/www.weingut-hirtl.at\\\/cs\\\/produkt\\\/12er-grill-paket-stilvolle-selection-2\\\/#primaryimage\",\"url\":\"https:\\\/\\\/www.weingut-hirtl.at\\\/www\\\/wp-content\\\/uploads\\\/2023\\\/12\\\/2023reservenpaket_1x1_wh.jpg\",\"contentUrl\":\"https:\\\/\\\/www.weingut-hirtl.at\\\/www\\\/wp-content\\\/uploads\\\/2023\\\/12\\\/2023reservenpaket_1x1_wh.jpg\",\"width\":1500,\"height\":1500},{\"@type\":\"BreadcrumbList\",\"@id\":\"https:\\\/\\\/www.weingut-hirtl.at\\\/cs\\\/produkt\\\/12er-grill-paket-stilvolle-selection-2\\\/#breadcrumb\",\"itemListElement\":[{\"@type\":\"ListItem\",\"position\":1,\"name\":\"Startseite\",\"item\":\"https:\\\/\\\/www.weingut-hirtl.at\\\/cs\\\/\"},{\"@type\":\"ListItem\",\"position\":2,\"name\":\"Shop\",\"item\":\"https:\\\/\\\/www.weingut-hirtl.at\\\/shop\\\/\"},{\"@type\":\"ListItem\",\"position\":3,\"name\":\"12er Grill-Paket: Stilvolle Selection\"}]},{\"@type\":\"WebSite\",\"@id\":\"https:\\\/\\\/www.weingut-hirtl.at\\\/cs\\\/#website\",\"url\":\"https:\\\/\\\/www.weingut-hirtl.at\\\/cs\\\/\",\"name\":\"Weingut Hirtl\",\"description\":\"\",\"publisher\":{\"@id\":\"https:\\\/\\\/www.weingut-hirtl.at\\\/cs\\\/#organization\"},\"potentialAction\":[{\"@type\":\"SearchAction\",\"target\":{\"@type\":\"EntryPoint\",\"urlTemplate\":\"https:\\\/\\\/www.weingut-hirtl.at\\\/cs\\\/?s={search_term_string}\"},\"query-input\":{\"@type\":\"PropertyValueSpecification\",\"valueRequired\":true,\"valueName\":\"search_term_string\"}}],\"inLanguage\":\"cs\"},{\"@type\":\"Organization\",\"@id\":\"https:\\\/\\\/www.weingut-hirtl.at\\\/cs\\\/#organization\",\"name\":\"Weingut Hirtl\",\"url\":\"https:\\\/\\\/www.weingut-hirtl.at\\\/cs\\\/\",\"logo\":{\"@type\":\"ImageObject\",\"inLanguage\":\"cs\",\"@id\":\"https:\\\/\\\/www.weingut-hirtl.at\\\/cs\\\/#\\\/schema\\\/logo\\\/image\\\/\",\"url\":\"https:\\\/\\\/www.weingut-hirtl.at\\\/www\\\/wp-content\\\/uploads\\\/2024\\\/04\\\/Hirtl_Logo-1024x819-1.jpg\",\"contentUrl\":\"https:\\\/\\\/www.weingut-hirtl.at\\\/www\\\/wp-content\\\/uploads\\\/2024\\\/04\\\/Hirtl_Logo-1024x819-1.jpg\",\"width\":1024,\"height\":819,\"caption\":\"Weingut Hirtl\"},\"image\":{\"@id\":\"https:\\\/\\\/www.weingut-hirtl.at\\\/cs\\\/#\\\/schema\\\/logo\\\/image\\\/\"},\"sameAs\":[\"https:\\\/\\\/www.facebook.com\\\/Wein.Hirtl\",\"https:\\\/\\\/www.instagram.com\\\/weingut_hirtl\\\/\"]}]}<\/script>\n<!-- \/ Yoast SEO plugin. -->","yoast_head_json":{"title":"12er Grill-Paket: Stilvolle Selection | Weingut Hirtl","robots":{"index":"index","follow":"follow","max-snippet":"max-snippet:-1","max-image-preview":"max-image-preview:large","max-video-preview":"max-video-preview:-1"},"canonical":"https:\/\/www.weingut-hirtl.at\/cs\/produkt\/12er-grill-paket-stilvolle-selection-2\/","og_locale":"cs_CZ","og_type":"article","og_title":"12er Grill-Paket: Stilvolle Selection | Weingut Hirtl","og_description":"Grilov\u00e1n\u00ed za tepl\u00fdch letn\u00edch ve\u010der\u016f, ve\u010de\u0159e s rodinou a p\u0159\u00e1teli, d\u00e1rek pro n\u011bkoho velmi v\u00fdjime\u010dn\u00e9ho. To v\u0161e pot\u0159ebuje styl. Ru\u010dn\u011b vyb\u00edr\u00e1no v balen\u00ed po 12 ks:  4 lahvi\u010dky po 750 ml v balen\u00ed:   Gr\u00fcner Veltliner Reserve 2016  Wei\u00dfburgunder Selection 2016  Chardonnay Selection 2016","og_url":"https:\/\/www.weingut-hirtl.at\/cs\/produkt\/12er-grill-paket-stilvolle-selection-2\/","og_site_name":"Weingut Hirtl","article_publisher":"https:\/\/www.facebook.com\/Wein.Hirtl","article_modified_time":"2025-08-19T09:34:20+00:00","og_image":[{"width":1500,"height":1500,"url":"https:\/\/www.weingut-hirtl.at\/www\/wp-content\/uploads\/2023\/12\/2023reservenpaket_1x1_wh.jpg","type":"image\/jpeg"}],"twitter_card":"summary_large_image","twitter_misc":{"Odhadovan\u00e1 doba \u010dten\u00ed":"1 minuta"},"schema":{"@context":"https:\/\/schema.org","@graph":[{"@type":"WebPage","@id":"https:\/\/www.weingut-hirtl.at\/cs\/produkt\/12er-grill-paket-stilvolle-selection-2\/","url":"https:\/\/www.weingut-hirtl.at\/cs\/produkt\/12er-grill-paket-stilvolle-selection-2\/","name":"12er Grill-Paket: Stilvolle Selection | Weingut Hirtl","isPartOf":{"@id":"https:\/\/www.weingut-hirtl.at\/cs\/#website"},"primaryImageOfPage":{"@id":"https:\/\/www.weingut-hirtl.at\/cs\/produkt\/12er-grill-paket-stilvolle-selection-2\/#primaryimage"},"image":{"@id":"https:\/\/www.weingut-hirtl.at\/cs\/produkt\/12er-grill-paket-stilvolle-selection-2\/#primaryimage"},"thumbnailUrl":"https:\/\/www.weingut-hirtl.at\/www\/wp-content\/uploads\/2023\/12\/2023reservenpaket_1x1_wh.jpg","datePublished":"2024-11-25T11:07:59+00:00","dateModified":"2025-08-19T09:34:20+00:00","breadcrumb":{"@id":"https:\/\/www.weingut-hirtl.at\/cs\/produkt\/12er-grill-paket-stilvolle-selection-2\/#breadcrumb"},"inLanguage":"cs","potentialAction":[{"@type":"ReadAction","target":["https:\/\/www.weingut-hirtl.at\/cs\/produkt\/12er-grill-paket-stilvolle-selection-2\/"]}]},{"@type":"ImageObject","inLanguage":"cs","@id":"https:\/\/www.weingut-hirtl.at\/cs\/produkt\/12er-grill-paket-stilvolle-selection-2\/#primaryimage","url":"https:\/\/www.weingut-hirtl.at\/www\/wp-content\/uploads\/2023\/12\/2023reservenpaket_1x1_wh.jpg","contentUrl":"https:\/\/www.weingut-hirtl.at\/www\/wp-content\/uploads\/2023\/12\/2023reservenpaket_1x1_wh.jpg","width":1500,"height":1500},{"@type":"BreadcrumbList","@id":"https:\/\/www.weingut-hirtl.at\/cs\/produkt\/12er-grill-paket-stilvolle-selection-2\/#breadcrumb","itemListElement":[{"@type":"ListItem","position":1,"name":"Startseite","item":"https:\/\/www.weingut-hirtl.at\/cs\/"},{"@type":"ListItem","position":2,"name":"Shop","item":"https:\/\/www.weingut-hirtl.at\/shop\/"},{"@type":"ListItem","position":3,"name":"12er Grill-Paket: Stilvolle Selection"}]},{"@type":"WebSite","@id":"https:\/\/www.weingut-hirtl.at\/cs\/#website","url":"https:\/\/www.weingut-hirtl.at\/cs\/","name":"Weingut Hirtl","description":"","publisher":{"@id":"https:\/\/www.weingut-hirtl.at\/cs\/#organization"},"potentialAction":[{"@type":"SearchAction","target":{"@type":"EntryPoint","urlTemplate":"https:\/\/www.weingut-hirtl.at\/cs\/?s={search_term_string}"},"query-input":{"@type":"PropertyValueSpecification","valueRequired":true,"valueName":"search_term_string"}}],"inLanguage":"cs"},{"@type":"Organization","@id":"https:\/\/www.weingut-hirtl.at\/cs\/#organization","name":"Weingut Hirtl","url":"https:\/\/www.weingut-hirtl.at\/cs\/","logo":{"@type":"ImageObject","inLanguage":"cs","@id":"https:\/\/www.weingut-hirtl.at\/cs\/#\/schema\/logo\/image\/","url":"https:\/\/www.weingut-hirtl.at\/www\/wp-content\/uploads\/2024\/04\/Hirtl_Logo-1024x819-1.jpg","contentUrl":"https:\/\/www.weingut-hirtl.at\/www\/wp-content\/uploads\/2024\/04\/Hirtl_Logo-1024x819-1.jpg","width":1024,"height":819,"caption":"Weingut Hirtl"},"image":{"@id":"https:\/\/www.weingut-hirtl.at\/cs\/#\/schema\/logo\/image\/"},"sameAs":["https:\/\/www.facebook.com\/Wein.Hirtl","https:\/\/www.instagram.com\/weingut_hirtl\/"]}]}},"_links":{"self":[{"href":"https:\/\/www.weingut-hirtl.at\/cs\/wp-json\/wp\/v2\/product\/8158","targetHints":{"allow":["GET"]}}],"collection":[{"href":"https:\/\/www.weingut-hirtl.at\/cs\/wp-json\/wp\/v2\/product"}],"about":[{"href":"https:\/\/www.weingut-hirtl.at\/cs\/wp-json\/wp\/v2\/types\/product"}],"replies":[{"embeddable":true,"href":"https:\/\/www.weingut-hirtl.at\/cs\/wp-json\/wp\/v2\/comments?post=8158"}],"wp:featuredmedia":[{"embeddable":true,"href":"https:\/\/www.weingut-hirtl.at\/cs\/wp-json\/wp\/v2\/media\/8152"}],"wp:attachment":[{"href":"https:\/\/www.weingut-hirtl.at\/cs\/wp-json\/wp\/v2\/media?parent=8158"}],"wp:term":[{"taxonomy":"product_brand","embeddable":true,"href":"https:\/\/www.weingut-hirtl.at\/cs\/wp-json\/wp\/v2\/product_brand?post=8158"},{"taxonomy":"product_cat","embeddable":true,"href":"https:\/\/www.weingut-hirtl.at\/cs\/wp-json\/wp\/v2\/product_cat?post=8158"},{"taxonomy":"product_tag","embeddable":true,"href":"https:\/\/www.weingut-hirtl.at\/cs\/wp-json\/wp\/v2\/product_tag?post=8158"}],"curies":[{"name":"wp","href":"https:\/\/api.w.org\/{rel}","templated":true}]}}