{"id":8149,"date":"2024-11-25T12:09:08","date_gmt":"2024-11-25T11:09:08","guid":{"rendered":"https:\/\/www.weingut-hirtl.at\/product\/6er-reserven-paket\/"},"modified":"2025-08-19T09:55:35","modified_gmt":"2025-08-19T07:55:35","slug":"6er-reserven-paket","status":"publish","type":"product","link":"https:\/\/www.weingut-hirtl.at\/cs\/produkt\/6er-reserven-paket\/","title":{"rendered":"6er Reserven Paket"},"content":{"rendered":"<p><strong>Gr\u00fcner Veltliner Weinviertel DAC Reserve 2021<\/strong> \u201eJasn\u00e1, za\u010d\u00ednaj\u00edc\u00ed sl\u00e1mov\u011b \u017elut\u00e1 barva, vysok\u00e1 viskozita. V\u016fn\u011b po zral\u00e9m jadrov\u00e9m ovoci, p\u0159ipom\u00ednaj\u00edc\u00ed nalo\u017een\u00e1 ko\u0159en\u011bn\u00e1 jablka. Na pat\u0159e jemn\u00e1 bolest d\u00edky pln\u00e9 extraktov\u00e9 sladkosti, doprov\u00e1zen\u00e1 typickou ko\u0159en\u011bnost\u00ed Gr\u00fcner Veltliner a \u017eivou kyselinkou. \u00da\u017easn\u00fd siln\u00fd Veltliner, kter\u00fd bude i za n\u011bkolik let st\u00e1le p\u0159in\u00e1\u0161et radost,\u201c Dipl. Somm. Harry Wurm.<\/p>\n<p><strong>Doporu\u010den\u00e1 doba pit\u00ed:<\/strong> 2-8 let<br \/><strong>Obal:<\/strong> 0,75l<br \/><strong>Alkohol:<\/strong> 13,5 % vol. | such\u00fd<\/p>\n<p><\/p>\n<p><strong>Gr\u00fcner Veltliner Reserve 2018<\/strong> \u201eLeskl\u00e1, siln\u00e1 sl\u00e1mov\u011b \u017elut\u00e1 barva, s jemn\u00fdmi zelen\u00fdmi odlesky, vysok\u00e1 viskozita. Lehk\u00e1 vyzr\u00e1lost, siln\u00e1 v\u016fn\u011b zral\u00e9ho jadrov\u00e9ho ovoce a elegantn\u00ed ko\u0159enitosti. Such\u00e9 s patrn\u00fdm harmonizuj\u00edc\u00edm zbytkov\u00fdm cukrem, v\u00fdrazn\u00e1 pikantn\u00ed kyselinka, na pat\u0159e hodn\u011b zral\u00fdch hru\u0161ek s nasl\u00e1dl\u00fdmi ko\u0159enit\u00fdmi t\u00f3ny, n\u00e1znaky piment\u016f a \u010dern\u00e9ho pep\u0159e, siln\u00fd, dob\u0159e zapracovan\u00fd alkohol, kr\u00e9mov\u00e9 a harmonick\u00e9 na pat\u0159e, s dlouh\u00fdm z\u00e1v\u011brem,\u201c Dipl. Somm. Martin Widemann.<\/p>\n<p><strong>Doporu\u010den\u00e1 doba pit\u00ed:<\/strong> 2-8 let<br \/><strong>Obal:<\/strong> 0,75l<br \/><strong>Alkohol:<\/strong> 13,0 % vol. | polosuch\u00fd<\/p>\n<p><\/p>\n<p><strong>Wei\u00dfburgunder Selection 2016<\/strong>&nbsp;\u201eZ\u00e1\u0159iv\u00e1, syt\u00e1 sl\u00e1mov\u011b \u017elut\u00e1. Po otev\u0159en\u00ed jemn\u00e1 v\u016fn\u011b, mandarinky a \u0161\u0165avnat\u00e9 peckoviny. Na pat\u0159e elegantn\u00ed \u0161petka cukru, k\u0159upav\u00e1 kyselina a spousta ovoce, ananas a b\u00edl\u00e9 broskve, pozd\u011bji jemn\u00e9 citrusov\u00e9 t\u00f3ny, pln\u00e9 t\u011blo s siln\u00fdm alkoholem a dlouh\u00fdm z\u00e1v\u011brem,\u201c Dipl. Somm. Martin Widemann.<\/p>\n<p><strong>Doporu\u010den\u00e1 doba pit\u00ed:<\/strong> 2-8 let<br \/><strong>Obal:<\/strong> 0,75l<br \/><strong>Alkohol:<\/strong> 13,0 % vol. | such\u00fd<\/p>\n<p><\/p>\n<p><strong>Wei\u00dfburgunder Reserve 2021<\/strong> \u201e\u010cir\u00e9, bled\u011b sl\u00e1mov\u011b \u017elut\u00e9 v\u00edno s velmi vysokou viskozitou. V\u016fn\u011b mandl\u00ed a su\u0161en\u00e9ho ovoce. Such\u00e9 s jemnou kyselinou, kr\u00e9mov\u00e9 a hebk\u00e9, jemn\u00e9 burgundsk\u00e9 aroma, pln\u00e1 chu\u0165 s h\u0159ejiv\u00fdm alkoholem, rafinovan\u00e9 s dlouh\u00fdm z\u00e1v\u011brem.\u201c Dipl. Somm. Martin Widemann<\/p>\n<p><strong>Doporu\u010den\u00e1 doba pit\u00ed:<\/strong> 2-8 let<br \/><strong>Obal:<\/strong> 0,75l<br \/><strong>Alkohol:<\/strong> 13,0 % vol. | such\u00fd<\/p>\n<p><\/p>\n<p><strong>Chardonnay Reserve 2019<\/strong> \u201eZ\u00e1\u0159iv\u00e1 sl\u00e1mov\u011b \u017elut\u00e1 barva s jemn\u00fdmi zlat\u00fdmi odlesky. Intenzivn\u00ed ovocn\u00e1 v\u016fn\u011b po zral\u00fdch mang\u00e1ch a tropick\u00fdch t\u00f3nech. Na pat\u0159e such\u00e9 s elegantn\u00ed \u0161petkou cukru, ovocn\u00e1 kyselinka, velmi kr\u00e9mov\u00e9, mnoho zral\u00fdch tropick\u00fdch t\u00f3n\u016f, velmi elegantn\u00ed s siln\u00fdm, dob\u0159e zapracovan\u00fdm alkoholem, vyv\u00e1\u017een\u00e9 s dlouh\u00fdm z\u00e1v\u011brem. Pou\u017eijte velk\u00fd poh\u00e1r,\u201c Dipl. Somm. Martin Widemann.<\/p>\n<p><strong>Doporu\u010den\u00e1 doba pit\u00ed:<\/strong> 2-8 let<br \/><strong>Obal:<\/strong> 0,75l<br \/><strong>Alkohol:<\/strong> 13,5 % vol. | polosuch\u00fd<\/p>\n<p><\/p>\n<p><strong>One in Red 2017\/2019<\/strong> \u201eJasn\u00e9, tmav\u00e9 j\u00e1dro s gran\u00e1tov\u011b \u010derven\u00fdmi odlesky. V\u016fn\u011b po nakl\u00e1dan\u00fdch tmav\u00fdch plodech. N\u00e1zna\u010dky sko\u0159ice, h\u0159eb\u00ed\u010dku a pomeran\u010dov\u00e9 k\u016fry. Dob\u0159e strukturovan\u00e9 t\u0159\u00edsloviny a jemn\u00e1 kou\u0159ov\u00e1 v\u016fn\u011b dod\u00e1vaj\u00ed v\u00ednu hust\u00e9 a siln\u00e9 t\u011blo, kter\u00e9 tvo\u0159\u00ed harmonick\u00fd celek s dlouh\u00fdm z\u00e1v\u011brem,\u201c Dipl. Somm. Harald Wurm.<\/p>\n<p><strong>Doporu\u010den\u00e1 doba pit\u00ed:<\/strong> 2-11 let<br \/><strong>Obal:<\/strong> 0,75l<br \/><strong>Alkohol:<\/strong> 13,5 % vol. | such\u00fd<\/p>\n","protected":false},"excerpt":{"rendered":"<p>Ak\u010dn\u00ed cena plat\u00ed pouze v Rakousku!<\/p>\n<p>S rezervn\u00edm bal\u00ed\u010dkem jste dob\u0159e p\u0159ipraveni na chladn\u00e9 dny. \u010cerven\u00e9 nebo b\u00edl\u00e9, oboj\u00ed je sou\u010d\u00e1st\u00ed balen\u00ed.<\/p>\n<p>1 lahvi\u010dka 750 ml v balen\u00ed:<\/p>\n<p><a href=\"https:\/\/www.weingut-hirtl.at\/cs\/produkt\/gruener-veltliner-weinviertel-dac-reserve-2021\/\">Gr\u00fcner Veltliner Weinviertel DAC Reserve 2021<\/a><br \/>\n<a href=\"https:\/\/www.weingut-hirtl.at\/cs\/produkt\/gruener-veltliner-reserve-2018\/\">Gr\u00fcner Veltliner Reserve 2018<\/a><br \/>\n<a href=\"https:\/\/www.weingut-hirtl.at\/cs\/produkt\/weissburgunder-selection-2016\/\">Wei\u00dfburgunder Selection 2016<\/a><br \/>\n<a href=\"https:\/\/www.weingut-hirtl.at\/cs\/produkt\/weissburgunder-reserve-2021\/\">Wei\u00dfburgunder Reserve 2021<\/a><br \/>\n<a href=\"https:\/\/www.weingut-hirtl.at\/cs\/produkt\/chardonnay-reserve-2019\/\">Chardonnay Reserve 2019<\/a><br \/>\n<a href=\"https:\/\/www.weingut-hirtl.at\/cs\/produkt\/one-in-red-2017-2019\/\">One in Red 2017\/2019<\/a><\/p>\n","protected":false},"featured_media":8150,"comment_status":"open","ping_status":"closed","template":"","meta":{"_acf_changed":false},"product_brand":[],"product_cat":[344,347],"product_tag":[371,374,363,372,375,373,376,377,378,379],"class_list":{"0":"post-8149","1":"product","2":"type-product","3":"status-publish","4":"has-post-thumbnail","6":"product_cat-akce","7":"product_cat-balicky","8":"product_tag-apfel-cs","9":"product_tag-gelbfruchtig-cs","10":"product_tag-gruener-veltliner-cs","11":"product_tag-kernobst-cs","12":"product_tag-komplex-cs","13":"product_tag-pfeffer-cs","14":"product_tag-reif-cs","15":"product_tag-reife-weine-cs","16":"product_tag-reserve-cs","17":"product_tag-wuerze-cs","19":"first","20":"instock","21":"sale","22":"taxable","23":"shipping-taxable","24":"purchasable","25":"product-type-simple"},"acf":[],"yoast_head":"<!-- This site is optimized with the Yoast SEO plugin v27.3 - https:\/\/yoast.com\/product\/yoast-seo-wordpress\/ -->\n<title>6er Reserven Paket | Weingut Hirtl<\/title>\n<meta name=\"robots\" content=\"index, follow, max-snippet:-1, max-image-preview:large, max-video-preview:-1\" \/>\n<link rel=\"canonical\" href=\"https:\/\/www.weingut-hirtl.at\/cs\/produkt\/6er-reserven-paket\/\" \/>\n<meta property=\"og:locale\" content=\"cs_CZ\" \/>\n<meta property=\"og:type\" content=\"article\" \/>\n<meta property=\"og:title\" content=\"6er Reserven Paket | Weingut Hirtl\" \/>\n<meta property=\"og:description\" content=\"Ak\u010dn\u00ed cena plat\u00ed pouze v Rakousku!  S rezervn\u00edm bal\u00ed\u010dkem jste dob\u0159e p\u0159ipraveni na chladn\u00e9 dny. \u010cerven\u00e9 nebo b\u00edl\u00e9, oboj\u00ed je sou\u010d\u00e1st\u00ed balen\u00ed.  1 lahvi\u010dka 750 ml v balen\u00ed:  Gr\u00fcner Veltliner Weinviertel DAC Reserve 2021 Gr\u00fcner Veltliner Reserve 2018 Wei\u00dfburgunder Selection 2016 Wei\u00dfburgunder Reserve 2021 Chardonnay Reserve 2019 One in Red 2017\/2019\" \/>\n<meta property=\"og:url\" content=\"https:\/\/www.weingut-hirtl.at\/cs\/produkt\/6er-reserven-paket\/\" \/>\n<meta property=\"og:site_name\" content=\"Weingut Hirtl\" \/>\n<meta property=\"article:publisher\" content=\"https:\/\/www.facebook.com\/Wein.Hirtl\" \/>\n<meta property=\"article:modified_time\" content=\"2025-08-19T07:55:35+00:00\" \/>\n<meta property=\"og:image\" content=\"https:\/\/www.weingut-hirtl.at\/www\/wp-content\/uploads\/2024\/11\/Reserve.jpg\" \/>\n\t<meta property=\"og:image:width\" content=\"640\" \/>\n\t<meta property=\"og:image:height\" content=\"640\" \/>\n\t<meta property=\"og:image:type\" content=\"image\/jpeg\" \/>\n<meta name=\"twitter:card\" content=\"summary_large_image\" \/>\n<meta name=\"twitter:label1\" content=\"Odhadovan\u00e1 doba \u010dten\u00ed\" \/>\n\t<meta name=\"twitter:data1\" content=\"2 minuty\" \/>\n<script type=\"application\/ld+json\" class=\"yoast-schema-graph\">{\"@context\":\"https:\\\/\\\/schema.org\",\"@graph\":[{\"@type\":\"WebPage\",\"@id\":\"https:\\\/\\\/www.weingut-hirtl.at\\\/cs\\\/produkt\\\/6er-reserven-paket\\\/\",\"url\":\"https:\\\/\\\/www.weingut-hirtl.at\\\/cs\\\/produkt\\\/6er-reserven-paket\\\/\",\"name\":\"6er Reserven Paket | Weingut Hirtl\",\"isPartOf\":{\"@id\":\"https:\\\/\\\/www.weingut-hirtl.at\\\/cs\\\/#website\"},\"primaryImageOfPage\":{\"@id\":\"https:\\\/\\\/www.weingut-hirtl.at\\\/cs\\\/produkt\\\/6er-reserven-paket\\\/#primaryimage\"},\"image\":{\"@id\":\"https:\\\/\\\/www.weingut-hirtl.at\\\/cs\\\/produkt\\\/6er-reserven-paket\\\/#primaryimage\"},\"thumbnailUrl\":\"https:\\\/\\\/www.weingut-hirtl.at\\\/www\\\/wp-content\\\/uploads\\\/2024\\\/11\\\/Reserve.jpg\",\"datePublished\":\"2024-11-25T11:09:08+00:00\",\"dateModified\":\"2025-08-19T07:55:35+00:00\",\"breadcrumb\":{\"@id\":\"https:\\\/\\\/www.weingut-hirtl.at\\\/cs\\\/produkt\\\/6er-reserven-paket\\\/#breadcrumb\"},\"inLanguage\":\"cs\",\"potentialAction\":[{\"@type\":\"ReadAction\",\"target\":[\"https:\\\/\\\/www.weingut-hirtl.at\\\/cs\\\/produkt\\\/6er-reserven-paket\\\/\"]}]},{\"@type\":\"ImageObject\",\"inLanguage\":\"cs\",\"@id\":\"https:\\\/\\\/www.weingut-hirtl.at\\\/cs\\\/produkt\\\/6er-reserven-paket\\\/#primaryimage\",\"url\":\"https:\\\/\\\/www.weingut-hirtl.at\\\/www\\\/wp-content\\\/uploads\\\/2024\\\/11\\\/Reserve.jpg\",\"contentUrl\":\"https:\\\/\\\/www.weingut-hirtl.at\\\/www\\\/wp-content\\\/uploads\\\/2024\\\/11\\\/Reserve.jpg\",\"width\":640,\"height\":640},{\"@type\":\"BreadcrumbList\",\"@id\":\"https:\\\/\\\/www.weingut-hirtl.at\\\/cs\\\/produkt\\\/6er-reserven-paket\\\/#breadcrumb\",\"itemListElement\":[{\"@type\":\"ListItem\",\"position\":1,\"name\":\"Startseite\",\"item\":\"https:\\\/\\\/www.weingut-hirtl.at\\\/cs\\\/\"},{\"@type\":\"ListItem\",\"position\":2,\"name\":\"Shop\",\"item\":\"https:\\\/\\\/www.weingut-hirtl.at\\\/shop\\\/\"},{\"@type\":\"ListItem\",\"position\":3,\"name\":\"6er Reserven Paket\"}]},{\"@type\":\"WebSite\",\"@id\":\"https:\\\/\\\/www.weingut-hirtl.at\\\/cs\\\/#website\",\"url\":\"https:\\\/\\\/www.weingut-hirtl.at\\\/cs\\\/\",\"name\":\"Weingut Hirtl\",\"description\":\"\",\"publisher\":{\"@id\":\"https:\\\/\\\/www.weingut-hirtl.at\\\/cs\\\/#organization\"},\"potentialAction\":[{\"@type\":\"SearchAction\",\"target\":{\"@type\":\"EntryPoint\",\"urlTemplate\":\"https:\\\/\\\/www.weingut-hirtl.at\\\/cs\\\/?s={search_term_string}\"},\"query-input\":{\"@type\":\"PropertyValueSpecification\",\"valueRequired\":true,\"valueName\":\"search_term_string\"}}],\"inLanguage\":\"cs\"},{\"@type\":\"Organization\",\"@id\":\"https:\\\/\\\/www.weingut-hirtl.at\\\/cs\\\/#organization\",\"name\":\"Weingut Hirtl\",\"url\":\"https:\\\/\\\/www.weingut-hirtl.at\\\/cs\\\/\",\"logo\":{\"@type\":\"ImageObject\",\"inLanguage\":\"cs\",\"@id\":\"https:\\\/\\\/www.weingut-hirtl.at\\\/cs\\\/#\\\/schema\\\/logo\\\/image\\\/\",\"url\":\"https:\\\/\\\/www.weingut-hirtl.at\\\/www\\\/wp-content\\\/uploads\\\/2024\\\/04\\\/Hirtl_Logo-1024x819-1.jpg\",\"contentUrl\":\"https:\\\/\\\/www.weingut-hirtl.at\\\/www\\\/wp-content\\\/uploads\\\/2024\\\/04\\\/Hirtl_Logo-1024x819-1.jpg\",\"width\":1024,\"height\":819,\"caption\":\"Weingut Hirtl\"},\"image\":{\"@id\":\"https:\\\/\\\/www.weingut-hirtl.at\\\/cs\\\/#\\\/schema\\\/logo\\\/image\\\/\"},\"sameAs\":[\"https:\\\/\\\/www.facebook.com\\\/Wein.Hirtl\",\"https:\\\/\\\/www.instagram.com\\\/weingut_hirtl\\\/\"]}]}<\/script>\n<!-- \/ Yoast SEO plugin. -->","yoast_head_json":{"title":"6er Reserven Paket | Weingut Hirtl","robots":{"index":"index","follow":"follow","max-snippet":"max-snippet:-1","max-image-preview":"max-image-preview:large","max-video-preview":"max-video-preview:-1"},"canonical":"https:\/\/www.weingut-hirtl.at\/cs\/produkt\/6er-reserven-paket\/","og_locale":"cs_CZ","og_type":"article","og_title":"6er Reserven Paket | Weingut Hirtl","og_description":"Ak\u010dn\u00ed cena plat\u00ed pouze v Rakousku!  S rezervn\u00edm bal\u00ed\u010dkem jste dob\u0159e p\u0159ipraveni na chladn\u00e9 dny. \u010cerven\u00e9 nebo b\u00edl\u00e9, oboj\u00ed je sou\u010d\u00e1st\u00ed balen\u00ed.  1 lahvi\u010dka 750 ml v balen\u00ed:  Gr\u00fcner Veltliner Weinviertel DAC Reserve 2021 Gr\u00fcner Veltliner Reserve 2018 Wei\u00dfburgunder Selection 2016 Wei\u00dfburgunder Reserve 2021 Chardonnay Reserve 2019 One in Red 2017\/2019","og_url":"https:\/\/www.weingut-hirtl.at\/cs\/produkt\/6er-reserven-paket\/","og_site_name":"Weingut Hirtl","article_publisher":"https:\/\/www.facebook.com\/Wein.Hirtl","article_modified_time":"2025-08-19T07:55:35+00:00","og_image":[{"width":640,"height":640,"url":"https:\/\/www.weingut-hirtl.at\/www\/wp-content\/uploads\/2024\/11\/Reserve.jpg","type":"image\/jpeg"}],"twitter_card":"summary_large_image","twitter_misc":{"Odhadovan\u00e1 doba \u010dten\u00ed":"2 minuty"},"schema":{"@context":"https:\/\/schema.org","@graph":[{"@type":"WebPage","@id":"https:\/\/www.weingut-hirtl.at\/cs\/produkt\/6er-reserven-paket\/","url":"https:\/\/www.weingut-hirtl.at\/cs\/produkt\/6er-reserven-paket\/","name":"6er Reserven Paket | Weingut Hirtl","isPartOf":{"@id":"https:\/\/www.weingut-hirtl.at\/cs\/#website"},"primaryImageOfPage":{"@id":"https:\/\/www.weingut-hirtl.at\/cs\/produkt\/6er-reserven-paket\/#primaryimage"},"image":{"@id":"https:\/\/www.weingut-hirtl.at\/cs\/produkt\/6er-reserven-paket\/#primaryimage"},"thumbnailUrl":"https:\/\/www.weingut-hirtl.at\/www\/wp-content\/uploads\/2024\/11\/Reserve.jpg","datePublished":"2024-11-25T11:09:08+00:00","dateModified":"2025-08-19T07:55:35+00:00","breadcrumb":{"@id":"https:\/\/www.weingut-hirtl.at\/cs\/produkt\/6er-reserven-paket\/#breadcrumb"},"inLanguage":"cs","potentialAction":[{"@type":"ReadAction","target":["https:\/\/www.weingut-hirtl.at\/cs\/produkt\/6er-reserven-paket\/"]}]},{"@type":"ImageObject","inLanguage":"cs","@id":"https:\/\/www.weingut-hirtl.at\/cs\/produkt\/6er-reserven-paket\/#primaryimage","url":"https:\/\/www.weingut-hirtl.at\/www\/wp-content\/uploads\/2024\/11\/Reserve.jpg","contentUrl":"https:\/\/www.weingut-hirtl.at\/www\/wp-content\/uploads\/2024\/11\/Reserve.jpg","width":640,"height":640},{"@type":"BreadcrumbList","@id":"https:\/\/www.weingut-hirtl.at\/cs\/produkt\/6er-reserven-paket\/#breadcrumb","itemListElement":[{"@type":"ListItem","position":1,"name":"Startseite","item":"https:\/\/www.weingut-hirtl.at\/cs\/"},{"@type":"ListItem","position":2,"name":"Shop","item":"https:\/\/www.weingut-hirtl.at\/shop\/"},{"@type":"ListItem","position":3,"name":"6er Reserven Paket"}]},{"@type":"WebSite","@id":"https:\/\/www.weingut-hirtl.at\/cs\/#website","url":"https:\/\/www.weingut-hirtl.at\/cs\/","name":"Weingut Hirtl","description":"","publisher":{"@id":"https:\/\/www.weingut-hirtl.at\/cs\/#organization"},"potentialAction":[{"@type":"SearchAction","target":{"@type":"EntryPoint","urlTemplate":"https:\/\/www.weingut-hirtl.at\/cs\/?s={search_term_string}"},"query-input":{"@type":"PropertyValueSpecification","valueRequired":true,"valueName":"search_term_string"}}],"inLanguage":"cs"},{"@type":"Organization","@id":"https:\/\/www.weingut-hirtl.at\/cs\/#organization","name":"Weingut Hirtl","url":"https:\/\/www.weingut-hirtl.at\/cs\/","logo":{"@type":"ImageObject","inLanguage":"cs","@id":"https:\/\/www.weingut-hirtl.at\/cs\/#\/schema\/logo\/image\/","url":"https:\/\/www.weingut-hirtl.at\/www\/wp-content\/uploads\/2024\/04\/Hirtl_Logo-1024x819-1.jpg","contentUrl":"https:\/\/www.weingut-hirtl.at\/www\/wp-content\/uploads\/2024\/04\/Hirtl_Logo-1024x819-1.jpg","width":1024,"height":819,"caption":"Weingut Hirtl"},"image":{"@id":"https:\/\/www.weingut-hirtl.at\/cs\/#\/schema\/logo\/image\/"},"sameAs":["https:\/\/www.facebook.com\/Wein.Hirtl","https:\/\/www.instagram.com\/weingut_hirtl\/"]}]}},"_links":{"self":[{"href":"https:\/\/www.weingut-hirtl.at\/cs\/wp-json\/wp\/v2\/product\/8149","targetHints":{"allow":["GET"]}}],"collection":[{"href":"https:\/\/www.weingut-hirtl.at\/cs\/wp-json\/wp\/v2\/product"}],"about":[{"href":"https:\/\/www.weingut-hirtl.at\/cs\/wp-json\/wp\/v2\/types\/product"}],"replies":[{"embeddable":true,"href":"https:\/\/www.weingut-hirtl.at\/cs\/wp-json\/wp\/v2\/comments?post=8149"}],"wp:featuredmedia":[{"embeddable":true,"href":"https:\/\/www.weingut-hirtl.at\/cs\/wp-json\/wp\/v2\/media\/8150"}],"wp:attachment":[{"href":"https:\/\/www.weingut-hirtl.at\/cs\/wp-json\/wp\/v2\/media?parent=8149"}],"wp:term":[{"taxonomy":"product_brand","embeddable":true,"href":"https:\/\/www.weingut-hirtl.at\/cs\/wp-json\/wp\/v2\/product_brand?post=8149"},{"taxonomy":"product_cat","embeddable":true,"href":"https:\/\/www.weingut-hirtl.at\/cs\/wp-json\/wp\/v2\/product_cat?post=8149"},{"taxonomy":"product_tag","embeddable":true,"href":"https:\/\/www.weingut-hirtl.at\/cs\/wp-json\/wp\/v2\/product_tag?post=8149"}],"curies":[{"name":"wp","href":"https:\/\/api.w.org\/{rel}","templated":true}]}}