{"id":7589,"date":"2020-11-25T18:05:26","date_gmt":"2020-11-25T17:05:26","guid":{"rendered":"https:\/\/www.weingut-hirtl.at\/product\/gelber-muskateller-2024\/"},"modified":"2026-04-07T15:26:47","modified_gmt":"2026-04-07T13:26:47","slug":"gelber-muskateller","status":"publish","type":"product","link":"https:\/\/www.weingut-hirtl.at\/cs\/produkt\/gelber-muskateller\/","title":{"rendered":"Gelber Muskateller 2025"},"content":{"rendered":"","protected":false},"excerpt":{"rendered":"<p>Tento Mu\u0161k\u00e1t \u017elut\u00fd okouzl\u00ed sv\u016fdnou v\u016fn\u00ed bezov\u00e9ho kv\u011btu a u\u017e prvn\u00ed dou\u0161ek v\u00e1s nalad\u00ed na dal\u0161\u00ed. Z proslun\u011bn\u00fdch vinic, aromatick\u00fd a osv\u011b\u017euj\u00edc\u00ed \u2013 ide\u00e1ln\u00ed jako aperitiv nebo k asijsk\u00fdm pokrm\u016fm.<\/p>\n<p><strong>Pitn\u00e1 zralost:<\/strong> 1-3 roky<br \/>\n<strong>N\u00e1doba:<\/strong> 0,75l<\/p>\n<p><strong>11 obj. % | schnout<\/strong><\/p>\n","protected":false},"featured_media":9225,"comment_status":"open","ping_status":"closed","template":"","meta":{"_acf_changed":false},"product_brand":[],"product_cat":[353,354,345],"product_tag":[364,391,440,434,380],"class_list":{"0":"post-7589","1":"product","2":"type-product","3":"status-publish","4":"has-post-thumbnail","6":"product_cat-bile-vino","7":"product_cat-bile-vino-classic","8":"product_cat-jedina-lahev","9":"product_tag-duftig-cs","10":"product_tag-gelber-muskateller-cs","11":"product_tag-klassisch-cs","12":"product_tag-rose-cs","13":"product_tag-trocken-cs","15":"first","16":"instock","17":"taxable","18":"shipping-taxable","19":"purchasable","20":"product-type-simple"},"acf":[],"yoast_head":"<!-- This site is optimized with the Yoast SEO plugin v27.3 - https:\/\/yoast.com\/product\/yoast-seo-wordpress\/ -->\n<title>Gelber Muskateller 2025 | Weingut Hirtl<\/title>\n<meta name=\"robots\" content=\"index, follow, max-snippet:-1, max-image-preview:large, max-video-preview:-1\" \/>\n<link rel=\"canonical\" href=\"https:\/\/www.weingut-hirtl.at\/cs\/produkt\/gelber-muskateller\/\" \/>\n<meta property=\"og:locale\" content=\"cs_CZ\" \/>\n<meta property=\"og:type\" content=\"article\" \/>\n<meta property=\"og:title\" content=\"Gelber Muskateller 2025 | Weingut Hirtl\" \/>\n<meta property=\"og:description\" content=\"Tento Mu\u0161k\u00e1t \u017elut\u00fd okouzl\u00ed sv\u016fdnou v\u016fn\u00ed bezov\u00e9ho kv\u011btu a u\u017e prvn\u00ed dou\u0161ek v\u00e1s nalad\u00ed na dal\u0161\u00ed. Z proslun\u011bn\u00fdch vinic, aromatick\u00fd a osv\u011b\u017euj\u00edc\u00ed \u2013 ide\u00e1ln\u00ed jako aperitiv nebo k asijsk\u00fdm pokrm\u016fm.  Pitn\u00e1 zralost: 1-3 roky N\u00e1doba: 0,75l  11 obj. % | schnout\" \/>\n<meta property=\"og:url\" content=\"https:\/\/www.weingut-hirtl.at\/cs\/produkt\/gelber-muskateller\/\" \/>\n<meta property=\"og:site_name\" content=\"Weingut Hirtl\" \/>\n<meta property=\"article:publisher\" content=\"https:\/\/www.facebook.com\/Wein.Hirtl\" \/>\n<meta property=\"article:modified_time\" content=\"2026-04-07T13:26:47+00:00\" \/>\n<meta property=\"og:image\" content=\"https:\/\/www.weingut-hirtl.at\/www\/wp-content\/uploads\/2020\/11\/Gelber-Muskateller-Weingut-Hirtl.png\" \/>\n\t<meta property=\"og:image:width\" content=\"600\" \/>\n\t<meta property=\"og:image:height\" content=\"600\" \/>\n\t<meta property=\"og:image:type\" content=\"image\/png\" \/>\n<meta name=\"twitter:card\" content=\"summary_large_image\" \/>\n<meta name=\"twitter:label1\" content=\"Odhadovan\u00e1 doba \u010dten\u00ed\" \/>\n\t<meta name=\"twitter:data1\" content=\"1 minuta\" \/>\n<script type=\"application\/ld+json\" class=\"yoast-schema-graph\">{\"@context\":\"https:\\\/\\\/schema.org\",\"@graph\":[{\"@type\":\"WebPage\",\"@id\":\"https:\\\/\\\/www.weingut-hirtl.at\\\/cs\\\/produkt\\\/gelber-muskateller\\\/\",\"url\":\"https:\\\/\\\/www.weingut-hirtl.at\\\/cs\\\/produkt\\\/gelber-muskateller\\\/\",\"name\":\"Gelber Muskateller 2025 | Weingut Hirtl\",\"isPartOf\":{\"@id\":\"https:\\\/\\\/www.weingut-hirtl.at\\\/cs\\\/#website\"},\"primaryImageOfPage\":{\"@id\":\"https:\\\/\\\/www.weingut-hirtl.at\\\/cs\\\/produkt\\\/gelber-muskateller\\\/#primaryimage\"},\"image\":{\"@id\":\"https:\\\/\\\/www.weingut-hirtl.at\\\/cs\\\/produkt\\\/gelber-muskateller\\\/#primaryimage\"},\"thumbnailUrl\":\"https:\\\/\\\/www.weingut-hirtl.at\\\/www\\\/wp-content\\\/uploads\\\/2020\\\/11\\\/Gelber-Muskateller-Weingut-Hirtl.png\",\"datePublished\":\"2020-11-25T17:05:26+00:00\",\"dateModified\":\"2026-04-07T13:26:47+00:00\",\"breadcrumb\":{\"@id\":\"https:\\\/\\\/www.weingut-hirtl.at\\\/cs\\\/produkt\\\/gelber-muskateller\\\/#breadcrumb\"},\"inLanguage\":\"cs\",\"potentialAction\":[{\"@type\":\"ReadAction\",\"target\":[\"https:\\\/\\\/www.weingut-hirtl.at\\\/cs\\\/produkt\\\/gelber-muskateller\\\/\"]}]},{\"@type\":\"ImageObject\",\"inLanguage\":\"cs\",\"@id\":\"https:\\\/\\\/www.weingut-hirtl.at\\\/cs\\\/produkt\\\/gelber-muskateller\\\/#primaryimage\",\"url\":\"https:\\\/\\\/www.weingut-hirtl.at\\\/www\\\/wp-content\\\/uploads\\\/2020\\\/11\\\/Gelber-Muskateller-Weingut-Hirtl.png\",\"contentUrl\":\"https:\\\/\\\/www.weingut-hirtl.at\\\/www\\\/wp-content\\\/uploads\\\/2020\\\/11\\\/Gelber-Muskateller-Weingut-Hirtl.png\",\"width\":600,\"height\":600,\"caption\":\"Exotisch duftender Gelber Muskateller aus Poysdorf \u2013 aromatisch, frisch & perfekt f\u00fcr unkomplizierten Weingenuss. Jetzt bestellen! \ud83c\udf77\"},{\"@type\":\"BreadcrumbList\",\"@id\":\"https:\\\/\\\/www.weingut-hirtl.at\\\/cs\\\/produkt\\\/gelber-muskateller\\\/#breadcrumb\",\"itemListElement\":[{\"@type\":\"ListItem\",\"position\":1,\"name\":\"Startseite\",\"item\":\"https:\\\/\\\/www.weingut-hirtl.at\\\/cs\\\/\"},{\"@type\":\"ListItem\",\"position\":2,\"name\":\"Shop\",\"item\":\"https:\\\/\\\/www.weingut-hirtl.at\\\/shop\\\/\"},{\"@type\":\"ListItem\",\"position\":3,\"name\":\"Gelber Muskateller 2025\"}]},{\"@type\":\"WebSite\",\"@id\":\"https:\\\/\\\/www.weingut-hirtl.at\\\/cs\\\/#website\",\"url\":\"https:\\\/\\\/www.weingut-hirtl.at\\\/cs\\\/\",\"name\":\"Weingut Hirtl\",\"description\":\"\",\"publisher\":{\"@id\":\"https:\\\/\\\/www.weingut-hirtl.at\\\/cs\\\/#organization\"},\"potentialAction\":[{\"@type\":\"SearchAction\",\"target\":{\"@type\":\"EntryPoint\",\"urlTemplate\":\"https:\\\/\\\/www.weingut-hirtl.at\\\/cs\\\/?s={search_term_string}\"},\"query-input\":{\"@type\":\"PropertyValueSpecification\",\"valueRequired\":true,\"valueName\":\"search_term_string\"}}],\"inLanguage\":\"cs\"},{\"@type\":\"Organization\",\"@id\":\"https:\\\/\\\/www.weingut-hirtl.at\\\/cs\\\/#organization\",\"name\":\"Weingut Hirtl\",\"url\":\"https:\\\/\\\/www.weingut-hirtl.at\\\/cs\\\/\",\"logo\":{\"@type\":\"ImageObject\",\"inLanguage\":\"cs\",\"@id\":\"https:\\\/\\\/www.weingut-hirtl.at\\\/cs\\\/#\\\/schema\\\/logo\\\/image\\\/\",\"url\":\"https:\\\/\\\/www.weingut-hirtl.at\\\/www\\\/wp-content\\\/uploads\\\/2024\\\/04\\\/Hirtl_Logo-1024x819-1.jpg\",\"contentUrl\":\"https:\\\/\\\/www.weingut-hirtl.at\\\/www\\\/wp-content\\\/uploads\\\/2024\\\/04\\\/Hirtl_Logo-1024x819-1.jpg\",\"width\":1024,\"height\":819,\"caption\":\"Weingut Hirtl\"},\"image\":{\"@id\":\"https:\\\/\\\/www.weingut-hirtl.at\\\/cs\\\/#\\\/schema\\\/logo\\\/image\\\/\"},\"sameAs\":[\"https:\\\/\\\/www.facebook.com\\\/Wein.Hirtl\",\"https:\\\/\\\/www.instagram.com\\\/weingut_hirtl\\\/\"]}]}<\/script>\n<!-- \/ Yoast SEO plugin. -->","yoast_head_json":{"title":"Gelber Muskateller 2025 | Weingut Hirtl","robots":{"index":"index","follow":"follow","max-snippet":"max-snippet:-1","max-image-preview":"max-image-preview:large","max-video-preview":"max-video-preview:-1"},"canonical":"https:\/\/www.weingut-hirtl.at\/cs\/produkt\/gelber-muskateller\/","og_locale":"cs_CZ","og_type":"article","og_title":"Gelber Muskateller 2025 | Weingut Hirtl","og_description":"Tento Mu\u0161k\u00e1t \u017elut\u00fd okouzl\u00ed sv\u016fdnou v\u016fn\u00ed bezov\u00e9ho kv\u011btu a u\u017e prvn\u00ed dou\u0161ek v\u00e1s nalad\u00ed na dal\u0161\u00ed. Z proslun\u011bn\u00fdch vinic, aromatick\u00fd a osv\u011b\u017euj\u00edc\u00ed \u2013 ide\u00e1ln\u00ed jako aperitiv nebo k asijsk\u00fdm pokrm\u016fm.  Pitn\u00e1 zralost: 1-3 roky N\u00e1doba: 0,75l  11 obj. % | schnout","og_url":"https:\/\/www.weingut-hirtl.at\/cs\/produkt\/gelber-muskateller\/","og_site_name":"Weingut Hirtl","article_publisher":"https:\/\/www.facebook.com\/Wein.Hirtl","article_modified_time":"2026-04-07T13:26:47+00:00","og_image":[{"width":600,"height":600,"url":"https:\/\/www.weingut-hirtl.at\/www\/wp-content\/uploads\/2020\/11\/Gelber-Muskateller-Weingut-Hirtl.png","type":"image\/png"}],"twitter_card":"summary_large_image","twitter_misc":{"Odhadovan\u00e1 doba \u010dten\u00ed":"1 minuta"},"schema":{"@context":"https:\/\/schema.org","@graph":[{"@type":"WebPage","@id":"https:\/\/www.weingut-hirtl.at\/cs\/produkt\/gelber-muskateller\/","url":"https:\/\/www.weingut-hirtl.at\/cs\/produkt\/gelber-muskateller\/","name":"Gelber Muskateller 2025 | Weingut Hirtl","isPartOf":{"@id":"https:\/\/www.weingut-hirtl.at\/cs\/#website"},"primaryImageOfPage":{"@id":"https:\/\/www.weingut-hirtl.at\/cs\/produkt\/gelber-muskateller\/#primaryimage"},"image":{"@id":"https:\/\/www.weingut-hirtl.at\/cs\/produkt\/gelber-muskateller\/#primaryimage"},"thumbnailUrl":"https:\/\/www.weingut-hirtl.at\/www\/wp-content\/uploads\/2020\/11\/Gelber-Muskateller-Weingut-Hirtl.png","datePublished":"2020-11-25T17:05:26+00:00","dateModified":"2026-04-07T13:26:47+00:00","breadcrumb":{"@id":"https:\/\/www.weingut-hirtl.at\/cs\/produkt\/gelber-muskateller\/#breadcrumb"},"inLanguage":"cs","potentialAction":[{"@type":"ReadAction","target":["https:\/\/www.weingut-hirtl.at\/cs\/produkt\/gelber-muskateller\/"]}]},{"@type":"ImageObject","inLanguage":"cs","@id":"https:\/\/www.weingut-hirtl.at\/cs\/produkt\/gelber-muskateller\/#primaryimage","url":"https:\/\/www.weingut-hirtl.at\/www\/wp-content\/uploads\/2020\/11\/Gelber-Muskateller-Weingut-Hirtl.png","contentUrl":"https:\/\/www.weingut-hirtl.at\/www\/wp-content\/uploads\/2020\/11\/Gelber-Muskateller-Weingut-Hirtl.png","width":600,"height":600,"caption":"Exotisch duftender Gelber Muskateller aus Poysdorf \u2013 aromatisch, frisch & perfekt f\u00fcr unkomplizierten Weingenuss. Jetzt bestellen! \ud83c\udf77"},{"@type":"BreadcrumbList","@id":"https:\/\/www.weingut-hirtl.at\/cs\/produkt\/gelber-muskateller\/#breadcrumb","itemListElement":[{"@type":"ListItem","position":1,"name":"Startseite","item":"https:\/\/www.weingut-hirtl.at\/cs\/"},{"@type":"ListItem","position":2,"name":"Shop","item":"https:\/\/www.weingut-hirtl.at\/shop\/"},{"@type":"ListItem","position":3,"name":"Gelber Muskateller 2025"}]},{"@type":"WebSite","@id":"https:\/\/www.weingut-hirtl.at\/cs\/#website","url":"https:\/\/www.weingut-hirtl.at\/cs\/","name":"Weingut Hirtl","description":"","publisher":{"@id":"https:\/\/www.weingut-hirtl.at\/cs\/#organization"},"potentialAction":[{"@type":"SearchAction","target":{"@type":"EntryPoint","urlTemplate":"https:\/\/www.weingut-hirtl.at\/cs\/?s={search_term_string}"},"query-input":{"@type":"PropertyValueSpecification","valueRequired":true,"valueName":"search_term_string"}}],"inLanguage":"cs"},{"@type":"Organization","@id":"https:\/\/www.weingut-hirtl.at\/cs\/#organization","name":"Weingut Hirtl","url":"https:\/\/www.weingut-hirtl.at\/cs\/","logo":{"@type":"ImageObject","inLanguage":"cs","@id":"https:\/\/www.weingut-hirtl.at\/cs\/#\/schema\/logo\/image\/","url":"https:\/\/www.weingut-hirtl.at\/www\/wp-content\/uploads\/2024\/04\/Hirtl_Logo-1024x819-1.jpg","contentUrl":"https:\/\/www.weingut-hirtl.at\/www\/wp-content\/uploads\/2024\/04\/Hirtl_Logo-1024x819-1.jpg","width":1024,"height":819,"caption":"Weingut Hirtl"},"image":{"@id":"https:\/\/www.weingut-hirtl.at\/cs\/#\/schema\/logo\/image\/"},"sameAs":["https:\/\/www.facebook.com\/Wein.Hirtl","https:\/\/www.instagram.com\/weingut_hirtl\/"]}]}},"_links":{"self":[{"href":"https:\/\/www.weingut-hirtl.at\/cs\/wp-json\/wp\/v2\/product\/7589","targetHints":{"allow":["GET"]}}],"collection":[{"href":"https:\/\/www.weingut-hirtl.at\/cs\/wp-json\/wp\/v2\/product"}],"about":[{"href":"https:\/\/www.weingut-hirtl.at\/cs\/wp-json\/wp\/v2\/types\/product"}],"replies":[{"embeddable":true,"href":"https:\/\/www.weingut-hirtl.at\/cs\/wp-json\/wp\/v2\/comments?post=7589"}],"wp:featuredmedia":[{"embeddable":true,"href":"https:\/\/www.weingut-hirtl.at\/cs\/wp-json\/wp\/v2\/media\/9225"}],"wp:attachment":[{"href":"https:\/\/www.weingut-hirtl.at\/cs\/wp-json\/wp\/v2\/media?parent=7589"}],"wp:term":[{"taxonomy":"product_brand","embeddable":true,"href":"https:\/\/www.weingut-hirtl.at\/cs\/wp-json\/wp\/v2\/product_brand?post=7589"},{"taxonomy":"product_cat","embeddable":true,"href":"https:\/\/www.weingut-hirtl.at\/cs\/wp-json\/wp\/v2\/product_cat?post=7589"},{"taxonomy":"product_tag","embeddable":true,"href":"https:\/\/www.weingut-hirtl.at\/cs\/wp-json\/wp\/v2\/product_tag?post=7589"}],"curies":[{"name":"wp","href":"https:\/\/api.w.org\/{rel}","templated":true}]}}