{"id":7691,"date":"2023-12-24T11:38:29","date_gmt":"2023-12-24T10:38:29","guid":{"rendered":"https:\/\/www.weingut-hirtl.at\/otisk\/"},"modified":"2025-01-19T16:11:19","modified_gmt":"2025-01-19T15:11:19","slug":"otisk","status":"publish","type":"page","link":"https:\/\/www.weingut-hirtl.at\/cs\/otisk\/","title":{"rendered":"otisk"},"content":{"rendered":"\t\t<div data-elementor-type=\"wp-page\" data-elementor-id=\"7691\" class=\"elementor elementor-7691 elementor-2106\" data-elementor-post-type=\"page\">\n\t\t\t\t<div class=\"elementor-element elementor-element-8ab8b19 e-flex e-con-boxed e-con e-parent\" data-id=\"8ab8b19\" data-element_type=\"container\" data-e-type=\"container\" data-settings=\"{&quot;background_background&quot;:&quot;classic&quot;}\">\n\t\t\t\t\t<div class=\"e-con-inner\">\n\t\t<div class=\"elementor-element elementor-element-c69284a e-con-full e-flex e-con e-child\" data-id=\"c69284a\" data-element_type=\"container\" data-e-type=\"container\">\n\t\t\t\t<\/div>\n\t\t<div class=\"elementor-element elementor-element-bc448ce e-con-full e-flex e-con e-child\" data-id=\"bc448ce\" data-element_type=\"container\" data-e-type=\"container\">\n\t\t\t\t<div class=\"elementor-element elementor-element-f92322f elementor-widget elementor-widget-heading\" data-id=\"f92322f\" data-element_type=\"widget\" data-e-type=\"widget\" data-widget_type=\"heading.default\">\n\t\t\t\t<div class=\"elementor-widget-container\">\n\t\t\t\t\t<p class=\"elementor-heading-title elementor-size-default\">Weingut Hirtl<\/p>\t\t\t\t<\/div>\n\t\t\t\t<\/div>\n\t\t\t\t<div class=\"elementor-element elementor-element-fc32437 elementor-widget elementor-widget-heading\" data-id=\"fc32437\" data-element_type=\"widget\" data-e-type=\"widget\" data-widget_type=\"heading.default\">\n\t\t\t\t<div class=\"elementor-widget-container\">\n\t\t\t\t\t<h1 class=\"elementor-heading-title elementor-size-default\">otisk<\/h1>\t\t\t\t<\/div>\n\t\t\t\t<\/div>\n\t\t\t\t<\/div>\n\t\t<div class=\"elementor-element elementor-element-29f91db e-con-full e-flex e-con e-child\" data-id=\"29f91db\" data-element_type=\"container\" data-e-type=\"container\">\n\t\t\t\t<div class=\"elementor-element elementor-element-9102985 elementor-invisible elementor-widget elementor-widget-image\" data-id=\"9102985\" data-element_type=\"widget\" data-e-type=\"widget\" data-settings=\"{&quot;_animation&quot;:&quot;fadeIn&quot;}\" data-widget_type=\"image.default\">\n\t\t\t\t<div class=\"elementor-widget-container\">\n\t\t\t\t\t\t\t\t\t\t\t\t\t\t\t<img fetchpriority=\"high\" decoding=\"async\" width=\"372\" height=\"464\" src=\"https:\/\/www.weingut-hirtl.at\/www\/wp-content\/uploads\/2024\/03\/Zeichenflaeche-13halbe-Flasche.png\" class=\"attachment-medium_large size-medium_large wp-image-7948\" alt=\"\" srcset=\"https:\/\/www.weingut-hirtl.at\/www\/wp-content\/uploads\/2024\/03\/Zeichenflaeche-13halbe-Flasche.png 372w, https:\/\/www.weingut-hirtl.at\/www\/wp-content\/uploads\/2024\/03\/Zeichenflaeche-13halbe-Flasche-241x300.png 241w, https:\/\/www.weingut-hirtl.at\/www\/wp-content\/uploads\/2024\/03\/Zeichenflaeche-13halbe-Flasche-60x75.png 60w, https:\/\/www.weingut-hirtl.at\/www\/wp-content\/uploads\/2024\/03\/Zeichenflaeche-13halbe-Flasche-110x137.png 110w\" sizes=\"(max-width: 372px) 100vw, 372px\" \/>\t\t\t\t\t\t\t\t\t\t\t\t\t\t\t<\/div>\n\t\t\t\t<\/div>\n\t\t\t\t<\/div>\n\t\t\t\t\t<\/div>\n\t\t\t\t<\/div>\n\t\t<div class=\"elementor-element elementor-element-3873c744 e-flex e-con-boxed e-con e-parent\" data-id=\"3873c744\" data-element_type=\"container\" data-e-type=\"container\">\n\t\t\t\t\t<div class=\"e-con-inner\">\n\t\t\t\t<div class=\"elementor-element elementor-element-56b477fb elementor-widget elementor-widget-text-editor\" data-id=\"56b477fb\" data-element_type=\"widget\" data-e-type=\"widget\" data-widget_type=\"text-editor.default\">\n\t\t\t\t<div class=\"elementor-widget-container\">\n\t\t\t\t\t\t\t\t\t<h1>otisk<\/h1>\n<p>Informace o poskytovateli slu\u017eeb.<\/p>\n<p>Weingut Hirtl GmbH<\/p>\n<p>Brunngasse 72,<br \/>\n2170 Poysdorf,<br \/>\nRakousko<\/p>\n<p>Tel.: 02552\/2182<br \/>\nE-mail: office@weingut-hirtl.at<\/p>\n<p>I\u010cO: 525927y<br \/>\nObchodn\u00ed rejst\u0159\u00edkov\u00fd soud: Musterhausen<br \/>\nS\u00eddlo spole\u010dnosti: Poysdorf<br \/>\nObchodn\u00ed \u00fa\u010del: Vina\u0159stv\u00ed<br \/>\nDI\u010c: ATU54152900<br \/>\nGLN (glob\u00e1ln\u00ed \u010d\u00edslo um\u00edst\u011bn\u00ed): 9110028364747<br \/>\nGISA (Trade Information System Austria): 32491661<br \/>\n\u010clen: WKO<br \/>\nProfesn\u00ed pr\u00e1vo: \u017divnostensk\u00fd \u0159\u00e1d: www.ris.bka.gv.at<\/p>\n<p>Dozor\u010d\u00ed org\u00e1n:<br \/>\nOkresn\u00ed spr\u00e1va Mistelbach<\/p>\n<p>Pracovn\u00ed pozice: Vina\u0159stv\u00ed<br \/>\nUd\u011bluj\u00edc\u00ed zem\u011b: Rakousko<\/p>\n<p>Jednatel: Martin Hirtl<\/p>\n<p>pov\u011b\u0159ence pro ochranu osobn\u00edch \u00fadaj\u016f<br \/>\njak je uvedeno v\u00fd\u0161e<\/p>\n<p>\u0158e\u0161en\u00ed spor\u016f EU<br \/>\nV souladu s na\u0159\u00edzen\u00edm o online \u0159e\u0161en\u00ed spor\u016f ve spot\u0159ebitelsk\u00fdch z\u00e1le\u017eitostech (Na\u0159\u00edzen\u00ed ODR) bychom v\u00e1s r\u00e1di informovali o platform\u011b pro online \u0159e\u0161en\u00ed spor\u016f (platforma ODR).<br \/>\nSpot\u0159ebitel\u00e9 maj\u00ed mo\u017enost pod\u00e1vat st\u00ed\u017enosti online platform\u011b Evropsk\u00e9 komise pro \u0159e\u0161en\u00ed spor\u016f na adrese https:\/\/ec.europa.eu\/consumers\/odr\/main\/index.cfm?event=main.home2.show&amp;lng=DE. Pot\u0159ebn\u00e9 kontaktn\u00ed \u00fadaje naleznete v\u00fd\u0161e v na\u0161em tir\u00e1\u017ei.<\/p>\n<p>R\u00e1di bychom v\u0161ak upozornili, \u017ee nejsme ochotni ani povinni se \u00fa\u010dastnit \u0159\u00edzen\u00ed o \u0159e\u0161en\u00ed spor\u016f p\u0159ed spot\u0159ebitelsk\u00fdm rozhod\u010d\u00edm sen\u00e1tem.<\/p>\n<p>fotografick\u00e9 kredity<br \/>\nObr\u00e1zky, fotografie a grafika na t\u00e9to webov\u00e9 str\u00e1nce jsou chr\u00e1n\u011bny autorsk\u00fdm pr\u00e1vem.<\/p>\n<p>Pr\u00e1va na obr\u00e1zky pat\u0159\u00ed:<br \/>\n\u00a9 Steve Haider www.steve.haider.com<br \/>\n\u00a9 Meet &amp; Taste: Dujmic<br \/>\n\u00a9 Fotografie lahv\u00ed a fotografie z tisku: Andi Bruckner www.andibruckner.com<\/p>\n<p>Dal\u0161\u00ed online prezentace<br \/>\nTento otisk plat\u00ed tak\u00e9 pro<br \/>\nhttps:\/\/www.instagram.com\/weingut_hirtl\/<br \/>\nhttps:\/\/www.facebook.com\/Wein.Hirtl<\/p>\n<p>V\u0161echny texty jsou chr\u00e1n\u011bny autorsk\u00fdm pr\u00e1vem.<\/p>\n\t\t\t\t\t\t\t\t<\/div>\n\t\t\t\t<\/div>\n\t\t\t\t\t<\/div>\n\t\t\t\t<\/div>\n\t\t\t\t<\/div>\n\t\t","protected":false},"excerpt":{"rendered":"<p>Weingut Hirtl otisk otisk Informace o poskytovateli slu\u017eeb. Weingut Hirtl GmbH Brunngasse 72, 2170 Poysdorf, Rakousko Tel.: 02552\/2182 E-mail: office@weingut-hirtl.at I\u010cO: 525927y Obchodn\u00ed rejst\u0159\u00edkov\u00fd soud: Musterhausen S\u00eddlo spole\u010dnosti: Poysdorf Obchodn\u00ed \u00fa\u010del: Vina\u0159stv\u00ed DI\u010c: ATU54152900 GLN (glob\u00e1ln\u00ed \u010d\u00edslo um\u00edst\u011bn\u00ed): 9110028364747 GISA (Trade Information System Austria): 32491661 \u010clen: WKO Profesn\u00ed pr\u00e1vo: \u017divnostensk\u00fd \u0159\u00e1d: www.ris.bka.gv.at Dozor\u010d\u00ed org\u00e1n: Okresn\u00ed [&hellip;]<\/p>\n","protected":false},"author":1,"featured_media":0,"parent":0,"menu_order":0,"comment_status":"closed","ping_status":"closed","template":"elementor_header_footer","meta":{"_acf_changed":false,"footnotes":""},"class_list":["post-7691","page","type-page","status-publish","hentry"],"acf":[],"yoast_head":"<!-- This site is optimized with the Yoast SEO plugin v27.3 - https:\/\/yoast.com\/product\/yoast-seo-wordpress\/ -->\n<title>otisk | Weingut Hirtl<\/title>\n<meta name=\"robots\" content=\"noindex, follow\" \/>\n<meta property=\"og:locale\" content=\"cs_CZ\" \/>\n<meta property=\"og:type\" content=\"article\" \/>\n<meta property=\"og:title\" content=\"otisk | Weingut Hirtl\" \/>\n<meta property=\"og:description\" content=\"Weingut Hirtl otisk otisk Informace o poskytovateli slu\u017eeb. Weingut Hirtl GmbH Brunngasse 72, 2170 Poysdorf, Rakousko Tel.: 02552\/2182 E-mail: office@weingut-hirtl.at I\u010cO: 525927y Obchodn\u00ed rejst\u0159\u00edkov\u00fd soud: Musterhausen S\u00eddlo spole\u010dnosti: Poysdorf Obchodn\u00ed \u00fa\u010del: Vina\u0159stv\u00ed DI\u010c: ATU54152900 GLN (glob\u00e1ln\u00ed \u010d\u00edslo um\u00edst\u011bn\u00ed): 9110028364747 GISA (Trade Information System Austria): 32491661 \u010clen: WKO Profesn\u00ed pr\u00e1vo: \u017divnostensk\u00fd \u0159\u00e1d: www.ris.bka.gv.at Dozor\u010d\u00ed org\u00e1n: Okresn\u00ed [&hellip;]\" \/>\n<meta property=\"og:url\" content=\"https:\/\/www.weingut-hirtl.at\/cs\/otisk\/\" \/>\n<meta property=\"og:site_name\" content=\"Weingut Hirtl\" \/>\n<meta property=\"article:publisher\" content=\"https:\/\/www.facebook.com\/Wein.Hirtl\" \/>\n<meta property=\"article:modified_time\" content=\"2025-01-19T15:11:19+00:00\" \/>\n<meta property=\"og:image\" content=\"https:\/\/www.weingut-hirtl.at\/www\/wp-content\/uploads\/2024\/03\/Zeichenflaeche-13halbe-Flasche.png\" \/>\n\t<meta property=\"og:image:width\" content=\"372\" \/>\n\t<meta property=\"og:image:height\" content=\"464\" \/>\n\t<meta property=\"og:image:type\" content=\"image\/png\" \/>\n<meta name=\"twitter:card\" content=\"summary_large_image\" \/>\n<meta name=\"twitter:label1\" content=\"Odhadovan\u00e1 doba \u010dten\u00ed\" \/>\n\t<meta name=\"twitter:data1\" content=\"1 minuta\" \/>\n<script type=\"application\/ld+json\" class=\"yoast-schema-graph\">{\"@context\":\"https:\\\/\\\/schema.org\",\"@graph\":[{\"@type\":\"WebPage\",\"@id\":\"https:\\\/\\\/www.weingut-hirtl.at\\\/cs\\\/otisk\\\/\",\"url\":\"https:\\\/\\\/www.weingut-hirtl.at\\\/cs\\\/otisk\\\/\",\"name\":\"otisk | Weingut Hirtl\",\"isPartOf\":{\"@id\":\"https:\\\/\\\/www.weingut-hirtl.at\\\/cs\\\/#website\"},\"primaryImageOfPage\":{\"@id\":\"https:\\\/\\\/www.weingut-hirtl.at\\\/cs\\\/otisk\\\/#primaryimage\"},\"image\":{\"@id\":\"https:\\\/\\\/www.weingut-hirtl.at\\\/cs\\\/otisk\\\/#primaryimage\"},\"thumbnailUrl\":\"https:\\\/\\\/www.weingut-hirtl.at\\\/www\\\/wp-content\\\/uploads\\\/2024\\\/03\\\/Zeichenflaeche-13halbe-Flasche.png\",\"datePublished\":\"2023-12-24T10:38:29+00:00\",\"dateModified\":\"2025-01-19T15:11:19+00:00\",\"breadcrumb\":{\"@id\":\"https:\\\/\\\/www.weingut-hirtl.at\\\/cs\\\/otisk\\\/#breadcrumb\"},\"inLanguage\":\"cs\",\"potentialAction\":[{\"@type\":\"ReadAction\",\"target\":[\"https:\\\/\\\/www.weingut-hirtl.at\\\/cs\\\/otisk\\\/\"]}]},{\"@type\":\"ImageObject\",\"inLanguage\":\"cs\",\"@id\":\"https:\\\/\\\/www.weingut-hirtl.at\\\/cs\\\/otisk\\\/#primaryimage\",\"url\":\"https:\\\/\\\/www.weingut-hirtl.at\\\/www\\\/wp-content\\\/uploads\\\/2024\\\/03\\\/Zeichenflaeche-13halbe-Flasche.png\",\"contentUrl\":\"https:\\\/\\\/www.weingut-hirtl.at\\\/www\\\/wp-content\\\/uploads\\\/2024\\\/03\\\/Zeichenflaeche-13halbe-Flasche.png\"},{\"@type\":\"BreadcrumbList\",\"@id\":\"https:\\\/\\\/www.weingut-hirtl.at\\\/cs\\\/otisk\\\/#breadcrumb\",\"itemListElement\":[{\"@type\":\"ListItem\",\"position\":1,\"name\":\"Startseite\",\"item\":\"https:\\\/\\\/www.weingut-hirtl.at\\\/cs\\\/\"},{\"@type\":\"ListItem\",\"position\":2,\"name\":\"otisk\"}]},{\"@type\":\"WebSite\",\"@id\":\"https:\\\/\\\/www.weingut-hirtl.at\\\/cs\\\/#website\",\"url\":\"https:\\\/\\\/www.weingut-hirtl.at\\\/cs\\\/\",\"name\":\"Weingut Hirtl\",\"description\":\"\",\"publisher\":{\"@id\":\"https:\\\/\\\/www.weingut-hirtl.at\\\/cs\\\/#organization\"},\"potentialAction\":[{\"@type\":\"SearchAction\",\"target\":{\"@type\":\"EntryPoint\",\"urlTemplate\":\"https:\\\/\\\/www.weingut-hirtl.at\\\/cs\\\/?s={search_term_string}\"},\"query-input\":{\"@type\":\"PropertyValueSpecification\",\"valueRequired\":true,\"valueName\":\"search_term_string\"}}],\"inLanguage\":\"cs\"},{\"@type\":\"Organization\",\"@id\":\"https:\\\/\\\/www.weingut-hirtl.at\\\/cs\\\/#organization\",\"name\":\"Weingut Hirtl\",\"url\":\"https:\\\/\\\/www.weingut-hirtl.at\\\/cs\\\/\",\"logo\":{\"@type\":\"ImageObject\",\"inLanguage\":\"cs\",\"@id\":\"https:\\\/\\\/www.weingut-hirtl.at\\\/cs\\\/#\\\/schema\\\/logo\\\/image\\\/\",\"url\":\"https:\\\/\\\/www.weingut-hirtl.at\\\/www\\\/wp-content\\\/uploads\\\/2024\\\/04\\\/Hirtl_Logo-1024x819-1.jpg\",\"contentUrl\":\"https:\\\/\\\/www.weingut-hirtl.at\\\/www\\\/wp-content\\\/uploads\\\/2024\\\/04\\\/Hirtl_Logo-1024x819-1.jpg\",\"width\":1024,\"height\":819,\"caption\":\"Weingut Hirtl\"},\"image\":{\"@id\":\"https:\\\/\\\/www.weingut-hirtl.at\\\/cs\\\/#\\\/schema\\\/logo\\\/image\\\/\"},\"sameAs\":[\"https:\\\/\\\/www.facebook.com\\\/Wein.Hirtl\",\"https:\\\/\\\/www.instagram.com\\\/weingut_hirtl\\\/\"]}]}<\/script>\n<!-- \/ Yoast SEO plugin. -->","yoast_head_json":{"title":"otisk | Weingut Hirtl","robots":{"index":"noindex","follow":"follow"},"og_locale":"cs_CZ","og_type":"article","og_title":"otisk | Weingut Hirtl","og_description":"Weingut Hirtl otisk otisk Informace o poskytovateli slu\u017eeb. Weingut Hirtl GmbH Brunngasse 72, 2170 Poysdorf, Rakousko Tel.: 02552\/2182 E-mail: office@weingut-hirtl.at I\u010cO: 525927y Obchodn\u00ed rejst\u0159\u00edkov\u00fd soud: Musterhausen S\u00eddlo spole\u010dnosti: Poysdorf Obchodn\u00ed \u00fa\u010del: Vina\u0159stv\u00ed DI\u010c: ATU54152900 GLN (glob\u00e1ln\u00ed \u010d\u00edslo um\u00edst\u011bn\u00ed): 9110028364747 GISA (Trade Information System Austria): 32491661 \u010clen: WKO Profesn\u00ed pr\u00e1vo: \u017divnostensk\u00fd \u0159\u00e1d: www.ris.bka.gv.at Dozor\u010d\u00ed org\u00e1n: Okresn\u00ed [&hellip;]","og_url":"https:\/\/www.weingut-hirtl.at\/cs\/otisk\/","og_site_name":"Weingut Hirtl","article_publisher":"https:\/\/www.facebook.com\/Wein.Hirtl","article_modified_time":"2025-01-19T15:11:19+00:00","og_image":[{"width":372,"height":464,"url":"https:\/\/www.weingut-hirtl.at\/www\/wp-content\/uploads\/2024\/03\/Zeichenflaeche-13halbe-Flasche.png","type":"image\/png"}],"twitter_card":"summary_large_image","twitter_misc":{"Odhadovan\u00e1 doba \u010dten\u00ed":"1 minuta"},"schema":{"@context":"https:\/\/schema.org","@graph":[{"@type":"WebPage","@id":"https:\/\/www.weingut-hirtl.at\/cs\/otisk\/","url":"https:\/\/www.weingut-hirtl.at\/cs\/otisk\/","name":"otisk | Weingut Hirtl","isPartOf":{"@id":"https:\/\/www.weingut-hirtl.at\/cs\/#website"},"primaryImageOfPage":{"@id":"https:\/\/www.weingut-hirtl.at\/cs\/otisk\/#primaryimage"},"image":{"@id":"https:\/\/www.weingut-hirtl.at\/cs\/otisk\/#primaryimage"},"thumbnailUrl":"https:\/\/www.weingut-hirtl.at\/www\/wp-content\/uploads\/2024\/03\/Zeichenflaeche-13halbe-Flasche.png","datePublished":"2023-12-24T10:38:29+00:00","dateModified":"2025-01-19T15:11:19+00:00","breadcrumb":{"@id":"https:\/\/www.weingut-hirtl.at\/cs\/otisk\/#breadcrumb"},"inLanguage":"cs","potentialAction":[{"@type":"ReadAction","target":["https:\/\/www.weingut-hirtl.at\/cs\/otisk\/"]}]},{"@type":"ImageObject","inLanguage":"cs","@id":"https:\/\/www.weingut-hirtl.at\/cs\/otisk\/#primaryimage","url":"https:\/\/www.weingut-hirtl.at\/www\/wp-content\/uploads\/2024\/03\/Zeichenflaeche-13halbe-Flasche.png","contentUrl":"https:\/\/www.weingut-hirtl.at\/www\/wp-content\/uploads\/2024\/03\/Zeichenflaeche-13halbe-Flasche.png"},{"@type":"BreadcrumbList","@id":"https:\/\/www.weingut-hirtl.at\/cs\/otisk\/#breadcrumb","itemListElement":[{"@type":"ListItem","position":1,"name":"Startseite","item":"https:\/\/www.weingut-hirtl.at\/cs\/"},{"@type":"ListItem","position":2,"name":"otisk"}]},{"@type":"WebSite","@id":"https:\/\/www.weingut-hirtl.at\/cs\/#website","url":"https:\/\/www.weingut-hirtl.at\/cs\/","name":"Weingut Hirtl","description":"","publisher":{"@id":"https:\/\/www.weingut-hirtl.at\/cs\/#organization"},"potentialAction":[{"@type":"SearchAction","target":{"@type":"EntryPoint","urlTemplate":"https:\/\/www.weingut-hirtl.at\/cs\/?s={search_term_string}"},"query-input":{"@type":"PropertyValueSpecification","valueRequired":true,"valueName":"search_term_string"}}],"inLanguage":"cs"},{"@type":"Organization","@id":"https:\/\/www.weingut-hirtl.at\/cs\/#organization","name":"Weingut Hirtl","url":"https:\/\/www.weingut-hirtl.at\/cs\/","logo":{"@type":"ImageObject","inLanguage":"cs","@id":"https:\/\/www.weingut-hirtl.at\/cs\/#\/schema\/logo\/image\/","url":"https:\/\/www.weingut-hirtl.at\/www\/wp-content\/uploads\/2024\/04\/Hirtl_Logo-1024x819-1.jpg","contentUrl":"https:\/\/www.weingut-hirtl.at\/www\/wp-content\/uploads\/2024\/04\/Hirtl_Logo-1024x819-1.jpg","width":1024,"height":819,"caption":"Weingut Hirtl"},"image":{"@id":"https:\/\/www.weingut-hirtl.at\/cs\/#\/schema\/logo\/image\/"},"sameAs":["https:\/\/www.facebook.com\/Wein.Hirtl","https:\/\/www.instagram.com\/weingut_hirtl\/"]}]}},"_links":{"self":[{"href":"https:\/\/www.weingut-hirtl.at\/cs\/wp-json\/wp\/v2\/pages\/7691","targetHints":{"allow":["GET"]}}],"collection":[{"href":"https:\/\/www.weingut-hirtl.at\/cs\/wp-json\/wp\/v2\/pages"}],"about":[{"href":"https:\/\/www.weingut-hirtl.at\/cs\/wp-json\/wp\/v2\/types\/page"}],"author":[{"embeddable":true,"href":"https:\/\/www.weingut-hirtl.at\/cs\/wp-json\/wp\/v2\/users\/1"}],"replies":[{"embeddable":true,"href":"https:\/\/www.weingut-hirtl.at\/cs\/wp-json\/wp\/v2\/comments?post=7691"}],"version-history":[{"count":0,"href":"https:\/\/www.weingut-hirtl.at\/cs\/wp-json\/wp\/v2\/pages\/7691\/revisions"}],"wp:attachment":[{"href":"https:\/\/www.weingut-hirtl.at\/cs\/wp-json\/wp\/v2\/media?parent=7691"}],"curies":[{"name":"wp","href":"https:\/\/api.w.org\/{rel}","templated":true}]}}