{"id":7681,"date":"2023-12-21T17:13:32","date_gmt":"2023-12-21T16:13:32","guid":{"rendered":"https:\/\/www.weingut-hirtl.at\/cart\/"},"modified":"2025-01-19T15:10:44","modified_gmt":"2025-01-19T14:10:44","slug":"cart","status":"publish","type":"page","link":"https:\/\/www.weingut-hirtl.at\/cs\/cart\/","title":{"rendered":"Cart"},"content":{"rendered":"\t\t<div data-elementor-type=\"wp-page\" data-elementor-id=\"7681\" class=\"elementor elementor-7681 elementor-34\" data-elementor-post-type=\"page\">\n\t\t\t\t<div class=\"elementor-element elementor-element-4304da71 elementor-hidden-desktop elementor-hidden-tablet elementor-hidden-mobile e-flex e-con-boxed e-con e-parent\" data-id=\"4304da71\" data-element_type=\"container\" data-e-type=\"container\">\n\t\t\t\t\t<div class=\"e-con-inner\">\n\t\t\t\t<div class=\"elementor-element elementor-element-5a7d9a92 elementor-widget elementor-widget-text-editor\" data-id=\"5a7d9a92\" data-element_type=\"widget\" data-e-type=\"widget\" data-widget_type=\"text-editor.default\">\n\t\t\t\t<div class=\"elementor-widget-container\">\n\t\t\t\t\t\t\t\t\t\r\n<div class=\"wp-block-woocommerce-cart alignwide is-loading\">\r\n<div class=\"wp-block-woocommerce-filled-cart-block\">\r\n<div class=\"wp-block-woocommerce-cart-items-block\">\r\n<div class=\"wp-block-woocommerce-cart-line-items-block\">\u00a0<\/div>\r\n\r\n\r\n\r\n<div class=\"wp-block-woocommerce-cart-cross-sells-block\">\r\n<h2 class=\"wp-block-heading has-large-font-size\">You may be interested in\u2026<\/h2>\r\n\r\n\r\n\r\n<div class=\"wp-block-woocommerce-cart-cross-sells-products-block\">\u00a0<\/div>\r\n<\/div>\r\n<\/div>\r\n\r\n\r\n\r\n<div class=\"wp-block-woocommerce-cart-totals-block\">\r\n<div class=\"wp-block-woocommerce-cart-order-summary-block\">\r\n<div class=\"wp-block-woocommerce-cart-order-summary-heading-block\">\u00a0<\/div>\r\n\r\n\r\n\r\n<div class=\"wp-block-woocommerce-cart-order-summary-coupon-form-block\">\u00a0<\/div>\r\n\r\n\r\n\r\n<div class=\"wp-block-woocommerce-cart-order-summary-subtotal-block\">\u00a0<\/div>\r\n\r\n\r\n\r\n<div class=\"wp-block-woocommerce-cart-order-summary-fee-block\">\u00a0<\/div>\r\n\r\n\r\n\r\n<div class=\"wp-block-woocommerce-cart-order-summary-discount-block\">\u00a0<\/div>\r\n\r\n\r\n\r\n<div class=\"wp-block-woocommerce-cart-order-summary-shipping-block\">\u00a0<\/div>\r\n\r\n\r\n\r\n<div class=\"wp-block-woocommerce-cart-order-summary-taxes-block\">\u00a0<\/div>\r\n<\/div>\r\n\r\n\r\n\r\n<div class=\"wp-block-woocommerce-cart-express-payment-block\">\u00a0<\/div>\r\n\r\n\r\n\r\n<div class=\"wp-block-woocommerce-proceed-to-checkout-block\">\u00a0<\/div>\r\n\r\n\r\n\r\n<div class=\"wp-block-woocommerce-cart-accepted-payment-methods-block\">\u00a0<\/div>\r\n<\/div>\r\n<\/div>\r\n\r\n\r\n\r\n<div class=\"wp-block-woocommerce-empty-cart-block\">\r\n<h2 class=\"wp-block-heading has-text-align-center with-empty-cart-icon wc-block-cart__empty-cart__title\">Your cart is currently empty!<\/h2>\r\n\r\n\r\n<hr class=\"wp-block-separator has-alpha-channel-opacity is-style-dots\" \/>\r\n\r\n\r\n<h2 class=\"wp-block-heading has-text-align-center\">New in store<\/h2>\r\n\r\n\r\n<\/div>\r\n<\/div>\r\n\t\t\t\t\t\t\t\t<\/div>\n\t\t\t\t<\/div>\n\t\t\t\t\t<\/div>\n\t\t\t\t<\/div>\n\t\t<div class=\"elementor-element elementor-element-8490e21 e-flex e-con-boxed e-con e-parent\" data-id=\"8490e21\" data-element_type=\"container\" data-e-type=\"container\">\n\t\t\t\t\t<div class=\"e-con-inner\">\n\t\t\t\t<div class=\"elementor-element elementor-element-50c7365 elementor-widget elementor-widget-heading\" data-id=\"50c7365\" data-element_type=\"widget\" data-e-type=\"widget\" data-widget_type=\"heading.default\">\n\t\t\t\t<div class=\"elementor-widget-container\">\n\t\t\t\t\t<h2 class=\"elementor-heading-title elementor-size-default\">Ihr Weinkorb<\/h2>\t\t\t\t<\/div>\n\t\t\t\t<\/div>\n\t\t\t\t\t<\/div>\n\t\t\t\t<\/div>\n\t\t\t\t<\/div>\n\t\t","protected":false},"excerpt":{"rendered":"<p>\u00a0 You may be interested in\u2026 \u00a0 \u00a0 \u00a0 \u00a0 \u00a0 \u00a0 \u00a0 \u00a0 \u00a0 \u00a0 \u00a0 Your cart is currently empty! New in store Ihr Weinkorb Artikel entfernen Vorschaubild Produkt Preis Anzahl Zwischensumme &times; Gelber Muskateller 2024 Lieferzeit: sofort lieferbar &euro;&nbsp;9,20 Gelber Muskateller 2024&nbsp; Menge &euro;&nbsp;55,20Enth\u00e4lt &euro;&nbsp;6,35 MwSt. 13% AT (13%) &times; Chardonnay Reserve [&hellip;]<\/p>\n","protected":false},"author":1,"featured_media":0,"parent":0,"menu_order":0,"comment_status":"closed","ping_status":"closed","template":"elementor_header_footer","meta":{"_acf_changed":false,"footnotes":""},"class_list":["post-7681","page","type-page","status-publish","hentry"],"acf":[],"yoast_head":"<!-- This site is optimized with the Yoast SEO plugin v27.3 - https:\/\/yoast.com\/product\/yoast-seo-wordpress\/ -->\n<title>Cart | Weingut Hirtl<\/title>\n<meta name=\"robots\" content=\"noindex, follow\" \/>\n<meta property=\"og:locale\" content=\"cs_CZ\" \/>\n<meta property=\"og:type\" content=\"article\" \/>\n<meta property=\"og:title\" content=\"Cart | Weingut Hirtl\" \/>\n<meta property=\"og:description\" content=\"\u00a0 You may be interested in\u2026 \u00a0 \u00a0 \u00a0 \u00a0 \u00a0 \u00a0 \u00a0 \u00a0 \u00a0 \u00a0 \u00a0 Your cart is currently empty! New in store Ihr Weinkorb Artikel entfernen Vorschaubild Produkt Preis Anzahl Zwischensumme &times; Gelber Muskateller 2024 Lieferzeit: sofort lieferbar &euro;&nbsp;9,20 Gelber Muskateller 2024&nbsp; Menge &euro;&nbsp;55,20Enth\u00e4lt &euro;&nbsp;6,35 MwSt. 13% AT (13%) &times; Chardonnay Reserve [&hellip;]\" \/>\n<meta property=\"og:url\" content=\"https:\/\/www.weingut-hirtl.at\/cs\/cart\/\" \/>\n<meta property=\"og:site_name\" content=\"Weingut Hirtl\" \/>\n<meta property=\"article:publisher\" content=\"https:\/\/www.facebook.com\/Wein.Hirtl\" \/>\n<meta property=\"article:modified_time\" content=\"2025-01-19T14:10:44+00:00\" \/>\n<meta property=\"og:image\" content=\"https:\/\/www.weingut-hirtl.at\/www\/wp-content\/uploads\/2020\/11\/GM-300x300.jpg\" \/>\n<meta name=\"twitter:card\" content=\"summary_large_image\" \/>\n<meta name=\"twitter:label1\" content=\"Odhadovan\u00e1 doba \u010dten\u00ed\" \/>\n\t<meta name=\"twitter:data1\" content=\"1 minuta\" \/>\n<script type=\"application\/ld+json\" class=\"yoast-schema-graph\">{\"@context\":\"https:\\\/\\\/schema.org\",\"@graph\":[{\"@type\":\"WebPage\",\"@id\":\"https:\\\/\\\/www.weingut-hirtl.at\\\/cs\\\/cart\\\/\",\"url\":\"https:\\\/\\\/www.weingut-hirtl.at\\\/cs\\\/cart\\\/\",\"name\":\"Cart | Weingut Hirtl\",\"isPartOf\":{\"@id\":\"https:\\\/\\\/www.weingut-hirtl.at\\\/cs\\\/#website\"},\"primaryImageOfPage\":{\"@id\":\"https:\\\/\\\/www.weingut-hirtl.at\\\/cs\\\/cart\\\/#primaryimage\"},\"image\":{\"@id\":\"https:\\\/\\\/www.weingut-hirtl.at\\\/cs\\\/cart\\\/#primaryimage\"},\"thumbnailUrl\":\"https:\\\/\\\/www.weingut-hirtl.at\\\/www\\\/wp-content\\\/uploads\\\/2020\\\/11\\\/GM-300x300.jpg\",\"datePublished\":\"2023-12-21T16:13:32+00:00\",\"dateModified\":\"2025-01-19T14:10:44+00:00\",\"breadcrumb\":{\"@id\":\"https:\\\/\\\/www.weingut-hirtl.at\\\/cs\\\/cart\\\/#breadcrumb\"},\"inLanguage\":\"cs\",\"potentialAction\":[{\"@type\":\"ReadAction\",\"target\":[\"https:\\\/\\\/www.weingut-hirtl.at\\\/cs\\\/cart\\\/\"]}]},{\"@type\":\"ImageObject\",\"inLanguage\":\"cs\",\"@id\":\"https:\\\/\\\/www.weingut-hirtl.at\\\/cs\\\/cart\\\/#primaryimage\",\"url\":\"https:\\\/\\\/www.weingut-hirtl.at\\\/www\\\/wp-content\\\/uploads\\\/2020\\\/11\\\/GM-300x300.jpg\",\"contentUrl\":\"https:\\\/\\\/www.weingut-hirtl.at\\\/www\\\/wp-content\\\/uploads\\\/2020\\\/11\\\/GM-300x300.jpg\"},{\"@type\":\"BreadcrumbList\",\"@id\":\"https:\\\/\\\/www.weingut-hirtl.at\\\/cs\\\/cart\\\/#breadcrumb\",\"itemListElement\":[{\"@type\":\"ListItem\",\"position\":1,\"name\":\"Startseite\",\"item\":\"https:\\\/\\\/www.weingut-hirtl.at\\\/cs\\\/\"},{\"@type\":\"ListItem\",\"position\":2,\"name\":\"Cart\"}]},{\"@type\":\"WebSite\",\"@id\":\"https:\\\/\\\/www.weingut-hirtl.at\\\/cs\\\/#website\",\"url\":\"https:\\\/\\\/www.weingut-hirtl.at\\\/cs\\\/\",\"name\":\"Weingut Hirtl\",\"description\":\"\",\"publisher\":{\"@id\":\"https:\\\/\\\/www.weingut-hirtl.at\\\/cs\\\/#organization\"},\"potentialAction\":[{\"@type\":\"SearchAction\",\"target\":{\"@type\":\"EntryPoint\",\"urlTemplate\":\"https:\\\/\\\/www.weingut-hirtl.at\\\/cs\\\/?s={search_term_string}\"},\"query-input\":{\"@type\":\"PropertyValueSpecification\",\"valueRequired\":true,\"valueName\":\"search_term_string\"}}],\"inLanguage\":\"cs\"},{\"@type\":\"Organization\",\"@id\":\"https:\\\/\\\/www.weingut-hirtl.at\\\/cs\\\/#organization\",\"name\":\"Weingut Hirtl\",\"url\":\"https:\\\/\\\/www.weingut-hirtl.at\\\/cs\\\/\",\"logo\":{\"@type\":\"ImageObject\",\"inLanguage\":\"cs\",\"@id\":\"https:\\\/\\\/www.weingut-hirtl.at\\\/cs\\\/#\\\/schema\\\/logo\\\/image\\\/\",\"url\":\"https:\\\/\\\/www.weingut-hirtl.at\\\/www\\\/wp-content\\\/uploads\\\/2024\\\/04\\\/Hirtl_Logo-1024x819-1.jpg\",\"contentUrl\":\"https:\\\/\\\/www.weingut-hirtl.at\\\/www\\\/wp-content\\\/uploads\\\/2024\\\/04\\\/Hirtl_Logo-1024x819-1.jpg\",\"width\":1024,\"height\":819,\"caption\":\"Weingut Hirtl\"},\"image\":{\"@id\":\"https:\\\/\\\/www.weingut-hirtl.at\\\/cs\\\/#\\\/schema\\\/logo\\\/image\\\/\"},\"sameAs\":[\"https:\\\/\\\/www.facebook.com\\\/Wein.Hirtl\",\"https:\\\/\\\/www.instagram.com\\\/weingut_hirtl\\\/\"]}]}<\/script>\n<!-- \/ Yoast SEO plugin. -->","yoast_head_json":{"title":"Cart | Weingut Hirtl","robots":{"index":"noindex","follow":"follow"},"og_locale":"cs_CZ","og_type":"article","og_title":"Cart | Weingut Hirtl","og_description":"\u00a0 You may be interested in\u2026 \u00a0 \u00a0 \u00a0 \u00a0 \u00a0 \u00a0 \u00a0 \u00a0 \u00a0 \u00a0 \u00a0 Your cart is currently empty! New in store Ihr Weinkorb Artikel entfernen Vorschaubild Produkt Preis Anzahl Zwischensumme &times; Gelber Muskateller 2024 Lieferzeit: sofort lieferbar &euro;&nbsp;9,20 Gelber Muskateller 2024&nbsp; Menge &euro;&nbsp;55,20Enth\u00e4lt &euro;&nbsp;6,35 MwSt. 13% AT (13%) &times; Chardonnay Reserve [&hellip;]","og_url":"https:\/\/www.weingut-hirtl.at\/cs\/cart\/","og_site_name":"Weingut Hirtl","article_publisher":"https:\/\/www.facebook.com\/Wein.Hirtl","article_modified_time":"2025-01-19T14:10:44+00:00","og_image":[{"url":"https:\/\/www.weingut-hirtl.at\/www\/wp-content\/uploads\/2020\/11\/GM-300x300.jpg","type":"","width":"","height":""}],"twitter_card":"summary_large_image","twitter_misc":{"Odhadovan\u00e1 doba \u010dten\u00ed":"1 minuta"},"schema":{"@context":"https:\/\/schema.org","@graph":[{"@type":"WebPage","@id":"https:\/\/www.weingut-hirtl.at\/cs\/cart\/","url":"https:\/\/www.weingut-hirtl.at\/cs\/cart\/","name":"Cart | Weingut Hirtl","isPartOf":{"@id":"https:\/\/www.weingut-hirtl.at\/cs\/#website"},"primaryImageOfPage":{"@id":"https:\/\/www.weingut-hirtl.at\/cs\/cart\/#primaryimage"},"image":{"@id":"https:\/\/www.weingut-hirtl.at\/cs\/cart\/#primaryimage"},"thumbnailUrl":"https:\/\/www.weingut-hirtl.at\/www\/wp-content\/uploads\/2020\/11\/GM-300x300.jpg","datePublished":"2023-12-21T16:13:32+00:00","dateModified":"2025-01-19T14:10:44+00:00","breadcrumb":{"@id":"https:\/\/www.weingut-hirtl.at\/cs\/cart\/#breadcrumb"},"inLanguage":"cs","potentialAction":[{"@type":"ReadAction","target":["https:\/\/www.weingut-hirtl.at\/cs\/cart\/"]}]},{"@type":"ImageObject","inLanguage":"cs","@id":"https:\/\/www.weingut-hirtl.at\/cs\/cart\/#primaryimage","url":"https:\/\/www.weingut-hirtl.at\/www\/wp-content\/uploads\/2020\/11\/GM-300x300.jpg","contentUrl":"https:\/\/www.weingut-hirtl.at\/www\/wp-content\/uploads\/2020\/11\/GM-300x300.jpg"},{"@type":"BreadcrumbList","@id":"https:\/\/www.weingut-hirtl.at\/cs\/cart\/#breadcrumb","itemListElement":[{"@type":"ListItem","position":1,"name":"Startseite","item":"https:\/\/www.weingut-hirtl.at\/cs\/"},{"@type":"ListItem","position":2,"name":"Cart"}]},{"@type":"WebSite","@id":"https:\/\/www.weingut-hirtl.at\/cs\/#website","url":"https:\/\/www.weingut-hirtl.at\/cs\/","name":"Weingut Hirtl","description":"","publisher":{"@id":"https:\/\/www.weingut-hirtl.at\/cs\/#organization"},"potentialAction":[{"@type":"SearchAction","target":{"@type":"EntryPoint","urlTemplate":"https:\/\/www.weingut-hirtl.at\/cs\/?s={search_term_string}"},"query-input":{"@type":"PropertyValueSpecification","valueRequired":true,"valueName":"search_term_string"}}],"inLanguage":"cs"},{"@type":"Organization","@id":"https:\/\/www.weingut-hirtl.at\/cs\/#organization","name":"Weingut Hirtl","url":"https:\/\/www.weingut-hirtl.at\/cs\/","logo":{"@type":"ImageObject","inLanguage":"cs","@id":"https:\/\/www.weingut-hirtl.at\/cs\/#\/schema\/logo\/image\/","url":"https:\/\/www.weingut-hirtl.at\/www\/wp-content\/uploads\/2024\/04\/Hirtl_Logo-1024x819-1.jpg","contentUrl":"https:\/\/www.weingut-hirtl.at\/www\/wp-content\/uploads\/2024\/04\/Hirtl_Logo-1024x819-1.jpg","width":1024,"height":819,"caption":"Weingut Hirtl"},"image":{"@id":"https:\/\/www.weingut-hirtl.at\/cs\/#\/schema\/logo\/image\/"},"sameAs":["https:\/\/www.facebook.com\/Wein.Hirtl","https:\/\/www.instagram.com\/weingut_hirtl\/"]}]}},"_links":{"self":[{"href":"https:\/\/www.weingut-hirtl.at\/cs\/wp-json\/wp\/v2\/pages\/7681","targetHints":{"allow":["GET"]}}],"collection":[{"href":"https:\/\/www.weingut-hirtl.at\/cs\/wp-json\/wp\/v2\/pages"}],"about":[{"href":"https:\/\/www.weingut-hirtl.at\/cs\/wp-json\/wp\/v2\/types\/page"}],"author":[{"embeddable":true,"href":"https:\/\/www.weingut-hirtl.at\/cs\/wp-json\/wp\/v2\/users\/1"}],"replies":[{"embeddable":true,"href":"https:\/\/www.weingut-hirtl.at\/cs\/wp-json\/wp\/v2\/comments?post=7681"}],"version-history":[{"count":0,"href":"https:\/\/www.weingut-hirtl.at\/cs\/wp-json\/wp\/v2\/pages\/7681\/revisions"}],"wp:attachment":[{"href":"https:\/\/www.weingut-hirtl.at\/cs\/wp-json\/wp\/v2\/media?parent=7681"}],"curies":[{"name":"wp","href":"https:\/\/api.w.org\/{rel}","templated":true}]}}