{"id":7560,"date":"2024-08-27T16:04:25","date_gmt":"2024-08-27T14:04:25","guid":{"rendered":"https:\/\/www.weingut-hirtl.at\/newsletter-anmeldung\/"},"modified":"2025-01-18T18:28:35","modified_gmt":"2025-01-18T17:28:35","slug":"newsletter-anmeldung","status":"publish","type":"page","link":"https:\/\/www.weingut-hirtl.at\/cs\/newsletter-anmeldung\/","title":{"rendered":"Newsletter-Anmeldung"},"content":{"rendered":"\t\t<div data-elementor-type=\"wp-page\" data-elementor-id=\"7560\" class=\"elementor elementor-7560 elementor-6908\" data-elementor-post-type=\"page\">\n\t\t\t\t<div class=\"elementor-element elementor-element-ea85ec0 e-flex e-con-boxed e-con e-parent\" data-id=\"ea85ec0\" data-element_type=\"container\" data-e-type=\"container\">\n\t\t\t\t\t<div class=\"e-con-inner\">\n\t\t<div class=\"elementor-element elementor-element-0601647 e-con-full e-flex e-con e-child\" data-id=\"0601647\" data-element_type=\"container\" data-e-type=\"container\">\n\t\t\t\t<div class=\"elementor-element elementor-element-cf9567a elementor-widget elementor-widget-image\" data-id=\"cf9567a\" data-element_type=\"widget\" data-e-type=\"widget\" data-widget_type=\"image.default\">\n\t\t\t\t<div class=\"elementor-widget-container\">\n\t\t\t\t\t\t\t\t\t\t\t\t\t\t\t<img fetchpriority=\"high\" decoding=\"async\" width=\"800\" height=\"555\" src=\"https:\/\/www.weingut-hirtl.at\/www\/wp-content\/uploads\/2024\/03\/weingut-hirtl-poysdorf-weinviertel-1920-01-1024x711.webp\" class=\"attachment-large size-large wp-image-7970\" alt=\"\" srcset=\"https:\/\/www.weingut-hirtl.at\/www\/wp-content\/uploads\/2024\/03\/weingut-hirtl-poysdorf-weinviertel-1920-01-1024x711.webp 1024w, https:\/\/www.weingut-hirtl.at\/www\/wp-content\/uploads\/2024\/03\/weingut-hirtl-poysdorf-weinviertel-1920-01-300x208.webp 300w, https:\/\/www.weingut-hirtl.at\/www\/wp-content\/uploads\/2024\/03\/weingut-hirtl-poysdorf-weinviertel-1920-01-768x534.webp 768w, https:\/\/www.weingut-hirtl.at\/www\/wp-content\/uploads\/2024\/03\/weingut-hirtl-poysdorf-weinviertel-1920-01-1536x1067.webp 1536w, https:\/\/www.weingut-hirtl.at\/www\/wp-content\/uploads\/2024\/03\/weingut-hirtl-poysdorf-weinviertel-1920-01-60x42.webp 60w, https:\/\/www.weingut-hirtl.at\/www\/wp-content\/uploads\/2024\/03\/weingut-hirtl-poysdorf-weinviertel-1920-01-110x76.webp 110w, https:\/\/www.weingut-hirtl.at\/www\/wp-content\/uploads\/2024\/03\/weingut-hirtl-poysdorf-weinviertel-1920-01-600x417.webp 600w, https:\/\/www.weingut-hirtl.at\/www\/wp-content\/uploads\/2024\/03\/weingut-hirtl-poysdorf-weinviertel-1920-01.webp 1920w\" sizes=\"(max-width: 800px) 100vw, 800px\" \/>\t\t\t\t\t\t\t\t\t\t\t\t\t\t\t<\/div>\n\t\t\t\t<\/div>\n\t\t\t\t<\/div>\n\t\t<div class=\"elementor-element elementor-element-b898de4 e-con-full e-flex e-con e-child\" data-id=\"b898de4\" data-element_type=\"container\" data-e-type=\"container\">\n\t\t\t\t<div class=\"elementor-element elementor-element-2dd509c elementor-widget elementor-widget-heading\" data-id=\"2dd509c\" data-element_type=\"widget\" data-e-type=\"widget\" data-widget_type=\"heading.default\">\n\t\t\t\t<div class=\"elementor-widget-container\">\n\t\t\t\t\t<h1 class=\"elementor-heading-title elementor-size-default\">Weingut HIRTL - Newsletter<\/h1>\t\t\t\t<\/div>\n\t\t\t\t<\/div>\n\t\t\t\t<div class=\"elementor-element elementor-element-7226b56 elementor-widget elementor-widget-text-editor\" data-id=\"7226b56\" data-element_type=\"widget\" data-e-type=\"widget\" data-widget_type=\"text-editor.default\">\n\t\t\t\t<div class=\"elementor-widget-container\">\n\t\t\t\t\t\t\t\t\t<p>Nenechte si uj\u00edt \u017e\u00e1dn\u00e9 novinky nebo akce od vina\u0159stv\u00ed HIRTL!<\/p>\n\t\t\t\t\t\t\t\t<\/div>\n\t\t\t\t<\/div>\n\t\t\t\t<div class=\"elementor-element elementor-element-7677083 elementor-widget elementor-widget-text-editor\" data-id=\"7677083\" data-element_type=\"widget\" data-e-type=\"widget\" data-widget_type=\"text-editor.default\">\n\t\t\t\t<div class=\"elementor-widget-container\">\n\t\t\t\t\t\t\t\t\t<p>\n\t\t\t\t<script src=\"https:\/\/challenges.cloudflare.com\/turnstile\/v0\/api.js\"><\/script>\n\n\t\t\t\n\t\t\t<form id=\"sib_signup_form_5\" method=\"post\" class=\"sib_signup_form\">\n\t\t\t\t<div class=\"sib_loader\" style=\"display:none;\"><img\n\t\t\t\t\t\t\tsrc=\"https:\/\/www.weingut-hirtl.at\/www\/wp-includes\/images\/spinner.gif\" alt=\"loader\"><\/div>\n\t\t\t\t<input type=\"hidden\" name=\"sib_form_action\" value=\"subscribe_form_submit\">\n\t\t\t\t<input type=\"hidden\" name=\"sib_form_id\" value=\"5\">\n                <input type=\"hidden\" name=\"sib_form_alert_notice\" value=\"Vypl\u0148te pros\u00edm toto pole\">\n                <input type=\"hidden\" name=\"sib_form_invalid_email_notice\" value=\"Va\u0161e e-mailov\u00e1 adresa je neplatn\u00e1\">\n                <input type=\"hidden\" name=\"sib_security\" value=\"596081171b\">\n\t\t\t\t<div class=\"sib_signup_box_inside_5\">\n\t\t\t\t\t<div style=\"\/*display:none*\/\" class=\"sib_msg_disp\">\n\t\t\t\t\t<\/div>\n                                            <div id=\"sib_captcha_invisible\" class=\"invi-recaptcha\" data-sitekey=\"\"><\/div>\n                    \t\t\t\t\t<p class=\"sib-VORNAME-area\"> \r\n    <label class=\"sib-VORNAME-area\">K\u0159estn\u00ed jm\u00e9no<\/label> \r\n    <input type=\"text\" class=\"sib-VORNAME-area\" name=\"VORNAME\"> \r\n<\/p>\r\n<p class=\"sib-NACHNAME-area\"> \r\n    <label class=\"sib-NACHNAME-area\">P\u0159\u00edjmen\u00ed<\/label> \r\n    <input type=\"text\" class=\"sib-NACHNAME-area\" name=\"NACHNAME\"> \r\n<\/p>\r\n<p class=\"sib-email-area\">\r\n    E-Mail Adresse*\r\n    <input type=\"email\" class=\"sib-email-area\" name=\"email\" required=\"required\">\r\n<\/p>\r\n\r\n<input type=\"checkbox\" name=\"terms\" required=\"required\"> p\u0159ij\u00edm\u00e1m <a href=\"\/datenschutz\/\">z\u00e1sady ochrany osobn\u00edch \u00fadaj\u016f!<\/a> \r\n\r\n<div id=\"cf-turnstile-0x4AAAAAAAiRaDSEBQpMUAY2\" class=\"cf-turnstile\" data-error-callback=\"errorCallbackForTurnstileErrors\" data-sitekey=\"0x4AAAAAAAiRaDSEBQpMUAY2\" data-theme=\"auto\"><\/div>\r\n<p>\r\n    <input type=\"submit\" class=\"sib-default-btn\" value=\"Zaregistrujte se nyn\u00ed\">\r\n<\/p>\t\t\t\t<\/div>\n\t\t\t<\/form>\n\t\t\t<style>\n\t\t\t\tform#sib_signup_form_5 { padding: 5px; -moz-box-sizing:border-box; -webkit-box-sizing: border-box; box-sizing: border-box; } form#sib_signup_form_5 input[type=text],form#sib_signup_form_5 input[type=email], form#sib_signup_form_5 select { width: 100%; border: 1px solid #bbb; height: auto; margin: 5px 0 0 0; } form#sib_signup_form_5 .sib-default-btn { margin: 5px 0; padding: 6px 12px; color:#fff; background-color: #333; border-color: #2E2E2E; font-size: 14px; font-weight:400; line-height: 1.4285; text-align: center; cursor: pointer; vertical-align: middle; -webkit-user-select:none; -moz-user-select:none; -ms-user-select:none; user-select:none; white-space: normal; border:1px solid transparent; border-radius: 3px; } form#sib_signup_form_5 .sib-default-btn:hover { background-color: #444; } form#sib_signup_form_5 p{ margin: 10px 0 0 0; }form#sib_signup_form_5 p.sib-alert-message {\n    padding: 6px 12px;\n    margin-bottom: 20px;\n    border: 1px solid transparent;\n    border-radius: 4px;\n    -webkit-box-sizing: border-box;\n    -moz-box-sizing: border-box;\n    box-sizing: border-box;\n}\nform#sib_signup_form_5 p.sib-alert-message-error {\n    background-color: #f2dede;\n    border-color: #ebccd1;\n    color: #a94442;\n}\nform#sib_signup_form_5 p.sib-alert-message-success {\n    background-color: #dff0d8;\n    border-color: #d6e9c6;\n    color: #3c763d;\n}\nform#sib_signup_form_5 p.sib-alert-message-warning {\n    background-color: #fcf8e3;\n    border-color: #faebcc;\n    color: #8a6d3b;\n}\n\t\t\t<\/style>\n\t\t\t<\/p>\n\t\t\t\t\t\t\t\t<\/div>\n\t\t\t\t<\/div>\n\t\t\t\t<\/div>\n\t\t\t\t\t<\/div>\n\t\t\t\t<\/div>\n\t\t\t\t<\/div>\n\t\t","protected":false},"excerpt":{"rendered":"<p>Weingut HIRTL &#8211; Newsletter Nenechte si uj\u00edt \u017e\u00e1dn\u00e9 novinky nebo akce od vina\u0159stv\u00ed HIRTL!<\/p>\n","protected":false},"author":1,"featured_media":0,"parent":0,"menu_order":0,"comment_status":"closed","ping_status":"closed","template":"","meta":{"_acf_changed":false,"footnotes":""},"class_list":["post-7560","page","type-page","status-publish","hentry"],"acf":[],"yoast_head":"<!-- This site is optimized with the Yoast SEO plugin v27.3 - https:\/\/yoast.com\/product\/yoast-seo-wordpress\/ -->\n<title>Newsletter-Anmeldung | Weingut Hirtl<\/title>\n<meta name=\"robots\" content=\"index, follow, max-snippet:-1, max-image-preview:large, max-video-preview:-1\" \/>\n<link rel=\"canonical\" href=\"https:\/\/www.weingut-hirtl.at\/cs\/newsletter-anmeldung\/\" \/>\n<meta property=\"og:locale\" content=\"cs_CZ\" \/>\n<meta property=\"og:type\" content=\"article\" \/>\n<meta property=\"og:title\" content=\"Newsletter-Anmeldung | Weingut Hirtl\" \/>\n<meta property=\"og:description\" content=\"Weingut HIRTL &#8211; Newsletter Nenechte si uj\u00edt \u017e\u00e1dn\u00e9 novinky nebo akce od vina\u0159stv\u00ed HIRTL!\" \/>\n<meta property=\"og:url\" content=\"https:\/\/www.weingut-hirtl.at\/cs\/newsletter-anmeldung\/\" \/>\n<meta property=\"og:site_name\" content=\"Weingut Hirtl\" \/>\n<meta property=\"article:publisher\" content=\"https:\/\/www.facebook.com\/Wein.Hirtl\" \/>\n<meta property=\"article:modified_time\" content=\"2025-01-18T17:28:35+00:00\" \/>\n<meta property=\"og:image\" content=\"https:\/\/www.weingut-hirtl.at\/www\/wp-content\/uploads\/2024\/03\/weingut-hirtl-poysdorf-weinviertel-1920-01.webp\" \/>\n\t<meta property=\"og:image:width\" content=\"1920\" \/>\n\t<meta property=\"og:image:height\" content=\"1334\" \/>\n\t<meta property=\"og:image:type\" content=\"image\/webp\" \/>\n<meta name=\"twitter:card\" content=\"summary_large_image\" \/>\n<script type=\"application\/ld+json\" class=\"yoast-schema-graph\">{\"@context\":\"https:\\\/\\\/schema.org\",\"@graph\":[{\"@type\":\"WebPage\",\"@id\":\"https:\\\/\\\/www.weingut-hirtl.at\\\/cs\\\/newsletter-anmeldung\\\/\",\"url\":\"https:\\\/\\\/www.weingut-hirtl.at\\\/cs\\\/newsletter-anmeldung\\\/\",\"name\":\"Newsletter-Anmeldung | Weingut Hirtl\",\"isPartOf\":{\"@id\":\"https:\\\/\\\/www.weingut-hirtl.at\\\/cs\\\/#website\"},\"primaryImageOfPage\":{\"@id\":\"https:\\\/\\\/www.weingut-hirtl.at\\\/cs\\\/newsletter-anmeldung\\\/#primaryimage\"},\"image\":{\"@id\":\"https:\\\/\\\/www.weingut-hirtl.at\\\/cs\\\/newsletter-anmeldung\\\/#primaryimage\"},\"thumbnailUrl\":\"https:\\\/\\\/www.weingut-hirtl.at\\\/www\\\/wp-content\\\/uploads\\\/2024\\\/03\\\/weingut-hirtl-poysdorf-weinviertel-1920-01-1024x711.webp\",\"datePublished\":\"2024-08-27T14:04:25+00:00\",\"dateModified\":\"2025-01-18T17:28:35+00:00\",\"breadcrumb\":{\"@id\":\"https:\\\/\\\/www.weingut-hirtl.at\\\/cs\\\/newsletter-anmeldung\\\/#breadcrumb\"},\"inLanguage\":\"cs\",\"potentialAction\":[{\"@type\":\"ReadAction\",\"target\":[\"https:\\\/\\\/www.weingut-hirtl.at\\\/cs\\\/newsletter-anmeldung\\\/\"]}]},{\"@type\":\"ImageObject\",\"inLanguage\":\"cs\",\"@id\":\"https:\\\/\\\/www.weingut-hirtl.at\\\/cs\\\/newsletter-anmeldung\\\/#primaryimage\",\"url\":\"https:\\\/\\\/www.weingut-hirtl.at\\\/www\\\/wp-content\\\/uploads\\\/2024\\\/03\\\/weingut-hirtl-poysdorf-weinviertel-1920-01-1024x711.webp\",\"contentUrl\":\"https:\\\/\\\/www.weingut-hirtl.at\\\/www\\\/wp-content\\\/uploads\\\/2024\\\/03\\\/weingut-hirtl-poysdorf-weinviertel-1920-01-1024x711.webp\"},{\"@type\":\"BreadcrumbList\",\"@id\":\"https:\\\/\\\/www.weingut-hirtl.at\\\/cs\\\/newsletter-anmeldung\\\/#breadcrumb\",\"itemListElement\":[{\"@type\":\"ListItem\",\"position\":1,\"name\":\"Startseite\",\"item\":\"https:\\\/\\\/www.weingut-hirtl.at\\\/cs\\\/\"},{\"@type\":\"ListItem\",\"position\":2,\"name\":\"Newsletter-Anmeldung\"}]},{\"@type\":\"WebSite\",\"@id\":\"https:\\\/\\\/www.weingut-hirtl.at\\\/cs\\\/#website\",\"url\":\"https:\\\/\\\/www.weingut-hirtl.at\\\/cs\\\/\",\"name\":\"Weingut Hirtl\",\"description\":\"\",\"publisher\":{\"@id\":\"https:\\\/\\\/www.weingut-hirtl.at\\\/cs\\\/#organization\"},\"potentialAction\":[{\"@type\":\"SearchAction\",\"target\":{\"@type\":\"EntryPoint\",\"urlTemplate\":\"https:\\\/\\\/www.weingut-hirtl.at\\\/cs\\\/?s={search_term_string}\"},\"query-input\":{\"@type\":\"PropertyValueSpecification\",\"valueRequired\":true,\"valueName\":\"search_term_string\"}}],\"inLanguage\":\"cs\"},{\"@type\":\"Organization\",\"@id\":\"https:\\\/\\\/www.weingut-hirtl.at\\\/cs\\\/#organization\",\"name\":\"Weingut Hirtl\",\"url\":\"https:\\\/\\\/www.weingut-hirtl.at\\\/cs\\\/\",\"logo\":{\"@type\":\"ImageObject\",\"inLanguage\":\"cs\",\"@id\":\"https:\\\/\\\/www.weingut-hirtl.at\\\/cs\\\/#\\\/schema\\\/logo\\\/image\\\/\",\"url\":\"https:\\\/\\\/www.weingut-hirtl.at\\\/www\\\/wp-content\\\/uploads\\\/2024\\\/04\\\/Hirtl_Logo-1024x819-1.jpg\",\"contentUrl\":\"https:\\\/\\\/www.weingut-hirtl.at\\\/www\\\/wp-content\\\/uploads\\\/2024\\\/04\\\/Hirtl_Logo-1024x819-1.jpg\",\"width\":1024,\"height\":819,\"caption\":\"Weingut Hirtl\"},\"image\":{\"@id\":\"https:\\\/\\\/www.weingut-hirtl.at\\\/cs\\\/#\\\/schema\\\/logo\\\/image\\\/\"},\"sameAs\":[\"https:\\\/\\\/www.facebook.com\\\/Wein.Hirtl\",\"https:\\\/\\\/www.instagram.com\\\/weingut_hirtl\\\/\"]}]}<\/script>\n<!-- \/ Yoast SEO plugin. -->","yoast_head_json":{"title":"Newsletter-Anmeldung | Weingut Hirtl","robots":{"index":"index","follow":"follow","max-snippet":"max-snippet:-1","max-image-preview":"max-image-preview:large","max-video-preview":"max-video-preview:-1"},"canonical":"https:\/\/www.weingut-hirtl.at\/cs\/newsletter-anmeldung\/","og_locale":"cs_CZ","og_type":"article","og_title":"Newsletter-Anmeldung | Weingut Hirtl","og_description":"Weingut HIRTL &#8211; Newsletter Nenechte si uj\u00edt \u017e\u00e1dn\u00e9 novinky nebo akce od vina\u0159stv\u00ed HIRTL!","og_url":"https:\/\/www.weingut-hirtl.at\/cs\/newsletter-anmeldung\/","og_site_name":"Weingut Hirtl","article_publisher":"https:\/\/www.facebook.com\/Wein.Hirtl","article_modified_time":"2025-01-18T17:28:35+00:00","og_image":[{"width":1920,"height":1334,"url":"https:\/\/www.weingut-hirtl.at\/www\/wp-content\/uploads\/2024\/03\/weingut-hirtl-poysdorf-weinviertel-1920-01.webp","type":"image\/webp"}],"twitter_card":"summary_large_image","schema":{"@context":"https:\/\/schema.org","@graph":[{"@type":"WebPage","@id":"https:\/\/www.weingut-hirtl.at\/cs\/newsletter-anmeldung\/","url":"https:\/\/www.weingut-hirtl.at\/cs\/newsletter-anmeldung\/","name":"Newsletter-Anmeldung | Weingut Hirtl","isPartOf":{"@id":"https:\/\/www.weingut-hirtl.at\/cs\/#website"},"primaryImageOfPage":{"@id":"https:\/\/www.weingut-hirtl.at\/cs\/newsletter-anmeldung\/#primaryimage"},"image":{"@id":"https:\/\/www.weingut-hirtl.at\/cs\/newsletter-anmeldung\/#primaryimage"},"thumbnailUrl":"https:\/\/www.weingut-hirtl.at\/www\/wp-content\/uploads\/2024\/03\/weingut-hirtl-poysdorf-weinviertel-1920-01-1024x711.webp","datePublished":"2024-08-27T14:04:25+00:00","dateModified":"2025-01-18T17:28:35+00:00","breadcrumb":{"@id":"https:\/\/www.weingut-hirtl.at\/cs\/newsletter-anmeldung\/#breadcrumb"},"inLanguage":"cs","potentialAction":[{"@type":"ReadAction","target":["https:\/\/www.weingut-hirtl.at\/cs\/newsletter-anmeldung\/"]}]},{"@type":"ImageObject","inLanguage":"cs","@id":"https:\/\/www.weingut-hirtl.at\/cs\/newsletter-anmeldung\/#primaryimage","url":"https:\/\/www.weingut-hirtl.at\/www\/wp-content\/uploads\/2024\/03\/weingut-hirtl-poysdorf-weinviertel-1920-01-1024x711.webp","contentUrl":"https:\/\/www.weingut-hirtl.at\/www\/wp-content\/uploads\/2024\/03\/weingut-hirtl-poysdorf-weinviertel-1920-01-1024x711.webp"},{"@type":"BreadcrumbList","@id":"https:\/\/www.weingut-hirtl.at\/cs\/newsletter-anmeldung\/#breadcrumb","itemListElement":[{"@type":"ListItem","position":1,"name":"Startseite","item":"https:\/\/www.weingut-hirtl.at\/cs\/"},{"@type":"ListItem","position":2,"name":"Newsletter-Anmeldung"}]},{"@type":"WebSite","@id":"https:\/\/www.weingut-hirtl.at\/cs\/#website","url":"https:\/\/www.weingut-hirtl.at\/cs\/","name":"Weingut Hirtl","description":"","publisher":{"@id":"https:\/\/www.weingut-hirtl.at\/cs\/#organization"},"potentialAction":[{"@type":"SearchAction","target":{"@type":"EntryPoint","urlTemplate":"https:\/\/www.weingut-hirtl.at\/cs\/?s={search_term_string}"},"query-input":{"@type":"PropertyValueSpecification","valueRequired":true,"valueName":"search_term_string"}}],"inLanguage":"cs"},{"@type":"Organization","@id":"https:\/\/www.weingut-hirtl.at\/cs\/#organization","name":"Weingut Hirtl","url":"https:\/\/www.weingut-hirtl.at\/cs\/","logo":{"@type":"ImageObject","inLanguage":"cs","@id":"https:\/\/www.weingut-hirtl.at\/cs\/#\/schema\/logo\/image\/","url":"https:\/\/www.weingut-hirtl.at\/www\/wp-content\/uploads\/2024\/04\/Hirtl_Logo-1024x819-1.jpg","contentUrl":"https:\/\/www.weingut-hirtl.at\/www\/wp-content\/uploads\/2024\/04\/Hirtl_Logo-1024x819-1.jpg","width":1024,"height":819,"caption":"Weingut Hirtl"},"image":{"@id":"https:\/\/www.weingut-hirtl.at\/cs\/#\/schema\/logo\/image\/"},"sameAs":["https:\/\/www.facebook.com\/Wein.Hirtl","https:\/\/www.instagram.com\/weingut_hirtl\/"]}]}},"_links":{"self":[{"href":"https:\/\/www.weingut-hirtl.at\/cs\/wp-json\/wp\/v2\/pages\/7560","targetHints":{"allow":["GET"]}}],"collection":[{"href":"https:\/\/www.weingut-hirtl.at\/cs\/wp-json\/wp\/v2\/pages"}],"about":[{"href":"https:\/\/www.weingut-hirtl.at\/cs\/wp-json\/wp\/v2\/types\/page"}],"author":[{"embeddable":true,"href":"https:\/\/www.weingut-hirtl.at\/cs\/wp-json\/wp\/v2\/users\/1"}],"replies":[{"embeddable":true,"href":"https:\/\/www.weingut-hirtl.at\/cs\/wp-json\/wp\/v2\/comments?post=7560"}],"version-history":[{"count":0,"href":"https:\/\/www.weingut-hirtl.at\/cs\/wp-json\/wp\/v2\/pages\/7560\/revisions"}],"wp:attachment":[{"href":"https:\/\/www.weingut-hirtl.at\/cs\/wp-json\/wp\/v2\/media?parent=7560"}],"curies":[{"name":"wp","href":"https:\/\/api.w.org\/{rel}","templated":true}]}}