{"id":7557,"date":"2023-12-24T11:38:29","date_gmt":"2023-12-24T10:38:29","guid":{"rendered":"https:\/\/www.weingut-hirtl.at\/versand-lieferung\/"},"modified":"2025-03-24T21:15:11","modified_gmt":"2025-03-24T20:15:11","slug":"versand-lieferung","status":"publish","type":"page","link":"https:\/\/www.weingut-hirtl.at\/cs\/versand-lieferung\/","title":{"rendered":"Versand &#038; Lieferung"},"content":{"rendered":"\t\t<div data-elementor-type=\"wp-page\" data-elementor-id=\"7557\" class=\"elementor elementor-7557 elementor-2107\" data-elementor-post-type=\"page\">\n\t\t\t\t<div class=\"elementor-element elementor-element-9f25edb e-flex e-con-boxed e-con e-parent\" data-id=\"9f25edb\" data-element_type=\"container\" data-e-type=\"container\" data-settings=\"{&quot;background_background&quot;:&quot;classic&quot;}\">\n\t\t\t\t\t<div class=\"e-con-inner\">\n\t\t<div class=\"elementor-element elementor-element-a0a42c7 e-con-full e-flex e-con e-child\" data-id=\"a0a42c7\" data-element_type=\"container\" data-e-type=\"container\">\n\t\t\t\t<\/div>\n\t\t<div class=\"elementor-element elementor-element-39d1d04 e-con-full e-flex e-con e-child\" data-id=\"39d1d04\" data-element_type=\"container\" data-e-type=\"container\">\n\t\t\t\t<div class=\"elementor-element elementor-element-17a56f2 elementor-widget elementor-widget-heading\" data-id=\"17a56f2\" data-element_type=\"widget\" data-e-type=\"widget\" data-widget_type=\"heading.default\">\n\t\t\t\t<div class=\"elementor-widget-container\">\n\t\t\t\t\t<p class=\"elementor-heading-title elementor-size-default\">Weingut Hirtl<\/p>\t\t\t\t<\/div>\n\t\t\t\t<\/div>\n\t\t\t\t<div class=\"elementor-element elementor-element-abc39f0 elementor-widget elementor-widget-heading\" data-id=\"abc39f0\" data-element_type=\"widget\" data-e-type=\"widget\" data-widget_type=\"heading.default\">\n\t\t\t\t<div class=\"elementor-widget-container\">\n\t\t\t\t\t<h1 class=\"elementor-heading-title elementor-size-default\">Doprava a doru\u010den\u00ed<\/h1>\t\t\t\t<\/div>\n\t\t\t\t<\/div>\n\t\t\t\t<\/div>\n\t\t<div class=\"elementor-element elementor-element-23c5e13 e-con-full e-flex e-con e-child\" data-id=\"23c5e13\" data-element_type=\"container\" data-e-type=\"container\">\n\t\t\t\t<div class=\"elementor-element elementor-element-550131b elementor-invisible elementor-widget elementor-widget-image\" data-id=\"550131b\" data-element_type=\"widget\" data-e-type=\"widget\" data-settings=\"{&quot;_animation&quot;:&quot;fadeIn&quot;}\" data-widget_type=\"image.default\">\n\t\t\t\t<div class=\"elementor-widget-container\">\n\t\t\t\t\t\t\t\t\t\t\t\t\t\t\t<img fetchpriority=\"high\" decoding=\"async\" width=\"372\" height=\"464\" src=\"https:\/\/www.weingut-hirtl.at\/www\/wp-content\/uploads\/2024\/03\/Zeichenflaeche-13halbe-Flasche.png\" class=\"attachment-medium_large size-medium_large wp-image-7948\" alt=\"\" srcset=\"https:\/\/www.weingut-hirtl.at\/www\/wp-content\/uploads\/2024\/03\/Zeichenflaeche-13halbe-Flasche.png 372w, https:\/\/www.weingut-hirtl.at\/www\/wp-content\/uploads\/2024\/03\/Zeichenflaeche-13halbe-Flasche-241x300.png 241w, https:\/\/www.weingut-hirtl.at\/www\/wp-content\/uploads\/2024\/03\/Zeichenflaeche-13halbe-Flasche-60x75.png 60w, https:\/\/www.weingut-hirtl.at\/www\/wp-content\/uploads\/2024\/03\/Zeichenflaeche-13halbe-Flasche-110x137.png 110w\" sizes=\"(max-width: 372px) 100vw, 372px\" \/>\t\t\t\t\t\t\t\t\t\t\t\t\t\t\t<\/div>\n\t\t\t\t<\/div>\n\t\t\t\t<\/div>\n\t\t\t\t\t<\/div>\n\t\t\t\t<\/div>\n\t\t<div class=\"elementor-element elementor-element-20796afc e-flex e-con-boxed e-con e-parent\" data-id=\"20796afc\" data-element_type=\"container\" data-e-type=\"container\">\n\t\t\t\t\t<div class=\"e-con-inner\">\n\t\t\t\t<div class=\"elementor-element elementor-element-32049d64 elementor-widget elementor-widget-text-editor\" data-id=\"32049d64\" data-element_type=\"widget\" data-e-type=\"widget\" data-widget_type=\"text-editor.default\">\n\t\t\t\t<div class=\"elementor-widget-container\">\n\t\t\t\t\t\t\t\t\t<p>Doprava a doru\u010den\u00ed<br \/>\nU objedn\u00e1vek v hodnot\u011b 70 \u20ac nebo v\u00edce zas\u00edl\u00e1me v r\u00e1mci Rakouska a v r\u00e1mci N\u011bmecka pro objedn\u00e1vky v hodnot\u011b 110 \u20ac nebo v\u00edce zdarma.<\/p>\n<p>Ceny uveden\u00e9 na produktov\u00fdch str\u00e1nk\u00e1ch jsou v\u010detn\u011b DPH a dal\u0161\u00edch cenov\u00fdch slo\u017eek.<\/p>\n<p>N\u00e1klady na dopravu v\u00e1m budou jasn\u011b sd\u011bleny v syst\u00e9mu n\u00e1kupn\u00edho ko\u0161\u00edku a na str\u00e1nce objedn\u00e1vky.<\/p>\n<p>Cena dopravy je v\u010detn\u011b DPH. Vzhledem k tomu, \u017ee DPH z p\u0159epravn\u00e9ho se vypo\u010d\u00edt\u00e1v\u00e1 v z\u00e1vislosti na zakoupen\u00e9m zbo\u017e\u00ed, m\u016f\u017ee b\u00fdt sn\u00ed\u017eena, pokud je zbo\u017e\u00ed zakoupeno za ni\u017e\u0161\u00ed sazby DPH (nap\u0159. p\u0159i n\u00e1kupu knih). To znamen\u00e1, \u017ee poplatek za dopravu m\u016f\u017ee b\u00fdt definitivn\u011b vypo\u010d\u00edt\u00e1n a\u017e b\u011bhem procesu objedn\u00e1vky. Nem\u016f\u017ee se v\u0161ak st\u00e1t vy\u0161\u0161\u00ed, ale pouze ni\u017e\u0161\u00ed ve v\u00e1\u0161 prosp\u011bch.<\/p>\n\t\t\t\t\t\t\t\t<\/div>\n\t\t\t\t<\/div>\n\t\t\t\t\t<\/div>\n\t\t\t\t<\/div>\n\t\t\t\t<\/div>\n\t\t","protected":false},"excerpt":{"rendered":"<p>Weingut Hirtl Doprava a doru\u010den\u00ed Doprava a doru\u010den\u00ed U objedn\u00e1vek v hodnot\u011b 70 \u20ac nebo v\u00edce zas\u00edl\u00e1me v r\u00e1mci Rakouska a v r\u00e1mci N\u011bmecka pro objedn\u00e1vky v hodnot\u011b 110 \u20ac nebo v\u00edce zdarma. Ceny uveden\u00e9 na produktov\u00fdch str\u00e1nk\u00e1ch jsou v\u010detn\u011b DPH a dal\u0161\u00edch cenov\u00fdch slo\u017eek. N\u00e1klady na dopravu v\u00e1m budou jasn\u011b sd\u011bleny v syst\u00e9mu n\u00e1kupn\u00edho [&hellip;]<\/p>\n","protected":false},"author":1,"featured_media":0,"parent":0,"menu_order":0,"comment_status":"closed","ping_status":"closed","template":"elementor_header_footer","meta":{"_acf_changed":false,"footnotes":""},"class_list":["post-7557","page","type-page","status-publish","hentry"],"acf":[],"yoast_head":"<!-- This site is optimized with the Yoast SEO plugin v27.3 - https:\/\/yoast.com\/product\/yoast-seo-wordpress\/ -->\n<title>Versand &amp; Lieferung | Weingut Hirtl<\/title>\n<meta name=\"robots\" content=\"noindex, follow\" \/>\n<meta property=\"og:locale\" content=\"cs_CZ\" \/>\n<meta property=\"og:type\" content=\"article\" \/>\n<meta property=\"og:title\" content=\"Versand &amp; Lieferung | Weingut Hirtl\" \/>\n<meta property=\"og:description\" content=\"Weingut Hirtl Doprava a doru\u010den\u00ed Doprava a doru\u010den\u00ed U objedn\u00e1vek v hodnot\u011b 70 \u20ac nebo v\u00edce zas\u00edl\u00e1me v r\u00e1mci Rakouska a v r\u00e1mci N\u011bmecka pro objedn\u00e1vky v hodnot\u011b 110 \u20ac nebo v\u00edce zdarma. Ceny uveden\u00e9 na produktov\u00fdch str\u00e1nk\u00e1ch jsou v\u010detn\u011b DPH a dal\u0161\u00edch cenov\u00fdch slo\u017eek. N\u00e1klady na dopravu v\u00e1m budou jasn\u011b sd\u011bleny v syst\u00e9mu n\u00e1kupn\u00edho [&hellip;]\" \/>\n<meta property=\"og:url\" content=\"https:\/\/www.weingut-hirtl.at\/cs\/versand-lieferung\/\" \/>\n<meta property=\"og:site_name\" content=\"Weingut Hirtl\" \/>\n<meta property=\"article:publisher\" content=\"https:\/\/www.facebook.com\/Wein.Hirtl\" \/>\n<meta property=\"article:modified_time\" content=\"2025-03-24T20:15:11+00:00\" \/>\n<meta property=\"og:image\" content=\"https:\/\/www.weingut-hirtl.at\/www\/wp-content\/uploads\/2024\/03\/Zeichenflaeche-13halbe-Flasche.png\" \/>\n\t<meta property=\"og:image:width\" content=\"372\" \/>\n\t<meta property=\"og:image:height\" content=\"464\" \/>\n\t<meta property=\"og:image:type\" content=\"image\/png\" \/>\n<meta name=\"twitter:card\" content=\"summary_large_image\" \/>\n<meta name=\"twitter:label1\" content=\"Odhadovan\u00e1 doba \u010dten\u00ed\" \/>\n\t<meta name=\"twitter:data1\" content=\"1 minuta\" \/>\n<script type=\"application\/ld+json\" class=\"yoast-schema-graph\">{\"@context\":\"https:\\\/\\\/schema.org\",\"@graph\":[{\"@type\":\"WebPage\",\"@id\":\"https:\\\/\\\/www.weingut-hirtl.at\\\/cs\\\/versand-lieferung\\\/\",\"url\":\"https:\\\/\\\/www.weingut-hirtl.at\\\/cs\\\/versand-lieferung\\\/\",\"name\":\"Versand & Lieferung | Weingut Hirtl\",\"isPartOf\":{\"@id\":\"https:\\\/\\\/www.weingut-hirtl.at\\\/cs\\\/#website\"},\"primaryImageOfPage\":{\"@id\":\"https:\\\/\\\/www.weingut-hirtl.at\\\/cs\\\/versand-lieferung\\\/#primaryimage\"},\"image\":{\"@id\":\"https:\\\/\\\/www.weingut-hirtl.at\\\/cs\\\/versand-lieferung\\\/#primaryimage\"},\"thumbnailUrl\":\"https:\\\/\\\/www.weingut-hirtl.at\\\/www\\\/wp-content\\\/uploads\\\/2024\\\/03\\\/Zeichenflaeche-13halbe-Flasche.png\",\"datePublished\":\"2023-12-24T10:38:29+00:00\",\"dateModified\":\"2025-03-24T20:15:11+00:00\",\"breadcrumb\":{\"@id\":\"https:\\\/\\\/www.weingut-hirtl.at\\\/cs\\\/versand-lieferung\\\/#breadcrumb\"},\"inLanguage\":\"cs\",\"potentialAction\":[{\"@type\":\"ReadAction\",\"target\":[\"https:\\\/\\\/www.weingut-hirtl.at\\\/cs\\\/versand-lieferung\\\/\"]}]},{\"@type\":\"ImageObject\",\"inLanguage\":\"cs\",\"@id\":\"https:\\\/\\\/www.weingut-hirtl.at\\\/cs\\\/versand-lieferung\\\/#primaryimage\",\"url\":\"https:\\\/\\\/www.weingut-hirtl.at\\\/www\\\/wp-content\\\/uploads\\\/2024\\\/03\\\/Zeichenflaeche-13halbe-Flasche.png\",\"contentUrl\":\"https:\\\/\\\/www.weingut-hirtl.at\\\/www\\\/wp-content\\\/uploads\\\/2024\\\/03\\\/Zeichenflaeche-13halbe-Flasche.png\"},{\"@type\":\"BreadcrumbList\",\"@id\":\"https:\\\/\\\/www.weingut-hirtl.at\\\/cs\\\/versand-lieferung\\\/#breadcrumb\",\"itemListElement\":[{\"@type\":\"ListItem\",\"position\":1,\"name\":\"Startseite\",\"item\":\"https:\\\/\\\/www.weingut-hirtl.at\\\/cs\\\/\"},{\"@type\":\"ListItem\",\"position\":2,\"name\":\"Versand &#038; Lieferung\"}]},{\"@type\":\"WebSite\",\"@id\":\"https:\\\/\\\/www.weingut-hirtl.at\\\/cs\\\/#website\",\"url\":\"https:\\\/\\\/www.weingut-hirtl.at\\\/cs\\\/\",\"name\":\"Weingut Hirtl\",\"description\":\"\",\"publisher\":{\"@id\":\"https:\\\/\\\/www.weingut-hirtl.at\\\/cs\\\/#organization\"},\"potentialAction\":[{\"@type\":\"SearchAction\",\"target\":{\"@type\":\"EntryPoint\",\"urlTemplate\":\"https:\\\/\\\/www.weingut-hirtl.at\\\/cs\\\/?s={search_term_string}\"},\"query-input\":{\"@type\":\"PropertyValueSpecification\",\"valueRequired\":true,\"valueName\":\"search_term_string\"}}],\"inLanguage\":\"cs\"},{\"@type\":\"Organization\",\"@id\":\"https:\\\/\\\/www.weingut-hirtl.at\\\/cs\\\/#organization\",\"name\":\"Weingut Hirtl\",\"url\":\"https:\\\/\\\/www.weingut-hirtl.at\\\/cs\\\/\",\"logo\":{\"@type\":\"ImageObject\",\"inLanguage\":\"cs\",\"@id\":\"https:\\\/\\\/www.weingut-hirtl.at\\\/cs\\\/#\\\/schema\\\/logo\\\/image\\\/\",\"url\":\"https:\\\/\\\/www.weingut-hirtl.at\\\/www\\\/wp-content\\\/uploads\\\/2024\\\/04\\\/Hirtl_Logo-1024x819-1.jpg\",\"contentUrl\":\"https:\\\/\\\/www.weingut-hirtl.at\\\/www\\\/wp-content\\\/uploads\\\/2024\\\/04\\\/Hirtl_Logo-1024x819-1.jpg\",\"width\":1024,\"height\":819,\"caption\":\"Weingut Hirtl\"},\"image\":{\"@id\":\"https:\\\/\\\/www.weingut-hirtl.at\\\/cs\\\/#\\\/schema\\\/logo\\\/image\\\/\"},\"sameAs\":[\"https:\\\/\\\/www.facebook.com\\\/Wein.Hirtl\",\"https:\\\/\\\/www.instagram.com\\\/weingut_hirtl\\\/\"]}]}<\/script>\n<!-- \/ Yoast SEO plugin. -->","yoast_head_json":{"title":"Versand & Lieferung | Weingut Hirtl","robots":{"index":"noindex","follow":"follow"},"og_locale":"cs_CZ","og_type":"article","og_title":"Versand & Lieferung | Weingut Hirtl","og_description":"Weingut Hirtl Doprava a doru\u010den\u00ed Doprava a doru\u010den\u00ed U objedn\u00e1vek v hodnot\u011b 70 \u20ac nebo v\u00edce zas\u00edl\u00e1me v r\u00e1mci Rakouska a v r\u00e1mci N\u011bmecka pro objedn\u00e1vky v hodnot\u011b 110 \u20ac nebo v\u00edce zdarma. Ceny uveden\u00e9 na produktov\u00fdch str\u00e1nk\u00e1ch jsou v\u010detn\u011b DPH a dal\u0161\u00edch cenov\u00fdch slo\u017eek. N\u00e1klady na dopravu v\u00e1m budou jasn\u011b sd\u011bleny v syst\u00e9mu n\u00e1kupn\u00edho [&hellip;]","og_url":"https:\/\/www.weingut-hirtl.at\/cs\/versand-lieferung\/","og_site_name":"Weingut Hirtl","article_publisher":"https:\/\/www.facebook.com\/Wein.Hirtl","article_modified_time":"2025-03-24T20:15:11+00:00","og_image":[{"width":372,"height":464,"url":"https:\/\/www.weingut-hirtl.at\/www\/wp-content\/uploads\/2024\/03\/Zeichenflaeche-13halbe-Flasche.png","type":"image\/png"}],"twitter_card":"summary_large_image","twitter_misc":{"Odhadovan\u00e1 doba \u010dten\u00ed":"1 minuta"},"schema":{"@context":"https:\/\/schema.org","@graph":[{"@type":"WebPage","@id":"https:\/\/www.weingut-hirtl.at\/cs\/versand-lieferung\/","url":"https:\/\/www.weingut-hirtl.at\/cs\/versand-lieferung\/","name":"Versand & Lieferung | Weingut Hirtl","isPartOf":{"@id":"https:\/\/www.weingut-hirtl.at\/cs\/#website"},"primaryImageOfPage":{"@id":"https:\/\/www.weingut-hirtl.at\/cs\/versand-lieferung\/#primaryimage"},"image":{"@id":"https:\/\/www.weingut-hirtl.at\/cs\/versand-lieferung\/#primaryimage"},"thumbnailUrl":"https:\/\/www.weingut-hirtl.at\/www\/wp-content\/uploads\/2024\/03\/Zeichenflaeche-13halbe-Flasche.png","datePublished":"2023-12-24T10:38:29+00:00","dateModified":"2025-03-24T20:15:11+00:00","breadcrumb":{"@id":"https:\/\/www.weingut-hirtl.at\/cs\/versand-lieferung\/#breadcrumb"},"inLanguage":"cs","potentialAction":[{"@type":"ReadAction","target":["https:\/\/www.weingut-hirtl.at\/cs\/versand-lieferung\/"]}]},{"@type":"ImageObject","inLanguage":"cs","@id":"https:\/\/www.weingut-hirtl.at\/cs\/versand-lieferung\/#primaryimage","url":"https:\/\/www.weingut-hirtl.at\/www\/wp-content\/uploads\/2024\/03\/Zeichenflaeche-13halbe-Flasche.png","contentUrl":"https:\/\/www.weingut-hirtl.at\/www\/wp-content\/uploads\/2024\/03\/Zeichenflaeche-13halbe-Flasche.png"},{"@type":"BreadcrumbList","@id":"https:\/\/www.weingut-hirtl.at\/cs\/versand-lieferung\/#breadcrumb","itemListElement":[{"@type":"ListItem","position":1,"name":"Startseite","item":"https:\/\/www.weingut-hirtl.at\/cs\/"},{"@type":"ListItem","position":2,"name":"Versand &#038; Lieferung"}]},{"@type":"WebSite","@id":"https:\/\/www.weingut-hirtl.at\/cs\/#website","url":"https:\/\/www.weingut-hirtl.at\/cs\/","name":"Weingut Hirtl","description":"","publisher":{"@id":"https:\/\/www.weingut-hirtl.at\/cs\/#organization"},"potentialAction":[{"@type":"SearchAction","target":{"@type":"EntryPoint","urlTemplate":"https:\/\/www.weingut-hirtl.at\/cs\/?s={search_term_string}"},"query-input":{"@type":"PropertyValueSpecification","valueRequired":true,"valueName":"search_term_string"}}],"inLanguage":"cs"},{"@type":"Organization","@id":"https:\/\/www.weingut-hirtl.at\/cs\/#organization","name":"Weingut Hirtl","url":"https:\/\/www.weingut-hirtl.at\/cs\/","logo":{"@type":"ImageObject","inLanguage":"cs","@id":"https:\/\/www.weingut-hirtl.at\/cs\/#\/schema\/logo\/image\/","url":"https:\/\/www.weingut-hirtl.at\/www\/wp-content\/uploads\/2024\/04\/Hirtl_Logo-1024x819-1.jpg","contentUrl":"https:\/\/www.weingut-hirtl.at\/www\/wp-content\/uploads\/2024\/04\/Hirtl_Logo-1024x819-1.jpg","width":1024,"height":819,"caption":"Weingut Hirtl"},"image":{"@id":"https:\/\/www.weingut-hirtl.at\/cs\/#\/schema\/logo\/image\/"},"sameAs":["https:\/\/www.facebook.com\/Wein.Hirtl","https:\/\/www.instagram.com\/weingut_hirtl\/"]}]}},"_links":{"self":[{"href":"https:\/\/www.weingut-hirtl.at\/cs\/wp-json\/wp\/v2\/pages\/7557","targetHints":{"allow":["GET"]}}],"collection":[{"href":"https:\/\/www.weingut-hirtl.at\/cs\/wp-json\/wp\/v2\/pages"}],"about":[{"href":"https:\/\/www.weingut-hirtl.at\/cs\/wp-json\/wp\/v2\/types\/page"}],"author":[{"embeddable":true,"href":"https:\/\/www.weingut-hirtl.at\/cs\/wp-json\/wp\/v2\/users\/1"}],"replies":[{"embeddable":true,"href":"https:\/\/www.weingut-hirtl.at\/cs\/wp-json\/wp\/v2\/comments?post=7557"}],"version-history":[{"count":0,"href":"https:\/\/www.weingut-hirtl.at\/cs\/wp-json\/wp\/v2\/pages\/7557\/revisions"}],"wp:attachment":[{"href":"https:\/\/www.weingut-hirtl.at\/cs\/wp-json\/wp\/v2\/media?parent=7557"}],"curies":[{"name":"wp","href":"https:\/\/api.w.org\/{rel}","templated":true}]}}