{"id":7553,"date":"2024-03-06T17:00:41","date_gmt":"2024-03-06T16:00:41","guid":{"rendered":"https:\/\/www.weingut-hirtl.at\/kontakt-cz\/"},"modified":"2025-03-28T17:58:51","modified_gmt":"2025-03-28T16:58:51","slug":"kontakt","status":"publish","type":"page","link":"https:\/\/www.weingut-hirtl.at\/cs\/kontakt\/","title":{"rendered":"Kontakt"},"content":{"rendered":"\t\t<div data-elementor-type=\"wp-page\" data-elementor-id=\"7553\" class=\"elementor elementor-7553 elementor-3862\" data-elementor-post-type=\"page\">\n\t\t\t\t<div class=\"elementor-element elementor-element-9e9ded6 e-flex e-con-boxed e-con e-parent\" data-id=\"9e9ded6\" data-element_type=\"container\" data-e-type=\"container\" data-settings=\"{&quot;background_background&quot;:&quot;classic&quot;}\">\n\t\t\t\t\t<div class=\"e-con-inner\">\n\t\t<div class=\"elementor-element elementor-element-46df424 e-con-full e-flex e-con e-child\" data-id=\"46df424\" data-element_type=\"container\" data-e-type=\"container\">\n\t\t\t\t<\/div>\n\t\t<div class=\"elementor-element elementor-element-a4d158b e-con-full e-flex e-con e-child\" data-id=\"a4d158b\" data-element_type=\"container\" data-e-type=\"container\">\n\t\t\t\t<div class=\"elementor-element elementor-element-9389934 elementor-widget elementor-widget-heading\" data-id=\"9389934\" data-element_type=\"widget\" data-e-type=\"widget\" data-widget_type=\"heading.default\">\n\t\t\t\t<div class=\"elementor-widget-container\">\n\t\t\t\t\t<p class=\"elementor-heading-title elementor-size-default\">Seznamte se s n\u00e1mi<\/p>\t\t\t\t<\/div>\n\t\t\t\t<\/div>\n\t\t\t\t<div class=\"elementor-element elementor-element-c669d3e elementor-widget elementor-widget-heading\" data-id=\"c669d3e\" data-element_type=\"widget\" data-e-type=\"widget\" data-widget_type=\"heading.default\">\n\t\t\t\t<div class=\"elementor-widget-container\">\n\t\t\t\t\t<h1 class=\"elementor-heading-title elementor-size-default\">OSOBN\u011a NEBO P\u0158ES KONTAKTN\u00cd FORMUL\u00c1\u0158<\/h1>\t\t\t\t<\/div>\n\t\t\t\t<\/div>\n\t\t\t\t<div class=\"elementor-element elementor-element-4d346e3 elementor-widget__width-initial elementor-widget elementor-widget-text-editor\" data-id=\"4d346e3\" data-element_type=\"widget\" data-e-type=\"widget\" data-widget_type=\"text-editor.default\">\n\t\t\t\t<div class=\"elementor-widget-container\">\n\t\t\t\t\t\t\t\t\t<p>P\u0159esv\u011bd\u010dte se sami o kvalit\u011b na\u0161ich v\u00edn a u\u017eijte si rozmanitost na\u0161eho sortimentu!<\/p>\n<p>Nav\u0161tivte rakousk\u00e9 vina\u0159sk\u00e9 m\u011bsto Poysdorf v srdci Veltl\u00ednsk\u00e9ho regionu a ochutnejte na\u0161e v\u00edna, bude to pro v\u00e1s nezapomenuteln\u00fd z\u00e1\u017eitek o kulturn\u00edm bohatstv\u00ed v\u00edna!<\/p>\n<p>Klikn\u011bte zde a st\u00e1hn\u011bte si n\u00e1\u0161 aktu\u00e1ln\u00ed seznam sortimentu<\/p>\n\t\t\t\t\t\t\t\t<\/div>\n\t\t\t\t<\/div>\n\t\t\t\t<div class=\"elementor-element elementor-element-745229f elementor-align-center elementor-widget elementor-widget-global elementor-global-7493 elementor-global-5916 elementor-widget-button\" data-id=\"745229f\" data-element_type=\"widget\" data-e-type=\"widget\" data-widget_type=\"button.default\">\n\t\t\t\t<div class=\"elementor-widget-container\">\n\t\t\t\t\t\t\t\t\t<div class=\"elementor-button-wrapper\">\n\t\t\t\t\t<a class=\"elementor-button elementor-button-link elementor-size-md\" href=\"https:\/\/www.weingut-hirtl.at\/www\/wp-content\/uploads\/2024\/04\/Sortimentsliste.pdf\" download=\"\">\n\t\t\t\t\t\t<span class=\"elementor-button-content-wrapper\">\n\t\t\t\t\t\t\t\t\t<span class=\"elementor-button-text\">seznam sortimentu (PDF)<\/span>\n\t\t\t\t\t<\/span>\n\t\t\t\t\t<\/a>\n\t\t\t\t<\/div>\n\t\t\t\t\t\t\t\t<\/div>\n\t\t\t\t<\/div>\n\t\t\t\t<\/div>\n\t\t<div class=\"elementor-element elementor-element-c40253f e-con-full e-flex e-con e-child\" data-id=\"c40253f\" data-element_type=\"container\" data-e-type=\"container\">\n\t\t\t\t<div class=\"elementor-element elementor-element-bc4bb61 elementor-invisible elementor-widget elementor-widget-image\" data-id=\"bc4bb61\" data-element_type=\"widget\" data-e-type=\"widget\" data-settings=\"{&quot;_animation&quot;:&quot;fadeIn&quot;}\" data-widget_type=\"image.default\">\n\t\t\t\t<div class=\"elementor-widget-container\">\n\t\t\t\t\t\t\t\t\t\t\t\t\t\t\t<img fetchpriority=\"high\" decoding=\"async\" width=\"372\" height=\"464\" src=\"https:\/\/www.weingut-hirtl.at\/www\/wp-content\/uploads\/2024\/03\/Zeichenflaeche-13halbe-Flasche.png\" class=\"attachment-medium_large size-medium_large wp-image-7948\" alt=\"\" srcset=\"https:\/\/www.weingut-hirtl.at\/www\/wp-content\/uploads\/2024\/03\/Zeichenflaeche-13halbe-Flasche.png 372w, https:\/\/www.weingut-hirtl.at\/www\/wp-content\/uploads\/2024\/03\/Zeichenflaeche-13halbe-Flasche-241x300.png 241w, https:\/\/www.weingut-hirtl.at\/www\/wp-content\/uploads\/2024\/03\/Zeichenflaeche-13halbe-Flasche-60x75.png 60w, https:\/\/www.weingut-hirtl.at\/www\/wp-content\/uploads\/2024\/03\/Zeichenflaeche-13halbe-Flasche-110x137.png 110w\" sizes=\"(max-width: 372px) 100vw, 372px\" \/>\t\t\t\t\t\t\t\t\t\t\t\t\t\t\t<\/div>\n\t\t\t\t<\/div>\n\t\t\t\t<\/div>\n\t\t\t\t\t<\/div>\n\t\t\t\t<\/div>\n\t\t\t\t<section class=\"elementor-section elementor-top-section elementor-element elementor-element-e6f31b2 elementor-section-boxed elementor-section-height-default elementor-section-height-default\" data-id=\"e6f31b2\" data-element_type=\"section\" data-e-type=\"section\" data-settings=\"{&quot;background_background&quot;:&quot;classic&quot;}\">\n\t\t\t\t\t\t<div class=\"elementor-container elementor-column-gap-default\">\n\t\t\t\t\t<div class=\"elementor-column elementor-col-50 elementor-top-column elementor-element elementor-element-bb8d96f\" data-id=\"bb8d96f\" data-element_type=\"column\" data-e-type=\"column\">\n\t\t\t<div class=\"elementor-widget-wrap elementor-element-populated\">\n\t\t\t\t\t\t<div class=\"elementor-element elementor-element-fc1ddd9 elementor-widget__width-initial elementor-widget elementor-widget-heading\" data-id=\"fc1ddd9\" data-element_type=\"widget\" data-e-type=\"widget\" data-widget_type=\"heading.default\">\n\t\t\t\t<div class=\"elementor-widget-container\">\n\t\t\t\t\t<h2 class=\"elementor-heading-title elementor-size-default\">kontaktn\u00ed formul\u00e1\u0159<\/h2>\t\t\t\t<\/div>\n\t\t\t\t<\/div>\n\t\t\t\t<div class=\"elementor-element elementor-element-78ced09 elementor-button-align-start elementor-widget__width-initial elementor-mobile-button-align-center elementor-widget elementor-widget-form\" data-id=\"78ced09\" data-element_type=\"widget\" data-e-type=\"widget\" data-settings=\"{&quot;step_next_label&quot;:&quot;dal\\u0161\\u00ed&quot;,&quot;step_previous_label&quot;:&quot;P\\u0159edchoz\\u00ed&quot;,&quot;step_type&quot;:&quot;none&quot;,&quot;step_icon_shape&quot;:&quot;none&quot;,&quot;button_width&quot;:&quot;100&quot;}\" data-widget_type=\"form.default\">\n\t\t\t\t<div class=\"elementor-widget-container\">\n\t\t\t\t\t\t\t<form class=\"elementor-form\" method=\"post\" name=\"Nov\u00e1 forma\" aria-label=\"Nov\u00e1 forma\">\n\t\t\t<input type=\"hidden\" name=\"post_id\" value=\"7553\"\/>\n\t\t\t<input type=\"hidden\" name=\"form_id\" value=\"78ced09\"\/>\n\t\t\t<input type=\"hidden\" name=\"referer_title\" value=\"Kontakt | Weingut Hirtl\" \/>\n\n\t\t\t\t\t\t\t<input type=\"hidden\" name=\"queried_id\" value=\"7553\"\/>\n\t\t\t\n\t\t\t<div class=\"elementor-form-fields-wrapper elementor-labels-\">\n\t\t\t\t\t\t\t\t<div class=\"elementor-field-type-text elementor-field-group elementor-column elementor-field-group-name elementor-col-100 elementor-field-required\">\n\t\t\t\t\t\t\t\t\t\t\t\t<label for=\"form-field-name\" class=\"elementor-field-label elementor-screen-only\">\n\t\t\t\t\t\t\t\tJm\u00e9no\t\t\t\t\t\t\t<\/label>\n\t\t\t\t\t\t\t\t\t\t\t\t\t\t<input size=\"1\" type=\"text\" name=\"form_fields[name]\" id=\"form-field-name\" class=\"elementor-field elementor-size-md  elementor-field-textual\" placeholder=\"Jm\u00e9no\" required=\"required\">\n\t\t\t\t\t\t\t\t\t\t\t<\/div>\n\t\t\t\t\t\t\t\t<div class=\"elementor-field-type-email elementor-field-group elementor-column elementor-field-group-email elementor-col-100 elementor-field-required\">\n\t\t\t\t\t\t\t\t\t\t\t\t<label for=\"form-field-email\" class=\"elementor-field-label elementor-screen-only\">\n\t\t\t\t\t\t\t\tE-Mail\t\t\t\t\t\t\t<\/label>\n\t\t\t\t\t\t\t\t\t\t\t\t\t\t<input size=\"1\" type=\"email\" name=\"form_fields[email]\" id=\"form-field-email\" class=\"elementor-field elementor-size-md  elementor-field-textual\" placeholder=\"E-Mail\" required=\"required\">\n\t\t\t\t\t\t\t\t\t\t\t<\/div>\n\t\t\t\t\t\t\t\t<div class=\"elementor-field-type-textarea elementor-field-group elementor-column elementor-field-group-message elementor-col-100\">\n\t\t\t\t\t\t\t\t\t\t\t\t<label for=\"form-field-message\" class=\"elementor-field-label elementor-screen-only\">\n\t\t\t\t\t\t\t\tZpr\u00e1vy\t\t\t\t\t\t\t<\/label>\n\t\t\t\t\t\t<textarea class=\"elementor-field-textual elementor-field  elementor-size-md\" name=\"form_fields[message]\" id=\"form-field-message\" rows=\"4\" placeholder=\"Zpr\u00e1vy\"><\/textarea>\t\t\t\t<\/div>\n\t\t\t\t\t\t\t\t<div class=\"elementor-field-type-acceptance elementor-field-group elementor-column elementor-field-group-field_95de99e elementor-col-100 elementor-field-required\">\n\t\t\t\t\t\t\t<div class=\"elementor-field-subgroup\">\n\t\t\t<span class=\"elementor-field-option\">\n\t\t\t\t<input type=\"checkbox\" name=\"form_fields[field_95de99e]\" id=\"form-field-field_95de99e\" class=\"elementor-field elementor-size-md  elementor-acceptance-field\" required=\"required\">\n\t\t\t\t<label for=\"form-field-field_95de99e\">Ano, souhlas\u00edm s t\u00edm, \u017ee m\u00e9 \u00fadaje budou pou\u017eity a ulo\u017eeny ke zpracov\u00e1n\u00ed m\u00e9 \u017e\u00e1dosti. Dal\u0161\u00ed informace naleznete v na\u0161ich <a href=\"https:\/\/www.weingut-hirtl.at\/cs\/ochrana-dat\/\">Z\u00e1sad\u00e1ch ochrany osobn\u00edch \u00fadaj\u016f<\/a>.<\/label>\t\t\t<\/span>\n\t\t<\/div>\n\t\t\t\t\t\t<\/div>\n\t\t\t\t\t\t\t\t<div class=\"elementor-field-type-recaptcha_v3 elementor-field-group elementor-column elementor-field-group-field_27b4f2b elementor-col-100 recaptcha_v3-bottomleft\">\n\t\t\t\t\t<div class=\"elementor-field\" id=\"form-field-field_27b4f2b\"><div class=\"elementor-g-recaptcha\" data-sitekey=\"6LduhkMpAAAAAAHj1AzMH_9eNu4ZRWyRSvXTOIav\" data-type=\"v3\" data-action=\"Form\" data-badge=\"bottomleft\" data-size=\"invisible\"><\/div><\/div>\t\t\t\t<\/div>\n\t\t\t\t\t\t\t\t<div class=\"elementor-field-group elementor-column elementor-field-type-submit elementor-col-100 e-form__buttons\">\n\t\t\t\t\t<button class=\"elementor-button elementor-size-sm\" type=\"submit\">\n\t\t\t\t\t\t<span class=\"elementor-button-content-wrapper\">\n\t\t\t\t\t\t\t\t\t\t\t\t\t\t\t\t\t\t\t\t\t\t<span class=\"elementor-button-text\">Poslat<\/span>\n\t\t\t\t\t\t\t\t\t\t\t\t\t<\/span>\n\t\t\t\t\t<\/button>\n\t\t\t\t<\/div>\n\t\t\t<\/div>\n\t\t<\/form>\n\t\t\t\t\t\t<\/div>\n\t\t\t\t<\/div>\n\t\t\t\t\t<\/div>\n\t\t<\/div>\n\t\t\t\t<div class=\"elementor-column elementor-col-50 elementor-top-column elementor-element elementor-element-c2168f0\" data-id=\"c2168f0\" data-element_type=\"column\" data-e-type=\"column\">\n\t\t\t<div class=\"elementor-widget-wrap elementor-element-populated\">\n\t\t\t\t\t\t<div class=\"elementor-element elementor-element-5851557 elementor-widget elementor-widget-heading\" data-id=\"5851557\" data-element_type=\"widget\" data-e-type=\"widget\" data-widget_type=\"heading.default\">\n\t\t\t\t<div class=\"elementor-widget-container\">\n\t\t\t\t\t<h1 class=\"elementor-heading-title elementor-size-default\">Weingut HIRTL<\/h1>\t\t\t\t<\/div>\n\t\t\t\t<\/div>\n\t\t\t\t<div class=\"elementor-element elementor-element-a5ec0c7 elementor-widget elementor-widget-text-editor\" data-id=\"a5ec0c7\" data-element_type=\"widget\" data-e-type=\"widget\" data-widget_type=\"text-editor.default\">\n\t\t\t\t<div class=\"elementor-widget-container\">\n\t\t\t\t\t\t\t\t\t<p>Brunngasse 72<br \/>\n2170 Poysdorf<\/p>\n<p>Otev\u00edrac\u00ed doba: Po domluv\u011b<\/p>\n\t\t\t\t\t\t\t\t<\/div>\n\t\t\t\t<\/div>\n\t\t\t\t<div class=\"elementor-element elementor-element-5773d35 elementor-widget elementor-widget-heading\" data-id=\"5773d35\" data-element_type=\"widget\" data-e-type=\"widget\" data-widget_type=\"heading.default\">\n\t\t\t\t<div class=\"elementor-widget-container\">\n\t\t\t\t\t<p class=\"elementor-heading-title elementor-size-default\">Kontaktujte n\u00e1s<\/p>\t\t\t\t<\/div>\n\t\t\t\t<\/div>\n\t\t\t\t<div class=\"elementor-element elementor-element-282a2fb elementor-widget elementor-widget-text-editor\" data-id=\"282a2fb\" data-element_type=\"widget\" data-e-type=\"widget\" data-widget_type=\"text-editor.default\">\n\t\t\t\t<div class=\"elementor-widget-container\">\n\t\t\t\t\t\t\t\t\t<p>Telefon: 02552\/2182<br \/>E-Mail:\u00a0<u>office@weingut-hirtl.at<\/u><\/p>\n\t\t\t\t\t\t\t\t<\/div>\n\t\t\t\t<\/div>\n\t\t\t\t\t<\/div>\n\t\t<\/div>\n\t\t\t\t\t<\/div>\n\t\t<\/section>\n\t\t\t\t<section class=\"elementor-section elementor-top-section elementor-element elementor-element-a171098 elementor-section-full_width elementor-section-height-default elementor-section-height-default\" data-id=\"a171098\" data-element_type=\"section\" data-e-type=\"section\" data-settings=\"{&quot;background_background&quot;:&quot;classic&quot;}\">\n\t\t\t\t\t\t\t<div class=\"elementor-background-overlay\"><\/div>\n\t\t\t\t\t\t\t<div class=\"elementor-container elementor-column-gap-no\">\n\t\t\t\t\t<div class=\"elementor-column elementor-col-100 elementor-top-column elementor-element elementor-element-e5292cf\" data-id=\"e5292cf\" data-element_type=\"column\" data-e-type=\"column\">\n\t\t\t<div class=\"elementor-widget-wrap elementor-element-populated\">\n\t\t\t\t\t\t<div class=\"elementor-element elementor-element-f3d0716 elementor-widget elementor-widget-text-editor\" data-id=\"f3d0716\" data-element_type=\"widget\" data-e-type=\"widget\" data-widget_type=\"text-editor.default\">\n\t\t\t\t<div class=\"elementor-widget-container\">\n\t\t\t\t\t\t\t\t\t<p><iframe style=\"border: 0;\" src=\"https:\/\/www.google.com\/maps\/embed?pb=!1m18!1m12!1m3!1d239352.89869830574!2d16.198324105115073!3d48.48528619594479!2m3!1f0!2f0!3f0!3m2!1i1024!2i768!4f13.1!3m3!1m2!1s0x476d2fc0fe966a9f%3A0x58c98cd2bc734a52!2sBrunngasse%2072%2C%202170%20Poysdorf!5e0!3m2!1sde!2sat!4v1709788253836!5m2!1sde!2sat\" width=\"600\" height=\"500\" allowfullscreen=\"allowfullscreen\"><\/iframe><\/p>\n\t\t\t\t\t\t\t\t<\/div>\n\t\t\t\t<\/div>\n\t\t\t\t\t<\/div>\n\t\t<\/div>\n\t\t\t\t\t<\/div>\n\t\t<\/section>\n\t\t\t\t<\/div>\n\t\t","protected":false},"excerpt":{"rendered":"<p>Seznamte se s n\u00e1mi OSOBN\u011a NEBO P\u0158ES KONTAKTN\u00cd FORMUL\u00c1\u0158 P\u0159esv\u011bd\u010dte se sami o kvalit\u011b na\u0161ich v\u00edn a u\u017eijte si rozmanitost na\u0161eho sortimentu! Nav\u0161tivte rakousk\u00e9 vina\u0159sk\u00e9 m\u011bsto Poysdorf v srdci Veltl\u00ednsk\u00e9ho regionu a ochutnejte na\u0161e v\u00edna, bude to pro v\u00e1s nezapomenuteln\u00fd z\u00e1\u017eitek o kulturn\u00edm bohatstv\u00ed v\u00edna! Klikn\u011bte zde a st\u00e1hn\u011bte si n\u00e1\u0161 aktu\u00e1ln\u00ed seznam sortimentu Sortimentsliste [&hellip;]<\/p>\n","protected":false},"author":1,"featured_media":0,"parent":0,"menu_order":0,"comment_status":"closed","ping_status":"closed","template":"","meta":{"_acf_changed":false,"footnotes":""},"class_list":["post-7553","page","type-page","status-publish","hentry"],"acf":[],"yoast_head":"<!-- This site is optimized with the Yoast SEO plugin v27.3 - https:\/\/yoast.com\/product\/yoast-seo-wordpress\/ -->\n<title>Kontakt | Weingut Hirtl<\/title>\n<meta name=\"description\" content=\"Vina\u0159stv\u00ed Hirtl se nach\u00e1z\u00ed uprost\u0159ed vina\u0159sk\u00e9ho m\u011bsta Poysdorf v m\u00edrn\u011b zvln\u011bn\u00e9m Weinviertelu a nab\u00edz\u00ed vynikaj\u00edc\u00ed v\u00edna.\" \/>\n<meta name=\"robots\" content=\"noindex, follow\" \/>\n<meta property=\"og:locale\" content=\"cs_CZ\" \/>\n<meta property=\"og:type\" content=\"article\" \/>\n<meta property=\"og:title\" content=\"Kontakt | Weingut Hirtl\" \/>\n<meta property=\"og:description\" content=\"Vina\u0159stv\u00ed Hirtl se nach\u00e1z\u00ed uprost\u0159ed vina\u0159sk\u00e9ho m\u011bsta Poysdorf v m\u00edrn\u011b zvln\u011bn\u00e9m Weinviertelu a nab\u00edz\u00ed vynikaj\u00edc\u00ed v\u00edna.\" \/>\n<meta property=\"og:url\" content=\"https:\/\/www.weingut-hirtl.at\/cs\/kontakt\/\" \/>\n<meta property=\"og:site_name\" content=\"Weingut Hirtl\" \/>\n<meta property=\"article:publisher\" content=\"https:\/\/www.facebook.com\/Wein.Hirtl\" \/>\n<meta property=\"article:modified_time\" content=\"2025-03-28T16:58:51+00:00\" \/>\n<meta property=\"og:image\" content=\"https:\/\/www.weingut-hirtl.at\/www\/wp-content\/uploads\/2024\/03\/Zeichenflaeche-13halbe-Flasche.png\" \/>\n\t<meta property=\"og:image:width\" content=\"372\" \/>\n\t<meta property=\"og:image:height\" content=\"464\" \/>\n\t<meta property=\"og:image:type\" content=\"image\/png\" \/>\n<meta name=\"twitter:card\" content=\"summary_large_image\" \/>\n<meta name=\"twitter:label1\" content=\"Odhadovan\u00e1 doba \u010dten\u00ed\" \/>\n\t<meta name=\"twitter:data1\" content=\"1 minuta\" \/>\n<script type=\"application\/ld+json\" class=\"yoast-schema-graph\">{\"@context\":\"https:\\\/\\\/schema.org\",\"@graph\":[{\"@type\":\"WebPage\",\"@id\":\"https:\\\/\\\/www.weingut-hirtl.at\\\/cs\\\/kontakt\\\/\",\"url\":\"https:\\\/\\\/www.weingut-hirtl.at\\\/cs\\\/kontakt\\\/\",\"name\":\"Kontakt | Weingut Hirtl\",\"isPartOf\":{\"@id\":\"https:\\\/\\\/www.weingut-hirtl.at\\\/cs\\\/#website\"},\"primaryImageOfPage\":{\"@id\":\"https:\\\/\\\/www.weingut-hirtl.at\\\/cs\\\/kontakt\\\/#primaryimage\"},\"image\":{\"@id\":\"https:\\\/\\\/www.weingut-hirtl.at\\\/cs\\\/kontakt\\\/#primaryimage\"},\"thumbnailUrl\":\"https:\\\/\\\/www.weingut-hirtl.at\\\/www\\\/wp-content\\\/uploads\\\/2024\\\/03\\\/Zeichenflaeche-13halbe-Flasche.png\",\"datePublished\":\"2024-03-06T16:00:41+00:00\",\"dateModified\":\"2025-03-28T16:58:51+00:00\",\"description\":\"Vina\u0159stv\u00ed Hirtl se nach\u00e1z\u00ed uprost\u0159ed vina\u0159sk\u00e9ho m\u011bsta Poysdorf v m\u00edrn\u011b zvln\u011bn\u00e9m Weinviertelu a nab\u00edz\u00ed vynikaj\u00edc\u00ed v\u00edna.\",\"breadcrumb\":{\"@id\":\"https:\\\/\\\/www.weingut-hirtl.at\\\/cs\\\/kontakt\\\/#breadcrumb\"},\"inLanguage\":\"cs\",\"potentialAction\":[{\"@type\":\"ReadAction\",\"target\":[\"https:\\\/\\\/www.weingut-hirtl.at\\\/cs\\\/kontakt\\\/\"]}]},{\"@type\":\"ImageObject\",\"inLanguage\":\"cs\",\"@id\":\"https:\\\/\\\/www.weingut-hirtl.at\\\/cs\\\/kontakt\\\/#primaryimage\",\"url\":\"https:\\\/\\\/www.weingut-hirtl.at\\\/www\\\/wp-content\\\/uploads\\\/2024\\\/03\\\/Zeichenflaeche-13halbe-Flasche.png\",\"contentUrl\":\"https:\\\/\\\/www.weingut-hirtl.at\\\/www\\\/wp-content\\\/uploads\\\/2024\\\/03\\\/Zeichenflaeche-13halbe-Flasche.png\"},{\"@type\":\"BreadcrumbList\",\"@id\":\"https:\\\/\\\/www.weingut-hirtl.at\\\/cs\\\/kontakt\\\/#breadcrumb\",\"itemListElement\":[{\"@type\":\"ListItem\",\"position\":1,\"name\":\"Startseite\",\"item\":\"https:\\\/\\\/www.weingut-hirtl.at\\\/cs\\\/\"},{\"@type\":\"ListItem\",\"position\":2,\"name\":\"Kontakt\"}]},{\"@type\":\"WebSite\",\"@id\":\"https:\\\/\\\/www.weingut-hirtl.at\\\/cs\\\/#website\",\"url\":\"https:\\\/\\\/www.weingut-hirtl.at\\\/cs\\\/\",\"name\":\"Weingut Hirtl\",\"description\":\"\",\"publisher\":{\"@id\":\"https:\\\/\\\/www.weingut-hirtl.at\\\/cs\\\/#organization\"},\"potentialAction\":[{\"@type\":\"SearchAction\",\"target\":{\"@type\":\"EntryPoint\",\"urlTemplate\":\"https:\\\/\\\/www.weingut-hirtl.at\\\/cs\\\/?s={search_term_string}\"},\"query-input\":{\"@type\":\"PropertyValueSpecification\",\"valueRequired\":true,\"valueName\":\"search_term_string\"}}],\"inLanguage\":\"cs\"},{\"@type\":\"Organization\",\"@id\":\"https:\\\/\\\/www.weingut-hirtl.at\\\/cs\\\/#organization\",\"name\":\"Weingut Hirtl\",\"url\":\"https:\\\/\\\/www.weingut-hirtl.at\\\/cs\\\/\",\"logo\":{\"@type\":\"ImageObject\",\"inLanguage\":\"cs\",\"@id\":\"https:\\\/\\\/www.weingut-hirtl.at\\\/cs\\\/#\\\/schema\\\/logo\\\/image\\\/\",\"url\":\"https:\\\/\\\/www.weingut-hirtl.at\\\/www\\\/wp-content\\\/uploads\\\/2024\\\/04\\\/Hirtl_Logo-1024x819-1.jpg\",\"contentUrl\":\"https:\\\/\\\/www.weingut-hirtl.at\\\/www\\\/wp-content\\\/uploads\\\/2024\\\/04\\\/Hirtl_Logo-1024x819-1.jpg\",\"width\":1024,\"height\":819,\"caption\":\"Weingut Hirtl\"},\"image\":{\"@id\":\"https:\\\/\\\/www.weingut-hirtl.at\\\/cs\\\/#\\\/schema\\\/logo\\\/image\\\/\"},\"sameAs\":[\"https:\\\/\\\/www.facebook.com\\\/Wein.Hirtl\",\"https:\\\/\\\/www.instagram.com\\\/weingut_hirtl\\\/\"]}]}<\/script>\n<!-- \/ Yoast SEO plugin. -->","yoast_head_json":{"title":"Kontakt | Weingut Hirtl","description":"Vina\u0159stv\u00ed Hirtl se nach\u00e1z\u00ed uprost\u0159ed vina\u0159sk\u00e9ho m\u011bsta Poysdorf v m\u00edrn\u011b zvln\u011bn\u00e9m Weinviertelu a nab\u00edz\u00ed vynikaj\u00edc\u00ed v\u00edna.","robots":{"index":"noindex","follow":"follow"},"og_locale":"cs_CZ","og_type":"article","og_title":"Kontakt | Weingut Hirtl","og_description":"Vina\u0159stv\u00ed Hirtl se nach\u00e1z\u00ed uprost\u0159ed vina\u0159sk\u00e9ho m\u011bsta Poysdorf v m\u00edrn\u011b zvln\u011bn\u00e9m Weinviertelu a nab\u00edz\u00ed vynikaj\u00edc\u00ed v\u00edna.","og_url":"https:\/\/www.weingut-hirtl.at\/cs\/kontakt\/","og_site_name":"Weingut Hirtl","article_publisher":"https:\/\/www.facebook.com\/Wein.Hirtl","article_modified_time":"2025-03-28T16:58:51+00:00","og_image":[{"width":372,"height":464,"url":"https:\/\/www.weingut-hirtl.at\/www\/wp-content\/uploads\/2024\/03\/Zeichenflaeche-13halbe-Flasche.png","type":"image\/png"}],"twitter_card":"summary_large_image","twitter_misc":{"Odhadovan\u00e1 doba \u010dten\u00ed":"1 minuta"},"schema":{"@context":"https:\/\/schema.org","@graph":[{"@type":"WebPage","@id":"https:\/\/www.weingut-hirtl.at\/cs\/kontakt\/","url":"https:\/\/www.weingut-hirtl.at\/cs\/kontakt\/","name":"Kontakt | Weingut Hirtl","isPartOf":{"@id":"https:\/\/www.weingut-hirtl.at\/cs\/#website"},"primaryImageOfPage":{"@id":"https:\/\/www.weingut-hirtl.at\/cs\/kontakt\/#primaryimage"},"image":{"@id":"https:\/\/www.weingut-hirtl.at\/cs\/kontakt\/#primaryimage"},"thumbnailUrl":"https:\/\/www.weingut-hirtl.at\/www\/wp-content\/uploads\/2024\/03\/Zeichenflaeche-13halbe-Flasche.png","datePublished":"2024-03-06T16:00:41+00:00","dateModified":"2025-03-28T16:58:51+00:00","description":"Vina\u0159stv\u00ed Hirtl se nach\u00e1z\u00ed uprost\u0159ed vina\u0159sk\u00e9ho m\u011bsta Poysdorf v m\u00edrn\u011b zvln\u011bn\u00e9m Weinviertelu a nab\u00edz\u00ed vynikaj\u00edc\u00ed v\u00edna.","breadcrumb":{"@id":"https:\/\/www.weingut-hirtl.at\/cs\/kontakt\/#breadcrumb"},"inLanguage":"cs","potentialAction":[{"@type":"ReadAction","target":["https:\/\/www.weingut-hirtl.at\/cs\/kontakt\/"]}]},{"@type":"ImageObject","inLanguage":"cs","@id":"https:\/\/www.weingut-hirtl.at\/cs\/kontakt\/#primaryimage","url":"https:\/\/www.weingut-hirtl.at\/www\/wp-content\/uploads\/2024\/03\/Zeichenflaeche-13halbe-Flasche.png","contentUrl":"https:\/\/www.weingut-hirtl.at\/www\/wp-content\/uploads\/2024\/03\/Zeichenflaeche-13halbe-Flasche.png"},{"@type":"BreadcrumbList","@id":"https:\/\/www.weingut-hirtl.at\/cs\/kontakt\/#breadcrumb","itemListElement":[{"@type":"ListItem","position":1,"name":"Startseite","item":"https:\/\/www.weingut-hirtl.at\/cs\/"},{"@type":"ListItem","position":2,"name":"Kontakt"}]},{"@type":"WebSite","@id":"https:\/\/www.weingut-hirtl.at\/cs\/#website","url":"https:\/\/www.weingut-hirtl.at\/cs\/","name":"Weingut Hirtl","description":"","publisher":{"@id":"https:\/\/www.weingut-hirtl.at\/cs\/#organization"},"potentialAction":[{"@type":"SearchAction","target":{"@type":"EntryPoint","urlTemplate":"https:\/\/www.weingut-hirtl.at\/cs\/?s={search_term_string}"},"query-input":{"@type":"PropertyValueSpecification","valueRequired":true,"valueName":"search_term_string"}}],"inLanguage":"cs"},{"@type":"Organization","@id":"https:\/\/www.weingut-hirtl.at\/cs\/#organization","name":"Weingut Hirtl","url":"https:\/\/www.weingut-hirtl.at\/cs\/","logo":{"@type":"ImageObject","inLanguage":"cs","@id":"https:\/\/www.weingut-hirtl.at\/cs\/#\/schema\/logo\/image\/","url":"https:\/\/www.weingut-hirtl.at\/www\/wp-content\/uploads\/2024\/04\/Hirtl_Logo-1024x819-1.jpg","contentUrl":"https:\/\/www.weingut-hirtl.at\/www\/wp-content\/uploads\/2024\/04\/Hirtl_Logo-1024x819-1.jpg","width":1024,"height":819,"caption":"Weingut Hirtl"},"image":{"@id":"https:\/\/www.weingut-hirtl.at\/cs\/#\/schema\/logo\/image\/"},"sameAs":["https:\/\/www.facebook.com\/Wein.Hirtl","https:\/\/www.instagram.com\/weingut_hirtl\/"]}]}},"_links":{"self":[{"href":"https:\/\/www.weingut-hirtl.at\/cs\/wp-json\/wp\/v2\/pages\/7553","targetHints":{"allow":["GET"]}}],"collection":[{"href":"https:\/\/www.weingut-hirtl.at\/cs\/wp-json\/wp\/v2\/pages"}],"about":[{"href":"https:\/\/www.weingut-hirtl.at\/cs\/wp-json\/wp\/v2\/types\/page"}],"author":[{"embeddable":true,"href":"https:\/\/www.weingut-hirtl.at\/cs\/wp-json\/wp\/v2\/users\/1"}],"replies":[{"embeddable":true,"href":"https:\/\/www.weingut-hirtl.at\/cs\/wp-json\/wp\/v2\/comments?post=7553"}],"version-history":[{"count":0,"href":"https:\/\/www.weingut-hirtl.at\/cs\/wp-json\/wp\/v2\/pages\/7553\/revisions"}],"wp:attachment":[{"href":"https:\/\/www.weingut-hirtl.at\/cs\/wp-json\/wp\/v2\/media?parent=7553"}],"curies":[{"name":"wp","href":"https:\/\/api.w.org\/{rel}","templated":true}]}}